{"id":1804,"date":"2024-11-05T18:39:27","date_gmt":"2024-11-05T18:39:27","guid":{"rendered":"https:\/\/caliweedeurope.com\/?post_type=product&#038;p=1804"},"modified":"2024-11-05T18:39:35","modified_gmt":"2024-11-05T18:39:35","slug":"buy-cali-plug-cookie-cake-online","status":"publish","type":"product","link":"https:\/\/caliweedeurope.com\/ro\/product\/buy-cali-plug-cookie-cake-online\/","title":{"rendered":"Buy Cali plug Cookie Cake Online"},"content":{"rendered":"<h1 style=\"text-align: center\"><strong>\u00a0 \u00a0<\/strong><strong style=\"font-size: 25.92px;text-align: center\">COOKIE CAKE <\/strong><strong style=\"font-size: 25.92px;text-align: center\">\u00a0CALI BUD OR NO BUD\u00a0|<\/strong><strong style=\"font-size: 25.92px;text-align: center\">\u00a0CALI BUD OR NO BUD\u00a0<\/strong><strong style=\"font-size: 25.92px;text-align: center\">COOKIE CAKE <\/strong><strong style=\"font-size: 25.92px;text-align: center\">\u00a0|<\/strong><strong style=\"font-size: 25.92px;text-align: center\">\u00a0CALI PLUG CALI BUD OR NO BUD<\/strong><\/h1>\n<p><strong>Cali plug Cookie Cake<\/strong><br \/> Pentru \u00eenceput, Cali Plug Bud Cookies Cake. \u00cen aceste pungi pre\u021bioase, ve\u021bi g\u0103si Cali Bud de calitate superioar\u0103 sau niciun Bud Cookies Cake, pachete resigilabile de 14 g pentru prospe\u021bime. Edi\u021bia de con\u0219tientizare a cancerului de s\u00e2n. Soiul este un hibrid \u00eentre Cookies &amp; Cream \u0219i Cookie Wreck. Cu un procent de THC de 31%, CBD de 0,1%, 70% Indica \u0219i 30% Sativa. Con\u021binutul total de canabinoizi este de 34%.<\/p>\n<p><strong>Tort de fursecuri Cali<\/strong><\/p>\n<p>Cali Cookie Cake este o tulpin\u0103 predominant indica, bogat\u0103 \u00een poten\u021b\u0103. Datorit\u0103 con\u021binutului ridicat de THC, Cali Nug ofer\u0103 ini\u021bial o senza\u021bie predominant sativa \u00een minte. Aceast\u0103 senza\u021bie intens\u0103 \u00een creier se calmeaz\u0103 \u0219i \u00eenv\u0103luie corpul \u00eentr-o greutate pe care unii o pot considera meditativ\u0103. Are un miros u\u0219or floral, cu note de p\u0103m\u00e2nt \u0219i condimente. Bucur\u0103-te de Cali Brain la sf\u00e2r\u0219itul zilei pentru a-i amplifica efectele relaxante \u0219i sedative. Recenzii Cali Bud.<\/p>\n<h2 style=\"text-align: center\"><strong>\u00a0BUY\u00a0<\/strong><strong>COOKIE CAKE\u00a0<\/strong><strong>\u00a0\u00a0\u00a0CALI BUD OR NO BUD\u00a0 ONLINE | BUY CALI BUD OR NO BUD\u00a0<\/strong><strong>COOKIE CAKE\u00a0<\/strong><strong>ONLINE | BUY CALI BUD OR NO BUD ONLINE<\/strong><\/h2>\n<p><strong>Efectul tulpinii Cali Bud Cookie Cake<\/strong><br \/> Aceast\u0103 senza\u021bie incredibil\u0103 de furnic\u0103turi \u00een minte se calmeaz\u0103 \u0219i \u00eenv\u0103luie corpul cu o calitate u\u0219oar\u0103 \u0219i pl\u0103cut\u0103. Are un parfum floral subtil cu note de arome p\u0103m\u00e2ntii.<\/p>\n<p><strong style=\"font-size: 14.4px\">Avertisment<\/strong><\/p>\n<p>\u00cen concluzie, acest produs con\u021bine cannabis, o substan\u021b\u0103 controlat\u0103. A nu se l\u0103sa la \u00eendem\u00e2na copiilor \u0219i animalelor. Efectele intoxicante ale produselor din cannabis pot dura p\u00e2n\u0103 la dou\u0103 ore. Utilizarea cannabisului \u00een timpul sarcinii sau al\u0103pt\u0103rii poate fi d\u0103un\u0103toare. Consumul acestui produs afecteaz\u0103 capacitatea de a conduce vehicule sau de a folosi utilaje. V\u0103 rug\u0103m s\u0103 fi\u021bi extrem de precau\u021bi dup\u0103 consumarea acestei flori. De aceea, v\u0103 recomand\u0103m s\u0103 l\u0103sa\u021bi mereu recenzii despre Cali Bud.<\/p>\n<h3 style=\"text-align: center\"><strong>COOKIE CAKE\u00a0<\/strong><strong>CALI BUD OR NO BUD FOR SALE | CALI BUD OR NO BUD\u00a0\u00a0<\/strong><strong>COOKIE CAKE\u00a0<\/strong><strong>FOR SALE | CALI BUD OR NO BUD\u00a0 FOR SALE<\/strong><\/h3>\n<p><strong>Utiliz\u0103ri medicale ale tulpinii Cali Bud Cookie Cake<\/strong><br \/> Aceast\u0103 tulpin\u0103 este prescris\u0103 \u00een principal pentru a fi consumat\u0103 diminea\u021ba. Acest agent de clarificare a min\u021bii atrage aten\u021bia iubitorilor de art\u0103, deoarece le spore\u0219te creativitatea \u0219i \u00eei ajut\u0103 s\u0103 performeze mai bine, \u021bin\u00e2nd distragerile la distan\u021b\u0103. Prin urmare, este util\u0103 \u0219i atunci c\u00e2nd este consumat\u0103 \u00eenainte de yoga \u0219i medita\u021bie. Este cunoscut\u0103 pentru propriet\u0103\u021bile sale psihedelice.<\/p>\n<div class=\"variety-percentage-wrap\">\n<h4 class=\"variety\">Indica Dominant Hybrid\u00a0<span class=\"hidden-xs\">\u2013\u00a0<\/span><span class=\"strain-percentages\">60% Indica \/ 40% Sativa<\/span><\/h4>\n<h4 class=\"percentage\"><span class=\"heading\">THC:\u00a0<\/span>20% \u2013 22%<\/h4>\n<\/p><\/div>\n<p>Cherry Cookie Cake, cunoscut\u0103 \u0219i sub denumirea de \u201eCherry Cookies Cake\u201d, este o varietate hibrid\u0103 u\u0219or dominant\u0103 \u00een indica (60% indica \/ 40% sativa), creat\u0103 prin \u00eencruci\u0219area soiurilor clasice Cherry AK X Cookies F2. Gata pentru o \u00eembuc\u0103tur\u0103 din acest delicios desert oric\u00e2nd? Cherry Cookie Cake are un gust care este exact cum sun\u0103 \u2013 biscui\u021bi dulci cu nuci \u0219i cire\u0219e \u0219i un tort pufos. Aroma este foarte similar\u0103, de\u0219i cu indicii de p\u0103m\u00e2nt \u0219i un u\u0219or gust de puternicitate. Efectul Cherry Cookie Cake este tratamentul perfect dup\u0103 cin\u0103, cu efecte relaxante \u0219i pline care te vor ajuta s\u0103 te relaxezi cu adev\u0103rat c\u00e2nd ai mai mult nevoie. Vei sim\u021bi o stare de ridicare dar calm\u0103 la \u00eenceputul efectului, cu o u\u0219oar\u0103 cea\u021b\u0103 \u00een cap care te \u00eempiedic\u0103 s\u0103 te concentrezi pe g\u00e2nduri negative.<\/p>\n<h4 style=\"text-align: center\"><strong>CALI BUD OR NO BUD \u00a0<\/strong><strong>COOKIE CAKE\u00a0<\/strong><strong>\u00a0\u00a0NEAR ME |\u00a0<\/strong><strong>COOKIE CAKE\u00a0<\/strong><strong> \u00a0\u00a0\u00a0CALI BUD OR NO BUD\u00a0\u00a0 NEAR ME | CALI BUD OR NO BUD \u00a0NEAR ME<\/strong><\/h4>\n<p><strong>Cultivarea soiului Cali Plug Cookie Cake<\/strong><br \/> Varietatea Cali Cookie Cake provine de la Exclusive Seeds \u0219i poate fi cultivat\u0103 at\u00e2t \u00een interior (unde plantele necesit\u0103 un timp de \u00eenflorire de aproximativ 67 de zile), c\u00e2t \u0219i \u00een exterior. Acestea sunt semin\u021be selectate cu grij\u0103 din cele mai bune recolte Cali Plug. Cookie Cake este o varietate hibrid\u0103 predominant\u0103 \u00een THC. Recolta ta va merita fiecare b\u0103nu\u021b \u0219i fiecare minut pe care l-ai investit \u00een cump\u0103rarea \u0219i cultivarea acestor semin\u021be.<\/p>\n<p>Vei fi lovit de o brusc\u0103 poft\u0103 de m\u00e2ncare, l\u0103s\u00e2ndu-te s\u0103 cau\u021bi orice \u0219i tot ce po\u021bi s\u0103 m\u0103n\u00e2nci, a\u0219a c\u0103 preg\u0103te\u0219te gust\u0103rile!<\/p>\n<h5 style=\"text-align: center\"><strong>COOKIE CAKE\u00a0<\/strong><strong>\u00a0\u00a0STRAIN | \u00a0<\/strong><strong>COOKIE CAKE\u00a0<\/strong><strong>\u00a0WEED STRAIN | CALI\u00a0<\/strong><strong>COOKIE CAKE\u00a0<\/strong><strong>\u00a0\u00a0| CALI\u00a0<\/strong><strong>COOKIE CAKE\u00a0<\/strong><strong>\u00a0\u00a0STRAIN<\/strong><\/h5>\n<p><strong>Avertisment Cali Plug Cookie Cake<\/strong><br \/> \u00cen concluzie, Cookies Cake con\u021bine Cannabis\/THC, o substan\u021b\u0103 psihoactiv\u0103 care trebuie p\u0103strat\u0103 departe de copii \u0219i animale. <a href=\"https:\/\/caliplugcarts.com\/product\/buy-cali-bud-cheetos-cookies-online\/\" target=\"_blank\" rel=\"noopener\">Cann<\/a>a<a href=\"https:\/\/caliplugcarts.com\/product\/buy-cali-bud-cheetos-cookies-online\/\" target=\"_blank\" rel=\"noopener\">bis<\/a> produsele pot fi de\u021binute sau consumate doar de persoane cu v\u00e2rsta de 21 de ani sau mai mult, cu excep\u021bia cazului \u00een care persoana este un pacient calificat. Efectele intoxicante ale produselor din cannabis pot dura p\u00e2n\u0103 la dou\u0103 ore. Utilizarea cannabisului \u00een timpul sarcinii sau al\u0103pt\u0103rii poate fi d\u0103un\u0103toare. Consumarea acestor produse v\u0103 afecteaz\u0103 capacitatea de a conduce sau de a opera utilaje. V\u0103 rug\u0103m s\u0103 fi\u021bi extrem de aten\u021bi dup\u0103 consumul acestui produs. De aceea, v\u0103 recomand\u0103m s\u0103 l\u0103sa\u021bi recenzii la Cali Bud tot timpul.<\/p>\n<p><strong>Livrare Cali Plug Cookies Cake<\/strong><br \/> Prin urmare, livrarea este 100% discret\u0103 \u0219i oferim o garan\u021bie pentru livrare sigur\u0103 sau rambursare complet\u0103 \u00een cazul \u00een care clientul anuleaz\u0103 comanda. Oferim livrare discret\u0103 la nivel mondial pentru aceste pungi de Cali Bud de \u00eenalt\u0103 calitate.<\/p>\n<p><strong>Livrare Cali Plug Cookies Cake<\/strong><br \/> \u00cen cele din urm\u0103, efectu\u0103m livrarea discret\u0103 a acestor Cali Plug buds de top la nivel mondial. Timpul de livrare depinde \u00een mare m\u0103sur\u0103 de locul \u00een care se afl\u0103 clientul \u00een momentul \u00een care plaseaz\u0103 comanda. Plaseaz\u0103 comanda acum \u0219i prime\u0219te Cali buds livrate discret la adresa ta f\u0103r\u0103 nicio problem\u0103.<\/p>\n<div data-testid=\"product-description\">\n<div class=\"truncate-lines__Wrapper-sc-1lknwty-0 YxHAC\">\n<div data-testid=\"truncated-description\">\n<div>\n<div class=\"text__Text-sc-fif1uk-0 kdmKRD\">\n<div class=\"src__Box-sc-1sbtrzs-0 src__Flex-sc-1sbtrzs-1 kWPFqZ hzdsvF\">\n<div>CATEGORII DE PRODUSE EXEMPLARE<\/div>\n<\/p><\/div>\n<\/p><\/div>\n<\/p><\/div>\n<\/p><\/div>\n<\/p><\/div>\n<\/p><\/div>\n<div class=\"text__Text-sc-fif1uk-0 htoJfX\"><a href=\"https:\/\/jeetersofficial.com\/product-category\/buy-cali-buds\/\" target=\"_blank\" rel=\"noopener\">CALI BUDS<\/a><\/div>\n<div data-testid=\"product-description\">\n<div class=\"truncate-lines__Wrapper-sc-1lknwty-0 YxHAC\">\n<div data-testid=\"truncated-description\">\n<div class=\"text__Text-sc-fif1uk-0 kdmKRD\"><a href=\"https:\/\/jeetersofficial.com\/product-category\/backpack-boyz\/\" target=\"_blank\" rel=\"noopener\">Backpack\u00a0 Boyz<\/a><\/div>\n<div><a href=\"https:\/\/jeetersofficial.com\/product-category\/snow-balls-weed\/\" target=\"_blank\" rel=\"noopener\">SNOWBALLS WEED<\/a><\/div>\n<div><a href=\"https:\/\/jeetersofficial.com\/product-category\/persy-snowcaps\/\" target=\"_blank\" rel=\"noopener\">Persy Snowcaps<\/a><\/div>\n<div><a href=\"https:\/\/jeetersofficial.com\/product-category\/drip-snowcaps\/\" target=\"_blank\" rel=\"noopener\">Drip Snowcaps<\/a><\/div>\n<div><a href=\"https:\/\/jeetersofficial.com\/product-category\/concentrates\/\" target=\"_blank\" rel=\"noopener\">CALI CONCENTRATES<\/a><\/div>\n<div><a href=\"https:\/\/jeetersofficial.com\/product-category\/doja-exclusive\/\" target=\"_blank\" rel=\"noopener\">CALI DOJA PACKS EXCLUSIVE<\/a><\/div>\n<div><a href=\"https:\/\/jeetersofficial.com\/product-category\/marijuana-flowers\/\" target=\"_blank\" rel=\"noopener\">CALI MARIJUANA FLOWERS<\/a><\/div>\n<\/p><\/div>\n<\/p><\/div>\n<\/p><\/div>\n<div><a href=\"https:\/\/jeetersofficial.com\/product-category\/sativa-strain\/\" target=\"_blank\" rel=\"noopener\">CALI SATIVA STRAINS<\/a><\/div>\n<div><a href=\"https:\/\/jeetersofficial.com\/product-category\/indica\/\" target=\"_blank\" rel=\"noopener\">CALI INDICA STRAINS<\/a><\/div>\n<div><a href=\"https:\/\/jeetersofficial.com\/product-category\/hybrid-weed\/\" target=\"_blank\" rel=\"noopener\">CALI HYBRID WEED<\/a><\/div>\n<p>&nbsp;<\/p>","protected":false},"excerpt":{"rendered":"<p><strong>Avertisment Cali Plug Cookie Cake<\/strong><br \/> Cookies Cake con\u021bine cannabis\/THC, o substan\u021b\u0103 psihoactiv\u0103. A nu se l\u0103sa la \u00eendem\u00e2na copiilor \u0219i animalelor. Produsele din cannabis pot fi de\u021binute sau consumate doar de persoane cu v\u00e2rsta de 21 de ani sau mai mult, cu excep\u021bia cazului \u00een care persoana este un pacient calificat. Efectele intoxicante ale produselor din cannabis pot dura p\u00e2n\u0103 la dou\u0103 ore. Utilizarea cannabisului \u00een timpul sarcinii sau al\u0103pt\u0103rii poate fi d\u0103un\u0103toare. Consumul acestor produse afecteaz\u0103 capacitatea de a conduce sau de a opera utilaje. V\u0103 rug\u0103m s\u0103 folosi\u021bi precau\u021bie extrem\u0103 dup\u0103 consumul acestui produs. De aceea, v\u0103 recomand\u0103m s\u0103 l\u0103sa\u021bi recenzii pentru Cali Bud de fiecare dat\u0103.<\/p>","protected":false},"featured_media":1834,"comment_status":"closed","ping_status":"closed","template":"","meta":{"_uag_custom_page_level_css":"","site-sidebar-layout":"default","site-content-layout":"","ast-site-content-layout":"","site-content-style":"default","site-sidebar-style":"default","ast-global-header-display":"","ast-banner-title-visibility":"","ast-main-header-display":"","ast-hfb-above-header-display":"","ast-hfb-below-header-display":"","ast-hfb-mobile-header-display":"","site-post-title":"","ast-breadcrumbs-content":"","ast-featured-img":"","footer-sml-layout":"","theme-transparent-header-meta":"","adv-header-id-meta":"","stick-header-meta":"","header-above-stick-meta":"","header-main-stick-meta":"","header-below-stick-meta":"","astra-migrate-meta-layouts":"default","ast-page-background-enabled":"default","ast-page-background-meta":{"desktop":{"background-color":"var(--ast-global-color-4)","background-image":"","background-repeat":"repeat","background-position":"center center","background-size":"auto","background-attachment":"scroll","background-type":"","background-media":"","overlay-type":"","overlay-color":"","overlay-opacity":"","overlay-gradient":""},"tablet":{"background-color":"","background-image":"","background-repeat":"repeat","background-position":"center center","background-size":"auto","background-attachment":"scroll","background-type":"","background-media":"","overlay-type":"","overlay-color":"","overlay-opacity":"","overlay-gradient":""},"mobile":{"background-color":"","background-image":"","background-repeat":"repeat","background-position":"center center","background-size":"auto","background-attachment":"scroll","background-type":"","background-media":"","overlay-type":"","overlay-color":"","overlay-opacity":"","overlay-gradient":""}},"ast-content-background-meta":{"desktop":{"background-color":"var(--ast-global-color-5)","background-image":"","background-repeat":"repeat","background-position":"center center","background-size":"auto","background-attachment":"scroll","background-type":"","background-media":"","overlay-type":"","overlay-color":"","overlay-opacity":"","overlay-gradient":""},"tablet":{"background-color":"var(--ast-global-color-5)","background-image":"","background-repeat":"repeat","background-position":"center center","background-size":"auto","background-attachment":"scroll","background-type":"","background-media":"","overlay-type":"","overlay-color":"","overlay-opacity":"","overlay-gradient":""},"mobile":{"background-color":"var(--ast-global-color-5)","background-image":"","background-repeat":"repeat","background-position":"center center","background-size":"auto","background-attachment":"scroll","background-type":"","background-media":"","overlay-type":"","overlay-color":"","overlay-opacity":"","overlay-gradient":""}}},"product_brand":[],"product_cat":[675],"product_tag":[489,697,491,506,698,509,531,492,699,700,701,481,472,515,702,703,516,517,461,536,462,613,704,705,706,707,708,503],"class_list":{"0":"post-1804","1":"product","2":"type-product","3":"status-publish","4":"has-post-thumbnail","6":"product_cat-buy-cali-buds","7":"product_tag-best-cali-packs","8":"product_tag-buy-cali-bud-or-no-bud-cookie-cake-online","9":"product_tag-buy-cali-bud-or-no-bud-online","10":"product_tag-buy-cali-buds","11":"product_tag-buy-cookie-cake-cali-bud-or-no-bud-online","12":"product_tag-by-the-best-cali-buds","13":"product_tag-cali-bud","14":"product_tag-cali-bud-or-no-bud","15":"product_tag-cali-bud-or-no-bud-cookie-cake","16":"product_tag-cali-bud-or-no-bud-cookie-cake-for-sale","17":"product_tag-cali-bud-or-no-bud-cookie-cake-near-me","18":"product_tag-cali-bud-or-no-bud-for-sale","19":"product_tag-cali-bud-or-no-bud-near-me","20":"product_tag-cali-buds-online","21":"product_tag-cali-cookie-cake","22":"product_tag-cali-cookie-cake-strain","23":"product_tag-cali-flavors","24":"product_tag-cali-flavours","25":"product_tag-cali-packs","26":"product_tag-cali-plug-buds","27":"product_tag-cali-plug-cali-bud-or-no-bud","28":"product_tag-cali-weed-strains","29":"product_tag-cookie-cake-cali-bud-or-no-bud","30":"product_tag-cookie-cake-cali-bud-or-no-bud-for-sale","31":"product_tag-cookie-cake-cali-bud-or-no-bud-near-me","32":"product_tag-cookie-cake-strain","33":"product_tag-cookie-cake-weed-strain","34":"product_tag-top-cali-bud-packs","35":"desktop-align-center","36":"tablet-align-left","37":"mobile-align-left","39":"first","40":"instock","41":"shipping-taxable","42":"purchasable","43":"product-type-variable"},"uagb_featured_image_src":{"full":["https:\/\/caliweedeurope.com\/wp-content\/uploads\/2024\/11\/cookie-cake.jpg",520,687,false],"thumbnail":["https:\/\/caliweedeurope.com\/wp-content\/uploads\/2024\/11\/cookie-cake-150x150.jpg",150,150,true],"medium":["https:\/\/caliweedeurope.com\/wp-content\/uploads\/2024\/11\/cookie-cake-227x300.jpg",227,300,true],"medium_large":["https:\/\/caliweedeurope.com\/wp-content\/uploads\/2024\/11\/cookie-cake.jpg",520,687,false],"large":["https:\/\/caliweedeurope.com\/wp-content\/uploads\/2024\/11\/cookie-cake.jpg",520,687,false],"1536x1536":["https:\/\/caliweedeurope.com\/wp-content\/uploads\/2024\/11\/cookie-cake.jpg",520,687,false],"2048x2048":["https:\/\/caliweedeurope.com\/wp-content\/uploads\/2024\/11\/cookie-cake.jpg",520,687,false],"trp-custom-language-flag":["https:\/\/caliweedeurope.com\/wp-content\/uploads\/2024\/11\/cookie-cake.jpg",9,12,false],"woocommerce_thumbnail":["https:\/\/caliweedeurope.com\/wp-content\/uploads\/2024\/11\/cookie-cake-300x300.jpg",300,300,true],"woocommerce_single":["https:\/\/caliweedeurope.com\/wp-content\/uploads\/2024\/11\/cookie-cake.jpg",520,687,false],"woocommerce_gallery_thumbnail":["https:\/\/caliweedeurope.com\/wp-content\/uploads\/2024\/11\/cookie-cake-100x100.jpg",100,100,true]},"uagb_author_info":{"display_name":"jetskiforsaleuk@gmail.com","author_link":"https:\/\/caliweedeurope.com\/ro\/author\/"},"uagb_comment_info":0,"uagb_excerpt":"Cali plug Cookie Cake Warning Cookies Cake contains Cannabis\/THC, a psychoactive substance to Keep out of the reach of children and animals. Cannabis products can only be possessed or consumed by persons 21+ years of age older unless the person is a qualified patient. The intoxicating effects of cannabis products may stay up to two&hellip;","_links":{"self":[{"href":"https:\/\/caliweedeurope.com\/ro\/wp-json\/wp\/v2\/product\/1804"}],"collection":[{"href":"https:\/\/caliweedeurope.com\/ro\/wp-json\/wp\/v2\/product"}],"about":[{"href":"https:\/\/caliweedeurope.com\/ro\/wp-json\/wp\/v2\/types\/product"}],"replies":[{"embeddable":true,"href":"https:\/\/caliweedeurope.com\/ro\/wp-json\/wp\/v2\/comments?post=1804"}],"wp:featuredmedia":[{"embeddable":true,"href":"https:\/\/caliweedeurope.com\/ro\/wp-json\/wp\/v2\/media\/1834"}],"wp:attachment":[{"href":"https:\/\/caliweedeurope.com\/ro\/wp-json\/wp\/v2\/media?parent=1804"}],"wp:term":[{"taxonomy":"product_brand","embeddable":true,"href":"https:\/\/caliweedeurope.com\/ro\/wp-json\/wp\/v2\/product_brand?post=1804"},{"taxonomy":"product_cat","embeddable":true,"href":"https:\/\/caliweedeurope.com\/ro\/wp-json\/wp\/v2\/product_cat?post=1804"},{"taxonomy":"product_tag","embeddable":true,"href":"https:\/\/caliweedeurope.com\/ro\/wp-json\/wp\/v2\/product_tag?post=1804"}],"curies":[{"name":"wp","href":"https:\/\/api.w.org\/{rel}","templated":true}]}}