{"id":1810,"date":"2024-11-05T18:39:28","date_gmt":"2024-11-05T18:39:28","guid":{"rendered":"https:\/\/caliweedeurope.com\/?post_type=product&#038;p=1810"},"modified":"2024-11-05T18:39:35","modified_gmt":"2024-11-05T18:39:35","slug":"buy-cali-plug-pure-og-online","status":"publish","type":"product","link":"https:\/\/caliweedeurope.com\/ro\/product\/buy-cali-plug-pure-og-online\/","title":{"rendered":"Buy Cali Plug Pure OG Online"},"content":{"rendered":"<h1 style=\"text-align: center\"><strong>\u00a0\u00a0 \u00a0 \u00a0<\/strong><strong>PURE OG\u00a0 <\/strong><strong>CALI BUD OR NO BUD<\/strong><strong> |<\/strong> <strong>CALI BUD OR NO BUD <\/strong><strong>PURE OG\u00a0 <\/strong><strong>|<\/strong> <strong>CALI PLUG CALI BUD OR NO BUD<\/strong><\/h1>\n<p><strong>Cali Plug Pure OG Strain<\/strong><br \/> Pentru \u00eenceput, Cali Pure OG Strain este un fenotip de Girl Scout Cookies. Denumit\u0103 dup\u0103 tricomii s\u0103i albi \u0219i tulburi \u0219i mugurii lipicio\u0219i, aceast\u0103 varietate miroase a terpeni dulci \u0219i mentolati cu o not\u0103 \u00eenc\u00e2nt\u0103toare de nisip. pure og weed<\/p>\n<p>Pure OG este o varietate de cannabis Indica ob\u021binut\u0103 prin \u00eencruci\u0219area OG Kush cu alte soiuri. Recenzorii de pe Leafly spun c\u0103 aceast\u0103 varietate \u00eei face s\u0103 se simt\u0103 somnoro\u0219i, fl\u0103m\u00e2nzi \u0219i cu o senza\u021bie de furnic\u0103turi. Pure OG con\u021bine 19% THC. Terpenele dominante \u00een aceast\u0103 varietate sunt caryophyllene. Dac\u0103 ai fumat, dabuit sau altfel ai apreciat aceast\u0103 varietate, Pure OG, anun\u021b\u0103-ne! Las\u0103 un review.<\/p>\n<h2 style=\"text-align: center\">\u00a0<strong>BUY\u00a0<\/strong><strong>PURE OG<\/strong><strong>\u00a0CALI BUD OR NO BUD\u00a0 ONLINE | BUY CALI BUD OR NO BUD\u00a0<\/strong><strong>PURE OG <\/strong><strong>ONLINE | BUY CALI BUD OR NO BUD ONLINE<\/strong><\/h2>\n<h3><strong style=\"color: #555555;font-size: 14.4px\">Utiliz\u0103ri medicale ale soiului Pure OG<\/strong><\/h3>\n<p>Pure OG le ofer\u0103 consumatorilor o stare fericit\u0103 \u0219i relaxant\u0103. Euforia pl\u0103cut\u0103 a acestei soiuri poate \u00eembun\u0103t\u0103\u021bi dispozi\u021bia, stimula apetitul \u0219i ajuta la nelini\u0219te.<\/p>\n<div class=\"col-xs-12 col-md-9 col-lg-9 strain-info detail-panel\">\n<div class=\"flipblock-wrapper\">\n<div id=\"strain-info\" class=\"panel panel-default\" data-label=\"strain_detail\">\n<div class=\"face front\">\n<div class=\"panel-body well description\">\n<div class=\"variety-percentage-wrap\">\n<h4 class=\"variety\">Indica Dominant Hybrid <span class=\"hidden-xs\">\u2013\u00a0<\/span><span class=\"strain-percentages\">60% Indica \/ 40% Sativa<\/span><\/h4>\n<h4 class=\"percentage\"><span class=\"heading\">THC:\u00a0<\/span>20%,\u00a0<span class=\"heading\">CBD:\u00a0<\/span><em>2<\/em>%,\u00a0<span class=\"heading\">CBN:\u00a0<\/span><em>1<\/em>%<\/h4>\n<\/p><\/div>\n<p>Pure OG, cunoscut \u0219i mai frecvent sub numele de \u201ePure Kush\u201d, este o varietate hibrid\u0103 u\u0219or dominant\u0103 \u00een indica (60% indica \/ 40% sativa) care este un \u00eencruci\u0219at SFV OG Kush. La fel ca varietatea sa p\u0103rinte, Pure OG are un miros clasic de p\u0103m\u00e2nt cu note de nuc\u0103 \u0219i o nuan\u021b\u0103 dulce de kush, care devine u\u0219or p\u0103trunz\u0103tor atunci c\u00e2nd florile sunt rupte. Gustul este aproape acela\u0219i, cu un gust delicios de kush p\u0103m\u00e2ntos care are o u\u0219oar\u0103 dulcea\u021b\u0103 \u0219i un gust de nuc\u0103 umed\u0103 la expirare. Aceast\u0103 floare are muguri de dimensiuni medii, de culoare verde m\u0103sliniu \u0219i form\u0103 de strugure, cu fire portocalii \u00eenchise \u0219i subtonuri roz surprinz\u0103tor de luminoase. Fiecare mugure este complet acoperit cu un strat gros de trihome albe fine.<\/p>\n<\/p><\/div>\n<\/p><\/div>\n<\/p><\/div>\n<\/p><\/div>\n<\/p><\/div>\n<h3 style=\"text-align: center\"><strong>PURE OG <\/strong><strong>CALI BUD OR NO BUD FOR SALE | CALI BUD OR NO BUD\u00a0\u00a0<\/strong><strong>PURE OG\u00a0 \u00a0<\/strong><strong>\u00a0FOR SALE | CALI BUD OR NO BUD\u00a0 FOR SALE<\/strong><\/h3>\n<p><strong>Fericit<\/strong><br \/> 49% dintre oameni raporteaz\u0103 c\u0103 se simt ferici\u021bi<br \/> <strong>Relaxat<\/strong><br \/> 44% dintre oameni raporteaz\u0103 c\u0103 se simt relaxa\u021bi<br \/> <strong>Excitat<\/strong><br \/> 16% dintre oameni raporteaz\u0103 c\u0103 se simt excita\u021bi<br \/> <strong>Negative<\/strong><br \/> <strong>Gur\u0103 uscat\u0103<\/strong><br \/> 17% dintre oameni raporteaz\u0103 c\u0103 au gura uscat\u0103<br \/> <strong>Ochi usca\u021bi<\/strong><br \/> 11% dintre oameni raporteaz\u0103 c\u0103 au ochii usca\u021bi<br \/> <strong>U\u0219or ame\u021bit<\/strong><br \/> 5% dintre oameni raporteaz\u0103 c\u0103 se simt u\u0219or ame\u021bi\u021bi<\/p>\n<div class=\"col-xs-12 col-md-9 col-lg-9 strain-info detail-panel\">\n<div class=\"flipblock-wrapper\">\n<div id=\"strain-info\" class=\"panel panel-default\" data-label=\"strain_detail\">\n<div class=\"face front\">\n<div class=\"panel-body well description translation-block\">Efectul Pure OG este super puternic \u0219i de lung\u0103 durat\u0103, sus\u021binut de un nivel de <a href=\"https:\/\/caliplugcarts.com\/product\/buy-cali-bud-sweet-and-sour-online\/\" target=\"_blank\" rel=\"noopener\">THC<\/a> de p\u00e2n\u0103 la 20% \u0219i un nivel de CBD care de obicei variaz\u0103 \u00eentre 1-2%. Efectul \u00eencepe mai \u00eent\u00e2i \u00een cap cu o cea\u021b\u0103 narcotic\u0103 grea care te elibereaz\u0103 complet de orice durere sau g\u00e2nduri rapide. Acest efect se r\u0103sp\u00e2nde\u0219te rapid \u00een \u00eentregul corp, duc\u00e2nd la o stare de \u201ecouch-lock\u201d sever\u0103 \u0219i sedare care dureaz\u0103 ore \u00eentregi. Mul\u021bi utilizatori constat\u0103 c\u0103 adorm repede dup\u0103 ce fumeaz\u0103 Pure OG din cauza acestor efecte Indica puternice. Din acest motiv, Pure OG este o varietate favorit\u0103 pentru tratarea durerilor cronice, insomniei, depresiei u\u0219oare \u0219i moderate \u0219i anxiet\u0103\u021bii cronice sau stresului.<\/div>\n<\/p><\/div>\n<\/p><\/div>\n<\/p><\/div>\n<\/p><\/div>\n<div class=\"hidden-xs col-md-3 col-lg-3 strain-properties xs-no-left-right-padding\">\n<div class=\"row small-gutter\">\n<div class=\"col-xs-12 col-sm-12 wider\">\n<div class=\"flipblock-wrapper\">\n<section id=\"positive-effects\" class=\"panel panel-default\" data-label=\"positive_effects\">\n<div class=\"face front\">\n<div class=\"panel-heading\">Efecte<\/div>\n<div class=\"panel-body well tags-list\"><a href=\"https:\/\/www.allbud.com\/marijuana-strains\/effect\/happy\" target=\"_blank\" rel=\"noopener\">Fericit<\/a>,\u00a0<a href=\"https:\/\/www.allbud.com\/marijuana-strains\/effect\/hungry\" target=\"_blank\" rel=\"noopener\">Fl\u0103m\u00e2nd<\/a>,\u00a0<a href=\"https:\/\/www.allbud.com\/marijuana-strains\/effect\/sleepy\" target=\"_blank\" rel=\"noopener\">Somnoros<\/a><\/div>\n<\/p><\/div>\n<\/section><\/div>\n<\/p><\/div>\n<div class=\"col-xs-12 col-sm-12 wider\">\n<div class=\"flipblock-wrapper\">\n<section id=\"relieved\" class=\"panel panel-default\" data-label=\"relieved_symptoms\">\n<div class=\"face front\">\n<div class=\"panel-heading\">Poate alina\u00a0<i class=\"fa fa-info-circle\" title=\"Declinarea r\u0103spunderii: Toate informa\u021biile despre soiurile de canabis afi\u0219ate pe acest site sunt bazate pe recenzii ale utilizatorilor. Datele afi\u0219ate despre soiuri trebuie considerate ca un instrument informativ \u0219i nu ca o recomandare medical\u0103. V\u0103 rug\u0103m s\u0103 consulta\u021bi medicul \u00eenainte de a utiliza canabis \u00een scopuri medicale.\" data-toggle=\"tooltip\" data-placement=\"right\"><\/i><\/div>\n<div class=\"panel-body well tags-list translation-block\"><a href=\"https:\/\/www.allbud.com\/marijuana-strains\/symptom\/anxiety\" target=\"_blank\" rel=\"noopener\">Anxietate<\/a>, <a href=\"https:\/\/www.allbud.com\/marijuana-strains\/symptom\/arthritis\" target=\"_blank\" rel=\"noopener\">Artrit\u0103<\/a>, <a href=\"https:\/\/www.allbud.com\/marijuana-strains\/symptom\/chronic-pain\" target=\"_blank\" rel=\"noopener\">Durere cronic\u0103<\/a>, <a href=\"https:\/\/www.allbud.com\/marijuana-strains\/symptom\/depression\" target=\"_blank\" rel=\"noopener\">Depresie<\/a>, <a href=\"https:\/\/www.allbud.com\/marijuana-strains\/symptom\/fibromyalgia\" target=\"_blank\" rel=\"noopener\">Fibromialgie<\/a>, <a href=\"https:\/\/www.allbud.com\/marijuana-strains\/symptom\/headaches\" target=\"_blank\" rel=\"noopener\">Durere de cap<\/a>, <a href=\"https:\/\/www.allbud.com\/marijuana-strains\/symptom\/insomnia\" target=\"_blank\" rel=\"noopener\">Insomnie<\/a>, <a href=\"https:\/\/www.allbud.com\/marijuana-strains\/symptom\/nausea\" target=\"_blank\" rel=\"noopener\">Grea\u021b\u0103<\/a>, <a href=\"https:\/\/www.allbud.com\/marijuana-strains\/symptom\/stress\" target=\"_blank\" rel=\"noopener\">Stres<\/a><\/div>\n<\/p><\/div>\n<\/section><\/div>\n<\/p><\/div>\n<\/p><\/div>\n<div class=\"row small-gutter\">\n<div class=\"col-xs-12 col-sm-12 wider\">\n<div class=\"flipblock-wrapper\">\n<section id=\"flavors\" class=\"panel panel-default\" data-label=\"strain_flavors\">\n<div class=\"face front\">\n<div class=\"panel-heading\">Arome<\/div>\n<div class=\"panel-body well tags-list translation-block\"><a href=\"https:\/\/www.allbud.com\/marijuana-strains\/taste\/citrus\" target=\"_blank\" rel=\"noopener\">Citrus<\/a>, <a href=\"https:\/\/www.allbud.com\/marijuana-strains\/taste\/nutty\" target=\"_blank\" rel=\"noopener\">Cu gust de nuci<\/a>, <a href=\"https:\/\/www.allbud.com\/marijuana-strains\/taste\/pine\" target=\"_blank\" rel=\"noopener\">Pin<\/a>, <a href=\"https:\/\/www.allbud.com\/marijuana-strains\/taste\/spicy\" target=\"_blank\" rel=\"noopener\">Picant<\/a>, <a href=\"https:\/\/www.allbud.com\/marijuana-strains\/taste\/sweet\" target=\"_blank\" rel=\"noopener\">Dulce<\/a>, <a href=\"https:\/\/www.allbud.com\/marijuana-strains\/taste\/woody\" target=\"_blank\" rel=\"noopener\">Lemn<\/a><\/div>\n<\/p><\/div>\n<\/section><\/div>\n<\/p><\/div>\n<div class=\"col-xs-12 col-sm-12 wider\">\n<div class=\"flipblock-wrapper\">\n<section id=\"aromas\" class=\"panel panel-default\" data-label=\"strain_aromas\">\n<div class=\"face front\">\n<div class=\"panel-heading\">Arome<\/div>\n<div class=\"panel-body well tags-list translation-block\"><a href=\"https:\/\/www.allbud.com\/marijuana-strains\/aroma\/dank\" target=\"_blank\" rel=\"noopener\">Dank<\/a>,&nbsp;<a href=\"https:\/\/www.allbud.com\/marijuana-strains\/aroma\/earthy\" target=\"_blank\" rel=\"noopener\">Earthy<\/a>,&nbsp;<a href=\"https:\/\/www.allbud.com\/marijuana-strains\/aroma\/kush\" target=\"_blank\" rel=\"noopener\">Kush<\/a>,&nbsp;<a href=\"https:\/\/www.allbud.com\/marijuana-strains\/aroma\/nutty\" target=\"_blank\" rel=\"noopener\">Nutty<\/a>,&nbsp;<a href=\"https:\/\/www.allbud.com\/marijuana-strains\/aroma\/sweet\" target=\"_blank\" rel=\"noopener\">Sweet<\/a><\/div>\n<\/p><\/div>\n<\/section><\/div>\n<\/p><\/div>\n<\/p><\/div>\n<\/p><\/div>\n<h4 style=\"text-align: center\"><strong>CALI BUD OR NO BUD \u00a0PURE OG\u00a0 \u00a0NEAR ME | PURE OG\u00a0 CALI BUD OR NO BUD\u00a0\u00a0 NEAR ME | CALI BUD OR NO BUD \u00a0NEAR ME<\/strong><\/h4>\n<p><strong>Livrarea soiului Cali Plug Pure OG<\/strong><br \/> St\u0103m ferm pentru a v\u0103 oferi cele mai bune servicii de comand\u0103 prin po\u0219t\u0103 de cannabis 420. Dup\u0103 ce am studiat stresul care implic\u0103 deplasarea la dispensar pentru a ob\u021bine marijuana medicinal\u0103 pentru durere \u0219i u\u0219urare, am decis s\u0103 ajut\u0103m comunitatea 420 oferind livr\u0103ri de prescrip\u021bie \u0219i cannabis direct la u\u0219a dumneavoastr\u0103 f\u0103r\u0103 inconveniente. Oferim livrare \u00een toate cele 50 de state din SUA, Canada \u0219i Europa. Pentru mai multe informa\u021bii, contacta\u021bi-ne pentru c\u0103 suntem \u00eentotdeauna online pentru a v\u0103 ajuta s\u0103 ob\u021bine\u021bi ce este mai bun. Cump\u0103ra\u021bi Cali Pure OG Strain.<\/p>\n<p>Pure OG aduce cele mai bune din toate lumile, av\u00e2nd un nivel constant de THC de 20%. \u00cen plus, \u00eentre 1% \u0219i 2% CBD umplu corpul cu u\u0219urarea de care ai nevoie. Ini\u021bial, se simte un gust tipic p\u0103m\u00e2ntos, dar pe m\u0103sur\u0103 ce expiri, aceast\u0103 varietate cap\u0103t\u0103 un gust mai dulce \u0219i nucos. Mirosurile se potrivesc cu aceste arome \u0219i sunt destul de pl\u0103cute pentru majoritatea oamenilor. Mugurii sunt o priveli\u0219te de neuitat, cu subtonuri roz, p\u0103r portocaliu \u00eenchis \u0219i un strat gros de tricomi care seam\u0103n\u0103 cu nisipul.<\/p>\n<h5 style=\"text-align: center\"><strong>PURE OG\u00a0 STRAIN | \u00a0PURE OG\u00a0 WEED STRAIN | CALI PURE OG\u00a0 | CALI PURE OG\u00a0 \u00a0STRAIN<\/strong><\/h5>\n<p><strong>Avertisment despre soiul Pure OG<\/strong><br \/> \u00cen concluzie, acest produs con\u021bine cannabis, o substan\u021b\u0103 reglementat\u0103. A se p\u0103stra departe de copii \u0219i animale. Produsele din cannabis pot fi de\u021binute sau consumate doar de persoane de 21 de ani sau mai mari, cu excep\u021bia cazului \u00een care persoana este un pacient calificat. Efectele intoxicante ale produselor din cannabis pot dura p\u00e2n\u0103 la dou\u0103 ore. Utilizarea cannabisului \u00een timpul sarcinii sau al\u0103pt\u0103rii poate fi d\u0103un\u0103toare. Consumul acestor produse afecteaz\u0103 abilitatea de a conduce sau de a manevra utilaje. V\u0103 rug\u0103m s\u0103 fi\u021bi foarte precau\u021bi \u00eenainte de a cump\u0103ra Pure OG Strain online \u0219i de a-l consuma.<\/p>\n<p>Provenind de la cresc\u0103tori misteriosi care doreau s\u0103 creeze o tulpin\u0103 puternic\u0103 \u0219i faimoas\u0103, Pure OG este un \u00eencruci\u0219at SFV OG Kush care creeaz\u0103 un echilibru 60\/40 cu dominan\u021b\u0103 indica. Reflect\u0103 aromele p\u0103rintelui s\u0103u original \u0219i ofer\u0103 utilizatorilor un efect profund relaxant care calmeaz\u0103 chiar \u0219i cele mai agitate min\u021bi sau corpuri dureroase.<\/p>\n<div data-testid=\"product-description\">\n<div class=\"truncate-lines__Wrapper-sc-1lknwty-0 YxHAC\">\n<div data-testid=\"truncated-description\">\n<div>\n<div class=\"text__Text-sc-fif1uk-0 kdmKRD\">\n<div class=\"src__Box-sc-1sbtrzs-0 src__Flex-sc-1sbtrzs-1 kWPFqZ hzdsvF\">\n<div>CATEGORII DE PRODUSE EXEMPLARE<\/div>\n<\/p><\/div>\n<\/p><\/div>\n<\/p><\/div>\n<\/p><\/div>\n<\/p><\/div>\n<\/p><\/div>\n<div class=\"text__Text-sc-fif1uk-0 htoJfX\"><a href=\"https:\/\/jeetersofficial.com\/product-category\/buy-cali-buds\/\" target=\"_blank\" rel=\"noopener\">CALI BUDS<\/a><\/div>\n<div data-testid=\"product-description\">\n<div class=\"truncate-lines__Wrapper-sc-1lknwty-0 YxHAC\">\n<div data-testid=\"truncated-description\">\n<div class=\"text__Text-sc-fif1uk-0 kdmKRD\"><a href=\"https:\/\/jeetersofficial.com\/product-category\/backpack-boyz\/\" target=\"_blank\" rel=\"noopener\">Backpack\u00a0 Boyz<\/a><\/div>\n<div><a href=\"https:\/\/jeetersofficial.com\/product-category\/snow-balls-weed\/\" target=\"_blank\" rel=\"noopener\">SNOWBALLS WEED<\/a><\/div>\n<div><a href=\"https:\/\/jeetersofficial.com\/product-category\/persy-snowcaps\/\" target=\"_blank\" rel=\"noopener\">Persy Snowcaps<\/a><\/div>\n<div><a href=\"https:\/\/jeetersofficial.com\/product-category\/drip-snowcaps\/\" target=\"_blank\" rel=\"noopener\">Drip Snowcaps<\/a><\/div>\n<div><a href=\"https:\/\/jeetersofficial.com\/product-category\/concentrates\/\" target=\"_blank\" rel=\"noopener\">CALI CONCENTRATES<\/a><\/div>\n<div><a href=\"https:\/\/jeetersofficial.com\/product-category\/doja-exclusive\/\" target=\"_blank\" rel=\"noopener\">CALI DOJA PACKS EXCLUSIVE<\/a><\/div>\n<div><a href=\"https:\/\/jeetersofficial.com\/product-category\/marijuana-flowers\/\" target=\"_blank\" rel=\"noopener\">CALI MARIJUANA FLOWERS<\/a><\/div>\n<\/p><\/div>\n<\/p><\/div>\n<\/p><\/div>\n<div><a href=\"https:\/\/jeetersofficial.com\/product-category\/sativa-strain\/\" target=\"_blank\" rel=\"noopener\">CALI SATIVA STRAINS<\/a><\/div>\n<div><a href=\"https:\/\/jeetersofficial.com\/product-category\/indica\/\" target=\"_blank\" rel=\"noopener\">CALI INDICA STRAINS<\/a><\/div>\n<div><a href=\"https:\/\/jeetersofficial.com\/product-category\/hybrid-weed\/\" target=\"_blank\" rel=\"noopener\">CALI HYBRID WEED<\/a><\/div>","protected":false},"excerpt":{"rendered":"<p><strong>Cali Plug Pure OG Strain<\/strong><br \/> Pentru \u00eenceput, Cali Pure OG Strain este un fenotip de Girl Scout Cookies. Denumit\u0103 dup\u0103 tricomii s\u0103i albi \u0219i tulburi \u0219i mugurii lipicio\u0219i, aceast\u0103 varietate miroase a terpeni dulci \u0219i mentolati cu o not\u0103 \u00eenc\u00e2nt\u0103toare de nisip.<\/p>","protected":false},"featured_media":1738,"comment_status":"closed","ping_status":"closed","template":"","meta":{"_uag_custom_page_level_css":"","site-sidebar-layout":"default","site-content-layout":"","ast-site-content-layout":"","site-content-style":"default","site-sidebar-style":"default","ast-global-header-display":"","ast-banner-title-visibility":"","ast-main-header-display":"","ast-hfb-above-header-display":"","ast-hfb-below-header-display":"","ast-hfb-mobile-header-display":"","site-post-title":"","ast-breadcrumbs-content":"","ast-featured-img":"","footer-sml-layout":"","theme-transparent-header-meta":"","adv-header-id-meta":"","stick-header-meta":"","header-above-stick-meta":"","header-main-stick-meta":"","header-below-stick-meta":"","astra-migrate-meta-layouts":"default","ast-page-background-enabled":"default","ast-page-background-meta":{"desktop":{"background-color":"var(--ast-global-color-4)","background-image":"","background-repeat":"repeat","background-position":"center center","background-size":"auto","background-attachment":"scroll","background-type":"","background-media":"","overlay-type":"","overlay-color":"","overlay-opacity":"","overlay-gradient":""},"tablet":{"background-color":"","background-image":"","background-repeat":"repeat","background-position":"center center","background-size":"auto","background-attachment":"scroll","background-type":"","background-media":"","overlay-type":"","overlay-color":"","overlay-opacity":"","overlay-gradient":""},"mobile":{"background-color":"","background-image":"","background-repeat":"repeat","background-position":"center center","background-size":"auto","background-attachment":"scroll","background-type":"","background-media":"","overlay-type":"","overlay-color":"","overlay-opacity":"","overlay-gradient":""}},"ast-content-background-meta":{"desktop":{"background-color":"var(--ast-global-color-5)","background-image":"","background-repeat":"repeat","background-position":"center center","background-size":"auto","background-attachment":"scroll","background-type":"","background-media":"","overlay-type":"","overlay-color":"","overlay-opacity":"","overlay-gradient":""},"tablet":{"background-color":"var(--ast-global-color-5)","background-image":"","background-repeat":"repeat","background-position":"center center","background-size":"auto","background-attachment":"scroll","background-type":"","background-media":"","overlay-type":"","overlay-color":"","overlay-opacity":"","overlay-gradient":""},"mobile":{"background-color":"var(--ast-global-color-5)","background-image":"","background-repeat":"repeat","background-position":"center center","background-size":"auto","background-attachment":"scroll","background-type":"","background-media":"","overlay-type":"","overlay-color":"","overlay-opacity":"","overlay-gradient":""}}},"product_brand":[],"product_cat":[675],"product_tag":[489,491,648,506,649,508,509,510,531,492,481,472,650,651,652,514,473,515,653,654,503],"class_list":{"0":"post-1810","1":"product","2":"type-product","3":"status-publish","4":"has-post-thumbnail","6":"product_cat-buy-cali-buds","7":"product_tag-best-cali-packs","8":"product_tag-buy-cali-bud-or-no-bud-online","9":"product_tag-buy-cali-bud-or-no-bud-pure-og-online","10":"product_tag-buy-cali-buds","11":"product_tag-buy-pure-og-cali-bud-or-no-bud-online","12":"product_tag-buy-weed-online","13":"product_tag-by-the-best-cali-buds","14":"product_tag-cali-bags","15":"product_tag-cali-bud","16":"product_tag-cali-bud-or-no-bud","17":"product_tag-cali-bud-or-no-bud-for-sale","18":"product_tag-cali-bud-or-no-bud-near-me","19":"product_tag-cali-bud-or-no-bud-pure-og","20":"product_tag-cali-bud-or-no-bud-pure-og-for-sale","21":"product_tag-cali-bud-or-no-bud-pure-og-near-me","22":"product_tag-cali-bud-packs","23":"product_tag-cali-buds","24":"product_tag-cali-buds-online","25":"product_tag-cali-pure-og","26":"product_tag-pure-og-weed-strain","27":"product_tag-top-cali-bud-packs","28":"desktop-align-center","29":"tablet-align-left","30":"mobile-align-left","32":"first","33":"instock","34":"shipping-taxable","35":"purchasable","36":"product-type-variable"},"uagb_featured_image_src":{"full":["https:\/\/caliweedeurope.com\/wp-content\/uploads\/2024\/11\/56e3b9f5-aefa-40e3-bae8-4d47822696b6-1.jpg",768,1024,false],"thumbnail":["https:\/\/caliweedeurope.com\/wp-content\/uploads\/2024\/11\/56e3b9f5-aefa-40e3-bae8-4d47822696b6-1-150x150.jpg",150,150,true],"medium":["https:\/\/caliweedeurope.com\/wp-content\/uploads\/2024\/11\/56e3b9f5-aefa-40e3-bae8-4d47822696b6-1-225x300.jpg",225,300,true],"medium_large":["https:\/\/caliweedeurope.com\/wp-content\/uploads\/2024\/11\/56e3b9f5-aefa-40e3-bae8-4d47822696b6-1.jpg",768,1024,false],"large":["https:\/\/caliweedeurope.com\/wp-content\/uploads\/2024\/11\/56e3b9f5-aefa-40e3-bae8-4d47822696b6-1.jpg",768,1024,false],"1536x1536":["https:\/\/caliweedeurope.com\/wp-content\/uploads\/2024\/11\/56e3b9f5-aefa-40e3-bae8-4d47822696b6-1.jpg",768,1024,false],"2048x2048":["https:\/\/caliweedeurope.com\/wp-content\/uploads\/2024\/11\/56e3b9f5-aefa-40e3-bae8-4d47822696b6-1.jpg",768,1024,false],"trp-custom-language-flag":["https:\/\/caliweedeurope.com\/wp-content\/uploads\/2024\/11\/56e3b9f5-aefa-40e3-bae8-4d47822696b6-1.jpg",9,12,false],"woocommerce_thumbnail":["https:\/\/caliweedeurope.com\/wp-content\/uploads\/2024\/11\/56e3b9f5-aefa-40e3-bae8-4d47822696b6-1-300x300.jpg",300,300,true],"woocommerce_single":["https:\/\/caliweedeurope.com\/wp-content\/uploads\/2024\/11\/56e3b9f5-aefa-40e3-bae8-4d47822696b6-1-600x800.jpg",600,800,true],"woocommerce_gallery_thumbnail":["https:\/\/caliweedeurope.com\/wp-content\/uploads\/2024\/11\/56e3b9f5-aefa-40e3-bae8-4d47822696b6-1-100x100.jpg",100,100,true]},"uagb_author_info":{"display_name":"jetskiforsaleuk@gmail.com","author_link":"https:\/\/caliweedeurope.com\/ro\/author\/"},"uagb_comment_info":0,"uagb_excerpt":"Cali Plug Pure OG Strain To begin with buy Cali Pure OG strain is a Girl Scout Cookies phenotype. Named for its cloudy white trichomes and sticky buds, this strain smells of sweet, minty terpenes with a charming gritty hint.","_links":{"self":[{"href":"https:\/\/caliweedeurope.com\/ro\/wp-json\/wp\/v2\/product\/1810"}],"collection":[{"href":"https:\/\/caliweedeurope.com\/ro\/wp-json\/wp\/v2\/product"}],"about":[{"href":"https:\/\/caliweedeurope.com\/ro\/wp-json\/wp\/v2\/types\/product"}],"replies":[{"embeddable":true,"href":"https:\/\/caliweedeurope.com\/ro\/wp-json\/wp\/v2\/comments?post=1810"}],"wp:featuredmedia":[{"embeddable":true,"href":"https:\/\/caliweedeurope.com\/ro\/wp-json\/wp\/v2\/media\/1738"}],"wp:attachment":[{"href":"https:\/\/caliweedeurope.com\/ro\/wp-json\/wp\/v2\/media?parent=1810"}],"wp:term":[{"taxonomy":"product_brand","embeddable":true,"href":"https:\/\/caliweedeurope.com\/ro\/wp-json\/wp\/v2\/product_brand?post=1810"},{"taxonomy":"product_cat","embeddable":true,"href":"https:\/\/caliweedeurope.com\/ro\/wp-json\/wp\/v2\/product_cat?post=1810"},{"taxonomy":"product_tag","embeddable":true,"href":"https:\/\/caliweedeurope.com\/ro\/wp-json\/wp\/v2\/product_tag?post=1810"}],"curies":[{"name":"wp","href":"https:\/\/api.w.org\/{rel}","templated":true}]}}