{"id":1816,"date":"2024-11-05T18:39:28","date_gmt":"2024-11-05T18:39:28","guid":{"rendered":"https:\/\/caliweedeurope.com\/?post_type=product&#038;p=1816"},"modified":"2024-11-05T18:39:35","modified_gmt":"2024-11-05T18:39:35","slug":"buy-cali-plug-smuckers-strain-online","status":"publish","type":"product","link":"https:\/\/caliweedeurope.com\/ro\/product\/buy-cali-plug-smuckers-strain-online\/","title":{"rendered":"Cump\u0103r\u0103 Cali Plug Smuckers Strain online"},"content":{"rendered":"<h1 style=\"text-align: center\"><strong>\u00a0 \u00a0 \u00a0 \u00a0 \u00a0<\/strong><strong>SMUCKERS <\/strong><strong>\u00a0<\/strong><strong>CALI BUD OR NO BUD<\/strong><strong> |<\/strong> <strong>CALI BUD OR NO BUD <\/strong><strong>SMUCKERS <\/strong><strong>\u00a0|<\/strong> <strong>CALI PLUG CALI BUD OR NO BUD<\/strong><\/h1>\n<p><strong>Cali Plug Smuckers Strain<\/strong><br \/> Cali Smuckers este o soi influent\u0103 de cannabis hibrid, creat\u0103 prin \u00eencruci\u0219area cu Strawberry \u0219i Grape Ape pentru a ob\u021bine aceast\u0103 soi uimitoare. Cali Plug este m\u00e2ndr\u0103 s\u0103 v\u0103 prezinte aceast\u0103 soi de top \u0219i \u00een vog\u0103.<\/p>\n<p><strong>Utiliz\u0103rile medicale ale soiului de cannabis Cali Plug Smuckers<\/strong><br \/> Strainul Cali Bud Smuckers este cel mai bun pentru pacien\u021bii care sufer\u0103 de anxietate \u0219i dureri cronice. Acest strain garanteaz\u0103 o u\u0219urare imediat\u0103 a durerii \u0219i anxiet\u0103\u021bii. De asemenea, acest strain va servi ca medicament pentru durerile pulsante, precum \u0219i pentru grea\u021b\u0103. Strainul poate ajuta \u0219i la combaterea simptomelor de PTSD. Cump\u0103ra\u021bi cele mai bune soiuri Cali de la Cali Weed Plug pentru flori reale \u0219i livrare sigur\u0103.<\/p>\n<p>Probabil c\u0103 nu a\u021bi auzit niciodat\u0103 de soiul Smuckers. Soiul Smuckers este un soi nou introdus pe pia\u021ba de canabis acum c\u00e2teva luni. Acest soi c\u00e2\u0219tig\u0103 popularitate \u00een \u00eentreaga lume, \u00een special \u00een Statele Unite, iar cererea pentru acest soi a crescut la \u00eenceputul anului 2021. Ce soi uimitor avem ast\u0103zi. Gustul este grozav, fie uscat, fie aprins\u2026 efectele sunt excelente pentru o sear\u0103 relaxant\u0103 \u0219i un somn bun. Folosesc CPAP de 15 ani \u0219i tot nu dorm bine. O excursie la Paris \u0219i am dormit mai bine ca niciodat\u0103. Soiul Smuckers are un miros dulce, p\u0103m\u00e2ntos, fructat \u0219i picant cu un con\u021binut de THC de peste 22%. Mugurii au pete verzi str\u0103lucitoare \u0219i fire portocalii vii.<\/p>\n<h2 style=\"text-align: center\">\u00a0<strong>BUY\u00a0<\/strong><strong>SMUCKERS\u00a0<\/strong><strong>\u00a0CALI BUD OR NO BUD\u00a0 ONLINE | BUY CALI BUD OR NO BUD\u00a0<\/strong><strong>SMUCKERS\u00a0<\/strong><strong>\u00a0\u00a0ONLINE | BUY CALI BUD OR NO BUD ONLINE<\/strong><\/h2>\n<p>Cultivatorii de cannabis s-ar concentra pe crearea de noi soiuri care \u00ee\u021bi lumineaz\u0103 ziua \u0219i te fac s\u0103 te sim\u021bi uimitor \u0219i relaxat. Sun\u0103 ca adev\u0103ratul sens al unei vie\u021bi tr\u0103ite bine. Soiul Smuckers se adaug\u0103 grupului lor de plante excep\u021bionale. Soiul Smuckers ofer\u0103 o stare euforic\u0103 pl\u0103cut\u0103. Dup\u0103 un impuls creativ ini\u021bial, efectul calmant asupra corpului preia controlul. Poate deveni amor\u021bitor \u0219i poate alina toate tipurile de durere. \u00cen cele din urm\u0103, apare foamea.<\/p>\n<p><strong>Cultivarea soiului de cannabis Smuckers<\/strong><br \/> Aceast\u0103 varietate cre\u0219te scurt\u0103 \u0219i poate cre\u0219te bine at\u00e2t \u00een interior, c\u00e2t \u0219i \u00een exterior sau chiar \u00eentr-o ser\u0103. Plantele ar trebui s\u0103 r\u0103m\u00e2n\u0103 \u00een faza vegetativ\u0103 cel pu\u021bin o lun\u0103, dac\u0103 nu chiar cinci. Varietatea \u00eenflore\u0219te timp de opt p\u00e2n\u0103 la nou\u0103 s\u0103pt\u0103m\u00e2ni \u0219i va produce un gram pe watt \u00een interior. Cultivatorii de exterior pot ob\u021bine p\u00e2n\u0103 la un kilogram de plant\u0103.<\/p>\n<p><strong>Cali Smuckers<\/strong><\/p>\n<p>Cali Smuckers este o varietate hibrid\u0103 influent\u0103 de cannabis, ob\u021binut\u0103 prin \u00eencruci\u0219area cu strawberry \u0219i grape ape pentru a ob\u021bine aceast\u0103 varietate uimitoare. Este ideal\u0103 pentru pacien\u021bii care sufer\u0103 de anxietate \u0219i dureri cronice. Aceast\u0103 varietate garanteaz\u0103 alinare imediat\u0103 de durere. Efectele sale u\u0219oare pot ajuta la ameliorarea unor dureri persistente \u0219i a gre\u021burilor.<\/p>\n<p>&nbsp;<\/p>\n<h3 style=\"text-align: center\"><strong>SMUCKERS\u00a0<\/strong><strong>CALI BUD OR NO BUD FOR SALE | CALI BUD OR NO BUD\u00a0\u00a0<\/strong><strong>SMUCKERS\u00a0<\/strong><strong>\u00a0FOR SALE | CALI BUD OR NO BUD\u00a0 FOR SALE<\/strong><\/h3>\n<div><strong>Unde s\u0103 cump\u0103ra\u021bi soiul Smuckers<\/strong><\/div>\n<div>\n<p>Soiul Smuckers devine unul dintre cele mai bune soiuri de pe pia\u021b\u0103 \u00een ultimele zile. Cu toate acestea, exist\u0103 un num\u0103r limitat de furnizori ai acestui soi pe pia\u021b\u0103. Prin urmare, unii furnizori tind s\u0103 \u00ee\u0219i exploateze cump\u0103r\u0103torii. De aceea, alege\u021bi cu precau\u021bie un furnizor pentru soiul Smuckers. Pute\u021bi oric\u00e2nd s\u0103 vizita\u021bi site-ul nostru pentru a v\u0103 satisface cerin\u021bele legate de acest soi. Acest lucru se datoreaz\u0103 faptului c\u0103 \u00eencerc\u0103m \u00eentotdeauna s\u0103 r\u0103spundem c\u00e2t mai bine cerin\u021belor clien\u021bilor no\u0219tri. Astfel, avem \u00eentotdeauna un stoc de Smuckers weed.<\/p>\n<\/p><\/div>\n<p><strong>Efectele soiului de cannabis Smuckers<\/strong><br \/> Euforie corporal\u0103, Relaxant, Somnolent, Revigorant<br \/> <strong>Poate alina<\/strong><br \/> Anxietate, Durere cronic\u0103, Depresie, Insomnie, PTSD, Stres<br \/> <strong>Arome<\/strong><br \/> Bomboan\u0103, Ciocolat\u0103, Crema, Fructat, Zaharat, Dulce<br \/> <strong>Arome<\/strong><br \/> Ciocolat\u0103, P\u0103m\u00e2ntiu, Fructat, Erbaceu, Dulce<\/p>\n<p>Aceast\u0103 varietate poate ajuta, de asemenea, la combaterea simptomelor PTSD. Planta cre\u0219te scund\u0103 \u0219i se descurc\u0103 bine \u00een interior, \u00een exterior sau chiar \u00eentr-o ser\u0103. Cultivatorii ar trebui s\u0103 aloce cel pu\u021bin o lun\u0103, dac\u0103 nu cinci, pentru faza vegetativ\u0103. Soiul \u00eenflore\u0219te timp de opt p\u00e2n\u0103 la nou\u0103 s\u0103pt\u0103m\u00e2ni \u0219i poate produce un gram pe watt \u00een interior. \u00cen aer liber, cultivatorii pot ob\u021bine p\u00e2n\u0103 la o jum\u0103tate de kilogram pe plant\u0103.<\/p>\n<h3 style=\"text-align: center\"><strong>CALI BUD OR NO BUD \u00a0SMUCKERS \u00a0\u00a0NEAR ME | SMUCKERS \u00a0\u00a0CALI BUD OR NO BUD\u00a0\u00a0 NEAR ME | CALI BUD OR NO BUD \u00a0NEAR ME<\/strong><\/h3>\n<div><strong>\u00a0<\/strong><\/div>\n<div>Un gust pl\u0103cut de l\u0103m\u00e2ie citric\u0103 \u0219i p\u0103m\u00e2ntiu a caracterizat soiul Smuckers. L-am fumat \u0219i a fost delicios. Efectul a fost revigorant, euforic, relaxant \u0219i foarte chill, perfect pentru jocuri sau pentru ascultat muzic\u0103. A\u0219 fuma asta din nou.<\/div>\n<p><strong>Avertisment pentru soiul de cannabis Smuckers<\/strong><br \/> Acest produs con\u021bine Cannabis, o substan\u021b\u0103 controlat\u0103. A se p\u0103stra departe de copii \u0219i animale. Produsele din cannabis pot fi de\u021binute sau consumate doar de persoane cu v\u00e2rsta de 21 de ani sau mai mult, cu excep\u021bia cazului \u00een care persoana este un pacient calificat. Efectele intoxicante ale produselor din cannabis pot dura p\u00e2n\u0103 la dou\u0103 ore. Consumul de cannabis \u00een timpul sarcinii sau al\u0103pt\u0103rii poate fi d\u0103un\u0103tor. Consumul acestor produse afecteaz\u0103 abilitatea de a conduce sau de a opera ma\u0219ini. V\u0103 rug\u0103m s\u0103 folosi\u021bi extrem\u0103 pruden\u021b\u0103.<\/p>\n<p class=\"p1\"><strong>Avertisment<\/strong><\/p>\n<p class=\"p1\">\u00cen al treilea r\u00e2nd, acest produs con\u021bine cannabis, o substan\u021b\u0103 controlat\u0103. A se p\u0103stra departe de copii \u0219i animale. Produsele din cannabis pot fi de\u021binute sau consumate doar de persoanele de 21 de ani sau mai mari, cu excep\u021bia cazului \u00een care persoana este un pacient calificat. Efectele intoxicante ale produselor din cannabis pot dura p\u00e2n\u0103 la dou\u0103 ore. Consumul de cannabis \u00een timpul sarcinii sau al\u0103pt\u0103rii poate fi d\u0103un\u0103tor. Consumul acestor produse afecteaz\u0103 abilitatea de a conduce sau de a opera utilaje. V\u0103 rug\u0103m s\u0103 folosi\u021bi cu mare precau\u021bie.<\/p>\n<h4 class=\"p1\" style=\"text-align: center\"><strong>SMUCKERS STRAIN | SMUCKERS WEED STRAIN<\/strong><\/h4>\n<p><strong>Efectele \u0219i beneficiile medicale ale soiului<\/strong><\/p>\n<div class=\"translation-block\">Cannabisul con\u021bine compu\u0219i care pot afecta creierul \u0219i corpul t\u0103u. Poate fi adictiv \u0219i, \u00een acela\u0219i timp, d\u0103un\u0103tor pentru s\u0103n\u0103tatea unor persoane \u0219i poate, de asemenea, s\u0103 te fac\u0103 s\u0103 te sim\u021bi \u201ehigh\u201d. Cu toate acestea, \u00een ultimii ani, cannabisul a c\u00e2\u0219tigat acceptare public\u0103 \u0219i majoritatea statelor au legalizat utilizarea cannabisului. Plantele de cannabis pot fi folosite pentru a trata o gam\u0103 de<a href=\"https:\/\/myweedgroup.com\/product\/buy-smuckers-strain\/\" target=\"_blank\" rel=\"noopener\">probleme<\/a> mentale \u0219i fizice. Medicinal, tulpina Smuckers este cunoscut\u0103 pentru ajutorul \u00een rezolvarea problemelor intense de somn. Aceast\u0103 tulpin\u0103 este, de asemenea, cunoscut\u0103 pentru ajutorul semnificativ \u00een tratamentul depresiei. Depresia este destul de r\u0103sp\u00e2ndit\u0103, f\u0103r\u0103 ca majoritatea oamenilor s\u0103 \u0219tie c\u0103 o au. Doar practicienii medicali pot dovedi acest lucru. Aceast\u0103 tulpin\u0103 ajut\u0103 \u0219i la tratarea durerilor cronice, stresului sau anxiet\u0103\u021bii, insomniei, pierderii apetitului \u0219i inflama\u021biei.<\/div>\n<div>\n<p><strong>Ambalajul soiului Smuckers<\/strong><\/p>\n<div>\n<div>Toate soiurile exotice \u0219i cookie de pe site-ul nostru sunt ambalate \u00een pungile lor oficiale, a\u0219a cum se vede pe site-ul nostru. Nu este uimitor? Da, este. Prin urmare, nu trebuie s\u0103 pl\u0103ti\u021bi suplimentar pentru pungi. Nu suntem noi cei mai buni pe pia\u021b\u0103? A\u0219adar, plaseaz\u0103 acum comanda ta.<\/div>\n<div>\n<div>\n<div>\n<div>Trebuie totu\u0219i men\u021bionat c\u0103 soiul Smuckers c\u00e2\u0219tig\u0103 din ce \u00een ce mai mult\u0103 popularitate \u00een ultima vreme. Prin urmare, acest soi \u00eent\u0103re\u0219te popularitatea altor soiuri. Prin urmare, ar trebui luat\u0103 \u00een considerare o bun\u0103 urm\u0103rire a acestui soi. Smuckers Weed.<\/div>\n<div><\/div>\n<\/p><\/div>\n<\/p><\/div>\n<div>\n<div data-testid=\"product-description\">\n<div class=\"truncate-lines__Wrapper-sc-1lknwty-0 YxHAC\">\n<div data-testid=\"truncated-description\">\n<div>\n<div class=\"text__Text-sc-fif1uk-0 kdmKRD\">\n<div class=\"src__Box-sc-1sbtrzs-0 src__Flex-sc-1sbtrzs-1 kWPFqZ hzdsvF\">\n<div>CATEGORII DE PRODUSE EXEMPLARE<\/div>\n<\/p><\/div>\n<\/p><\/div>\n<\/p><\/div>\n<\/p><\/div>\n<\/p><\/div>\n<\/p><\/div>\n<div class=\"text__Text-sc-fif1uk-0 htoJfX\"><a href=\"https:\/\/jeetersofficial.com\/product-category\/buy-cali-buds\/\" target=\"_blank\" rel=\"noopener\">CALI BUDS<\/a><\/div>\n<div data-testid=\"product-description\">\n<div class=\"truncate-lines__Wrapper-sc-1lknwty-0 YxHAC\">\n<div data-testid=\"truncated-description\">\n<div class=\"text__Text-sc-fif1uk-0 kdmKRD\"><a href=\"https:\/\/jeetersofficial.com\/product-category\/backpack-boyz\/\" target=\"_blank\" rel=\"noopener\">Backpack\u00a0 Boyz<\/a><\/div>\n<div><a href=\"https:\/\/jeetersofficial.com\/product-category\/snow-balls-weed\/\" target=\"_blank\" rel=\"noopener\">SNOWBALLS WEED<\/a><\/div>\n<div><a href=\"https:\/\/jeetersofficial.com\/product-category\/persy-snowcaps\/\" target=\"_blank\" rel=\"noopener\">Persy Snowcaps<\/a><\/div>\n<div><a href=\"https:\/\/jeetersofficial.com\/product-category\/drip-snowcaps\/\" target=\"_blank\" rel=\"noopener\">Drip Snowcaps<\/a><\/div>\n<div><a href=\"https:\/\/jeetersofficial.com\/product-category\/concentrates\/\" target=\"_blank\" rel=\"noopener\">CALI CONCENTRATES<\/a><\/div>\n<div><a href=\"https:\/\/jeetersofficial.com\/product-category\/doja-exclusive\/\" target=\"_blank\" rel=\"noopener\">CALI DOJA PACKS EXCLUSIVE<\/a><\/div>\n<div><a href=\"https:\/\/jeetersofficial.com\/product-category\/marijuana-flowers\/\" target=\"_blank\" rel=\"noopener\">CALI MARIJUANA FLOWERS<\/a><\/div>\n<\/p><\/div>\n<\/p><\/div>\n<\/p><\/div>\n<div><a href=\"https:\/\/jeetersofficial.com\/product-category\/sativa-strain\/\" target=\"_blank\" rel=\"noopener\">CALI SATIVA STRAINS<\/a><\/div>\n<div><a href=\"https:\/\/jeetersofficial.com\/product-category\/indica\/\" target=\"_blank\" rel=\"noopener\">CALI INDICA STRAINS<\/a><\/div>\n<div><a href=\"https:\/\/jeetersofficial.com\/product-category\/hybrid-weed\/\" target=\"_blank\" rel=\"noopener\">CALI HYBRID WEED<\/a><\/div>\n<\/p><\/div>\n<\/p><\/div>\n<\/p><\/div>\n<\/p><\/div>","protected":false},"excerpt":{"rendered":"<p><strong>Cali Plug Smuckers Strain<\/strong><br \/> Cali Smuckers este o soi influent\u0103 de cannabis hibrid, creat\u0103 prin \u00eencruci\u0219area cu Strawberry \u0219i Grape Ape pentru a ob\u021bine aceast\u0103 soi uimitoare. Cali Plug este m\u00e2ndr\u0103 s\u0103 v\u0103 prezinte aceast\u0103 soi de top \u0219i \u00een vog\u0103.<\/p>","protected":false},"featured_media":1835,"comment_status":"closed","ping_status":"closed","template":"","meta":{"_uag_custom_page_level_css":"","site-sidebar-layout":"default","site-content-layout":"","ast-site-content-layout":"","site-content-style":"default","site-sidebar-style":"default","ast-global-header-display":"","ast-banner-title-visibility":"","ast-main-header-display":"","ast-hfb-above-header-display":"","ast-hfb-below-header-display":"","ast-hfb-mobile-header-display":"","site-post-title":"","ast-breadcrumbs-content":"","ast-featured-img":"","footer-sml-layout":"","theme-transparent-header-meta":"","adv-header-id-meta":"","stick-header-meta":"","header-above-stick-meta":"","header-main-stick-meta":"","header-below-stick-meta":"","astra-migrate-meta-layouts":"default","ast-page-background-enabled":"default","ast-page-background-meta":{"desktop":{"background-color":"var(--ast-global-color-4)","background-image":"","background-repeat":"repeat","background-position":"center center","background-size":"auto","background-attachment":"scroll","background-type":"","background-media":"","overlay-type":"","overlay-color":"","overlay-opacity":"","overlay-gradient":""},"tablet":{"background-color":"","background-image":"","background-repeat":"repeat","background-position":"center center","background-size":"auto","background-attachment":"scroll","background-type":"","background-media":"","overlay-type":"","overlay-color":"","overlay-opacity":"","overlay-gradient":""},"mobile":{"background-color":"","background-image":"","background-repeat":"repeat","background-position":"center center","background-size":"auto","background-attachment":"scroll","background-type":"","background-media":"","overlay-type":"","overlay-color":"","overlay-opacity":"","overlay-gradient":""}},"ast-content-background-meta":{"desktop":{"background-color":"var(--ast-global-color-5)","background-image":"","background-repeat":"repeat","background-position":"center center","background-size":"auto","background-attachment":"scroll","background-type":"","background-media":"","overlay-type":"","overlay-color":"","overlay-opacity":"","overlay-gradient":""},"tablet":{"background-color":"var(--ast-global-color-5)","background-image":"","background-repeat":"repeat","background-position":"center center","background-size":"auto","background-attachment":"scroll","background-type":"","background-media":"","overlay-type":"","overlay-color":"","overlay-opacity":"","overlay-gradient":""},"mobile":{"background-color":"var(--ast-global-color-5)","background-image":"","background-repeat":"repeat","background-position":"center center","background-size":"auto","background-attachment":"scroll","background-type":"","background-media":"","overlay-type":"","overlay-color":"","overlay-opacity":"","overlay-gradient":""}}},"product_brand":[],"product_cat":[675],"product_tag":[489,491,709,506,710,508,509,510,492,481,472,711,712,713,515,518,461,462,714,465,715,467,716,717,718,719,720,721,722,723,724,725,726,727,728,729,730,731,732,733,734,735,736],"class_list":{"0":"post-1816","1":"product","2":"type-product","3":"status-publish","4":"has-post-thumbnail","6":"product_cat-buy-cali-buds","7":"product_tag-best-cali-packs","8":"product_tag-buy-cali-bud-or-no-bud-online","9":"product_tag-buy-cali-bud-or-no-bud-smuckers-online","10":"product_tag-buy-cali-buds","11":"product_tag-buy-smuckers-strain","12":"product_tag-buy-weed-online","13":"product_tag-by-the-best-cali-buds","14":"product_tag-cali-bags","15":"product_tag-cali-bud-or-no-bud","16":"product_tag-cali-bud-or-no-bud-for-sale","17":"product_tag-cali-bud-or-no-bud-near-me","18":"product_tag-cali-bud-or-no-bud-smuckers","19":"product_tag-cali-bud-or-no-bud-smuckers-for-sale","20":"product_tag-cali-bud-or-no-bud-smuckers-near-me","21":"product_tag-cali-buds-online","22":"product_tag-cali-gush-lato","23":"product_tag-cali-packs","24":"product_tag-cali-plug-cali-bud-or-no-bud","25":"product_tag-cali-smuckers-strain","26":"product_tag-cali-weed-flavors","27":"product_tag-exotics-bud-packs","28":"product_tag-hardball-cookies","29":"product_tag-smuckers-cali-bud-or-no-bud","30":"product_tag-smuckers-cali-bud-or-no-bud-near-me","31":"product_tag-smuckers-cali-strain","32":"product_tag-smuckers-marijuana","33":"product_tag-smuckers-strain","34":"product_tag-smuckers-strain-allbud","35":"product_tag-smuckers-strain-buy","36":"product_tag-smuckers-strain-buy-smuckers-cali-bud-or-no-bud-online","37":"product_tag-smuckers-strain-for-sale","38":"product_tag-smuckers-strain-germany","39":"product_tag-smuckers-strain-ireland","40":"product_tag-smuckers-strain-italy","41":"product_tag-smuckers-strain-online","42":"product_tag-smuckers-strain-review","43":"product_tag-smuckers-strain-reviewssmuckers-strain","44":"product_tag-smuckers-strain-uk","45":"product_tag-smuckers-strain-usa","46":"product_tag-smuckers-strain-weedmaps","47":"product_tag-smuckers-weed","48":"product_tag-smuckers-weed-strain","49":"product_tag-smuckers-weed-strain-smuckers-cali-bud-or-no-bud-for-sale","50":"desktop-align-center","51":"tablet-align-left","52":"mobile-align-left","54":"first","55":"instock","56":"shipping-taxable","57":"purchasable","58":"product-type-variable"},"uagb_featured_image_src":{"full":["https:\/\/caliweedeurope.com\/wp-content\/uploads\/2024\/11\/smuckers.jpg",384,511,false],"thumbnail":["https:\/\/caliweedeurope.com\/wp-content\/uploads\/2024\/11\/smuckers-150x150.jpg",150,150,true],"medium":["https:\/\/caliweedeurope.com\/wp-content\/uploads\/2024\/11\/smuckers-225x300.jpg",225,300,true],"medium_large":["https:\/\/caliweedeurope.com\/wp-content\/uploads\/2024\/11\/smuckers.jpg",384,511,false],"large":["https:\/\/caliweedeurope.com\/wp-content\/uploads\/2024\/11\/smuckers.jpg",384,511,false],"1536x1536":["https:\/\/caliweedeurope.com\/wp-content\/uploads\/2024\/11\/smuckers.jpg",384,511,false],"2048x2048":["https:\/\/caliweedeurope.com\/wp-content\/uploads\/2024\/11\/smuckers.jpg",384,511,false],"trp-custom-language-flag":["https:\/\/caliweedeurope.com\/wp-content\/uploads\/2024\/11\/smuckers.jpg",9,12,false],"woocommerce_thumbnail":["https:\/\/caliweedeurope.com\/wp-content\/uploads\/2024\/11\/smuckers-300x300.jpg",300,300,true],"woocommerce_single":["https:\/\/caliweedeurope.com\/wp-content\/uploads\/2024\/11\/smuckers.jpg",384,511,false],"woocommerce_gallery_thumbnail":["https:\/\/caliweedeurope.com\/wp-content\/uploads\/2024\/11\/smuckers-100x100.jpg",100,100,true]},"uagb_author_info":{"display_name":"jetskiforsaleuk@gmail.com","author_link":"https:\/\/caliweedeurope.com\/ro\/author\/"},"uagb_comment_info":0,"uagb_excerpt":"Cali Plug Smuckers Strain Cali Smuckers is an influential cannabis hybrid strain cross with strawberry and grape ape to get this astonishing strain. The Cali Plug is Proud to introduce to you this trending and top-shelf. bud strain.","_links":{"self":[{"href":"https:\/\/caliweedeurope.com\/ro\/wp-json\/wp\/v2\/product\/1816"}],"collection":[{"href":"https:\/\/caliweedeurope.com\/ro\/wp-json\/wp\/v2\/product"}],"about":[{"href":"https:\/\/caliweedeurope.com\/ro\/wp-json\/wp\/v2\/types\/product"}],"replies":[{"embeddable":true,"href":"https:\/\/caliweedeurope.com\/ro\/wp-json\/wp\/v2\/comments?post=1816"}],"wp:featuredmedia":[{"embeddable":true,"href":"https:\/\/caliweedeurope.com\/ro\/wp-json\/wp\/v2\/media\/1835"}],"wp:attachment":[{"href":"https:\/\/caliweedeurope.com\/ro\/wp-json\/wp\/v2\/media?parent=1816"}],"wp:term":[{"taxonomy":"product_brand","embeddable":true,"href":"https:\/\/caliweedeurope.com\/ro\/wp-json\/wp\/v2\/product_brand?post=1816"},{"taxonomy":"product_cat","embeddable":true,"href":"https:\/\/caliweedeurope.com\/ro\/wp-json\/wp\/v2\/product_cat?post=1816"},{"taxonomy":"product_tag","embeddable":true,"href":"https:\/\/caliweedeurope.com\/ro\/wp-json\/wp\/v2\/product_tag?post=1816"}],"curies":[{"name":"wp","href":"https:\/\/api.w.org\/{rel}","templated":true}]}}