{"id":1822,"date":"2024-11-05T18:39:28","date_gmt":"2024-11-05T18:39:28","guid":{"rendered":"https:\/\/caliweedeurope.com\/?post_type=product&#038;p=1822"},"modified":"2024-11-05T18:39:35","modified_gmt":"2024-11-05T18:39:35","slug":"buy-cali-bud-sour-patch-kidz-online","status":"publish","type":"product","link":"https:\/\/caliweedeurope.com\/ro\/product\/buy-cali-bud-sour-patch-kidz-online\/","title":{"rendered":"Cump\u0103r\u0103 Cali Bud Sour Patch Kidz online"},"content":{"rendered":"<h1 style=\"text-align: center\"><strong>\u00a0 \u00a0 \u00a0 \u00a0 \u00a0<\/strong><strong>SOUR PATCH KIDZ <\/strong><strong>CALI BUD OR NO BUD\u00a0|<\/strong><strong>\u00a0CALI BUD OR NO BUD\u00a0<\/strong><strong>SOUR PATCH KIDZ <\/strong><strong>|<\/strong><strong>\u00a0CALI PLUG CALI BUD OR NO BUD<\/strong><\/h1>\n<p><strong>Cali Bud sau niciun Bud Sour Patch Kidz<\/strong><br \/> Sour Patch Kidz cannabis strain is an influential cannabis hybrid strain. Sour Patch strain is a perfect cross between blueberry and Kosher kush to get this amazing strain.<\/p>\n<p><b>SPK<\/b>, also known as \u201cSour Patch Kids\u201d and \u201cSour Patch,\u201d is a sativa-dominant marijuana strain made from a crossing of\u00a0<a href=\"https:\/\/www.leafly.com\/strains\/sour-diesel\" target=\"_blank\" rel=\"noopener\">Sour Diesel<\/a>\u00a0and\u00a0Candyland. SPK emits a pungent aroma of diesel and sweet earth. This strain\u2019s effects tend to be happy and uplifting, making it well-suited for consumers suffering from stress and depression. SPK grows in a similar fashion to Candyland, expressing tangled golden stigmas and subtle purple hues in its dense, frosty foliage.\u00a0 originally bred by Dark Heart Nursery. sour patch kidz weed<\/p>\n<p>SPK (f.k.a. Sour Patch Kids) by Dark Heart Nursery\u00a0is a sativa-dominant crossing of\u00a0Sour Diesel\u00a0and\u00a0<a href=\"https:\/\/www.leafly.com\/sativa\/candyland\" target=\"_blank\" rel=\"noopener\">Candyland<\/a>. It emits a pungent aroma of diesel and sweet earth. This strain\u2019s effects tend to be happy and uplifting, making it well-suited for consumers suffering from stress and depression. Also grows in a similar fashion to Candyland, expressing tangled golden stigmas and subtle purple hues in its dense, frosty foliage.<\/p>\n<h2 style=\"text-align: center\"><strong>BUY\u00a0<\/strong><strong>SOUR PATCH KIDZ\u00a0<\/strong><strong>CALI BUD OR NO BUD\u00a0 ONLINE | BUY CALI BUD OR NO BUD\u00a0<\/strong><strong>SOUR PATCH KIDZ\u00a0<\/strong><strong>ONLINE | BUY CALI BUD OR NO BUD ONLINE<\/strong><\/h2>\n<h3><strong style=\"color: #555555;font-size: 14.4px\">Sour Patch Kidz cannabis Strain Medical Uses<\/strong><\/h3>\n<p>This Strain is best for patients suffering from anxiety and chronic pain. This strain guarantees immediate relief from pain and anxiety. This <a href=\"https:\/\/caliplugcarts.com\/product\/buy-cali-plug-carts-online\/\" target=\"_blank\" rel=\"noopener\">Varietate<\/a> will also serve as medication for throbbing painfulness just as well as queasiness. The strain may likewise help battle the manifestations of PTSD. Buy Top shelf Cali strains from the Cali weed plug for real buds and safe delivery. sour patch kidz weed<\/p>\n<div class=\"variety-percentage-wrap\">\n<h4 class=\"variety\"><a href=\"https:\/\/www.allbud.com\/marijuana-strains\/variety\/sativa-dominant-hybrid\" target=\"_blank\" rel=\"noopener\">Sativa Dominant Hybrid\u00a0<\/a><span class=\"hidden-xs\">\u2013\u00a0<\/span><span class=\"strain-percentages\">60% Sativa \/ 40% Indica<\/span><\/h4>\n<h4 class=\"percentage\"><span class=\"heading\">THC:\u00a0<\/span>18% \u2013 21%,\u00a0<span class=\"heading\">CBD:\u00a0<\/span><em>1<\/em>%<\/h4>\n<\/p><\/div>\n<p>Sour Patch Kids is a slightly sativa dominant hybrid (40% indica\/60% sativa) strain created through crossing the infamous\u00a0Sour Diesel\u00a0X\u00a0Sour Kush strains. This crazy cross results in the ultimate in sour kush flavors with tongue tingly tastes of sweet yet sour lemony pine and taste bud melting sour diesel. The aroma is slightly pungent, with hints of sour diesel and an overtone of spicy kush that has an even sourer kick as the nugs are broken apart and smoked. Its taste may be beyond sour, but the effects are sickly sweet. sour patch kidz weed<\/p>\n<h3 style=\"text-align: center\"><strong>SOUR PATCH KIDZ\u00a0<\/strong><strong>CALI BUD OR NO BUD FOR SALE | CALI BUD OR NO BUD\u00a0\u00a0<\/strong><strong>SOUR PATCH KIDZ\u00a0<\/strong><strong>FOR SALE | CALI BUD OR NO BUD\u00a0 FOR SALE<\/strong><\/h3>\n<p><strong>Growing Sour Patch Kidz Cannabis Strain<\/strong><br \/> This strain develops short and can do well inside, outside, or even in a nursery. Geeks ought to be given at any rate a month, if not five, to get done with vegetating. The strain blossoms for eight to nine weeks and will deliver a gram for each watt inside. Outside cultivators may have gathers as much as a pound for every plant.<\/p>\n<p>Sour Patch Kids packs a potent high that\u2019s well-balanced with full body effects that are great for day or night. It starts with a slowly building euphoric onset that boosts your mood and leaves you feeling slightly energized and just a little bit motivated. As this effect builds, your body will fall into a sense of relaxation and calm, leaving you happy and ease although still slightly energetic and able to function. These effects and its moderate 18-21% average THC level make Sour Patch Kids perfect for treating conditions such as chronic pain, fatigue, chronic stress or anxiety, depression, and mood swings. Sour Patch Kids buds have round tiny light dusty green nugs with lots of thin amber hairs and a frosty thick coating of amber crystal trichomes.<\/p>\n<h4 style=\"text-align: center\"><strong>CALI BUD OR NO BUD \u00a0<\/strong><strong>SOUR PATCH KIDZ\u00a0<\/strong><strong>\u00a0NEAR ME |\u00a0<\/strong><strong>SOUR PATCH KIDZ\u00a0<\/strong><strong>CALI BUD OR NO BUD\u00a0\u00a0 NEAR ME | CALI BUD OR NO BUD \u00a0NEAR ME<\/strong><\/h4>\n<p><strong>Cali Plug Sour Patch Kidz Effects<\/strong><br \/> <strong>Efect corporal<\/strong>Euforie corporal\u0103, Relaxant, Somnolent, Revigorant<\/p>\n<p><strong>Poate alina<\/strong><br \/> Anxietate, Durere cronic\u0103, Depresie, Insomnie, PTSD, Stres<br \/> <strong>Arome<\/strong><br \/> Bomboan\u0103, Ciocolat\u0103, Crema, Fructat, Zaharat, Dulce<br \/> <strong>Arome<\/strong><br \/> Ciocolat\u0103, P\u0103m\u00e2ntiu, Fructat, Erbaceu, Dulce<\/p>\n<h5 style=\"text-align: center\"><strong>SOUR PATCH KIDZ\u00a0<\/strong><strong>\u00a0STRAIN | \u00a0<\/strong><strong>SOUR PATCH KIDZ\u00a0<\/strong><strong>WEED STRAIN | CALI\u00a0<\/strong><strong>SOUR PATCH KIDZ\u00a0<\/strong><strong>| CALI\u00a0<\/strong><strong>SOUR PATCH KIDZ\u00a0<\/strong><strong>\u00a0STRAIN<\/strong><\/h5>\n<p><strong>Sour Patch Kidz Cali Bud Warning.<\/strong><br \/> in conclusion, This product contains Cannabis, a scheduled substance to Keep out of the reach of children and animals. The intoxicating effects of cannabis products may stay up to two hours. Cannabis use while pregnant or breastfeeding may be harmful. Consumption of these products impairs your ability to drive operate machinery. Please use extreme caution.<\/p>\n<p>The sour patch kids strain is one of the favourite weed strains in online dispensaries. It is sometimes referred to as \u2018sour patch\u2019, SPK, or Sour patch kids weed.<\/p>\n<p>Sour patch kids weed was created by crossing Candyland and Sour diesel. This strain is popular for its energetic head high, beautiful looks, and delicious taste.<\/p>\n<p>It creates a very potent, long-lasting high that will keep you feeling uplifted for many hours. It appeals to both medical and recreational weed users with its sweet candy flavour and premium feel.<\/p>\n<p>SPK has deep purple and green hues that make it look a lot more like Candyland than Sour diesel.<\/p>\n<div data-testid=\"product-description\">\n<div class=\"truncate-lines__Wrapper-sc-1lknwty-0 YxHAC\">\n<div data-testid=\"truncated-description\">\n<div>\n<div class=\"text__Text-sc-fif1uk-0 kdmKRD\">\n<div class=\"src__Box-sc-1sbtrzs-0 src__Flex-sc-1sbtrzs-1 kWPFqZ hzdsvF\">\n<div>CATEGORII DE PRODUSE EXEMPLARE<\/div>\n<\/p><\/div>\n<\/p><\/div>\n<\/p><\/div>\n<\/p><\/div>\n<\/p><\/div>\n<\/p><\/div>\n<div class=\"text__Text-sc-fif1uk-0 htoJfX\"><a href=\"https:\/\/jeetersofficial.com\/product-category\/buy-cali-buds\/\" target=\"_blank\" rel=\"noopener\">CALI BUDS<\/a><\/div>\n<div data-testid=\"product-description\">\n<div class=\"truncate-lines__Wrapper-sc-1lknwty-0 YxHAC\">\n<div data-testid=\"truncated-description\">\n<div class=\"text__Text-sc-fif1uk-0 kdmKRD\"><a href=\"https:\/\/jeetersofficial.com\/product-category\/backpack-boyz\/\" target=\"_blank\" rel=\"noopener\">Backpack\u00a0 Boyz<\/a><\/div>\n<div><a href=\"https:\/\/jeetersofficial.com\/product-category\/snow-balls-weed\/\" target=\"_blank\" rel=\"noopener\">SNOWBALLS WEED<\/a><\/div>\n<div><a href=\"https:\/\/jeetersofficial.com\/product-category\/persy-snowcaps\/\" target=\"_blank\" rel=\"noopener\">Persy Snowcaps<\/a><\/div>\n<div><a href=\"https:\/\/jeetersofficial.com\/product-category\/drip-snowcaps\/\" target=\"_blank\" rel=\"noopener\">Drip Snowcaps<\/a><\/div>\n<div><a href=\"https:\/\/jeetersofficial.com\/product-category\/concentrates\/\" target=\"_blank\" rel=\"noopener\">CALI CONCENTRATES<\/a><\/div>\n<div><a href=\"https:\/\/jeetersofficial.com\/product-category\/doja-exclusive\/\" target=\"_blank\" rel=\"noopener\">CALI DOJA PACKS EXCLUSIVE<\/a><\/div>\n<div><a href=\"https:\/\/jeetersofficial.com\/product-category\/marijuana-flowers\/\" target=\"_blank\" rel=\"noopener\">CALI MARIJUANA FLOWERS<\/a><\/div>\n<\/p><\/div>\n<\/p><\/div>\n<\/p><\/div>\n<div><a href=\"https:\/\/jeetersofficial.com\/product-category\/sativa-strain\/\" target=\"_blank\" rel=\"noopener\">CALI SATIVA STRAINS<\/a><\/div>\n<div><a href=\"https:\/\/jeetersofficial.com\/product-category\/indica\/\" target=\"_blank\" rel=\"noopener\">CALI INDICA STRAINS<\/a><\/div>\n<div><a href=\"https:\/\/jeetersofficial.com\/product-category\/hybrid-weed\/\" target=\"_blank\" rel=\"noopener\">CALI HYBRID WEED<\/a><\/div>","protected":false},"excerpt":{"rendered":"<div class=\"woocommerce-product-details__short-description\">\n<p><strong>Cali Sour Patch Kidz<\/strong><br \/> Sour Patch Kidz cannabis strain is an influential cannabis hybrid strain. Sour Patch strain is a perfect cross between blueberry and Kosher kush to get this amazing strain.<\/p>\n<\/p><\/div>","protected":false},"featured_media":1740,"comment_status":"closed","ping_status":"closed","template":"","meta":{"_uag_custom_page_level_css":"","site-sidebar-layout":"default","site-content-layout":"","ast-site-content-layout":"","site-content-style":"default","site-sidebar-style":"default","ast-global-header-display":"","ast-banner-title-visibility":"","ast-main-header-display":"","ast-hfb-above-header-display":"","ast-hfb-below-header-display":"","ast-hfb-mobile-header-display":"","site-post-title":"","ast-breadcrumbs-content":"","ast-featured-img":"","footer-sml-layout":"","theme-transparent-header-meta":"","adv-header-id-meta":"","stick-header-meta":"","header-above-stick-meta":"","header-main-stick-meta":"","header-below-stick-meta":"","astra-migrate-meta-layouts":"default","ast-page-background-enabled":"default","ast-page-background-meta":{"desktop":{"background-color":"var(--ast-global-color-4)","background-image":"","background-repeat":"repeat","background-position":"center center","background-size":"auto","background-attachment":"scroll","background-type":"","background-media":"","overlay-type":"","overlay-color":"","overlay-opacity":"","overlay-gradient":""},"tablet":{"background-color":"","background-image":"","background-repeat":"repeat","background-position":"center center","background-size":"auto","background-attachment":"scroll","background-type":"","background-media":"","overlay-type":"","overlay-color":"","overlay-opacity":"","overlay-gradient":""},"mobile":{"background-color":"","background-image":"","background-repeat":"repeat","background-position":"center center","background-size":"auto","background-attachment":"scroll","background-type":"","background-media":"","overlay-type":"","overlay-color":"","overlay-opacity":"","overlay-gradient":""}},"ast-content-background-meta":{"desktop":{"background-color":"var(--ast-global-color-5)","background-image":"","background-repeat":"repeat","background-position":"center center","background-size":"auto","background-attachment":"scroll","background-type":"","background-media":"","overlay-type":"","overlay-color":"","overlay-opacity":"","overlay-gradient":""},"tablet":{"background-color":"var(--ast-global-color-5)","background-image":"","background-repeat":"repeat","background-position":"center center","background-size":"auto","background-attachment":"scroll","background-type":"","background-media":"","overlay-type":"","overlay-color":"","overlay-opacity":"","overlay-gradient":""},"mobile":{"background-color":"var(--ast-global-color-5)","background-image":"","background-repeat":"repeat","background-position":"center center","background-size":"auto","background-attachment":"scroll","background-type":"","background-media":"","overlay-type":"","overlay-color":"","overlay-opacity":"","overlay-gradient":""}}},"product_brand":[],"product_cat":[675],"product_tag":[489,491,663,506,664,508,509,510,531,492,481,472,665,666,667,514,473,516,518,535,536,462,668,669,464,465,613,540,670,671,672,673,674],"class_list":{"0":"post-1822","1":"product","2":"type-product","3":"status-publish","4":"has-post-thumbnail","6":"product_cat-buy-cali-buds","7":"product_tag-best-cali-packs","8":"product_tag-buy-cali-bud-or-no-bud-online","9":"product_tag-buy-cali-bud-or-no-bud-sour-patch-kidz-online","10":"product_tag-buy-cali-buds","11":"product_tag-buy-sour-patch-kidz-cali-bud-or-no-bud-online","12":"product_tag-buy-weed-online","13":"product_tag-by-the-best-cali-buds","14":"product_tag-cali-bags","15":"product_tag-cali-bud","16":"product_tag-cali-bud-or-no-bud","17":"product_tag-cali-bud-or-no-bud-for-sale","18":"product_tag-cali-bud-or-no-bud-near-me","19":"product_tag-cali-bud-or-no-bud-sour-patch-kidz","20":"product_tag-cali-bud-or-no-bud-sour-patch-kidz-for-sale","21":"product_tag-cali-bud-or-no-bud-sour-patch-kidz-near-me","22":"product_tag-cali-bud-packs","23":"product_tag-cali-buds","24":"product_tag-cali-flavors","25":"product_tag-cali-gush-lato","26":"product_tag-cali-plug-bud","27":"product_tag-cali-plug-buds","28":"product_tag-cali-plug-cali-bud-or-no-bud","29":"product_tag-cali-sour-patch-kidz","30":"product_tag-cali-sour-patch-kidz-strain","31":"product_tag-cali-weed-bags","32":"product_tag-cali-weed-flavors","33":"product_tag-cali-weed-strains","34":"product_tag-calibud","35":"product_tag-sour-patch-kidz-cali-bud-or-no-bud","36":"product_tag-sour-patch-kidz-cali-bud-or-no-bud-for-sale","37":"product_tag-sour-patch-kidz-cali-bud-or-no-bud-near-me","38":"product_tag-sour-patch-kidz-strain","39":"product_tag-sour-patch-kidz-weed-strain","40":"desktop-align-center","41":"tablet-align-left","42":"mobile-align-left","44":"first","45":"instock","46":"shipping-taxable","47":"purchasable","48":"product-type-variable"},"uagb_featured_image_src":{"full":["https:\/\/caliweedeurope.com\/wp-content\/uploads\/2024\/11\/kidsz.jpg",515,690,false],"thumbnail":["https:\/\/caliweedeurope.com\/wp-content\/uploads\/2024\/11\/kidsz-150x150.jpg",150,150,true],"medium":["https:\/\/caliweedeurope.com\/wp-content\/uploads\/2024\/11\/kidsz-224x300.jpg",224,300,true],"medium_large":["https:\/\/caliweedeurope.com\/wp-content\/uploads\/2024\/11\/kidsz.jpg",515,690,false],"large":["https:\/\/caliweedeurope.com\/wp-content\/uploads\/2024\/11\/kidsz.jpg",515,690,false],"1536x1536":["https:\/\/caliweedeurope.com\/wp-content\/uploads\/2024\/11\/kidsz.jpg",515,690,false],"2048x2048":["https:\/\/caliweedeurope.com\/wp-content\/uploads\/2024\/11\/kidsz.jpg",515,690,false],"trp-custom-language-flag":["https:\/\/caliweedeurope.com\/wp-content\/uploads\/2024\/11\/kidsz.jpg",9,12,false],"woocommerce_thumbnail":["https:\/\/caliweedeurope.com\/wp-content\/uploads\/2024\/11\/kidsz-300x300.jpg",300,300,true],"woocommerce_single":["https:\/\/caliweedeurope.com\/wp-content\/uploads\/2024\/11\/kidsz.jpg",515,690,false],"woocommerce_gallery_thumbnail":["https:\/\/caliweedeurope.com\/wp-content\/uploads\/2024\/11\/kidsz-100x100.jpg",100,100,true]},"uagb_author_info":{"display_name":"jetskiforsaleuk@gmail.com","author_link":"https:\/\/caliweedeurope.com\/ro\/author\/"},"uagb_comment_info":0,"uagb_excerpt":"Cali Sour Patch Kidz Sour Patch Kidz cannabis strain is an influential cannabis hybrid strain. Sour Patch strain is a perfect cross between blueberry and Kosher kush to get this amazing strain.","_links":{"self":[{"href":"https:\/\/caliweedeurope.com\/ro\/wp-json\/wp\/v2\/product\/1822"}],"collection":[{"href":"https:\/\/caliweedeurope.com\/ro\/wp-json\/wp\/v2\/product"}],"about":[{"href":"https:\/\/caliweedeurope.com\/ro\/wp-json\/wp\/v2\/types\/product"}],"replies":[{"embeddable":true,"href":"https:\/\/caliweedeurope.com\/ro\/wp-json\/wp\/v2\/comments?post=1822"}],"wp:featuredmedia":[{"embeddable":true,"href":"https:\/\/caliweedeurope.com\/ro\/wp-json\/wp\/v2\/media\/1740"}],"wp:attachment":[{"href":"https:\/\/caliweedeurope.com\/ro\/wp-json\/wp\/v2\/media?parent=1822"}],"wp:term":[{"taxonomy":"product_brand","embeddable":true,"href":"https:\/\/caliweedeurope.com\/ro\/wp-json\/wp\/v2\/product_brand?post=1822"},{"taxonomy":"product_cat","embeddable":true,"href":"https:\/\/caliweedeurope.com\/ro\/wp-json\/wp\/v2\/product_cat?post=1822"},{"taxonomy":"product_tag","embeddable":true,"href":"https:\/\/caliweedeurope.com\/ro\/wp-json\/wp\/v2\/product_tag?post=1822"}],"curies":[{"name":"wp","href":"https:\/\/api.w.org\/{rel}","templated":true}]}}