{"id":1828,"date":"2024-11-05T18:39:28","date_gmt":"2024-11-05T18:39:28","guid":{"rendered":"https:\/\/caliweedeurope.com\/?post_type=product&#038;p=1828"},"modified":"2024-11-05T18:39:35","modified_gmt":"2024-11-05T18:39:35","slug":"buy-cali-wedding-nerdz-online","status":"publish","type":"product","link":"https:\/\/caliweedeurope.com\/ro\/product\/buy-cali-wedding-nerdz-online\/","title":{"rendered":"Cump\u0103r\u0103 Cali Wedding Nerdz online"},"content":{"rendered":"<h1 style=\"text-align: center\"><strong>\u00a0 \u00a0 \u00a0 \u00a0 \u00a0CALI <\/strong><strong>WEDDING NERDZ CALI BUD OR NO BUD <\/strong><strong>\u00a0| CALI PLUG <\/strong><strong>CALI BUD OR NO BUD WEDDING NERDZ <\/strong><strong>\u00a0<\/strong><strong>CALI BUD OR NO BUD <\/strong><strong>\u00a0| CALI PLUG <\/strong><strong>CALI BUD OR NO BUD <\/strong><\/h1>\n<p style=\"text-align: center\"><strong>Cali Bud Wedding Nerdz<\/strong><br \/> Wedding Nerdz este o tulpin\u0103 hibrid\u0103 influent\u0103 de cannabis, ob\u021binut\u0103 prin \u00eencruci\u0219area Strawberry \u0219i Grape Ape pentru a crea aceast\u0103 varietate uimitoare.<\/p>\n<p style=\"text-align: center\"><strong>Utiliz\u0103ri medicale ale Wedding Nerdz<\/strong><\/p>\n<p style=\"text-align: center\">Este cea mai potrivit\u0103 pentru pacien\u021bii care sufer\u0103 de anxietate \u0219i dureri cronice. Aceast\u0103 tulpin\u0103 garanteaz\u0103 ameliorarea imediat\u0103 a durerii. Efectele sale u\u0219oare pot ameliora anumite dureri \u0219i grea\u021ba.<\/p>\n<p style=\"text-align: center\"><strong>Wedding Nerdz<\/strong><\/p>\n<p style=\"text-align: center\">Firstly, Wedding nerdz being and influencial cannabis hybrid strain cross with strawberry and grape ape to get this amazing strains is best for patients suffering from anxiety and chronic pain. This <a href=\"http:\/\/leafly.com\" target=\"_blank\" rel=\"noopener\">Varietate<\/a> guarantees immidiate relief from pain for the relieve. It\u2019s light real impacts may facilitate a few a throbbing painfulness just as queasiness. The strain may likewise help battle the manifestations of PTSD.This strain develops short and can do well inside, outside or even a nursery. Geeks ought to be given at any rate a month, if not five, to get done with vegetating. The strain blossoms for eight to nine weeks and will deliver a gram for each watt inside. Outside cultivators may have gathers as much as a pound for every <a href=\"https:\/\/www.wikileaf.com\/strain\/nerds\/\" target=\"_blank\" rel=\"noopener\">plant.<\/a><\/p>\n<h2 style=\"text-align: center\"><strong>BUY CALI <\/strong><strong>WEDDING NERDZ <\/strong><strong>\u00a0\u00a0<\/strong><strong>CALI BUD OR NO BUD <\/strong><strong>ONLINE | BUY CALI PLUG <\/strong><strong>CALI BUD OR NO BUD WEDDING NERDZ <\/strong><strong>\u00a0\u00a0<\/strong><strong>CALI BUD OR NO BUD <\/strong><strong>\u00a0ONLINE | BUY CALI PLUG <\/strong><strong>CALI BUD OR NO BUD <\/strong><strong>ONLINE <\/strong><\/h2>\n<p style=\"text-align: center\"><strong>Efectele Cali Wedding Nerdz<\/strong><br \/> \u00cen al doilea r\u00e2nd, aceast\u0103 tulpin\u0103 poate ajuta, de asemenea, la combaterea simptomelor PTSD. Aceast\u0103 tulpin\u0103 cre\u0219te scurt \u0219i poate prospera at\u00e2t \u00een interior, c\u00e2t \u0219i \u00een exterior sau chiar \u00eentr-o ser\u0103. Plantele ar trebui l\u0103sate cel pu\u021bin o lun\u0103, dac\u0103 nu cinci, pentru a finaliza faza de vegeta\u021bie.<\/p>\n<p style=\"text-align: center\"><strong>Wedding Nerdz<\/strong><\/p>\n<p class=\"p1\" style=\"text-align: center\">\u00cen al treilea r\u00e2nd, acest produs con\u021bine cannabis, o substan\u021b\u0103 controlat\u0103. A se p\u0103stra departe de copii \u0219i animale. Produsele din cannabis pot fi de\u021binute sau consumate doar de persoanele de 21 de ani sau mai mari, cu excep\u021bia cazului \u00een care persoana este un pacient calificat. Efectele intoxicante ale produselor din cannabis pot dura p\u00e2n\u0103 la dou\u0103 ore. Consumul de cannabis \u00een timpul sarcinii sau al\u0103pt\u0103rii poate fi d\u0103un\u0103tor. Consumul acestor produse afecteaz\u0103 abilitatea de a conduce sau de a opera utilaje. V\u0103 rug\u0103m s\u0103 folosi\u021bi cu mare precau\u021bie.<\/p>\n<h3 style=\"text-align: center\"><strong>CALI <\/strong><strong>WEDDING NERDZ <\/strong><strong>\u00a0\u00a0<\/strong><strong>CALI BUD OR NO BUD <\/strong><strong>FOR SALE | CALI PLUG <\/strong><strong>WEDDING NERDZ <\/strong><strong>\u00a0\u00a0<\/strong><strong>CALI BUD OR NO BUD <\/strong><strong>\u00a0\u00a0FOR SALE | CALI PLUG <\/strong><strong>CALI BUD OR NO BUD <\/strong><strong>FOR SALE<\/strong><\/h3>\n<p style=\"text-align: center\" class=\"translation-block\">G<strong>rowing Cali Wedding Nerds<\/strong><br> Aceast\u0103 varietate \u00eenflore\u0219te timp de opt p\u00e2n\u0103 la nou\u0103 s\u0103pt\u0103m\u00e2ni \u0219i va produce un gram pe watt \u00een interior. Cultivatorii de exterior pot recolta p\u00e2n\u0103 la un kilogram de la fiecare plant\u0103.<\/p>\n<p style=\"text-align: center\"><strong>Nerds strain<\/strong><\/p>\n<p style=\"text-align: center\">Cump\u0103r\u0103 soiul Nerds. Cre\u0219te timp de 4-5 s\u0103pt\u0103m\u00e2ni \u0219i \u00eenflore\u0219te timp de 8-9 s\u0103pt\u0103m\u00e2ni. Se a\u0219teapt\u0103 o produc\u021bie de un gram pe watt atunci c\u00e2nd este cultivat \u00een interior sau p\u00e2n\u0103 la un kilogram pe plant\u0103 atunci c\u00e2nd este cultivat \u00een exterior.<\/p>\n<p style=\"text-align: center\">NERDS \u00eenseamn\u0103 \u201eNever Ending Research &amp; Development of our nerds strain\u201d deoarece reflect\u0103 modul \u00een care au abordat \u00eentotdeauna \u00eenv\u0103\u021barea despre planta de cannabis; cercet\u00e2nd constant, formul\u00e2nd ipoteze \u0219i test\u00e2nd diferite tehnici de reproducere \u0219i \u00eengrijire a plantelor.<\/p>\n<p style=\"text-align: center\">Nerds este un hibrid frumos, energizant, din Oregon. Amestecul perfect echilibrat de Indica \u0219i Sativa, este varietatea copil a Grape Ape x Strawberry Cough.<\/p>\n<h4 style=\"text-align: center\"><strong>CALI PLUG CALI BUD OR NO BUD WEDDING NERDZ \u00a0\u00a0CALI BUD OR NO BUD \u00a0NEAR ME | CALI PLUG WEDDING NERDZ \u00a0\u00a0CALI BUD OR NO BUD NEAR ME | CALI PLUG CALI BUD OR NO BUD NEAR ME <\/strong><\/h4>\n<p style=\"text-align: center\"><strong>Cali Bud Wedding Nerdz Avertisment.<\/strong><br \/> \u00cen concluzie, Acest produs con\u021bine cannabis, o substan\u021b\u0103 reglementat\u0103. A nu se l\u0103sa la \u00eendem\u00e2na copiilor \u0219i animalelor. Produsele pe baz\u0103 de cannabis pot fi de\u021binute sau consumate doar de persoane cu v\u00e2rsta de peste 21 de ani, cu excep\u021bia cazului \u00een care persoana este un pacient calificat. Efectele intoxicante ale produselor pe baz\u0103 de cannabis pot dura p\u00e2n\u0103 la dou\u0103 ore. Utilizarea cannabisului \u00een timpul sarcinii sau al\u0103pt\u0103rii poate fi d\u0103un\u0103toare. Consumul acestor produse afecteaz\u0103 capacitatea de a conduce vehicule sau de a folosi utilaje. V\u0103 rug\u0103m s\u0103 fi\u021bi extrem de precau\u021bi. Contacta\u021bi-ne pentru a comanda produse Cali Plug.<\/p>\n<p style=\"text-align: center\"><strong>Prezentare general\u0103 a variet\u0103\u021bii Nerds<\/strong><\/p>\n<p style=\"text-align: center\">Nerds, cunoscut \u0219i sub denumirea de Nerdz, este o varietate hibrid\u0103 dezvoltat\u0103 de Oregon Microgrowers Guild, creat\u0103 de Adam Jacques, principalul cultivator al guild-ului.<\/p>\n<p style=\"text-align: center\">Cele mai raportate arome sunt cele de hasi\u015f \u015fi struguri. Cele mai raportate gusturi sunt hasi\u015f, struguri \u0219i c\u0103p\u0219uni.<\/p>\n<p style=\"text-align: center\">Cu un gust care pare s\u0103 ias\u0103 direct din fabrica de bomboane a lui Willy Wonka, Nerds este o varietate hibrid\u0103 creat\u0103 de cresc\u0103torii din Oregon Microgrowers Guild. Mai precis, a fost ideea lui Adam Jacques, care este \u0219i proprietarul \u0219i principalul cultivator al guild-ului.<\/p>\n<div class=\"about-content-excerpt\" style=\"text-align: center\">\n<p>Fum\u0103torii raporteaz\u0103 c\u0103 utilizarea acestei variet\u0103\u021bi provoac\u0103 ochi usca\u021bi. Alte efecte includ un val de creativitate, o stare de spirit ridicat\u0103 \u0219i relaxare \u00een corp.<\/p>\n<\/p><\/div>\n<div class=\"about-content-more\">\n<p style=\"text-align: center\">Nivelurile de THC constituie 15-19% din con\u021binut, ceea ce \u00eel face moderat mediu. Fum\u0103torii experimenta\u021bi poate c\u0103 trebuie s\u0103 trag\u0103 c\u00e2teva pufuri \u00een plus pentru a ob\u021bine doza de energie creativ\u0103 \u0219i \u00eembun\u0103t\u0103\u021birea st\u0103rii de spirit.<\/p>\n<div data-testid=\"product-description\">\n<div class=\"truncate-lines__Wrapper-sc-1lknwty-0 YxHAC\">\n<div data-testid=\"truncated-description\">\n<div>\n<div class=\"text__Text-sc-fif1uk-0 kdmKRD\">\n<div class=\"src__Box-sc-1sbtrzs-0 src__Flex-sc-1sbtrzs-1 kWPFqZ hzdsvF\">\n<div>CATEGORII DE PRODUSE EXEMPLARE<\/div>\n<\/p><\/div>\n<\/p><\/div>\n<\/p><\/div>\n<\/p><\/div>\n<\/p><\/div>\n<\/p><\/div>\n<div class=\"text__Text-sc-fif1uk-0 htoJfX\"><a href=\"https:\/\/jeetersofficial.com\/product-category\/buy-cali-buds\/\" target=\"_blank\" rel=\"noopener\">CALI BUDS<\/a><\/div>\n<div data-testid=\"product-description\">\n<div class=\"truncate-lines__Wrapper-sc-1lknwty-0 YxHAC\">\n<div data-testid=\"truncated-description\">\n<div class=\"text__Text-sc-fif1uk-0 kdmKRD\"><a href=\"https:\/\/jeetersofficial.com\/product-category\/backpack-boyz\/\" target=\"_blank\" rel=\"noopener\">Backpack\u00a0 Boyz<\/a><\/div>\n<div><a href=\"https:\/\/jeetersofficial.com\/product-category\/snow-balls-weed\/\" target=\"_blank\" rel=\"noopener\">SNOWBALLS WEED<\/a><\/div>\n<div><a href=\"https:\/\/jeetersofficial.com\/product-category\/persy-snowcaps\/\" target=\"_blank\" rel=\"noopener\">Persy Snowcaps<\/a><\/div>\n<div><a href=\"https:\/\/jeetersofficial.com\/product-category\/drip-snowcaps\/\" target=\"_blank\" rel=\"noopener\">Drip Snowcaps<\/a><\/div>\n<div><a href=\"https:\/\/jeetersofficial.com\/product-category\/concentrates\/\" target=\"_blank\" rel=\"noopener\">CALI CONCENTRATES<\/a><\/div>\n<div><a href=\"https:\/\/jeetersofficial.com\/product-category\/doja-exclusive\/\" target=\"_blank\" rel=\"noopener\">CALI DOJA PACKS EXCLUSIVE<\/a><\/div>\n<div><a href=\"https:\/\/jeetersofficial.com\/product-category\/marijuana-flowers\/\" target=\"_blank\" rel=\"noopener\">CALI MARIJUANA FLOWERS<\/a><\/div>\n<\/p><\/div>\n<\/p><\/div>\n<\/p><\/div>\n<div><a href=\"https:\/\/jeetersofficial.com\/product-category\/sativa-strain\/\" target=\"_blank\" rel=\"noopener\">CALI SATIVA STRAINS<\/a><\/div>\n<div><a href=\"https:\/\/jeetersofficial.com\/product-category\/indica\/\" target=\"_blank\" rel=\"noopener\">CALI INDICA STRAINS<\/a><\/div>\n<div><a href=\"https:\/\/jeetersofficial.com\/product-category\/hybrid-weed\/\" target=\"_blank\" rel=\"noopener\">CALI HYBRID WEED<\/a><\/div>\n<\/p><\/div>","protected":false},"excerpt":{"rendered":"<p><strong>Cali Bud Wedding Nerdz Avertisment.<\/strong><br \/> Acest produs con\u021bine cannabis, o substan\u021b\u0103 reglementat\u0103. A nu se l\u0103sa la \u00eendem\u00e2na copiilor \u0219i animalelor. Produsele pe baz\u0103 de cannabis pot fi de\u021binute sau consumate doar de persoane cu v\u00e2rsta de peste 21 de ani, cu excep\u021bia cazului \u00een care persoana este un pacient calificat. Efectele intoxicante ale produselor pe baz\u0103 de cannabis pot dura p\u00e2n\u0103 la dou\u0103 ore. Utilizarea cannabisului \u00een timpul sarcinii sau al\u0103pt\u0103rii poate fi d\u0103un\u0103toare. Consumul acestor produse afecteaz\u0103 capacitatea de a conduce vehicule sau de a folosi utilaje. V\u0103 rug\u0103m s\u0103 fi\u021bi extrem de precau\u021bi. Contacta\u021bi-ne pentru a comanda produse Cali Plug.<\/p>","protected":false},"featured_media":1836,"comment_status":"closed","ping_status":"closed","template":"","meta":{"_uag_custom_page_level_css":"","site-sidebar-layout":"default","site-content-layout":"","ast-site-content-layout":"","site-content-style":"default","site-sidebar-style":"default","ast-global-header-display":"","ast-banner-title-visibility":"","ast-main-header-display":"","ast-hfb-above-header-display":"","ast-hfb-below-header-display":"","ast-hfb-mobile-header-display":"","site-post-title":"","ast-breadcrumbs-content":"","ast-featured-img":"","footer-sml-layout":"","theme-transparent-header-meta":"","adv-header-id-meta":"","stick-header-meta":"","header-above-stick-meta":"","header-main-stick-meta":"","header-below-stick-meta":"","astra-migrate-meta-layouts":"default","ast-page-background-enabled":"default","ast-page-background-meta":{"desktop":{"background-color":"var(--ast-global-color-4)","background-image":"","background-repeat":"repeat","background-position":"center center","background-size":"auto","background-attachment":"scroll","background-type":"","background-media":"","overlay-type":"","overlay-color":"","overlay-opacity":"","overlay-gradient":""},"tablet":{"background-color":"","background-image":"","background-repeat":"repeat","background-position":"center center","background-size":"auto","background-attachment":"scroll","background-type":"","background-media":"","overlay-type":"","overlay-color":"","overlay-opacity":"","overlay-gradient":""},"mobile":{"background-color":"","background-image":"","background-repeat":"repeat","background-position":"center center","background-size":"auto","background-attachment":"scroll","background-type":"","background-media":"","overlay-type":"","overlay-color":"","overlay-opacity":"","overlay-gradient":""}},"ast-content-background-meta":{"desktop":{"background-color":"var(--ast-global-color-5)","background-image":"","background-repeat":"repeat","background-position":"center center","background-size":"auto","background-attachment":"scroll","background-type":"","background-media":"","overlay-type":"","overlay-color":"","overlay-opacity":"","overlay-gradient":""},"tablet":{"background-color":"var(--ast-global-color-5)","background-image":"","background-repeat":"repeat","background-position":"center center","background-size":"auto","background-attachment":"scroll","background-type":"","background-media":"","overlay-type":"","overlay-color":"","overlay-opacity":"","overlay-gradient":""},"mobile":{"background-color":"var(--ast-global-color-5)","background-image":"","background-repeat":"repeat","background-position":"center center","background-size":"auto","background-attachment":"scroll","background-type":"","background-media":"","overlay-type":"","overlay-color":"","overlay-opacity":"","overlay-gradient":""}}},"product_brand":[],"product_cat":[675],"product_tag":[491,737,738,481,472,739,740,741,473,515,516,517,518,461,521,522,535,536,462,537,463,464,465,613,497,742,743,744,745,746,747],"class_list":{"0":"post-1828","1":"product","2":"type-product","3":"status-publish","4":"has-post-thumbnail","6":"product_cat-buy-cali-buds","7":"product_tag-buy-cali-bud-or-no-bud-online","8":"product_tag-buy-cali-bud-or-no-bud-wedding-nerdz-online","9":"product_tag-buy-wedding-nerdz-cali-bud-or-no-bud-online","10":"product_tag-cali-bud-or-no-bud-for-sale","11":"product_tag-cali-bud-or-no-bud-near-me","12":"product_tag-cali-bud-or-no-bud-wedding-nerdz","13":"product_tag-cali-bud-or-no-bud-wedding-nerdz-for-sale","14":"product_tag-cali-bud-or-no-bud-wedding-nerdz-near-me","15":"product_tag-cali-buds","16":"product_tag-cali-buds-online","17":"product_tag-cali-flavors","18":"product_tag-cali-flavours","19":"product_tag-cali-gush-lato","20":"product_tag-cali-packs","21":"product_tag-cali-plug","22":"product_tag-cali-plug-bags","23":"product_tag-cali-plug-bud","24":"product_tag-cali-plug-buds","25":"product_tag-cali-plug-cali-bud-or-no-bud","26":"product_tag-cali-plug-strains","27":"product_tag-cali-straina","28":"product_tag-cali-weed-bags","29":"product_tag-cali-weed-flavors","30":"product_tag-cali-weed-strains","31":"product_tag-cannabis-strains","32":"product_tag-marijuana","33":"product_tag-medical","34":"product_tag-sativa","35":"product_tag-wedding-nerdz-cali-bud-or-no-bud","36":"product_tag-wedding-nerdz-cali-bud-or-no-bud-for-sale","37":"product_tag-wedding-nerdz-cali-bud-or-no-bud-near-me","38":"desktop-align-center","39":"tablet-align-left","40":"mobile-align-left","42":"first","43":"instock","44":"shipping-taxable","45":"purchasable","46":"product-type-variable"},"uagb_featured_image_src":{"full":["https:\/\/caliweedeurope.com\/wp-content\/uploads\/2024\/11\/nerts.jpg",956,1276,false],"thumbnail":["https:\/\/caliweedeurope.com\/wp-content\/uploads\/2024\/11\/nerts-150x150.jpg",150,150,true],"medium":["https:\/\/caliweedeurope.com\/wp-content\/uploads\/2024\/11\/nerts-225x300.jpg",225,300,true],"medium_large":["https:\/\/caliweedeurope.com\/wp-content\/uploads\/2024\/11\/nerts-768x1025.jpg",768,1025,true],"large":["https:\/\/caliweedeurope.com\/wp-content\/uploads\/2024\/11\/nerts-767x1024.jpg",767,1024,true],"1536x1536":["https:\/\/caliweedeurope.com\/wp-content\/uploads\/2024\/11\/nerts.jpg",956,1276,false],"2048x2048":["https:\/\/caliweedeurope.com\/wp-content\/uploads\/2024\/11\/nerts.jpg",956,1276,false],"trp-custom-language-flag":["https:\/\/caliweedeurope.com\/wp-content\/uploads\/2024\/11\/nerts.jpg",9,12,false],"woocommerce_thumbnail":["https:\/\/caliweedeurope.com\/wp-content\/uploads\/2024\/11\/nerts-300x300.jpg",300,300,true],"woocommerce_single":["https:\/\/caliweedeurope.com\/wp-content\/uploads\/2024\/11\/nerts-600x801.jpg",600,801,true],"woocommerce_gallery_thumbnail":["https:\/\/caliweedeurope.com\/wp-content\/uploads\/2024\/11\/nerts-100x100.jpg",100,100,true]},"uagb_author_info":{"display_name":"jetskiforsaleuk@gmail.com","author_link":"https:\/\/caliweedeurope.com\/ro\/author\/"},"uagb_comment_info":0,"uagb_excerpt":"Cali Bud Wedding Nerdz Warning. This product contains Cannabis, a scheduled substance Keep out of the reach of children and animals. Cannabis products can only be possessed or consumed by persons 21+ years of age older unless the person is a qualified patient. The intoxicating effects of cannabis products may stay up to two hours.&hellip;","_links":{"self":[{"href":"https:\/\/caliweedeurope.com\/ro\/wp-json\/wp\/v2\/product\/1828"}],"collection":[{"href":"https:\/\/caliweedeurope.com\/ro\/wp-json\/wp\/v2\/product"}],"about":[{"href":"https:\/\/caliweedeurope.com\/ro\/wp-json\/wp\/v2\/types\/product"}],"replies":[{"embeddable":true,"href":"https:\/\/caliweedeurope.com\/ro\/wp-json\/wp\/v2\/comments?post=1828"}],"wp:featuredmedia":[{"embeddable":true,"href":"https:\/\/caliweedeurope.com\/ro\/wp-json\/wp\/v2\/media\/1836"}],"wp:attachment":[{"href":"https:\/\/caliweedeurope.com\/ro\/wp-json\/wp\/v2\/media?parent=1828"}],"wp:term":[{"taxonomy":"product_brand","embeddable":true,"href":"https:\/\/caliweedeurope.com\/ro\/wp-json\/wp\/v2\/product_brand?post=1828"},{"taxonomy":"product_cat","embeddable":true,"href":"https:\/\/caliweedeurope.com\/ro\/wp-json\/wp\/v2\/product_cat?post=1828"},{"taxonomy":"product_tag","embeddable":true,"href":"https:\/\/caliweedeurope.com\/ro\/wp-json\/wp\/v2\/product_tag?post=1828"}],"curies":[{"name":"wp","href":"https:\/\/api.w.org\/{rel}","templated":true}]}}