{"id":1840,"date":"2024-11-06T02:41:01","date_gmt":"2024-11-06T02:41:01","guid":{"rendered":"https:\/\/caliweedeurope.com\/?post_type=product&#038;p=1840"},"modified":"2024-11-06T02:41:02","modified_gmt":"2024-11-06T02:41:02","slug":"watermelon-moon-rocks-30grame","status":"publish","type":"product","link":"https:\/\/caliweedeurope.com\/ro\/product\/watermelon-moon-rocks-30grame\/","title":{"rendered":"Watermelon Moon Rocks 30 grame"},"content":{"rendered":"<section>\n<h2>Watermelon Moon Rocks 30 grame<\/h2>\n<p>Watermelon Moon Rocks produce efecte relaxante, ceea ce \u00eel face util ca ajutor pentru somn sau stimulent al apetitului.<\/p>\n<p>Watermelon Moon Rocks sunt realizate atunci c\u00e2nd flori de cannabis de \u00eenalt\u0103 calitate \u0219i premium sunt infuzate cu un distilat de THC excep\u021bional, f\u0103r\u0103 solven\u021bi. Aceast\u0103 infuzie este rulat\u0103 \u00een kief ultra-puternic. Toat\u0103 aceast\u0103 infuzie \u0219i amestecare duc la nuggete dense care ofer\u0103 un con\u021binut foarte mare de THC. Forma final\u0103 este dat\u0103 prin transformarea acestora \u00een role pentru fumat \u0219i v\u00e2ndute ca Moonrocks Watermelon Pre Rolls.<\/p>\n<p>Watermelon Moon Rocks Pre Rolls au un gust extrem de neted, care aminte\u0219te de struguri cu nuan\u021be de hash, aduc\u00e2ndu-\u021bi o pace \u0219i lini\u0219te at\u00e2t de mare \u00eenc\u00e2t durerea, afec\u021biunile medicale \u0219i toate grijile dispar cu o u\u0219urin\u021b\u0103 unturoas\u0103.<\/p>\n<p>Aceste Watermelon Moon Rocks Pre Rolls sunt realizate cu g\u00e2ndul la fum\u0103tori de toate nivelurile. Poten\u021ba Moonrocks va duce un fum\u0103tor experimentat pe lun\u0103, \u00een timp ce \u00eencep\u0103torii se vor bucura de profilul de gust unic al pepenelui, derivat dintr-o amestec irezistibil de flori de top, distilat clar, kief \u0219i terpene 100% naturale cu gust delicios.<\/p>\n<p class=\"translation-block\">Cump\u0103r\u0103 Watermelon Moonrocks Pre Rolls de la Jeetersofficial <a href=\"https:\/\/jeetersofficial.com\/\" target=\"_blank\" rel=\"noopener\">magazin online de cannabis<\/a>. Este garantat c\u0103 te va duce pe culmile extazului \u0219i ale bucuriei. \u00ce\u021bi va aduce satisfac\u021bie de neegalat \u0219i cea mai mare pace \u0219i fericire.<\/p>\n<p>Po\u021bi plasa comanda ta pentru Watermelon Moon Rocks Pre Roll \u00een magazinul nostru online de marijuana \u0219i va ajunge la tine \u00een siguran\u021b\u0103 \u0219i \u00een cel mai scurt timp posibil. Acord\u0103m o mare importan\u021b\u0103 asigur\u0103rii c\u0103 prime\u0219ti livrarea f\u0103r\u0103 nici o \u00eent\u00e2rziere. Pur \u0219i simplu plaseaz\u0103-\u021bi comanda folosind o procedur\u0103 de comand\u0103 online foarte u\u0219or de utilizat \u0219i o vei primi foarte cur\u00e2nd. \u00cencepem expedierea comenzilor imediat ce pl\u0103\u021bile sunt procesate, a\u0219a c\u0103 vei primi comanda ta \u00eentr-o clip\u0103. Indiferent de circumstan\u021be, pachetele noastre ajung la destina\u021bie la timp. Po\u021bi avea \u00eencredere complet\u0103 \u00een noi, pentru c\u0103 nu dezam\u0103gim niciodat\u0103 clien\u021bii no\u0219tri.<\/p>\n<p>\u00cenc\u0103 eziti? Nu o face. Comand\u0103 Moonrocks Watermelon Pre Rolls \u00een magazinul nostru online de cannabis \u0219i distreaz\u0103-te extrem.<\/p>\n<\/section>","protected":false},"excerpt":{"rendered":"<p>28 de grame de Watermelon Moon Rocks sunt \u00eenc\u00e2nta\u021bi s\u0103 \u00ee\u0219i ofere linia de produse de \u00eenalt\u0103 calitate \u0219i consistente. Moonrocks-urile lor delicios aromate produc o euforie suprarealist\u0103. Au dezvoltat muguri de marijuana acoperi\u021bi cu concentrate pentru cei care se simt pu\u021bin sau foarte ie\u0219i\u021bi din orbita lor. Clien\u021bii care prefer\u0103 o combina\u021bie de kief, concentrate \u0219i flori pentru a-\u0219i calma afec\u021biunile vor aprecia euforia intens\u0103 \u0219i aromele delicioase oferite de Moonrock.<\/p>","protected":false},"featured_media":1845,"comment_status":"closed","ping_status":"closed","template":"","meta":{"_uag_custom_page_level_css":"","site-sidebar-layout":"default","site-content-layout":"","ast-site-content-layout":"","site-content-style":"default","site-sidebar-style":"default","ast-global-header-display":"","ast-banner-title-visibility":"","ast-main-header-display":"","ast-hfb-above-header-display":"","ast-hfb-below-header-display":"","ast-hfb-mobile-header-display":"","site-post-title":"","ast-breadcrumbs-content":"","ast-featured-img":"","footer-sml-layout":"","theme-transparent-header-meta":"","adv-header-id-meta":"","stick-header-meta":"","header-above-stick-meta":"","header-main-stick-meta":"","header-below-stick-meta":"","astra-migrate-meta-layouts":"default","ast-page-background-enabled":"default","ast-page-background-meta":{"desktop":{"background-color":"var(--ast-global-color-4)","background-image":"","background-repeat":"repeat","background-position":"center center","background-size":"auto","background-attachment":"scroll","background-type":"","background-media":"","overlay-type":"","overlay-color":"","overlay-opacity":"","overlay-gradient":""},"tablet":{"background-color":"","background-image":"","background-repeat":"repeat","background-position":"center center","background-size":"auto","background-attachment":"scroll","background-type":"","background-media":"","overlay-type":"","overlay-color":"","overlay-opacity":"","overlay-gradient":""},"mobile":{"background-color":"","background-image":"","background-repeat":"repeat","background-position":"center center","background-size":"auto","background-attachment":"scroll","background-type":"","background-media":"","overlay-type":"","overlay-color":"","overlay-opacity":"","overlay-gradient":""}},"ast-content-background-meta":{"desktop":{"background-color":"var(--ast-global-color-5)","background-image":"","background-repeat":"repeat","background-position":"center center","background-size":"auto","background-attachment":"scroll","background-type":"","background-media":"","overlay-type":"","overlay-color":"","overlay-opacity":"","overlay-gradient":""},"tablet":{"background-color":"var(--ast-global-color-5)","background-image":"","background-repeat":"repeat","background-position":"center center","background-size":"auto","background-attachment":"scroll","background-type":"","background-media":"","overlay-type":"","overlay-color":"","overlay-opacity":"","overlay-gradient":""},"mobile":{"background-color":"var(--ast-global-color-5)","background-image":"","background-repeat":"repeat","background-position":"center center","background-size":"auto","background-attachment":"scroll","background-type":"","background-media":"","overlay-type":"","overlay-color":"","overlay-opacity":"","overlay-gradient":""}}},"product_brand":[],"product_cat":[748],"product_tag":[],"class_list":{"0":"post-1840","1":"product","2":"type-product","3":"status-publish","4":"has-post-thumbnail","6":"product_cat-weed-moonrock","7":"desktop-align-center","8":"tablet-align-left","9":"mobile-align-left","11":"first","12":"instock","13":"sale","14":"shipping-taxable","15":"purchasable","16":"product-type-simple"},"uagb_featured_image_src":{"full":["https:\/\/caliweedeurope.com\/wp-content\/uploads\/2024\/11\/MoonRock-MoonRocks-Watermelon.jpg",600,600,false],"thumbnail":["https:\/\/caliweedeurope.com\/wp-content\/uploads\/2024\/11\/MoonRock-MoonRocks-Watermelon-150x150.jpg",150,150,true],"medium":["https:\/\/caliweedeurope.com\/wp-content\/uploads\/2024\/11\/MoonRock-MoonRocks-Watermelon-300x300.jpg",300,300,true],"medium_large":["https:\/\/caliweedeurope.com\/wp-content\/uploads\/2024\/11\/MoonRock-MoonRocks-Watermelon.jpg",600,600,false],"large":["https:\/\/caliweedeurope.com\/wp-content\/uploads\/2024\/11\/MoonRock-MoonRocks-Watermelon.jpg",600,600,false],"1536x1536":["https:\/\/caliweedeurope.com\/wp-content\/uploads\/2024\/11\/MoonRock-MoonRocks-Watermelon.jpg",600,600,false],"2048x2048":["https:\/\/caliweedeurope.com\/wp-content\/uploads\/2024\/11\/MoonRock-MoonRocks-Watermelon.jpg",600,600,false],"trp-custom-language-flag":["https:\/\/caliweedeurope.com\/wp-content\/uploads\/2024\/11\/MoonRock-MoonRocks-Watermelon.jpg",12,12,false],"woocommerce_thumbnail":["https:\/\/caliweedeurope.com\/wp-content\/uploads\/2024\/11\/MoonRock-MoonRocks-Watermelon-300x300.jpg",300,300,true],"woocommerce_single":["https:\/\/caliweedeurope.com\/wp-content\/uploads\/2024\/11\/MoonRock-MoonRocks-Watermelon.jpg",600,600,false],"woocommerce_gallery_thumbnail":["https:\/\/caliweedeurope.com\/wp-content\/uploads\/2024\/11\/MoonRock-MoonRocks-Watermelon-100x100.jpg",100,100,true]},"uagb_author_info":{"display_name":"jetskiforsaleuk@gmail.com","author_link":"https:\/\/caliweedeurope.com\/ro\/author\/"},"uagb_comment_info":0,"uagb_excerpt":"28 grams Watermelon Moon Rocks is delighted to offer its line of high-quality, consistent products. Their deliciously flavored Moonrocks produce otherworldly euphoria. They have developed concentrate covered marijuana buds for folks feeling a little or a lot out of orbit. Clients who prefer a concoction of keif, concentrates, and flowers to calm their ailments will&hellip;","_links":{"self":[{"href":"https:\/\/caliweedeurope.com\/ro\/wp-json\/wp\/v2\/product\/1840"}],"collection":[{"href":"https:\/\/caliweedeurope.com\/ro\/wp-json\/wp\/v2\/product"}],"about":[{"href":"https:\/\/caliweedeurope.com\/ro\/wp-json\/wp\/v2\/types\/product"}],"replies":[{"embeddable":true,"href":"https:\/\/caliweedeurope.com\/ro\/wp-json\/wp\/v2\/comments?post=1840"}],"wp:featuredmedia":[{"embeddable":true,"href":"https:\/\/caliweedeurope.com\/ro\/wp-json\/wp\/v2\/media\/1845"}],"wp:attachment":[{"href":"https:\/\/caliweedeurope.com\/ro\/wp-json\/wp\/v2\/media?parent=1840"}],"wp:term":[{"taxonomy":"product_brand","embeddable":true,"href":"https:\/\/caliweedeurope.com\/ro\/wp-json\/wp\/v2\/product_brand?post=1840"},{"taxonomy":"product_cat","embeddable":true,"href":"https:\/\/caliweedeurope.com\/ro\/wp-json\/wp\/v2\/product_cat?post=1840"},{"taxonomy":"product_tag","embeddable":true,"href":"https:\/\/caliweedeurope.com\/ro\/wp-json\/wp\/v2\/product_tag?post=1840"}],"curies":[{"name":"wp","href":"https:\/\/api.w.org\/{rel}","templated":true}]}}