{"id":1841,"date":"2024-11-06T02:41:01","date_gmt":"2024-11-06T02:41:01","guid":{"rendered":"https:\/\/caliweedeurope.com\/?post_type=product&#038;p=1841"},"modified":"2024-11-06T02:41:04","modified_gmt":"2024-11-06T02:41:04","slug":"moonrock-banana-split-30-grame","status":"publish","type":"product","link":"https:\/\/caliweedeurope.com\/ro\/product\/moonrock-banana-split-30-grame\/","title":{"rendered":"Cump\u0103r\u0103 Moonrock Banana Split 30 Grame"},"content":{"rendered":"<section>\n<h2>Prezentare general\u0103 a Moonrock Banana Split<\/h2>\n<table width=\"1278\">\n<tbody>\n<tr>\n<th>CON\u021aINUTUL DE CANNABINOIZI<\/th>\n<td>57.8%<\/td>\n<\/tr>\n<tr>\n<th>GREUTATE<\/th>\n<td>1,2 g (Floare OG Kush, Ulei de Miere &amp; Kief)<\/td>\n<\/tr>\n<tr>\n<th>EFECTE MEDICINALE<\/th>\n<td>Stres, Anxietate, Depresie, Dureri &amp; Insomnie<\/td>\n<\/tr>\n<tr>\n<th>Efecte<\/th>\n<td>Fericit, Ridicat, Euforic, Energic &amp; Relaxat<\/td>\n<\/tr>\n<\/tbody>\n<\/table>\n<\/section>","protected":false},"excerpt":{"rendered":"<p>Ai sim\u021bit vreodat\u0103 c\u0103 e\u0219ti at\u00e2t de drogat \u00eenc\u00e2t ai putea atinge luna? Acum, cu Moonrock Banana Split, po\u021bi ajunge c\u00e2t de aproape posibil f\u0103r\u0103 a avea nevoie de echipament de astronaut! Moonrock Banana Split este un produs de cannabis renumit care a fost revolu\u021bionat de rapperul popular de pe coasta de vest Kurupt. Aceste mici nuggeturi sunt surse de THC de mare putere \u2013 practic, Moonrock Banana Split const\u0103 din boboci de cannabis puternici, care sunt \u00eenmuia\u021bi \u00een straturi de ulei de cannabis, cum ar fi ulei de hashish, ulei de miere sau ulei de hashish butan \u0219i trihome de kief p\u00e2n\u0103 sunt complet acoperite. Nivelurile de THC pentru Moonrock Banana Split pot varia, dar de obicei sunt \u00een jur de 50-60%, <a href=\"https:\/\/www.purecannastore.com\/\">mediu<\/a>comparativ cu florile tradi\u021bionale, ale c\u0103ror niveluri medii de THC sunt \u00een jur de 20%. Aceste boboci puternici sunt cunoscu\u021bi pentru c\u0103 sunt extrem de boga\u021bi \u00een terpene datorit\u0103 florii specifice soiului, uleiului de hasish \u0219i kief-ului folosit.<\/p>","protected":false},"featured_media":1846,"comment_status":"closed","ping_status":"closed","template":"","meta":{"_uag_custom_page_level_css":"","site-sidebar-layout":"default","site-content-layout":"","ast-site-content-layout":"","site-content-style":"default","site-sidebar-style":"default","ast-global-header-display":"","ast-banner-title-visibility":"","ast-main-header-display":"","ast-hfb-above-header-display":"","ast-hfb-below-header-display":"","ast-hfb-mobile-header-display":"","site-post-title":"","ast-breadcrumbs-content":"","ast-featured-img":"","footer-sml-layout":"","theme-transparent-header-meta":"","adv-header-id-meta":"","stick-header-meta":"","header-above-stick-meta":"","header-main-stick-meta":"","header-below-stick-meta":"","astra-migrate-meta-layouts":"default","ast-page-background-enabled":"default","ast-page-background-meta":{"desktop":{"background-color":"var(--ast-global-color-4)","background-image":"","background-repeat":"repeat","background-position":"center center","background-size":"auto","background-attachment":"scroll","background-type":"","background-media":"","overlay-type":"","overlay-color":"","overlay-opacity":"","overlay-gradient":""},"tablet":{"background-color":"","background-image":"","background-repeat":"repeat","background-position":"center center","background-size":"auto","background-attachment":"scroll","background-type":"","background-media":"","overlay-type":"","overlay-color":"","overlay-opacity":"","overlay-gradient":""},"mobile":{"background-color":"","background-image":"","background-repeat":"repeat","background-position":"center center","background-size":"auto","background-attachment":"scroll","background-type":"","background-media":"","overlay-type":"","overlay-color":"","overlay-opacity":"","overlay-gradient":""}},"ast-content-background-meta":{"desktop":{"background-color":"var(--ast-global-color-5)","background-image":"","background-repeat":"repeat","background-position":"center center","background-size":"auto","background-attachment":"scroll","background-type":"","background-media":"","overlay-type":"","overlay-color":"","overlay-opacity":"","overlay-gradient":""},"tablet":{"background-color":"var(--ast-global-color-5)","background-image":"","background-repeat":"repeat","background-position":"center center","background-size":"auto","background-attachment":"scroll","background-type":"","background-media":"","overlay-type":"","overlay-color":"","overlay-opacity":"","overlay-gradient":""},"mobile":{"background-color":"var(--ast-global-color-5)","background-image":"","background-repeat":"repeat","background-position":"center center","background-size":"auto","background-attachment":"scroll","background-type":"","background-media":"","overlay-type":"","overlay-color":"","overlay-opacity":"","overlay-gradient":""}}},"product_brand":[],"product_cat":[748],"product_tag":[749],"class_list":{"0":"post-1841","1":"product","2":"type-product","3":"status-publish","4":"has-post-thumbnail","6":"product_cat-weed-moonrock","7":"product_tag-moonrock-banana-split","8":"desktop-align-center","9":"tablet-align-left","10":"mobile-align-left","12":"first","13":"instock","14":"sale","15":"shipping-taxable","16":"purchasable","17":"product-type-simple"},"uagb_featured_image_src":{"full":["https:\/\/caliweedeurope.com\/wp-content\/uploads\/2024\/11\/Moonrock-Banana-Split.jpg",1000,1000,false],"thumbnail":["https:\/\/caliweedeurope.com\/wp-content\/uploads\/2024\/11\/Moonrock-Banana-Split-150x150.jpg",150,150,true],"medium":["https:\/\/caliweedeurope.com\/wp-content\/uploads\/2024\/11\/Moonrock-Banana-Split-300x300.jpg",300,300,true],"medium_large":["https:\/\/caliweedeurope.com\/wp-content\/uploads\/2024\/11\/Moonrock-Banana-Split-768x768.jpg",768,768,true],"large":["https:\/\/caliweedeurope.com\/wp-content\/uploads\/2024\/11\/Moonrock-Banana-Split.jpg",1000,1000,false],"1536x1536":["https:\/\/caliweedeurope.com\/wp-content\/uploads\/2024\/11\/Moonrock-Banana-Split.jpg",1000,1000,false],"2048x2048":["https:\/\/caliweedeurope.com\/wp-content\/uploads\/2024\/11\/Moonrock-Banana-Split.jpg",1000,1000,false],"trp-custom-language-flag":["https:\/\/caliweedeurope.com\/wp-content\/uploads\/2024\/11\/Moonrock-Banana-Split.jpg",12,12,false],"woocommerce_thumbnail":["https:\/\/caliweedeurope.com\/wp-content\/uploads\/2024\/11\/Moonrock-Banana-Split-300x300.jpg",300,300,true],"woocommerce_single":["https:\/\/caliweedeurope.com\/wp-content\/uploads\/2024\/11\/Moonrock-Banana-Split-600x600.jpg",600,600,true],"woocommerce_gallery_thumbnail":["https:\/\/caliweedeurope.com\/wp-content\/uploads\/2024\/11\/Moonrock-Banana-Split-100x100.jpg",100,100,true]},"uagb_author_info":{"display_name":"jetskiforsaleuk@gmail.com","author_link":"https:\/\/caliweedeurope.com\/ro\/author\/"},"uagb_comment_info":0,"uagb_excerpt":"Have you ever felt like you were so high that you could touch the moon? Now with Moonrock Banana Split, you can get as close as humanly possible without requiring any astronaut gear! Moonrock Banana Split are a notorious cannabis product that was revolutionized by popular West Coast rapper Kurupt. These little nuggets are THC&hellip;","_links":{"self":[{"href":"https:\/\/caliweedeurope.com\/ro\/wp-json\/wp\/v2\/product\/1841"}],"collection":[{"href":"https:\/\/caliweedeurope.com\/ro\/wp-json\/wp\/v2\/product"}],"about":[{"href":"https:\/\/caliweedeurope.com\/ro\/wp-json\/wp\/v2\/types\/product"}],"replies":[{"embeddable":true,"href":"https:\/\/caliweedeurope.com\/ro\/wp-json\/wp\/v2\/comments?post=1841"}],"wp:featuredmedia":[{"embeddable":true,"href":"https:\/\/caliweedeurope.com\/ro\/wp-json\/wp\/v2\/media\/1846"}],"wp:attachment":[{"href":"https:\/\/caliweedeurope.com\/ro\/wp-json\/wp\/v2\/media?parent=1841"}],"wp:term":[{"taxonomy":"product_brand","embeddable":true,"href":"https:\/\/caliweedeurope.com\/ro\/wp-json\/wp\/v2\/product_brand?post=1841"},{"taxonomy":"product_cat","embeddable":true,"href":"https:\/\/caliweedeurope.com\/ro\/wp-json\/wp\/v2\/product_cat?post=1841"},{"taxonomy":"product_tag","embeddable":true,"href":"https:\/\/caliweedeurope.com\/ro\/wp-json\/wp\/v2\/product_tag?post=1841"}],"curies":[{"name":"wp","href":"https:\/\/api.w.org\/{rel}","templated":true}]}}