{"id":1843,"date":"2024-11-06T02:41:01","date_gmt":"2024-11-06T02:41:01","guid":{"rendered":"https:\/\/caliweedeurope.com\/?post_type=product&#038;p=1843"},"modified":"2024-11-06T02:41:08","modified_gmt":"2024-11-06T02:41:08","slug":"blueberry-moon-rocks-30-grame","status":"publish","type":"product","link":"https:\/\/caliweedeurope.com\/ro\/product\/blueberry-moon-rocks-30-grame\/","title":{"rendered":"Cump\u0103r\u0103 Blueberry Moon Rocks 30 Grame"},"content":{"rendered":"<h1>Blueberry Moon Rocks<\/h1>\n<p>Blueberry Moon Rocks sunt un tip de concentrat de cannabis realizat prin combinarea afinelor cu ulei de ha\u0219i\u0219 sau ulei de miere. Produsul rezultat este o modalitate puternic\u0103 \u0219i gustoas\u0103 de a beneficia de avantajele canabisului. Blueberry Moon Rocks ofer\u0103 o serie de beneficii poten\u021biale, inclusiv:<\/p>\n<p>\u2022 <strong>Ameliorarea durerii \u0219i a inflama\u021biei<\/strong>: Blueberry Moon Rocks pot fi eficiente \u00een tratarea diferitelor forme de durere, inclusiv durerea cronic\u0103. \u00cen plus, propriet\u0103\u021bile antiinflamatorii ale afinelor pot ajuta la reducerea umfl\u0103turilor \u0219i inflama\u021biilor.<\/p>\n<p>\u2022 <strong>\u00cembun\u0103t\u0103\u021birea st\u0103rii de spirit \u0219i relaxare<\/strong>Compu\u0219ii din afine s-au dovedit a \u00eembun\u0103t\u0103\u021bi starea de spirit \u0219i a promova relaxarea. Acest efect poate fi amplificat de ad\u0103ugarea uleiului de ha\u0219i\u0219 sau de miere, f\u0103c\u00e2nd Blueberry Moon Rocks o alegere ideal\u0103 pentru cei care caut\u0103 ameliorarea stresului sau anxiet\u0103\u021bii.<\/p>\n<p>\u2022 <strong>Cre\u0219terea apetitului<\/strong>: \u201ePoftele\u201d sunt un efect secundar bine cunoscut al consumului de cannabis, iar Blueberry Moonrocks pot intensifica acest efect. Acest lucru poate fi benefic pentru cei care trebuie s\u0103-\u0219i creasc\u0103 pofta de m\u00e2ncare din motive medicale sau pur \u0219i simplu doresc s\u0103 savureze m\u00e2ncare bun\u0103 dup\u0103 consumarea moonrocks.<\/p>\n<p>\u2022 <a href=\"https:\/\/jeetersofficial.com\/\" target=\"_blank\" rel=\"noopener\"><strong>Arom\u0103 \u00eembun\u0103t\u0103\u021bit\u0103<\/strong>:<\/a> Blueberry Moon Rocks sunt cunoscute pentru aroma lor dulce \u0219i acri\u0219oar\u0103, care este amplificat\u0103 atunci c\u00e2nd sunt combinate cu ulei de ha\u0219i\u0219 sau ulei de miere. Acest lucru face ca Blueberry Moonrocks s\u0103 fie o delicates\u0103 delicioas\u0103 pentru cei care apreciaz\u0103 gustul concentratelor de cannabis.<\/p>","protected":false},"excerpt":{"rendered":"<p>E\u0219ti preg\u0103tit s\u0103 te aventurezi \u00eentr-o galaxie de arome \u0219i relaxare binecuv\u00e2ntat\u0103? Descoper\u0103 noul nostru produs: Blueberry Moonrocks! Aceste mici delicatese sunt acoperite cu kief \u0219i infuzate cu THC pentru o experien\u021b\u0103 de neuitat. Indiferent dac\u0103 vrei s\u0103 te relaxezi dup\u0103 o zi lung\u0103 sau s\u0103 te lansezi \u00een stratosfer\u0103, aceste mici comori \u00ee\u021bi vor \u00eendeplini dorin\u021bele. Cite\u0219te mai departe pentru a afla mai multe despre aceast\u0103 crea\u021bie de cannabis de neratat! Cump\u0103r\u0103 acum la<\/p>","protected":false},"featured_media":1848,"comment_status":"closed","ping_status":"closed","template":"","meta":{"_uag_custom_page_level_css":"","site-sidebar-layout":"default","site-content-layout":"","ast-site-content-layout":"default","site-content-style":"default","site-sidebar-style":"default","ast-global-header-display":"","ast-banner-title-visibility":"","ast-main-header-display":"","ast-hfb-above-header-display":"","ast-hfb-below-header-display":"","ast-hfb-mobile-header-display":"","site-post-title":"","ast-breadcrumbs-content":"","ast-featured-img":"","footer-sml-layout":"","ast-disable-related-posts":"","theme-transparent-header-meta":"","adv-header-id-meta":"","stick-header-meta":"","header-above-stick-meta":"","header-main-stick-meta":"","header-below-stick-meta":"","astra-migrate-meta-layouts":"default","ast-page-background-enabled":"default","ast-page-background-meta":{"desktop":{"background-color":"var(--ast-global-color-5)","background-image":"","background-repeat":"repeat","background-position":"center center","background-size":"auto","background-attachment":"scroll","background-type":"","background-media":"","overlay-type":"","overlay-color":"","overlay-opacity":"","overlay-gradient":""},"tablet":{"background-color":"","background-image":"","background-repeat":"repeat","background-position":"center center","background-size":"auto","background-attachment":"scroll","background-type":"","background-media":"","overlay-type":"","overlay-color":"","overlay-opacity":"","overlay-gradient":""},"mobile":{"background-color":"","background-image":"","background-repeat":"repeat","background-position":"center center","background-size":"auto","background-attachment":"scroll","background-type":"","background-media":"","overlay-type":"","overlay-color":"","overlay-opacity":"","overlay-gradient":""}},"ast-content-background-meta":{"desktop":{"background-color":"var(--ast-global-color-4)","background-image":"","background-repeat":"repeat","background-position":"center center","background-size":"auto","background-attachment":"scroll","background-type":"","background-media":"","overlay-type":"","overlay-color":"","overlay-opacity":"","overlay-gradient":""},"tablet":{"background-color":"var(--ast-global-color-4)","background-image":"","background-repeat":"repeat","background-position":"center center","background-size":"auto","background-attachment":"scroll","background-type":"","background-media":"","overlay-type":"","overlay-color":"","overlay-opacity":"","overlay-gradient":""},"mobile":{"background-color":"var(--ast-global-color-4)","background-image":"","background-repeat":"repeat","background-position":"center center","background-size":"auto","background-attachment":"scroll","background-type":"","background-media":"","overlay-type":"","overlay-color":"","overlay-opacity":"","overlay-gradient":""}}},"product_brand":[],"product_cat":[748],"product_tag":[763,764,765,766,767,768,769,750,252,253,751,752,753,754,755,756,757,758,759,770,760,761,762],"class_list":{"0":"post-1843","1":"product","2":"type-product","3":"status-publish","4":"has-post-thumbnail","6":"product_cat-weed-moonrock","7":"product_tag-blueberry","8":"product_tag-blueberry-moon-rocks","9":"product_tag-blueberry-moon-rocks-europe","10":"product_tag-blueberry-moon-rocks-for-sale","11":"product_tag-blueberry-moon-rocks-uk","12":"product_tag-blueberry-moonrocks","13":"product_tag-buy-blueberry-moon-rocks-online","14":"product_tag-delta-8-moon-rocks","15":"product_tag-how-to-make-moon-rocks","16":"product_tag-how-to-smoke-moon-rocks","17":"product_tag-is-moon-rock-weed","18":"product_tag-moon-rock","19":"product_tag-moon-rock-weed","20":"product_tag-moon-rocks","21":"product_tag-moon-rocks-for-sale","22":"product_tag-moon-rocks-marijuana","23":"product_tag-moon-rocks-near-me","24":"product_tag-moon-rocks-thc","25":"product_tag-moon-rocks-weed","26":"product_tag-moonrocks","27":"product_tag-purple-moon-rocks","28":"product_tag-weed-moon-rock","29":"product_tag-what-are-moon-rocks","30":"desktop-align-center","31":"tablet-align-left","32":"mobile-align-left","34":"first","35":"instock","36":"sale","37":"shipping-taxable","38":"purchasable","39":"product-type-simple"},"uagb_featured_image_src":{"full":["https:\/\/caliweedeurope.com\/wp-content\/uploads\/2024\/11\/Moon-Rock-Blueberry.webp",800,800,false],"thumbnail":["https:\/\/caliweedeurope.com\/wp-content\/uploads\/2024\/11\/Moon-Rock-Blueberry-150x150.webp",150,150,true],"medium":["https:\/\/caliweedeurope.com\/wp-content\/uploads\/2024\/11\/Moon-Rock-Blueberry-300x300.webp",300,300,true],"medium_large":["https:\/\/caliweedeurope.com\/wp-content\/uploads\/2024\/11\/Moon-Rock-Blueberry-768x768.webp",768,768,true],"large":["https:\/\/caliweedeurope.com\/wp-content\/uploads\/2024\/11\/Moon-Rock-Blueberry.webp",800,800,false],"1536x1536":["https:\/\/caliweedeurope.com\/wp-content\/uploads\/2024\/11\/Moon-Rock-Blueberry.webp",800,800,false],"2048x2048":["https:\/\/caliweedeurope.com\/wp-content\/uploads\/2024\/11\/Moon-Rock-Blueberry.webp",800,800,false],"trp-custom-language-flag":["https:\/\/caliweedeurope.com\/wp-content\/uploads\/2024\/11\/Moon-Rock-Blueberry.webp",12,12,false],"woocommerce_thumbnail":["https:\/\/caliweedeurope.com\/wp-content\/uploads\/2024\/11\/Moon-Rock-Blueberry-300x300.webp",300,300,true],"woocommerce_single":["https:\/\/caliweedeurope.com\/wp-content\/uploads\/2024\/11\/Moon-Rock-Blueberry-600x600.webp",600,600,true],"woocommerce_gallery_thumbnail":["https:\/\/caliweedeurope.com\/wp-content\/uploads\/2024\/11\/Moon-Rock-Blueberry-100x100.webp",100,100,true]},"uagb_author_info":{"display_name":"jetskiforsaleuk@gmail.com","author_link":"https:\/\/caliweedeurope.com\/ro\/author\/"},"uagb_comment_info":0,"uagb_excerpt":"Are you ready to blast off into a galaxy of flavor and blissful relaxation? Look no further than\u00a0our latest product: Blueberry moonrocks! These delectable nuggets are coated in kief and infused with THC for an out-of-this-world experience. Whether you\u2019re looking to chill out after a long day or launch yourself into the stratosphere, these little&hellip;","_links":{"self":[{"href":"https:\/\/caliweedeurope.com\/ro\/wp-json\/wp\/v2\/product\/1843"}],"collection":[{"href":"https:\/\/caliweedeurope.com\/ro\/wp-json\/wp\/v2\/product"}],"about":[{"href":"https:\/\/caliweedeurope.com\/ro\/wp-json\/wp\/v2\/types\/product"}],"replies":[{"embeddable":true,"href":"https:\/\/caliweedeurope.com\/ro\/wp-json\/wp\/v2\/comments?post=1843"}],"wp:featuredmedia":[{"embeddable":true,"href":"https:\/\/caliweedeurope.com\/ro\/wp-json\/wp\/v2\/media\/1848"}],"wp:attachment":[{"href":"https:\/\/caliweedeurope.com\/ro\/wp-json\/wp\/v2\/media?parent=1843"}],"wp:term":[{"taxonomy":"product_brand","embeddable":true,"href":"https:\/\/caliweedeurope.com\/ro\/wp-json\/wp\/v2\/product_brand?post=1843"},{"taxonomy":"product_cat","embeddable":true,"href":"https:\/\/caliweedeurope.com\/ro\/wp-json\/wp\/v2\/product_cat?post=1843"},{"taxonomy":"product_tag","embeddable":true,"href":"https:\/\/caliweedeurope.com\/ro\/wp-json\/wp\/v2\/product_tag?post=1843"}],"curies":[{"name":"wp","href":"https:\/\/api.w.org\/{rel}","templated":true}]}}