{"id":1844,"date":"2024-11-06T02:41:01","date_gmt":"2024-11-06T02:41:01","guid":{"rendered":"https:\/\/caliweedeurope.com\/?post_type=product&#038;p=1844"},"modified":"2024-11-06T02:41:09","modified_gmt":"2024-11-06T02:41:09","slug":"pina-colada-moon-rocks-30-grame","status":"publish","type":"product","link":"https:\/\/caliweedeurope.com\/ro\/product\/pina-colada-moon-rocks-30-grame\/","title":{"rendered":"Cump\u0103r\u0103 Pina Colada Moon Rocks 30 Grame"},"content":{"rendered":"<h2>Cump\u0103r\u0103 Pina Colada Moon Rocks 30 Grame<\/h2>\n<p>Fiecare comand\u0103 include 1,1 grame de Premium Pina Colada Moon Rocks \u2013 Sativa<\/p>\n<p>Const\u0103 \u00eentr-un mugur Hybrid OG; rulat \u00een ulei Co2 \u0219i pudrat cu kief auriu. Total: 1,1 GRAM plus kief suplimentar.<\/p>\n<p>Pentru cel mai bun gust \u0219i fum, se recomand\u0103 utilizarea unui bol pentru ha\u0219i\u0219 sau a unei pipe \u0219i evitarea m\u0103run\u021birii mugurelui cu un grinder, deoarece astfel se pierde cea mai mare parte a kief-ului.<\/p>\n<p>Una dintre cele mai puternice, de lung\u0103 durat\u0103, aromate \u0219i unice experien\u021be de fumat pe care le-ai putea g\u0103si.<\/p>\n<p>Bucur\u0103-te de c\u0103l\u0103toria ta p\u00e2n\u0103 la lun\u0103 \u0219i \u00eenapoi!<\/p>\n<p>F\u0103r\u0103 terpene artificiale ad\u0103ugate<\/p>","protected":false},"excerpt":{"rendered":"<p>Pina Colada Moon Rocks este \u00eenc\u00e2ntat\u0103 s\u0103 ofere linia sa de produse de \u00eenalt\u0103 calitate \u0219i consisten\u021b\u0103. Pina Colada Moon Rocks, cu arome delicioase, ofer\u0103 o euforie de pe alt\u0103 lume. Au dezvoltat muguri de marijuana acoperi\u021bi cu concentrat, potrivi\u021bi pentru cei care se simt pu\u021bin sau foarte \u201e\u00een afara orbitei\u201d. Clien\u021bii care prefer\u0103 un amestec de kief, concentrate \u0219i flori pentru a-\u0219i calma afec\u021biunile vor aprecia euforia intens\u0103 \u0219i aromele delicioase oferite de Pina Colada Moon Rocks<\/p>","protected":false},"featured_media":1849,"comment_status":"closed","ping_status":"closed","template":"","meta":{"_uag_custom_page_level_css":"","site-sidebar-layout":"default","site-content-layout":"","ast-site-content-layout":"default","site-content-style":"default","site-sidebar-style":"default","ast-global-header-display":"","ast-banner-title-visibility":"","ast-main-header-display":"","ast-hfb-above-header-display":"","ast-hfb-below-header-display":"","ast-hfb-mobile-header-display":"","site-post-title":"","ast-breadcrumbs-content":"","ast-featured-img":"","footer-sml-layout":"","ast-disable-related-posts":"","theme-transparent-header-meta":"","adv-header-id-meta":"","stick-header-meta":"","header-above-stick-meta":"","header-main-stick-meta":"","header-below-stick-meta":"","astra-migrate-meta-layouts":"default","ast-page-background-enabled":"default","ast-page-background-meta":{"desktop":{"background-color":"var(--ast-global-color-5)","background-image":"","background-repeat":"repeat","background-position":"center center","background-size":"auto","background-attachment":"scroll","background-type":"","background-media":"","overlay-type":"","overlay-color":"","overlay-opacity":"","overlay-gradient":""},"tablet":{"background-color":"","background-image":"","background-repeat":"repeat","background-position":"center center","background-size":"auto","background-attachment":"scroll","background-type":"","background-media":"","overlay-type":"","overlay-color":"","overlay-opacity":"","overlay-gradient":""},"mobile":{"background-color":"","background-image":"","background-repeat":"repeat","background-position":"center center","background-size":"auto","background-attachment":"scroll","background-type":"","background-media":"","overlay-type":"","overlay-color":"","overlay-opacity":"","overlay-gradient":""}},"ast-content-background-meta":{"desktop":{"background-color":"var(--ast-global-color-4)","background-image":"","background-repeat":"repeat","background-position":"center center","background-size":"auto","background-attachment":"scroll","background-type":"","background-media":"","overlay-type":"","overlay-color":"","overlay-opacity":"","overlay-gradient":""},"tablet":{"background-color":"var(--ast-global-color-4)","background-image":"","background-repeat":"repeat","background-position":"center center","background-size":"auto","background-attachment":"scroll","background-type":"","background-media":"","overlay-type":"","overlay-color":"","overlay-opacity":"","overlay-gradient":""},"mobile":{"background-color":"var(--ast-global-color-4)","background-image":"","background-repeat":"repeat","background-position":"center center","background-size":"auto","background-attachment":"scroll","background-type":"","background-media":"","overlay-type":"","overlay-color":"","overlay-opacity":"","overlay-gradient":""}}},"product_brand":[],"product_cat":[748],"product_tag":[750,252,253,751,752,753,754,755,756,757,758,759,760,761,762],"class_list":{"0":"post-1844","1":"product","2":"type-product","3":"status-publish","4":"has-post-thumbnail","6":"product_cat-weed-moonrock","7":"product_tag-delta-8-moon-rocks","8":"product_tag-how-to-make-moon-rocks","9":"product_tag-how-to-smoke-moon-rocks","10":"product_tag-is-moon-rock-weed","11":"product_tag-moon-rock","12":"product_tag-moon-rock-weed","13":"product_tag-moon-rocks","14":"product_tag-moon-rocks-for-sale","15":"product_tag-moon-rocks-marijuana","16":"product_tag-moon-rocks-near-me","17":"product_tag-moon-rocks-thc","18":"product_tag-moon-rocks-weed","19":"product_tag-purple-moon-rocks","20":"product_tag-weed-moon-rock","21":"product_tag-what-are-moon-rocks","22":"desktop-align-center","23":"tablet-align-left","24":"mobile-align-left","26":"first","27":"instock","28":"sale","29":"shipping-taxable","30":"purchasable","31":"product-type-simple"},"uagb_featured_image_src":{"full":["https:\/\/caliweedeurope.com\/wp-content\/uploads\/2024\/11\/Moon-Rock-Pina-Colada.jpeg",600,600,false],"thumbnail":["https:\/\/caliweedeurope.com\/wp-content\/uploads\/2024\/11\/Moon-Rock-Pina-Colada-150x150.jpeg",150,150,true],"medium":["https:\/\/caliweedeurope.com\/wp-content\/uploads\/2024\/11\/Moon-Rock-Pina-Colada-300x300.jpeg",300,300,true],"medium_large":["https:\/\/caliweedeurope.com\/wp-content\/uploads\/2024\/11\/Moon-Rock-Pina-Colada.jpeg",600,600,false],"large":["https:\/\/caliweedeurope.com\/wp-content\/uploads\/2024\/11\/Moon-Rock-Pina-Colada.jpeg",600,600,false],"1536x1536":["https:\/\/caliweedeurope.com\/wp-content\/uploads\/2024\/11\/Moon-Rock-Pina-Colada.jpeg",600,600,false],"2048x2048":["https:\/\/caliweedeurope.com\/wp-content\/uploads\/2024\/11\/Moon-Rock-Pina-Colada.jpeg",600,600,false],"trp-custom-language-flag":["https:\/\/caliweedeurope.com\/wp-content\/uploads\/2024\/11\/Moon-Rock-Pina-Colada.jpeg",12,12,false],"woocommerce_thumbnail":["https:\/\/caliweedeurope.com\/wp-content\/uploads\/2024\/11\/Moon-Rock-Pina-Colada-300x300.jpeg",300,300,true],"woocommerce_single":["https:\/\/caliweedeurope.com\/wp-content\/uploads\/2024\/11\/Moon-Rock-Pina-Colada.jpeg",600,600,false],"woocommerce_gallery_thumbnail":["https:\/\/caliweedeurope.com\/wp-content\/uploads\/2024\/11\/Moon-Rock-Pina-Colada-100x100.jpeg",100,100,true]},"uagb_author_info":{"display_name":"jetskiforsaleuk@gmail.com","author_link":"https:\/\/caliweedeurope.com\/ro\/author\/"},"uagb_comment_info":0,"uagb_excerpt":"Pina Colada Moon Rocks is delighted to offer its line of high-quality, consistent products. Their deliciously flavored Pina Colada Moon Rocks produce otherworldly euphoria. They have developed concentrate covered marijuana buds for folks feeling a little or a lot out of orbit. Clients who prefer a concoction of keif, concentrates, and flowers to calm their&hellip;","_links":{"self":[{"href":"https:\/\/caliweedeurope.com\/ro\/wp-json\/wp\/v2\/product\/1844"}],"collection":[{"href":"https:\/\/caliweedeurope.com\/ro\/wp-json\/wp\/v2\/product"}],"about":[{"href":"https:\/\/caliweedeurope.com\/ro\/wp-json\/wp\/v2\/types\/product"}],"replies":[{"embeddable":true,"href":"https:\/\/caliweedeurope.com\/ro\/wp-json\/wp\/v2\/comments?post=1844"}],"wp:featuredmedia":[{"embeddable":true,"href":"https:\/\/caliweedeurope.com\/ro\/wp-json\/wp\/v2\/media\/1849"}],"wp:attachment":[{"href":"https:\/\/caliweedeurope.com\/ro\/wp-json\/wp\/v2\/media?parent=1844"}],"wp:term":[{"taxonomy":"product_brand","embeddable":true,"href":"https:\/\/caliweedeurope.com\/ro\/wp-json\/wp\/v2\/product_brand?post=1844"},{"taxonomy":"product_cat","embeddable":true,"href":"https:\/\/caliweedeurope.com\/ro\/wp-json\/wp\/v2\/product_cat?post=1844"},{"taxonomy":"product_tag","embeddable":true,"href":"https:\/\/caliweedeurope.com\/ro\/wp-json\/wp\/v2\/product_tag?post=1844"}],"curies":[{"name":"wp","href":"https:\/\/api.w.org\/{rel}","templated":true}]}}