{"id":1865,"date":"2024-11-06T04:42:54","date_gmt":"2024-11-06T04:42:54","guid":{"rendered":"https:\/\/caliweedeurope.com\/?post_type=product&#038;p=1865"},"modified":"2024-11-06T04:42:54","modified_gmt":"2024-11-06T04:42:54","slug":"buy-pound-cereal-milk-smalls-strain-454-grame","status":"publish","type":"product","link":"https:\/\/caliweedeurope.com\/ro\/product\/buy-pound-cereal-milk-smalls-strain-454-grame\/","title":{"rendered":"Cump\u0103r\u0103 un pound din soiul Cereal Milk Smalls 454 grame"},"content":{"rendered":"<p>Tulpina Cereal Milk Smalls ofer\u0103 o fuziune unic\u0103 de gust \u0219i efecte, ceea ce o face o alegere atr\u0103g\u0103toare pentru pasiona\u021bii de cannabis. Cu nuan\u021be dulci \u0219i l\u0103ptoase, aceast\u0103 tulpin\u0103 ofer\u0103 o experien\u021b\u0103 aromatic\u0103 \u0219i pl\u0103cut\u0103. Ofer\u0103 o combina\u021bie echilibrat\u0103 de relaxare \u0219i ridicare mental\u0103, satisf\u0103c\u00e2nd o gam\u0103 larg\u0103 de preferin\u021be. Cereal Milk Smalls are, de asemenea, poten\u021biale beneficii medicinale, oferind o u\u0219urare calmant\u0103 a stresului, anxiet\u0103\u021bii \u0219i durerilor u\u0219oare.<\/p>\n<h1><strong>Exploreaz\u0103 deliciosul Cereal Milk Smalls: Disponibil convenabil online<\/strong><\/h1>\n<p>\u00cencepe o c\u0103l\u0103torie delicioas\u0103 cu Cereal Milk Smalls, o tulpin\u0103 care promite o fuziune unic\u0103 de gust \u0219i efecte. Acest ghid detaliat este biletul t\u0103u pentru a descoperi caracteristicile distinctive, efectele \u0219i confortul de a achizi\u021biona tulpina Cereal Milk Smalls online. Indiferent dac\u0103 e\u0219ti un pasionat de cannabis cu experien\u021b\u0103 sau un explorator curios, preg\u0103te\u0219te-te s\u0103 te ad\u00e2nce\u0219ti \u00een lumea savuroas\u0103 a Cereal Milk Smalls.<\/p>\n<h2><strong>Originile tulpinii Cereal Milk Smalls<\/strong><\/h2>\n<p>Descoper\u0103 originile tulpinii Cereal Milk Smalls, aprofund\u00e2nd tehnicile de cultivare care contribuie la tr\u0103s\u0103turile sale unice. Ob\u021bine informa\u021bii despre procesul de cre\u0219tere care face din Cereal Milk Smalls o alegere fascinant\u0103 pentru cei care caut\u0103 un echilibru pl\u0103cut \u00eentre relaxare \u0219i euforie \u00een experien\u021ba lor cu cannabisul.<\/p>\n<h2><strong>Extravagan\u021ba aromelor \u0219i gusturilor<\/strong><\/h2>\n<p>Immerge\u021bi-v\u0103 \u00eentr-o extravagan\u021b\u0103 a aromelor \u0219i gusturilor cu Cereal Milk Smalls, caracterizat\u0103 printr-un amestec delicios de nuan\u021be dulci \u0219i l\u0103ptoase. Descoperi\u021bi c\u0103l\u0103toria senzorial\u0103 care face din Cereal Milk Smalls o experien\u021b\u0103 cu adev\u0103rat pl\u0103cut\u0103 pentru pasiona\u021bii de cannabis.<\/p>","protected":false},"excerpt":{"rendered":"<p>Cereal Milk Smalls strain offers a unique fusion of taste and effects, making it an enticing choice for cannabis enthusiasts. With delightful sweet and milky undertones, this strain provides an aromatic and flavorful experience. It delivers a balanced combination of relaxation and mental elevation, catering to a diverse range of preferences. Cereal Milk Smalls also [&hellip;]<\/p>","protected":false},"featured_media":1866,"comment_status":"open","ping_status":"closed","template":"","meta":{"_uag_custom_page_level_css":"","site-sidebar-layout":"default","site-content-layout":"","ast-site-content-layout":"default","site-content-style":"default","site-sidebar-style":"default","ast-global-header-display":"","ast-banner-title-visibility":"","ast-main-header-display":"","ast-hfb-above-header-display":"","ast-hfb-below-header-display":"","ast-hfb-mobile-header-display":"","site-post-title":"","ast-breadcrumbs-content":"","ast-featured-img":"","footer-sml-layout":"","ast-disable-related-posts":"","theme-transparent-header-meta":"default","adv-header-id-meta":"","stick-header-meta":"","header-above-stick-meta":"","header-main-stick-meta":"","header-below-stick-meta":"","astra-migrate-meta-layouts":"set","ast-page-background-enabled":"default","ast-page-background-meta":{"desktop":{"background-color":"var(--ast-global-color-5)","background-image":"","background-repeat":"repeat","background-position":"center center","background-size":"auto","background-attachment":"scroll","background-type":"","background-media":"","overlay-type":"","overlay-color":"","overlay-opacity":"","overlay-gradient":""},"tablet":{"background-color":"","background-image":"","background-repeat":"repeat","background-position":"center center","background-size":"auto","background-attachment":"scroll","background-type":"","background-media":"","overlay-type":"","overlay-color":"","overlay-opacity":"","overlay-gradient":""},"mobile":{"background-color":"","background-image":"","background-repeat":"repeat","background-position":"center center","background-size":"auto","background-attachment":"scroll","background-type":"","background-media":"","overlay-type":"","overlay-color":"","overlay-opacity":"","overlay-gradient":""}},"ast-content-background-meta":{"desktop":{"background-color":"var(--ast-global-color-4)","background-image":"","background-repeat":"repeat","background-position":"center center","background-size":"auto","background-attachment":"scroll","background-type":"","background-media":"","overlay-type":"","overlay-color":"","overlay-opacity":"","overlay-gradient":""},"tablet":{"background-color":"var(--ast-global-color-4)","background-image":"","background-repeat":"repeat","background-position":"center center","background-size":"auto","background-attachment":"scroll","background-type":"","background-media":"","overlay-type":"","overlay-color":"","overlay-opacity":"","overlay-gradient":""},"mobile":{"background-color":"var(--ast-global-color-4)","background-image":"","background-repeat":"repeat","background-position":"center center","background-size":"auto","background-attachment":"scroll","background-type":"","background-media":"","overlay-type":"","overlay-color":"","overlay-opacity":"","overlay-gradient":""}}},"product_brand":[],"product_cat":[28],"product_tag":[],"class_list":{"0":"post-1865","1":"product","2":"type-product","3":"status-publish","4":"has-post-thumbnail","6":"product_cat-buy-weed-pounds","7":"desktop-align-center","8":"tablet-align-left","9":"mobile-align-left","11":"first","12":"instock","13":"sale","14":"shipping-taxable","15":"purchasable","16":"product-type-simple"},"uagb_featured_image_src":{"full":["https:\/\/caliweedeurope.com\/wp-content\/uploads\/2024\/11\/Cereal-Milk-Smalls-strain-600x800-1.jpg",600,800,false],"thumbnail":["https:\/\/caliweedeurope.com\/wp-content\/uploads\/2024\/11\/Cereal-Milk-Smalls-strain-600x800-1-150x150.jpg",150,150,true],"medium":["https:\/\/caliweedeurope.com\/wp-content\/uploads\/2024\/11\/Cereal-Milk-Smalls-strain-600x800-1-225x300.jpg",225,300,true],"medium_large":["https:\/\/caliweedeurope.com\/wp-content\/uploads\/2024\/11\/Cereal-Milk-Smalls-strain-600x800-1.jpg",600,800,false],"large":["https:\/\/caliweedeurope.com\/wp-content\/uploads\/2024\/11\/Cereal-Milk-Smalls-strain-600x800-1.jpg",600,800,false],"1536x1536":["https:\/\/caliweedeurope.com\/wp-content\/uploads\/2024\/11\/Cereal-Milk-Smalls-strain-600x800-1.jpg",600,800,false],"2048x2048":["https:\/\/caliweedeurope.com\/wp-content\/uploads\/2024\/11\/Cereal-Milk-Smalls-strain-600x800-1.jpg",600,800,false],"trp-custom-language-flag":["https:\/\/caliweedeurope.com\/wp-content\/uploads\/2024\/11\/Cereal-Milk-Smalls-strain-600x800-1.jpg",9,12,false],"woocommerce_thumbnail":["https:\/\/caliweedeurope.com\/wp-content\/uploads\/2024\/11\/Cereal-Milk-Smalls-strain-600x800-1-300x300.jpg",300,300,true],"woocommerce_single":["https:\/\/caliweedeurope.com\/wp-content\/uploads\/2024\/11\/Cereal-Milk-Smalls-strain-600x800-1.jpg",600,800,false],"woocommerce_gallery_thumbnail":["https:\/\/caliweedeurope.com\/wp-content\/uploads\/2024\/11\/Cereal-Milk-Smalls-strain-600x800-1-100x100.jpg",100,100,true]},"uagb_author_info":{"display_name":"jetskiforsaleuk@gmail.com","author_link":"https:\/\/caliweedeurope.com\/ro\/author\/"},"uagb_comment_info":0,"uagb_excerpt":"Cereal Milk Smalls strain offers a unique fusion of taste and effects, making it an enticing choice for cannabis enthusiasts. With delightful sweet and milky undertones, this strain provides an aromatic and flavorful experience. It delivers a balanced combination of relaxation and mental elevation, catering to a diverse range of preferences. Cereal Milk Smalls also&hellip;","_links":{"self":[{"href":"https:\/\/caliweedeurope.com\/ro\/wp-json\/wp\/v2\/product\/1865"}],"collection":[{"href":"https:\/\/caliweedeurope.com\/ro\/wp-json\/wp\/v2\/product"}],"about":[{"href":"https:\/\/caliweedeurope.com\/ro\/wp-json\/wp\/v2\/types\/product"}],"replies":[{"embeddable":true,"href":"https:\/\/caliweedeurope.com\/ro\/wp-json\/wp\/v2\/comments?post=1865"}],"wp:featuredmedia":[{"embeddable":true,"href":"https:\/\/caliweedeurope.com\/ro\/wp-json\/wp\/v2\/media\/1866"}],"wp:attachment":[{"href":"https:\/\/caliweedeurope.com\/ro\/wp-json\/wp\/v2\/media?parent=1865"}],"wp:term":[{"taxonomy":"product_brand","embeddable":true,"href":"https:\/\/caliweedeurope.com\/ro\/wp-json\/wp\/v2\/product_brand?post=1865"},{"taxonomy":"product_cat","embeddable":true,"href":"https:\/\/caliweedeurope.com\/ro\/wp-json\/wp\/v2\/product_cat?post=1865"},{"taxonomy":"product_tag","embeddable":true,"href":"https:\/\/caliweedeurope.com\/ro\/wp-json\/wp\/v2\/product_tag?post=1865"}],"curies":[{"name":"wp","href":"https:\/\/api.w.org\/{rel}","templated":true}]}}