{"id":329,"date":"2024-10-26T23:35:22","date_gmt":"2024-10-26T23:35:22","guid":{"rendered":"https:\/\/caliweedeurope.com\/about\/"},"modified":"2024-11-04T17:34:45","modified_gmt":"2024-11-04T17:34:45","slug":"om","status":"publish","type":"page","link":"https:\/\/caliweedeurope.com\/sv\/om\/","title":{"rendered":"Cirka"},"content":{"rendered":"<div class=\"wp-block-uagb-container uagb-block-51e89b1a alignfull uagb-is-root-container\"><div class=\"uagb-container-inner-blocks-wrap\"><div class=\"wp-block-uagb-advanced-heading uagb-block-0a1971f0\"><h1 class=\"uagb-heading-text\">Cirka <a href=\"https:\/\/caliweedeurope.com\/sv\/\" data-type=\"link\" data-id=\"https:\/\/caliweedeurope.com\/\">cali weed europe<\/a><\/h1><\/div><\/div><\/div><div class=\"wp-block-uagb-container uagb-block-e1c2ea49 alignfull uagb-is-root-container\"><div class=\"uagb-container-inner-blocks-wrap\"><div class=\"wp-block-uagb-info-box uagb-block-1bfbef46 uagb-infobox__content-wrap  uagb-infobox-icon-above-title uagb-infobox-image-valign-top\"><div class=\"uagb-ifb-content\"><div class=\"uagb-ifb-title-wrap\"><h6 class=\"uagb-ifb-title-prefix\">Vi \u00e4r h\u00e4r f\u00f6r dig<\/h6><h2 class=\"uagb-ifb-title\">online cannabisshoppar,\u00a0<br><a href=\"https:\/\/caliweedeurope.com\/sv\/\">online weedshoppar,<\/a>\u00a0Vi var frustrerade \u00f6ver hur sv\u00e5rt det kan vara att hitta en legitim k\u00e4lla f\u00f6r cannabis som levererar till Tyskland och Europa. Vi trodde d\u00e5 att det m\u00e5ste finnas ett mer anv\u00e4ndarv\u00e4nligt, s\u00e4kert och diskret s\u00e4tt att k\u00f6pa gr\u00e4s online och f\u00e5 bra kvalitet.<\/h2><\/div><\/div><\/div><\/div><\/div><div class=\"wp-block-uagb-container uagb-block-1d4e123a alignfull uagb-is-root-container\"><div class=\"uagb-container-inner-blocks-wrap\"><div class=\"wp-block-uagb-info-box uagb-block-53541540 uagb-infobox__content-wrap  uagb-infobox-icon-above-title uagb-infobox-image-valign-top\"><div class=\"uagb-ifb-content\"><div class=\"uagb-ifb-title-wrap\"><h6 class=\"uagb-ifb-title-prefix\">Fri fr\u00e5n skadliga kemikalier<\/h6><h2 class=\"uagb-ifb-title\">Vi \u00e4r en legitim online cannabisshop d\u00e4r du kan k\u00f6pa gr\u00e4s online. Vi \u00e4r ett team som odlar h\u00f6gkvalitativt gr\u00e4s i Tyskland och distribuerar den starkaste kvaliteten av CALI WEED till v\u00e5ra v\u00e4nner, KUNDER OCH GRANNL\u00c4NDER. <\/h2><\/div><\/div><\/div><\/div><\/div><div class=\"wp-block-uagb-container uagb-block-a05e7214 alignfull uagb-is-root-container\"><div class=\"uagb-container-inner-blocks-wrap\"><div class=\"wp-block-uagb-container uagb-layout-grid uagb-block-a2c6cfd6\"><div class=\"wp-block-uagb-advanced-heading uagb-block-1ac80494\"><h6 class=\"uagb-heading-text\">V\u00e5rt uppdrag<\/h6><\/div>\n\n<div class=\"wp-block-uagb-info-box uagb-block-025fd110 uagb-infobox__content-wrap  uagb-infobox-icon-above-title uagb-infobox-image-valign-top\"><div class=\"uagb-ifb-content\"><div class=\"uagb-ifb-title-wrap\"><div class=\"uagb-ifb-separator\"><\/div><h3 class=\"uagb-ifb-title\">Varf\u00f6r v\u00e5ra kunder \u00e4lskar oss<\/h3><\/div><p class=\"uagb-ifb-desc\">Fr\u00e5n alkoholindustrin ins\u00e5g vi de sociala skador och den f\u00f6rst\u00f6relse som alkohol orsakar i samh\u00e4llen i Tyskland och Europa. Ist\u00e4llet f\u00f6r att \u00f6ppna en \u00f6l- och vinbutik eller \u00e5terv\u00e4nda till barbranschen valde vi det s\u00e4krare alternativet. Vi ser fram emot att hj\u00e4lpa dig att f\u00e5 din rekreationsmarihuana levererad till din d\u00f6rr.<\/p><\/div><\/div><\/div>\n\n<div class=\"wp-block-uagb-container uagb-layout-grid uagb-block-34ccc8b8\"><div class=\"wp-block-uagb-advanced-heading uagb-block-1c487d3c\"><h6 class=\"uagb-heading-text\"><a href=\"https:\/\/caliweedeurope.com\/sv\/shop\/\">V\u00e5r unika egenskap<\/a><\/h6><\/div>\n\n<div class=\"wp-block-uagb-info-box uagb-block-180da0d4 uagb-infobox__content-wrap  uagb-infobox-icon-above-title uagb-infobox-image-valign-top\"><div class=\"uagb-ifb-content\"><div class=\"uagb-ifb-title-wrap\"><div class=\"uagb-ifb-separator\"><\/div><h3 class=\"uagb-ifb-title\"><a href=\"https:\/\/caliweedeurope.com\/sv\/shop\/\">Vi f\u00f6rst\u00e5r vikten av att erbjuda patienter h\u00f6gkvalitativ cannabis som \u00e4r b\u00e5de prisv\u00e4rd och av premiumkvalitet. <\/a><\/h3><\/div><p class=\"uagb-ifb-desc\">S\u00e5, oavsett om du lider av kronisk sm\u00e4rta, \u00e5ngest eller andra h\u00e4lsotillst\u00e5nd som kr\u00e4ver cannabisbehandling, finns vi h\u00e4r f\u00f6r dig. Vi prioriterar ocks\u00e5 att h\u00e5lla oss informerade om de senaste trenderna inom cannabisv\u00e4rlden. Vi v\u00e4rdes\u00e4tter din best\u00e4llning och hanterar din f\u00f6rpackning diskret. V\u00e5r vakuumf\u00f6rpackning och enkla posttj\u00e4nst kommer att vara precis vad du gillar.\u00a0<\/p><\/div><\/div><\/div><\/div><\/div><div class=\"wp-block-uagb-container uagb-block-dd938b3f alignfull uagb-is-root-container\"><div class=\"uagb-container-inner-blocks-wrap\"><div class=\"wp-block-uagb-info-box uagb-block-fb459d06 uagb-infobox__content-wrap  uagb-infobox-icon-above-title uagb-infobox-image-valign-top\"><div class=\"uagb-ifb-content\"><div class=\"uagb-ifb-title-wrap\"><h6 class=\"uagb-ifb-title-prefix\">Fri fr\u00e5n skadliga kemikalier<\/h6><h2 class=\"uagb-ifb-title\">B\u00f6rja din resa mot h\u00e4lsosam, tillfredsst\u00e4llande, aromatisk och smakrik ekologisk WEED.<\/h2><\/div><div class=\"uagb-ifb-button-wrapper wp-block-button\"><a href=\"https:\/\/caliweedeurope.com\/sv\/shop\/\" class=\"uagb-infobox-cta-link wp-block-button__link\" target=\"_self\" rel=\"noopener noreferrer\" onclick=\"return true;\"><span class=\"uagb-inline-editing\">HANDLA NU<\/span><\/a><\/div><\/div><\/div><\/div><\/div><p><\/p>","protected":false},"excerpt":{"rendered":"<p>About cali weed euope Our Mission Our Uniqueness<\/p>","protected":false},"author":1,"featured_media":0,"parent":0,"menu_order":0,"comment_status":"closed","ping_status":"closed","template":"","meta":{"_uag_custom_page_level_css":"","site-sidebar-layout":"no-sidebar","site-content-layout":"page-builder","ast-site-content-layout":"full-width-container","site-content-style":"unboxed","site-sidebar-style":"unboxed","ast-global-header-display":"","ast-banner-title-visibility":"","ast-main-header-display":"","ast-hfb-above-header-display":"","ast-hfb-below-header-display":"","ast-hfb-mobile-header-display":"","site-post-title":"disabled","ast-breadcrumbs-content":"","ast-featured-img":"disabled","footer-sml-layout":"","ast-disable-related-posts":"","theme-transparent-header-meta":"","adv-header-id-meta":"","stick-header-meta":"","header-above-stick-meta":"","header-main-stick-meta":"","header-below-stick-meta":"","astra-migrate-meta-layouts":"set","ast-page-background-enabled":"default","ast-page-background-meta":{"desktop":{"background-color":"var(--ast-global-color-5)","background-image":"","background-repeat":"repeat","background-position":"center center","background-size":"auto","background-attachment":"scroll","background-type":"","background-media":"","overlay-type":"","overlay-color":"","overlay-opacity":"","overlay-gradient":""},"tablet":{"background-color":"","background-image":"","background-repeat":"repeat","background-position":"center center","background-size":"auto","background-attachment":"scroll","background-type":"","background-media":"","overlay-type":"","overlay-color":"","overlay-opacity":"","overlay-gradient":""},"mobile":{"background-color":"","background-image":"","background-repeat":"repeat","background-position":"center center","background-size":"auto","background-attachment":"scroll","background-type":"","background-media":"","overlay-type":"","overlay-color":"","overlay-opacity":"","overlay-gradient":""}},"ast-content-background-meta":{"desktop":{"background-color":"var(--ast-global-color-4)","background-image":"","background-repeat":"repeat","background-position":"center center","background-size":"auto","background-attachment":"scroll","background-type":"","background-media":"","overlay-type":"","overlay-color":"","overlay-opacity":"","overlay-gradient":""},"tablet":{"background-color":"var(--ast-global-color-4)","background-image":"","background-repeat":"repeat","background-position":"center center","background-size":"auto","background-attachment":"scroll","background-type":"","background-media":"","overlay-type":"","overlay-color":"","overlay-opacity":"","overlay-gradient":""},"mobile":{"background-color":"var(--ast-global-color-4)","background-image":"","background-repeat":"repeat","background-position":"center center","background-size":"auto","background-attachment":"scroll","background-type":"","background-media":"","overlay-type":"","overlay-color":"","overlay-opacity":"","overlay-gradient":""}},"footnotes":""},"class_list":["post-329","page","type-page","status-publish","hentry"],"uagb_featured_image_src":{"full":false,"thumbnail":false,"medium":false,"medium_large":false,"large":false,"1536x1536":false,"2048x2048":false,"trp-custom-language-flag":false,"woocommerce_thumbnail":false,"woocommerce_single":false,"woocommerce_gallery_thumbnail":false},"uagb_author_info":{"display_name":"jetskiforsaleuk@gmail.com","author_link":"https:\/\/caliweedeurope.com\/sv\/author\/jetskiforsaleukgmail-com\/"},"uagb_comment_info":0,"uagb_excerpt":"About cali weed euope Our Mission Our Uniqueness","_links":{"self":[{"href":"https:\/\/caliweedeurope.com\/sv\/wp-json\/wp\/v2\/pages\/329"}],"collection":[{"href":"https:\/\/caliweedeurope.com\/sv\/wp-json\/wp\/v2\/pages"}],"about":[{"href":"https:\/\/caliweedeurope.com\/sv\/wp-json\/wp\/v2\/types\/page"}],"author":[{"embeddable":true,"href":"https:\/\/caliweedeurope.com\/sv\/wp-json\/wp\/v2\/users\/1"}],"replies":[{"embeddable":true,"href":"https:\/\/caliweedeurope.com\/sv\/wp-json\/wp\/v2\/comments?post=329"}],"version-history":[{"count":0,"href":"https:\/\/caliweedeurope.com\/sv\/wp-json\/wp\/v2\/pages\/329\/revisions"}],"wp:attachment":[{"href":"https:\/\/caliweedeurope.com\/sv\/wp-json\/wp\/v2\/media?parent=329"}],"curies":[{"name":"wp","href":"https:\/\/api.w.org\/{rel}","templated":true}]}}