{"id":1191,"date":"2024-11-03T21:31:25","date_gmt":"2024-11-03T21:31:25","guid":{"rendered":"https:\/\/caliweedeurope.com\/?post_type=product&#038;p=1191"},"modified":"2024-11-03T21:31:28","modified_gmt":"2024-11-03T21:31:28","slug":"zaza-weed-strain","status":"publish","type":"product","link":"https:\/\/caliweedeurope.com\/sv\/product\/zaza-weed-strain\/","title":{"rendered":"zaza weed strain"},"content":{"rendered":"<p class=\"translation-block\">ZaZa weed \u00e4r en <a href=\"https:\/\/www.leafly.com\/strains\/lists\/category\/hybrid\" target=\"_blank\" rel=\"noopener\">hybrid<\/a> cannabisstam som skapats genom att korsa de potenta Blue Dream X Rare Dankness-stammarna. K\u00e4nd f\u00f6r sin mycket s\u00f6vande effekt och l\u00e5ngvariga verkan, \u00e4r ZaZa den perfekta dr\u00f6mlika stammen f\u00f6r alla som beh\u00f6ver lite extra hj\u00e4lp f\u00f6r att somna p\u00e5 natten.<\/p>\n<h2 style=\"text-align: center\">Vad betyder ZAZA?<\/h2>\n<p>Zaza \u00e4r b\u00e5de en hybrid-cannabissort och en urban referens till exotisk eller f\u00f6rstklassig marijuana. Det representerar ocks\u00e5 de nyaste och h\u00e4ftigaste sorterna p\u00e5 marknaden.<\/p>\n<p>Visste du att \u00f6ver 800 olika cannabisstammar har identifierats? Exotisk cannabis h\u00e4nvisar till ovanliga eller s\u00e4llsynta stammar med \u00f6nskv\u00e4rda egenskaper. En skicklig odlare vet att val av fr\u00f6n och genetisk kunskap \u00e4r viktiga faktorer n\u00e4r man skapar en exotisk stam. Den m\u00e5ste vara v\u00e4lkurerad, visuellt tilltalande och t\u00e4ckt med glittrande trikomer. En annan faktor som avg\u00f6r att cannabis \u00e4r exotisk \u00e4r dess exklusivitet eller begr\u00e4nsade tillg\u00e4nglighet.<\/p>\n<p>Kalifornien \u00e4r en av de st\u00f6rsta marknaderna f\u00f6r cannabis i v\u00e4rlden, s\u00e5 du kommer garanterat att hitta Zaza-weed som passar din smak.<\/p>\n<p>ZaZa \u00e4r ett utm\u00e4rkt val f\u00f6r hemodlare p\u00e5 alla erfarenhetsniv\u00e5er, eftersom dess struktur \u00e4r mycket l\u00e4tt att trimma och plantorna v\u00e4xer med ett h\u00f6gt f\u00f6rh\u00e5llande mellan kalix och blad. ZaZa ger en mycket stor sk\u00f6rd. B\u00e5de inomhus- och utomhusodling ger extra stora plantor, och efter 8 till 10 veckor \u00e4r du redo att sk\u00f6rda dina frosted ZaZa Nugs. ZaZa har en doft som p\u00e5minner om citronzestig kemisk diesel. De starka blommorna avger ocks\u00e5 dofter av jordig tallmossa och svett. S\u00e5 l\u00e4nge blommorna \u00e4r korrekt torkade har denna sort en mjuk r\u00f6k som smakar surt gas vid inandning. Vid utandning avsl\u00f6jar ZaZa:s r\u00f6k dess signaturkemiska dieselsmak med en citronaktig ammoniakton som tr\u00e4ffar gommen. <a href=\"http:\/\/legitweeddispensary.com\/\" target=\"_blank\" rel=\"noopener\">Nederl\u00e4ndsk cannabisbutik<\/a><\/p>\n<h6>Exotisk, eller exotisk weed, \u00e4r ett slanguttryck f\u00f6r h\u00f6gpotent cannabis som \u00e4r popul\u00e4rt i gatukulturen och rapmusiken. Det \u00e4r ocks\u00e5 k\u00e4nt som 'zaza'.<\/h6>\n<h3>K\u00d6P ZAZA STRAINS ONLINE | ZAZA WEED STRAIN RECENSION<\/h3>\n<p>High b\u00f6rjar med en l\u00e5ngsam uppbyggnad av effekter, som fyller ditt sinne med en lycklig lyftning som v\u00e4xer och expanderar efter din sista utandning. Du kommer k\u00e4nna dig mentalt avslappnad och bekymmersl\u00f6s. Zaza weed strain.<\/p>\n<p>Denna huvudv\u00e4rk kommer snart sprida sig genom hela kroppen och lugna dig till ett l\u00e4tt couch-lock tillst\u00e5nd som ocks\u00e5 \u00e4r starkt sederande.<\/p>\n<h3>VAD BETYDER SLANGORD ZAZA?<\/h3>\n<p class=\"translation-block\">Slangordet \u201cZa\u201d och \u201cZaza\u201d (n\u00e5got stavat Za Za) \u00e4r ett substantiv, som anv\u00e4nds inom rapmusik och kultur f\u00f6r att referera till riktigt bra gr\u00e4s.<\/p>\n<h2>ZAZA GR\u00c4S PRISER<\/h2>\n<p>Bra gr\u00e4s \u00e4r v\u00e4ldigt s\u00e4llsynt och dyrt, de flesta rappare njuter av att r\u00f6ka detta b\u00e4sta exotiska gr\u00e4s p\u00e5 grund av dess terpener. Konsumenter blir ocks\u00e5 informerade om kostnaden p\u00e5 grund av dess \u00e4kthet. Zaza weed strain pris, de flesta kaliforniska dispensaries erbjuder dessa superstarka stammar f\u00f6r 50 $ per 3,5 gram och mer f\u00f6r de b\u00e4sta kaliforniska exotiska stammarna.<\/p>\n<h3>ZAZA-ODLING F\u00d6RS\u00c4LJNING ONLINE | ZAZA GR\u00c4S F\u00d6RS\u00c4LJNING ONLINE<\/h3>\n<p class=\"translation-block\">Njut av dessa super <a href=\"https:\/\/deligentman.com\/marijuana-flowers-uk-with-worldwide-deliveries\/\" target=\"_blank\" rel=\"noopener\">exotiska smaker<\/a> fr\u00e5n oss, Zaza weed till salu online, k\u00f6p Zaza droger online, best\u00e4ll riktig Zaza online, Zaza weed strain recension, k\u00f6p Zaza weed strains online billigt, var kan man k\u00f6pa Zaza weed online, var kan man k\u00f6pa Zaza n\u00e4ra mig, var kan man k\u00f6pa Zaza online, Zaza weed n\u00e4ra mig. <a href=\"http:\/\/hempbudswholesale.com\/\" target=\"_blank\" rel=\"noopener\">Hampablommor grossist<\/a><\/p>\n<h6>V\u00e5ra Mest Popul\u00e4ra Exotiska Gr\u00e4sstammar och Produkter<\/h6>\n<div class=\"LinkSuggestion__LinkSuggestionWrapper-sc-1mdih4x-0 hhaFbj\"><a class=\"LinkSuggestion__Link-sc-1mdih4x-2 jZPuuT\" href=\"https:\/\/deligentman.com\/product\/buy-pink-runtz-pink-runtz-dispensary-order-pink-runtz-online\/\" target=\"_blank\" rel=\"noopener\">Buy Pink Runtz<span class=\"A11yNotice-u1v0gg-0 dWDZbM\">(Opens in a new browser tab)<\/span><\/a><\/div>\n<div class=\"LinkSuggestion__LinkSuggestionWrapper-sc-1mdih4x-0 hhaFbj\"><a class=\"LinkSuggestion__Link-sc-1mdih4x-2 jZPuuT\" href=\"https:\/\/deligentman.com\/product\/banana-runtz-buy-banana-runtz-strain\/\" target=\"_blank\" rel=\"noopener\">K\u00f6p Banana Runtz<span class=\"A11yNotice-u1v0gg-0 dWDZbM\">(Opens in a new browser tab)<\/span><\/a><\/div>\n<div class=\"LinkSuggestion__LinkSuggestionWrapper-sc-1mdih4x-0 hhaFbj\"><a class=\"LinkSuggestion__Link-sc-1mdih4x-2 jZPuuT\" href=\"https:\/\/deligentman.com\/product\/stiiizy-sky-og\/\" target=\"_blank\" rel=\"noopener\">Stiiizy (Sky og)<span class=\"A11yNotice-u1v0gg-0 dWDZbM\">(Opens in a new browser tab)<\/span><\/a><\/div>\n<div class=\"LinkSuggestion__LinkSuggestionWrapper-sc-1mdih4x-0 hhaFbj\"><a class=\"LinkSuggestion__Link-sc-1mdih4x-2 jZPuuT\" href=\"https:\/\/deligentman.com\/product\/strawberry-lemonade-wax\/\" target=\"_blank\" rel=\"noopener\">Strawberry Lemonade Wax<span class=\"A11yNotice-u1v0gg-0 dWDZbM\">(Opens in a new browser tab)<\/span><\/a><\/div>\n<div class=\"LinkSuggestion__LinkSuggestionWrapper-sc-1mdih4x-0 hhaFbj\"><a class=\"LinkSuggestion__Link-sc-1mdih4x-2 jZPuuT\" href=\"https:\/\/deligentman.com\/product\/buy-backpack-boyz-online-where-to-order-backpack-boyz-uk\/\" target=\"_blank\" rel=\"noopener\">backpack boyz<span class=\"A11yNotice-u1v0gg-0 dWDZbM\">(Opens in a new browser tab)<\/span><\/a><\/div>\n<div class=\"LinkSuggestion__LinkSuggestionWrapper-sc-1mdih4x-0 hhaFbj\"><a class=\"LinkSuggestion__Link-sc-1mdih4x-2 jZPuuT\" href=\"https:\/\/deligentman.com\/product\/white-fire-og\/\" target=\"_blank\" rel=\"noopener\">White fire og<span class=\"A11yNotice-u1v0gg-0 dWDZbM\">(Opens in a new browser tab)<\/span><\/a><\/div>\n<div class=\"LinkSuggestion__LinkSuggestionWrapper-sc-1mdih4x-0 hhaFbj\"><a class=\"LinkSuggestion__Link-sc-1mdih4x-2 jZPuuT\" href=\"https:\/\/deligentman.com\/buy-marijuana-online-worldwide\/\" target=\"_blank\" rel=\"noopener\">buy marijuana online with worldwide shipping 2021<span class=\"A11yNotice-u1v0gg-0 dWDZbM\">(Opens in a new browser tab)<\/span><\/a><\/div>\n<div class=\"LinkSuggestion__LinkSuggestionWrapper-sc-1mdih4x-0 hhaFbj\"><a class=\"LinkSuggestion__Link-sc-1mdih4x-2 jZPuuT\" href=\"https:\/\/deligentman.com\/product\/martian-rocks-weed-where-to-buy\/\" target=\"_blank\" rel=\"noopener\">Martian rocks weed where to buy<span class=\"A11yNotice-u1v0gg-0 dWDZbM\">(Opens in a new browser tab)<\/span><\/a><\/div>\n<div class=\"LinkSuggestion__LinkSuggestionWrapper-sc-1mdih4x-0 hhaFbj\"><a class=\"LinkSuggestion__Link-sc-1mdih4x-2 jZPuuT\" href=\"https:\/\/deligentman.com\/mail-order-weed-online-uk\/\" target=\"_blank\" rel=\"noopener\">Mail Order weed online UK<span class=\"A11yNotice-u1v0gg-0 dWDZbM\">(Opens in a new browser tab)<\/span><\/a><\/div>\n<div class=\"LinkSuggestion__LinkSuggestionWrapper-sc-1mdih4x-0 hhaFbj\"><a class=\"LinkSuggestion__Link-sc-1mdih4x-2 jZPuuT\" href=\"https:\/\/deligentman.com\/product\/buy-pounds-of-og-kush-weed-online\/\" target=\"_blank\" rel=\"noopener\">K\u00f6p pund OG Kush gr\u00e4s online<\/a><\/div>","protected":false},"excerpt":{"rendered":"<h2 id=\"h-why-is-weed-called-zaza\">Varf\u00f6r kallas gr\u00e4s f\u00f6r Zaza?<\/h2>\n<p>Populariteten av exotiska cannabisstammar g\u00f6r dem till den perfekta inspirationen f\u00f6r popkulturartister. I raptexter och p\u00e5 sociala medier f\u00f6rkortas exotiskt ofta till 'zaza'.<\/p>\n<p>Trippie Redd rappade: 'Jag r\u00f6ker Zaza, jag \u00e4r i La La fr\u00e5n de tr\u00e4den' i 'Weeeeee', och 21 Savage sa att han r\u00f6kte 'Zaza' i 'Runnin'.<\/p>\n<p class=\"translation-block\">L\u00e4s mer om <a href=\"https:\/\/deligentman.com\/zaza-weed\/\" target=\"_self\">Zaza-stammen<\/a> och recensioner<\/p>","protected":false},"featured_media":1221,"comment_status":"closed","ping_status":"closed","template":"","meta":{"_uag_custom_page_level_css":"","site-sidebar-layout":"default","site-content-layout":"","ast-site-content-layout":"","site-content-style":"default","site-sidebar-style":"default","ast-global-header-display":"","ast-banner-title-visibility":"","ast-main-header-display":"","ast-hfb-above-header-display":"","ast-hfb-below-header-display":"","ast-hfb-mobile-header-display":"","site-post-title":"","ast-breadcrumbs-content":"","ast-featured-img":"","footer-sml-layout":"","theme-transparent-header-meta":"","adv-header-id-meta":"","stick-header-meta":"","header-above-stick-meta":"","header-main-stick-meta":"","header-below-stick-meta":"","astra-migrate-meta-layouts":"default","ast-page-background-enabled":"default","ast-page-background-meta":{"desktop":{"background-color":"var(--ast-global-color-4)","background-image":"","background-repeat":"repeat","background-position":"center center","background-size":"auto","background-attachment":"scroll","background-type":"","background-media":"","overlay-type":"","overlay-color":"","overlay-opacity":"","overlay-gradient":""},"tablet":{"background-color":"","background-image":"","background-repeat":"repeat","background-position":"center center","background-size":"auto","background-attachment":"scroll","background-type":"","background-media":"","overlay-type":"","overlay-color":"","overlay-opacity":"","overlay-gradient":""},"mobile":{"background-color":"","background-image":"","background-repeat":"repeat","background-position":"center center","background-size":"auto","background-attachment":"scroll","background-type":"","background-media":"","overlay-type":"","overlay-color":"","overlay-opacity":"","overlay-gradient":""}},"ast-content-background-meta":{"desktop":{"background-color":"var(--ast-global-color-5)","background-image":"","background-repeat":"repeat","background-position":"center center","background-size":"auto","background-attachment":"scroll","background-type":"","background-media":"","overlay-type":"","overlay-color":"","overlay-opacity":"","overlay-gradient":""},"tablet":{"background-color":"var(--ast-global-color-5)","background-image":"","background-repeat":"repeat","background-position":"center center","background-size":"auto","background-attachment":"scroll","background-type":"","background-media":"","overlay-type":"","overlay-color":"","overlay-opacity":"","overlay-gradient":""},"mobile":{"background-color":"var(--ast-global-color-5)","background-image":"","background-repeat":"repeat","background-position":"center center","background-size":"auto","background-attachment":"scroll","background-type":"","background-media":"","overlay-type":"","overlay-color":"","overlay-opacity":"","overlay-gradient":""}}},"product_brand":[],"product_cat":[22],"product_tag":[23,24,25,26,27],"class_list":{"0":"post-1191","1":"product","2":"type-product","3":"status-publish","4":"has-post-thumbnail","6":"product_cat-hybrid","7":"product_tag-real-zaza-strain","8":"product_tag-what-is-zaza","9":"product_tag-zaza-marijuana","10":"product_tag-zaza-weed","11":"product_tag-zaza-weed-strain","12":"desktop-align-center","13":"tablet-align-left","14":"mobile-align-left","16":"first","17":"instock","18":"sale","19":"shipping-taxable","20":"purchasable","21":"product-type-simple"},"uagb_featured_image_src":{"full":["https:\/\/caliweedeurope.com\/wp-content\/uploads\/2024\/11\/Zaza-weed-strain.jpeg",1125,1478,false],"thumbnail":["https:\/\/caliweedeurope.com\/wp-content\/uploads\/2024\/11\/Zaza-weed-strain-150x150.jpeg",150,150,true],"medium":["https:\/\/caliweedeurope.com\/wp-content\/uploads\/2024\/11\/Zaza-weed-strain-228x300.jpeg",228,300,true],"medium_large":["https:\/\/caliweedeurope.com\/wp-content\/uploads\/2024\/11\/Zaza-weed-strain-768x1009.jpeg",768,1009,true],"large":["https:\/\/caliweedeurope.com\/wp-content\/uploads\/2024\/11\/Zaza-weed-strain-779x1024.jpeg",779,1024,true],"1536x1536":["https:\/\/caliweedeurope.com\/wp-content\/uploads\/2024\/11\/Zaza-weed-strain.jpeg",1125,1478,false],"2048x2048":["https:\/\/caliweedeurope.com\/wp-content\/uploads\/2024\/11\/Zaza-weed-strain.jpeg",1125,1478,false],"trp-custom-language-flag":["https:\/\/caliweedeurope.com\/wp-content\/uploads\/2024\/11\/Zaza-weed-strain.jpeg",9,12,false],"woocommerce_thumbnail":["https:\/\/caliweedeurope.com\/wp-content\/uploads\/2024\/11\/Zaza-weed-strain-300x300.jpeg",300,300,true],"woocommerce_single":["https:\/\/caliweedeurope.com\/wp-content\/uploads\/2024\/11\/Zaza-weed-strain-600x788.jpeg",600,788,true],"woocommerce_gallery_thumbnail":["https:\/\/caliweedeurope.com\/wp-content\/uploads\/2024\/11\/Zaza-weed-strain-100x100.jpeg",100,100,true]},"uagb_author_info":{"display_name":"jetskiforsaleuk@gmail.com","author_link":"https:\/\/caliweedeurope.com\/sv\/author\/"},"uagb_comment_info":0,"uagb_excerpt":"Why is weed called zaza? The popularity of exotic weed strains makes them the perfect inspiration for pop culture artists. In rap lyrics and social media, exotic is often shortened to \u201czaza.\u201d Trippie Redd rapped, \u201cI smoke Zaza I\u2019m in La La off them trees\u201d in \u201cWeeeeee,\u201d and 21 Savage said he was, \u201csmokin on&hellip;","_links":{"self":[{"href":"https:\/\/caliweedeurope.com\/sv\/wp-json\/wp\/v2\/product\/1191"}],"collection":[{"href":"https:\/\/caliweedeurope.com\/sv\/wp-json\/wp\/v2\/product"}],"about":[{"href":"https:\/\/caliweedeurope.com\/sv\/wp-json\/wp\/v2\/types\/product"}],"replies":[{"embeddable":true,"href":"https:\/\/caliweedeurope.com\/sv\/wp-json\/wp\/v2\/comments?post=1191"}],"wp:featuredmedia":[{"embeddable":true,"href":"https:\/\/caliweedeurope.com\/sv\/wp-json\/wp\/v2\/media\/1221"}],"wp:attachment":[{"href":"https:\/\/caliweedeurope.com\/sv\/wp-json\/wp\/v2\/media?parent=1191"}],"wp:term":[{"taxonomy":"product_brand","embeddable":true,"href":"https:\/\/caliweedeurope.com\/sv\/wp-json\/wp\/v2\/product_brand?post=1191"},{"taxonomy":"product_cat","embeddable":true,"href":"https:\/\/caliweedeurope.com\/sv\/wp-json\/wp\/v2\/product_cat?post=1191"},{"taxonomy":"product_tag","embeddable":true,"href":"https:\/\/caliweedeurope.com\/sv\/wp-json\/wp\/v2\/product_tag?post=1191"}],"curies":[{"name":"wp","href":"https:\/\/api.w.org\/{rel}","templated":true}]}}