{"id":1198,"date":"2024-11-03T21:31:25","date_gmt":"2024-11-03T21:31:25","guid":{"rendered":"https:\/\/caliweedeurope.com\/?post_type=product&#038;p=1198"},"modified":"2024-11-06T02:59:58","modified_gmt":"2024-11-06T02:59:58","slug":"moon-rock-ice","status":"publish","type":"product","link":"https:\/\/caliweedeurope.com\/sv\/product\/moon-rock-ice\/","title":{"rendered":"moon rock ice"},"content":{"rendered":"<h2>Vad \u00e4r Moonrocks?<\/h2>\n<p>Moonrocks \u00e4r en unik och potent form av cannabis som kombinerar h\u00f6gkvalitativa blommor, koncentrat och kief. Dessa cannabisprodukter \u00e4r k\u00e4nda f\u00f6r sitt h\u00f6ga THC-inneh\u00e5ll, vilket g\u00f6r dem popul\u00e4ra bland entusiaster som s\u00f6ker en kraftfull upplevelse.<\/p>\n<h2>Var kan man k\u00f6pa Moonrocks online<\/h2>\n<p>Om du letar efter att k\u00f6pa Moonrocks online, \u00e4r du p\u00e5 r\u00e4tt plats. V\u00e5r Moonrock-cannabisshop erbjuder ett brett urval av premium Moonrock-stammar som passar olika preferenser. Med konkurrenskraftiga priser p\u00e5 Moonrocks online kan du unna dig sj\u00e4lv utan att spr\u00e4cka banken.<\/p>\n<h2>Njut av bekv\u00e4m Moonrock-leveranstj\u00e4nst<\/h2>\n<p>Att best\u00e4lla Moonrock weed har aldrig varit l\u00e4ttare. V\u00e5r effektiva Moonrock-leveranstj\u00e4nst ser till att du f\u00e5r dina h\u00f6gkvalitativa Moonrocks snabbt. Upplev det b\u00e4sta Moonrock weed idag och h\u00f6j din cannabisresa med v\u00e5ra kraftfulla alternativ! Att best\u00e4lla Moon Rock Ice har aldrig varit enklare. V\u00e5r p\u00e5litliga leveranstj\u00e4nst garanterar att ditt premium Moon Rock Ice anl\u00e4nder i tid. Uppt\u00e4ck den ultimata Moon Rock-upplevelsen nu och f\u00f6rb\u00e4ttra din cannabisresa med v\u00e5rt kraftfulla urval!<\/p>","protected":false},"excerpt":{"rendered":"<p>K\u00f6p Ice Moon Rock, Iced Moon Rock till salu, k\u00f6p Kush online<\/p>\n<p>Dr. Zodiak\u2019s Moonrock Ice (Ny!) 99% THCa (1 gram \u2013 Premium)<br \/>\nK\u00f6p Ice MoonRocks online, Iced Moon Rock till salu, k\u00f6p Kush online, dispensarier som s\u00e4ljer Moon Rocks. Dr. Zodiak presenterar Moonrock ICE \u2013 Kristallin \u2013 Knopp \u2013 Klar \u2013 99% THC-A<\/p>\n<p>THCa-kristallin utvecklades f\u00f6r att leverera stora, m\u00e4tbara doser av THCa och \u00e4r k\u00e4nt som det renaste isolatet p\u00e5 marknaden med en testning p\u00e5 99-100%.<\/p>\n<p>Denna rena THCa omvandlas till THC vid f\u00f6r\u00e5ngning och skapar en klar och mycket cerebral effekt, eller f\u00f6rblir icke-psykoaktiv vid intag. K\u00f6p Ice MoonRock<\/p>\n<p>K\u00f6p Ice Moon Rock, Iced Moon Rock till salu, k\u00f6p Kush online<\/p>","protected":false},"featured_media":1225,"comment_status":"closed","ping_status":"closed","template":"","meta":{"_uag_custom_page_level_css":"","site-sidebar-layout":"default","site-content-layout":"","ast-site-content-layout":"default","site-content-style":"default","site-sidebar-style":"default","ast-global-header-display":"","ast-banner-title-visibility":"","ast-main-header-display":"","ast-hfb-above-header-display":"","ast-hfb-below-header-display":"","ast-hfb-mobile-header-display":"","site-post-title":"","ast-breadcrumbs-content":"","ast-featured-img":"","footer-sml-layout":"","theme-transparent-header-meta":"default","adv-header-id-meta":"","stick-header-meta":"","header-above-stick-meta":"","header-main-stick-meta":"","header-below-stick-meta":"","astra-migrate-meta-layouts":"set","ast-page-background-enabled":"default","ast-page-background-meta":{"desktop":{"background-color":"var(--ast-global-color-4)","background-image":"","background-repeat":"repeat","background-position":"center center","background-size":"auto","background-attachment":"scroll","background-type":"","background-media":"","overlay-type":"","overlay-color":"","overlay-opacity":"","overlay-gradient":""},"tablet":{"background-color":"","background-image":"","background-repeat":"repeat","background-position":"center center","background-size":"auto","background-attachment":"scroll","background-type":"","background-media":"","overlay-type":"","overlay-color":"","overlay-opacity":"","overlay-gradient":""},"mobile":{"background-color":"","background-image":"","background-repeat":"repeat","background-position":"center center","background-size":"auto","background-attachment":"scroll","background-type":"","background-media":"","overlay-type":"","overlay-color":"","overlay-opacity":"","overlay-gradient":""}},"ast-content-background-meta":{"desktop":{"background-color":"var(--ast-global-color-5)","background-image":"","background-repeat":"repeat","background-position":"center center","background-size":"auto","background-attachment":"scroll","background-type":"","background-media":"","overlay-type":"","overlay-color":"","overlay-opacity":"","overlay-gradient":""},"tablet":{"background-color":"var(--ast-global-color-5)","background-image":"","background-repeat":"repeat","background-position":"center center","background-size":"auto","background-attachment":"scroll","background-type":"","background-media":"","overlay-type":"","overlay-color":"","overlay-opacity":"","overlay-gradient":""},"mobile":{"background-color":"var(--ast-global-color-5)","background-image":"","background-repeat":"repeat","background-position":"center center","background-size":"auto","background-attachment":"scroll","background-type":"","background-media":"","overlay-type":"","overlay-color":"","overlay-opacity":"","overlay-gradient":""}}},"product_brand":[],"product_cat":[748],"product_tag":[54,55,56,57,58],"class_list":{"0":"post-1198","1":"product","2":"type-product","3":"status-publish","4":"has-post-thumbnail","6":"product_cat-weed-moonrock","7":"product_tag-dr-zodiak-dispensary-reviews","8":"product_tag-dr-zodiak-moonrock-near-me","9":"product_tag-ice-capz-moon-rocks","10":"product_tag-moonrock-ice-for-sale","11":"product_tag-moonrock-ice-near-me","12":"desktop-align-center","13":"tablet-align-left","14":"mobile-align-left","16":"first","17":"instock","18":"shipping-taxable","19":"purchasable","20":"product-type-variable"},"uagb_featured_image_src":{"full":["https:\/\/caliweedeurope.com\/wp-content\/uploads\/2024\/11\/ice-moonrock.jpg",750,750,false],"thumbnail":["https:\/\/caliweedeurope.com\/wp-content\/uploads\/2024\/11\/ice-moonrock-150x150.jpg",150,150,true],"medium":["https:\/\/caliweedeurope.com\/wp-content\/uploads\/2024\/11\/ice-moonrock-300x300.jpg",300,300,true],"medium_large":["https:\/\/caliweedeurope.com\/wp-content\/uploads\/2024\/11\/ice-moonrock.jpg",750,750,false],"large":["https:\/\/caliweedeurope.com\/wp-content\/uploads\/2024\/11\/ice-moonrock.jpg",750,750,false],"1536x1536":["https:\/\/caliweedeurope.com\/wp-content\/uploads\/2024\/11\/ice-moonrock.jpg",750,750,false],"2048x2048":["https:\/\/caliweedeurope.com\/wp-content\/uploads\/2024\/11\/ice-moonrock.jpg",750,750,false],"trp-custom-language-flag":["https:\/\/caliweedeurope.com\/wp-content\/uploads\/2024\/11\/ice-moonrock.jpg",12,12,false],"woocommerce_thumbnail":["https:\/\/caliweedeurope.com\/wp-content\/uploads\/2024\/11\/ice-moonrock-300x300.jpg",300,300,true],"woocommerce_single":["https:\/\/caliweedeurope.com\/wp-content\/uploads\/2024\/11\/ice-moonrock-600x600.jpg",600,600,true],"woocommerce_gallery_thumbnail":["https:\/\/caliweedeurope.com\/wp-content\/uploads\/2024\/11\/ice-moonrock-100x100.jpg",100,100,true]},"uagb_author_info":{"display_name":"jetskiforsaleuk@gmail.com","author_link":"https:\/\/caliweedeurope.com\/sv\/author\/"},"uagb_comment_info":0,"uagb_excerpt":"buy Ice Moon Rock iced Moon rock for sale Buy Kush online Dr. Zodiak\u2019s Moonrock Ice (New!) 99% THCa (1 Gram \u2013 Premium) buy Ice MoonRocks online iced Moon rock for sale Buy Kush online dispensaries that sell moon rocks Dr. Zodiak Presents Moonrock ICE \u2013 Crystalline -Bud \u2013 Clear \u2013 99% THC-A THCa Crystalline&hellip;","_links":{"self":[{"href":"https:\/\/caliweedeurope.com\/sv\/wp-json\/wp\/v2\/product\/1198"}],"collection":[{"href":"https:\/\/caliweedeurope.com\/sv\/wp-json\/wp\/v2\/product"}],"about":[{"href":"https:\/\/caliweedeurope.com\/sv\/wp-json\/wp\/v2\/types\/product"}],"replies":[{"embeddable":true,"href":"https:\/\/caliweedeurope.com\/sv\/wp-json\/wp\/v2\/comments?post=1198"}],"wp:featuredmedia":[{"embeddable":true,"href":"https:\/\/caliweedeurope.com\/sv\/wp-json\/wp\/v2\/media\/1225"}],"wp:attachment":[{"href":"https:\/\/caliweedeurope.com\/sv\/wp-json\/wp\/v2\/media?parent=1198"}],"wp:term":[{"taxonomy":"product_brand","embeddable":true,"href":"https:\/\/caliweedeurope.com\/sv\/wp-json\/wp\/v2\/product_brand?post=1198"},{"taxonomy":"product_cat","embeddable":true,"href":"https:\/\/caliweedeurope.com\/sv\/wp-json\/wp\/v2\/product_cat?post=1198"},{"taxonomy":"product_tag","embeddable":true,"href":"https:\/\/caliweedeurope.com\/sv\/wp-json\/wp\/v2\/product_tag?post=1198"}],"curies":[{"name":"wp","href":"https:\/\/api.w.org\/{rel}","templated":true}]}}