{"id":1213,"date":"2024-11-03T21:31:25","date_gmt":"2024-11-03T21:31:25","guid":{"rendered":"https:\/\/caliweedeurope.com\/?post_type=product&#038;p=1213"},"modified":"2024-11-03T21:31:44","modified_gmt":"2024-11-03T21:31:44","slug":"moonshine-haze","status":"publish","type":"product","link":"https:\/\/caliweedeurope.com\/sv\/product\/moonshine-haze\/","title":{"rendered":"Moonshine Haze"},"content":{"rendered":"<p>De spjutformade och spetsiga colas p\u00e5minner om de fr\u00e5n Trainwreck, men annars liknar den mest den s\u00f6ta Amnesia Haze, med \u00e4ven vissa inslag av den r\u00f6riga och n\u00e5got musky Neville's Haze. M\u00e5nga av bilderna nedan kommer fr\u00e5n en batch som personligen odlades av Scott fr\u00e5n Rare Dankness Seeds och \u00e4r fr\u00e5n samma batch som vann Cannabis Cup i Amsterdam.<\/p>","protected":false},"excerpt":{"rendered":"<p>Denna hybrid chockade v\u00e4rlden n\u00e4r den vann High Times Cannabis Cup 2011 i Amsterdam f\u00f6r 'Best Seed Company Sativa', efter att ha blivit inskickad av den debuterande t\u00e4vlande Rare Dankness Seeds. Moonshine Haze \u00e4r en klassisk fusion av n\u00e5gra av de b\u00e4sta Hazes som den nederl\u00e4ndska scenen har att erbjuda, med lite kalifornisk genetik (Trainwreck) f\u00f6r att krydda paketet. <\/p>","protected":false},"featured_media":1231,"comment_status":"closed","ping_status":"closed","template":"","meta":{"_uag_custom_page_level_css":"","site-sidebar-layout":"default","site-content-layout":"","ast-site-content-layout":"","site-content-style":"default","site-sidebar-style":"default","ast-global-header-display":"","ast-banner-title-visibility":"","ast-main-header-display":"","ast-hfb-above-header-display":"","ast-hfb-below-header-display":"","ast-hfb-mobile-header-display":"","site-post-title":"","ast-breadcrumbs-content":"","ast-featured-img":"","footer-sml-layout":"","theme-transparent-header-meta":"","adv-header-id-meta":"","stick-header-meta":"","header-above-stick-meta":"","header-main-stick-meta":"","header-below-stick-meta":"","astra-migrate-meta-layouts":"default","ast-page-background-enabled":"default","ast-page-background-meta":{"desktop":{"background-color":"var(--ast-global-color-4)","background-image":"","background-repeat":"repeat","background-position":"center center","background-size":"auto","background-attachment":"scroll","background-type":"","background-media":"","overlay-type":"","overlay-color":"","overlay-opacity":"","overlay-gradient":""},"tablet":{"background-color":"","background-image":"","background-repeat":"repeat","background-position":"center center","background-size":"auto","background-attachment":"scroll","background-type":"","background-media":"","overlay-type":"","overlay-color":"","overlay-opacity":"","overlay-gradient":""},"mobile":{"background-color":"","background-image":"","background-repeat":"repeat","background-position":"center center","background-size":"auto","background-attachment":"scroll","background-type":"","background-media":"","overlay-type":"","overlay-color":"","overlay-opacity":"","overlay-gradient":""}},"ast-content-background-meta":{"desktop":{"background-color":"var(--ast-global-color-5)","background-image":"","background-repeat":"repeat","background-position":"center center","background-size":"auto","background-attachment":"scroll","background-type":"","background-media":"","overlay-type":"","overlay-color":"","overlay-opacity":"","overlay-gradient":""},"tablet":{"background-color":"var(--ast-global-color-5)","background-image":"","background-repeat":"repeat","background-position":"center center","background-size":"auto","background-attachment":"scroll","background-type":"","background-media":"","overlay-type":"","overlay-color":"","overlay-opacity":"","overlay-gradient":""},"mobile":{"background-color":"var(--ast-global-color-5)","background-image":"","background-repeat":"repeat","background-position":"center center","background-size":"auto","background-attachment":"scroll","background-type":"","background-media":"","overlay-type":"","overlay-color":"","overlay-opacity":"","overlay-gradient":""}}},"product_brand":[],"product_cat":[59],"product_tag":[84,85,86,87,88],"class_list":{"0":"post-1213","1":"product","2":"type-product","3":"status-publish","4":"has-post-thumbnail","6":"product_cat-cali-tins","7":"product_tag-mimosa-strain","8":"product_tag-mimosa-strain-anxiety","9":"product_tag-mimosa-strain-effects","10":"product_tag-mimosa-strain-seeds","11":"product_tag-mimosa-strain-uk","12":"desktop-align-center","13":"tablet-align-left","14":"mobile-align-left","16":"first","17":"instock","18":"shipping-taxable","19":"purchasable","20":"product-type-variable"},"uagb_featured_image_src":{"full":["https:\/\/caliweedeurope.com\/wp-content\/uploads\/2024\/11\/3ae7417e-142b-4a9b-b23d-a514054c7036.jpg",828,825,false],"thumbnail":["https:\/\/caliweedeurope.com\/wp-content\/uploads\/2024\/11\/3ae7417e-142b-4a9b-b23d-a514054c7036-150x150.jpg",150,150,true],"medium":["https:\/\/caliweedeurope.com\/wp-content\/uploads\/2024\/11\/3ae7417e-142b-4a9b-b23d-a514054c7036-300x300.jpg",300,300,true],"medium_large":["https:\/\/caliweedeurope.com\/wp-content\/uploads\/2024\/11\/3ae7417e-142b-4a9b-b23d-a514054c7036-768x765.jpg",768,765,true],"large":["https:\/\/caliweedeurope.com\/wp-content\/uploads\/2024\/11\/3ae7417e-142b-4a9b-b23d-a514054c7036.jpg",828,825,false],"1536x1536":["https:\/\/caliweedeurope.com\/wp-content\/uploads\/2024\/11\/3ae7417e-142b-4a9b-b23d-a514054c7036.jpg",828,825,false],"2048x2048":["https:\/\/caliweedeurope.com\/wp-content\/uploads\/2024\/11\/3ae7417e-142b-4a9b-b23d-a514054c7036.jpg",828,825,false],"trp-custom-language-flag":["https:\/\/caliweedeurope.com\/wp-content\/uploads\/2024\/11\/3ae7417e-142b-4a9b-b23d-a514054c7036.jpg",12,12,false],"woocommerce_thumbnail":["https:\/\/caliweedeurope.com\/wp-content\/uploads\/2024\/11\/3ae7417e-142b-4a9b-b23d-a514054c7036-300x300.jpg",300,300,true],"woocommerce_single":["https:\/\/caliweedeurope.com\/wp-content\/uploads\/2024\/11\/3ae7417e-142b-4a9b-b23d-a514054c7036-600x598.jpg",600,598,true],"woocommerce_gallery_thumbnail":["https:\/\/caliweedeurope.com\/wp-content\/uploads\/2024\/11\/3ae7417e-142b-4a9b-b23d-a514054c7036-100x100.jpg",100,100,true]},"uagb_author_info":{"display_name":"jetskiforsaleuk@gmail.com","author_link":"https:\/\/caliweedeurope.com\/sv\/author\/"},"uagb_comment_info":0,"uagb_excerpt":"This hybrid stunned the world when it won the 2011 High Times Cannabis Cup in Amsterdam for the &#8220;Best Seed Company Sativa&#8221; after being entered by first-time competitor Rare Dankness Seeds. Moonshine Haze is a classic fusion of some of the best Hazes the Dutch scene has to offer with just a little bit of&hellip;","_links":{"self":[{"href":"https:\/\/caliweedeurope.com\/sv\/wp-json\/wp\/v2\/product\/1213"}],"collection":[{"href":"https:\/\/caliweedeurope.com\/sv\/wp-json\/wp\/v2\/product"}],"about":[{"href":"https:\/\/caliweedeurope.com\/sv\/wp-json\/wp\/v2\/types\/product"}],"replies":[{"embeddable":true,"href":"https:\/\/caliweedeurope.com\/sv\/wp-json\/wp\/v2\/comments?post=1213"}],"wp:featuredmedia":[{"embeddable":true,"href":"https:\/\/caliweedeurope.com\/sv\/wp-json\/wp\/v2\/media\/1231"}],"wp:attachment":[{"href":"https:\/\/caliweedeurope.com\/sv\/wp-json\/wp\/v2\/media?parent=1213"}],"wp:term":[{"taxonomy":"product_brand","embeddable":true,"href":"https:\/\/caliweedeurope.com\/sv\/wp-json\/wp\/v2\/product_brand?post=1213"},{"taxonomy":"product_cat","embeddable":true,"href":"https:\/\/caliweedeurope.com\/sv\/wp-json\/wp\/v2\/product_cat?post=1213"},{"taxonomy":"product_tag","embeddable":true,"href":"https:\/\/caliweedeurope.com\/sv\/wp-json\/wp\/v2\/product_tag?post=1213"}],"curies":[{"name":"wp","href":"https:\/\/api.w.org\/{rel}","templated":true}]}}