{"id":1218,"date":"2024-11-03T21:31:26","date_gmt":"2024-11-03T21:31:26","guid":{"rendered":"https:\/\/caliweedeurope.com\/?post_type=product&#038;p=1218"},"modified":"2024-11-06T04:00:37","modified_gmt":"2024-11-06T04:00:37","slug":"lucky-charms","status":"publish","type":"product","link":"https:\/\/caliweedeurope.com\/sv\/product\/lucky-charms\/","title":{"rendered":"Lucky Charms"},"content":{"rendered":"<p>Var kan man k\u00f6pa Lucky Charms Weed online?<br \/>\nEffekten fr\u00e5n denna sort kan komma l\u00e5ngsamt \u2013 utan den initiala ruschen som f\u00f6rknippas med m\u00e5nga cerebrala sativa-sorter. Denna indica ger gradvis en k\u00e4nsla av fysisk avslappning och ett f\u00f6r\u00e4ndrat tankes\u00e4tt som kan \u00f6verraska r\u00f6kare. Denna lugna indica-k\u00e4nsla \u00e4r utm\u00e4rkt f\u00f6r vila och stressreducering, men leder inte n\u00f6dv\u00e4ndigtvis till f\u00f6rlamande sofflock. Dock \u00e4r sofflock m\u00f6jligt med st\u00f6rre doser. De fysiska effekterna av Blue Cheese g\u00f6r den till ett bra medel f\u00f6r att lindra mindre sm\u00e4rtor samt f\u00f6r att motverka s\u00f6mnl\u00f6shet. Best\u00e4ll Lucky Charms Luxemburg.<\/p>","protected":false},"excerpt":{"rendered":"<ul>\n<li>\u00a0Best\u00e4ll Lucky Charms Luxemburg. Namnet har mer att g\u00f6ra med dess h\u00e4rstamning \u00e4n smak. Blue Cheese uppn\u00e5r sin styrka med en genomsnittlig THC-halt p\u00e5 cirka 15 % till 20 %.<\/li>\n<\/ul>","protected":false},"featured_media":1233,"comment_status":"closed","ping_status":"closed","template":"","meta":{"_uag_custom_page_level_css":"","site-sidebar-layout":"default","site-content-layout":"","ast-site-content-layout":"default","site-content-style":"default","site-sidebar-style":"default","ast-global-header-display":"","ast-banner-title-visibility":"","ast-main-header-display":"","ast-hfb-above-header-display":"","ast-hfb-below-header-display":"","ast-hfb-mobile-header-display":"","site-post-title":"","ast-breadcrumbs-content":"","ast-featured-img":"","footer-sml-layout":"","theme-transparent-header-meta":"default","adv-header-id-meta":"","stick-header-meta":"","header-above-stick-meta":"","header-main-stick-meta":"","header-below-stick-meta":"","astra-migrate-meta-layouts":"set","ast-page-background-enabled":"default","ast-page-background-meta":{"desktop":{"background-color":"var(--ast-global-color-4)","background-image":"","background-repeat":"repeat","background-position":"center center","background-size":"auto","background-attachment":"scroll","background-type":"","background-media":"","overlay-type":"","overlay-color":"","overlay-opacity":"","overlay-gradient":""},"tablet":{"background-color":"","background-image":"","background-repeat":"repeat","background-position":"center center","background-size":"auto","background-attachment":"scroll","background-type":"","background-media":"","overlay-type":"","overlay-color":"","overlay-opacity":"","overlay-gradient":""},"mobile":{"background-color":"","background-image":"","background-repeat":"repeat","background-position":"center center","background-size":"auto","background-attachment":"scroll","background-type":"","background-media":"","overlay-type":"","overlay-color":"","overlay-opacity":"","overlay-gradient":""}},"ast-content-background-meta":{"desktop":{"background-color":"var(--ast-global-color-5)","background-image":"","background-repeat":"repeat","background-position":"center center","background-size":"auto","background-attachment":"scroll","background-type":"","background-media":"","overlay-type":"","overlay-color":"","overlay-opacity":"","overlay-gradient":""},"tablet":{"background-color":"var(--ast-global-color-5)","background-image":"","background-repeat":"repeat","background-position":"center center","background-size":"auto","background-attachment":"scroll","background-type":"","background-media":"","overlay-type":"","overlay-color":"","overlay-opacity":"","overlay-gradient":""},"mobile":{"background-color":"var(--ast-global-color-5)","background-image":"","background-repeat":"repeat","background-position":"center center","background-size":"auto","background-attachment":"scroll","background-type":"","background-media":"","overlay-type":"","overlay-color":"","overlay-opacity":"","overlay-gradient":""}}},"product_brand":[],"product_cat":[59],"product_tag":[89,90,91,92,93],"class_list":{"0":"post-1218","1":"product","2":"type-product","3":"status-publish","4":"has-post-thumbnail","6":"product_cat-cali-tins","7":"product_tag-lucky-charms-cereal-uk-asda","8":"product_tag-lucky-charms-marshmallows-uk","9":"product_tag-lucky-charms-sainsburys","10":"product_tag-lucky-charms-uk","11":"product_tag-uk-version-of-lucky-charms","12":"desktop-align-center","13":"tablet-align-left","14":"mobile-align-left","16":"first","17":"instock","18":"shipping-taxable","19":"purchasable","20":"product-type-variable"},"uagb_featured_image_src":{"full":["https:\/\/caliweedeurope.com\/wp-content\/uploads\/2024\/11\/WhatsApp-Image-2019-12-06-at-12.20.19-PM-300x300-1.jpeg",300,300,false],"thumbnail":["https:\/\/caliweedeurope.com\/wp-content\/uploads\/2024\/11\/WhatsApp-Image-2019-12-06-at-12.20.19-PM-300x300-1-150x150.jpeg",150,150,true],"medium":["https:\/\/caliweedeurope.com\/wp-content\/uploads\/2024\/11\/WhatsApp-Image-2019-12-06-at-12.20.19-PM-300x300-1.jpeg",300,300,false],"medium_large":["https:\/\/caliweedeurope.com\/wp-content\/uploads\/2024\/11\/WhatsApp-Image-2019-12-06-at-12.20.19-PM-300x300-1.jpeg",300,300,false],"large":["https:\/\/caliweedeurope.com\/wp-content\/uploads\/2024\/11\/WhatsApp-Image-2019-12-06-at-12.20.19-PM-300x300-1.jpeg",300,300,false],"1536x1536":["https:\/\/caliweedeurope.com\/wp-content\/uploads\/2024\/11\/WhatsApp-Image-2019-12-06-at-12.20.19-PM-300x300-1.jpeg",300,300,false],"2048x2048":["https:\/\/caliweedeurope.com\/wp-content\/uploads\/2024\/11\/WhatsApp-Image-2019-12-06-at-12.20.19-PM-300x300-1.jpeg",300,300,false],"trp-custom-language-flag":["https:\/\/caliweedeurope.com\/wp-content\/uploads\/2024\/11\/WhatsApp-Image-2019-12-06-at-12.20.19-PM-300x300-1.jpeg",12,12,false],"woocommerce_thumbnail":["https:\/\/caliweedeurope.com\/wp-content\/uploads\/2024\/11\/WhatsApp-Image-2019-12-06-at-12.20.19-PM-300x300-1.jpeg",300,300,false],"woocommerce_single":["https:\/\/caliweedeurope.com\/wp-content\/uploads\/2024\/11\/WhatsApp-Image-2019-12-06-at-12.20.19-PM-300x300-1.jpeg",300,300,false],"woocommerce_gallery_thumbnail":["https:\/\/caliweedeurope.com\/wp-content\/uploads\/2024\/11\/WhatsApp-Image-2019-12-06-at-12.20.19-PM-300x300-1-100x100.jpeg",100,100,true]},"uagb_author_info":{"display_name":"jetskiforsaleuk@gmail.com","author_link":"https:\/\/caliweedeurope.com\/sv\/author\/"},"uagb_comment_info":0,"uagb_excerpt":"\u00a0Order Lucky charms Luxenbourg name has more to do with its lineage than taste. Blue Cheese achieves its potency with an average THC composition of about 15% to 20%.","_links":{"self":[{"href":"https:\/\/caliweedeurope.com\/sv\/wp-json\/wp\/v2\/product\/1218"}],"collection":[{"href":"https:\/\/caliweedeurope.com\/sv\/wp-json\/wp\/v2\/product"}],"about":[{"href":"https:\/\/caliweedeurope.com\/sv\/wp-json\/wp\/v2\/types\/product"}],"replies":[{"embeddable":true,"href":"https:\/\/caliweedeurope.com\/sv\/wp-json\/wp\/v2\/comments?post=1218"}],"wp:featuredmedia":[{"embeddable":true,"href":"https:\/\/caliweedeurope.com\/sv\/wp-json\/wp\/v2\/media\/1233"}],"wp:attachment":[{"href":"https:\/\/caliweedeurope.com\/sv\/wp-json\/wp\/v2\/media?parent=1218"}],"wp:term":[{"taxonomy":"product_brand","embeddable":true,"href":"https:\/\/caliweedeurope.com\/sv\/wp-json\/wp\/v2\/product_brand?post=1218"},{"taxonomy":"product_cat","embeddable":true,"href":"https:\/\/caliweedeurope.com\/sv\/wp-json\/wp\/v2\/product_cat?post=1218"},{"taxonomy":"product_tag","embeddable":true,"href":"https:\/\/caliweedeurope.com\/sv\/wp-json\/wp\/v2\/product_tag?post=1218"}],"curies":[{"name":"wp","href":"https:\/\/api.w.org\/{rel}","templated":true}]}}