{"id":1237,"date":"2024-11-03T21:31:45","date_gmt":"2024-11-03T21:31:45","guid":{"rendered":"https:\/\/caliweedeurope.com\/?post_type=product&#038;p=1237"},"modified":"2024-11-03T21:32:06","modified_gmt":"2024-11-03T21:32:06","slug":"smart-buds-dosi-og","status":"publish","type":"product","link":"https:\/\/caliweedeurope.com\/sv\/product\/smart-buds-dosi-og\/","title":{"rendered":"Smart Buds (Dosi Og)"},"content":{"rendered":"<p>Smart Buds burkar till salu. Cannabis \u00e4r ett \u00f6rtbaserat l\u00e4kemedel som g\u00f6rs fr\u00e5n cannabisplantan. Det inneh\u00e5ller kemikalier som kallas cannabinoider. Cannabinoider p\u00e5verkar det centrala nervsystemet, som inkluderar hj\u00e4rnan och nerverna. Cannabinoider finns i h\u00f6gsta koncentration i cannabisblad och blommor. Det \u00e4r dessa delar av v\u00e4xten som anv\u00e4nds f\u00f6r att g\u00f6ra mediciner. F\u00f6rv\u00e4xla inte cannabis med hampa. Hampa \u00e4r en liknande v\u00e4xt men odlas f\u00f6r de grova delarna av v\u00e4xten (fibrerna) samt f\u00f6r fr\u00f6na. Hampa inneh\u00e5ller mycket l\u00e5ga niv\u00e5er av delta-9-tetrahydrocannabinol (THC), mindre \u00e4n 0,3%. B\u00e5de hampa och cannabis inneh\u00e5ller ocks\u00e5 andra cannabinoider som ibland anv\u00e4nds som medicin. Se specifika \u00e4mnen f\u00f6r information om cannabidiol (CBD), cannabidivarin (CBDV), cannabigerol (CBG) och tetrahydrocannabivarin (THCV).<\/p>\n<p>Vissa m\u00e4nniskor tar cannabisextrakt oralt eller som en spray som appliceras under tungan f\u00f6r att lindra sm\u00e4rta och symtom p\u00e5 multipel skleros.<\/p>\n<p>M\u00e4nniskor inandas cannabis f\u00f6r illam\u00e5ende, kr\u00e4kningar, en \u00f6gonsjukdom som kallas glaukom och m\u00e5nga andra tillst\u00e5nd, men det finns inget bra vetenskapligt st\u00f6d f\u00f6r dessa anv\u00e4ndningsomr\u00e5den.<\/p>\n<p>Vissa m\u00e4nniskor anv\u00e4nder ocks\u00e5 cannabis f\u00f6r att m\u00e5 bra. I detta fall anv\u00e4nds det som en \"rekreationsdrog\" och tas antingen oralt eller r\u00f6kas (inhaleras).<\/p>\n<p>I USA \u00e4r cannabis olagligt enligt federala lagar. Det klassificeras som en kontrollerad substans av schema I. Men vissa delstater, inklusive Kalifornien, Colorado, Washington, Oregon, Arizona och andra, har legaliserat eller avkriminaliserat anv\u00e4ndning av cannabis. Vissa l\u00e4nder, som Kanada, har ocks\u00e5 legaliserat anv\u00e4ndningen av cannabis. Smart Buds burkar till salu.<\/p>\n<p class=\"translation-block\">Hur fungerar det?<br> Cannabis inneh\u00e5ller kemikalier som binder sig till specifika platser i hj\u00e4rnan och p\u00e5 nerverna.<\/p>","protected":false},"excerpt":{"rendered":"<p>smart buds tins for sale. Cannabis is an herbal drug that is make from the Cannabis plant. It contains chemicals called cannabinoids. Cannabinoids affect the central nervous system, which includes the brain and nerves. Cannabinoids are found in the highest levels in the leaves and flowers of cannabis. These are the parts of the herb [&hellip;]<\/p>","protected":false},"featured_media":1265,"comment_status":"closed","ping_status":"closed","template":"","meta":{"_uag_custom_page_level_css":"","site-sidebar-layout":"default","site-content-layout":"","ast-site-content-layout":"","site-content-style":"default","site-sidebar-style":"default","ast-global-header-display":"","ast-banner-title-visibility":"","ast-main-header-display":"","ast-hfb-above-header-display":"","ast-hfb-below-header-display":"","ast-hfb-mobile-header-display":"","site-post-title":"","ast-breadcrumbs-content":"","ast-featured-img":"","footer-sml-layout":"","theme-transparent-header-meta":"","adv-header-id-meta":"","stick-header-meta":"","header-above-stick-meta":"","header-main-stick-meta":"","header-below-stick-meta":"","astra-migrate-meta-layouts":"default","ast-page-background-enabled":"default","ast-page-background-meta":{"desktop":{"background-color":"var(--ast-global-color-4)","background-image":"","background-repeat":"repeat","background-position":"center center","background-size":"auto","background-attachment":"scroll","background-type":"","background-media":"","overlay-type":"","overlay-color":"","overlay-opacity":"","overlay-gradient":""},"tablet":{"background-color":"","background-image":"","background-repeat":"repeat","background-position":"center center","background-size":"auto","background-attachment":"scroll","background-type":"","background-media":"","overlay-type":"","overlay-color":"","overlay-opacity":"","overlay-gradient":""},"mobile":{"background-color":"","background-image":"","background-repeat":"repeat","background-position":"center center","background-size":"auto","background-attachment":"scroll","background-type":"","background-media":"","overlay-type":"","overlay-color":"","overlay-opacity":"","overlay-gradient":""}},"ast-content-background-meta":{"desktop":{"background-color":"var(--ast-global-color-5)","background-image":"","background-repeat":"repeat","background-position":"center center","background-size":"auto","background-attachment":"scroll","background-type":"","background-media":"","overlay-type":"","overlay-color":"","overlay-opacity":"","overlay-gradient":""},"tablet":{"background-color":"var(--ast-global-color-5)","background-image":"","background-repeat":"repeat","background-position":"center center","background-size":"auto","background-attachment":"scroll","background-type":"","background-media":"","overlay-type":"","overlay-color":"","overlay-opacity":"","overlay-gradient":""},"mobile":{"background-color":"var(--ast-global-color-5)","background-image":"","background-repeat":"repeat","background-position":"center center","background-size":"auto","background-attachment":"scroll","background-type":"","background-media":"","overlay-type":"","overlay-color":"","overlay-opacity":"","overlay-gradient":""}}},"product_brand":[],"product_cat":[59],"product_tag":[94,95,96,97,98],"class_list":{"0":"post-1237","1":"product","2":"type-product","3":"status-publish","4":"has-post-thumbnail","6":"product_cat-cali-tins","7":"product_tag-dosi-driver-strain","8":"product_tag-jungle-mac-seeds","9":"product_tag-jungle-mac-strain","10":"product_tag-mac-truck-driver-strain","11":"product_tag-truck-driver-strain","12":"desktop-align-center","13":"tablet-align-left","14":"mobile-align-left","16":"first","17":"instock","18":"shipping-taxable","19":"purchasable","20":"product-type-variable"},"uagb_featured_image_src":{"full":["https:\/\/caliweedeurope.com\/wp-content\/uploads\/2024\/11\/ef38ace6-56d9-4a22-aac0-0834a8466900.jpg",750,745,false],"thumbnail":["https:\/\/caliweedeurope.com\/wp-content\/uploads\/2024\/11\/ef38ace6-56d9-4a22-aac0-0834a8466900-150x150.jpg",150,150,true],"medium":["https:\/\/caliweedeurope.com\/wp-content\/uploads\/2024\/11\/ef38ace6-56d9-4a22-aac0-0834a8466900-300x298.jpg",300,298,true],"medium_large":["https:\/\/caliweedeurope.com\/wp-content\/uploads\/2024\/11\/ef38ace6-56d9-4a22-aac0-0834a8466900.jpg",750,745,false],"large":["https:\/\/caliweedeurope.com\/wp-content\/uploads\/2024\/11\/ef38ace6-56d9-4a22-aac0-0834a8466900.jpg",750,745,false],"1536x1536":["https:\/\/caliweedeurope.com\/wp-content\/uploads\/2024\/11\/ef38ace6-56d9-4a22-aac0-0834a8466900.jpg",750,745,false],"2048x2048":["https:\/\/caliweedeurope.com\/wp-content\/uploads\/2024\/11\/ef38ace6-56d9-4a22-aac0-0834a8466900.jpg",750,745,false],"trp-custom-language-flag":["https:\/\/caliweedeurope.com\/wp-content\/uploads\/2024\/11\/ef38ace6-56d9-4a22-aac0-0834a8466900.jpg",12,12,false],"woocommerce_thumbnail":["https:\/\/caliweedeurope.com\/wp-content\/uploads\/2024\/11\/ef38ace6-56d9-4a22-aac0-0834a8466900-300x300.jpg",300,300,true],"woocommerce_single":["https:\/\/caliweedeurope.com\/wp-content\/uploads\/2024\/11\/ef38ace6-56d9-4a22-aac0-0834a8466900-600x596.jpg",600,596,true],"woocommerce_gallery_thumbnail":["https:\/\/caliweedeurope.com\/wp-content\/uploads\/2024\/11\/ef38ace6-56d9-4a22-aac0-0834a8466900-100x100.jpg",100,100,true]},"uagb_author_info":{"display_name":"jetskiforsaleuk@gmail.com","author_link":"https:\/\/caliweedeurope.com\/sv\/author\/"},"uagb_comment_info":0,"uagb_excerpt":"smart buds tins for sale. Cannabis is an herbal drug that is make from the Cannabis plant. It contains chemicals called cannabinoids. Cannabinoids affect the central nervous system, which includes the brain and nerves. Cannabinoids are found in the highest levels in the leaves and flowers of cannabis. These are the parts of the herb&hellip;","_links":{"self":[{"href":"https:\/\/caliweedeurope.com\/sv\/wp-json\/wp\/v2\/product\/1237"}],"collection":[{"href":"https:\/\/caliweedeurope.com\/sv\/wp-json\/wp\/v2\/product"}],"about":[{"href":"https:\/\/caliweedeurope.com\/sv\/wp-json\/wp\/v2\/types\/product"}],"replies":[{"embeddable":true,"href":"https:\/\/caliweedeurope.com\/sv\/wp-json\/wp\/v2\/comments?post=1237"}],"wp:featuredmedia":[{"embeddable":true,"href":"https:\/\/caliweedeurope.com\/sv\/wp-json\/wp\/v2\/media\/1265"}],"wp:attachment":[{"href":"https:\/\/caliweedeurope.com\/sv\/wp-json\/wp\/v2\/media?parent=1237"}],"wp:term":[{"taxonomy":"product_brand","embeddable":true,"href":"https:\/\/caliweedeurope.com\/sv\/wp-json\/wp\/v2\/product_brand?post=1237"},{"taxonomy":"product_cat","embeddable":true,"href":"https:\/\/caliweedeurope.com\/sv\/wp-json\/wp\/v2\/product_cat?post=1237"},{"taxonomy":"product_tag","embeddable":true,"href":"https:\/\/caliweedeurope.com\/sv\/wp-json\/wp\/v2\/product_tag?post=1237"}],"curies":[{"name":"wp","href":"https:\/\/api.w.org\/{rel}","templated":true}]}}