{"id":1242,"date":"2024-11-03T21:31:46","date_gmt":"2024-11-03T21:31:46","guid":{"rendered":"https:\/\/caliweedeurope.com\/?post_type=product&#038;p=1242"},"modified":"2024-11-03T21:32:06","modified_gmt":"2024-11-03T21:32:06","slug":"space-monkey-meds","status":"publish","type":"product","link":"https:\/\/caliweedeurope.com\/sv\/product\/space-monkey-meds\/","title":{"rendered":"Space Monkey meds"},"content":{"rendered":"<p>Space Monkey Meds prioriterar detaljer och f\u00f6rst\u00e5r att noggrann omsorg och uppm\u00e4rksamhet \u00e4r det som skiljer deras blommor fr\u00e5n m\u00e4ngden. Genom att anv\u00e4nda kokos, odlingsmetoder inomhus och noggrann handtrimming har de under n\u00e4stan ett decennium utvecklat de ideala fenotyperna f\u00f6r varje av sina cannabisstammar.<\/p>\n<p>Efter m\u00e5nga \u00e5rs odling \u00e4r Space Monkey Meds stolta \u00f6ver att kunna erbjuda ett varierat urval av cannabisblommor f\u00f6r patienter och kollektiv att utforska. Deras b\u00e4sts\u00e4ljande sort \u00e4r Grateful Breath, vars genetik h\u00e4rstammar fr\u00e5n Gage Green Genetics. Grateful Breaths Indica-arv kommer fr\u00e5n deras b\u00e4sta fenotyp av OGKB och erbjuder en mycket medicinsk och njutbar upplevelse.<\/p>\n<p>Space Monkey Meds odlar blommor av h\u00f6gsta kvalitet. Genom att odla sina sorter internt med expertkontroll av kvalitet och odlingstekniker l\u00e4gger Space Monkey Meds stor vikt vid varje detalj f\u00f6r att kunna erbjuda sina kunder de b\u00e4sta m\u00f6jliga cannabisblommorna. Deras erfarna odlingsteam, personliga kunskap om vad patienter s\u00f6ker och deras historia i Humboldt\u2019s Emerald Triangle lyfter Space Monkey Meds blommor till toppen av cannabisindustrin.<\/p>\n<p>\u00c4ven om de lanserade sitt varum\u00e4rke 2016 har Space Monkey Meds decennier av erfarenhet inom odling och har levererat sin hemodlade marijuana till patienter i Bay Area sedan 2012 samt till m\u00e5nga lokala apotek. Genom sin leveranstj\u00e4nst utvecklade grundarteamet en djup f\u00f6rst\u00e5else f\u00f6r vad patienter s\u00f6kte, samtidigt som deras professionella f\u00f6rh\u00e5llningss\u00e4tt och h\u00f6gkvalitativa cannabis fick apoteken att \u00e5terkomma. Grundaren av Space Monkey Meds var en av de f\u00f6rsta att erbjuda sin produkt i en burk, och de byggde gradvis upp ett rykte som matchade deras h\u00f6ga standarder f\u00f6r excellens. Slutligen redo f\u00f6r avf\u00e4rd lanserade Space Monkey Meds sitt varum\u00e4rke 2016 f\u00f6r att ge ett namn till den marijuana som patienter och apotek \u00e4lskade. Sedan dess har de spridit sig till fler kollektiv, bes\u00f6kt fler evenemang och sprider sina blommor till fler delar av cannabisindustrin.<\/p>\n<p>Space Monkey Meds samarbetar stolt med SC Labs f\u00f6r att testa deras cannabisblommor f\u00f6r kvalitetskontroll. Varje batch av deras blommor genomg\u00e5r tester f\u00f6r THC-halt och bek\u00e4mpningsmedel.<\/p>\n<p>&nbsp;<\/p>","protected":false},"excerpt":{"rendered":"<p>Space Monkey Meds prioritizes details, understanding that close care and attention are what set their flowers apart from the crowd. Using coco, indoor growing methods and hand-trimmed attention, they\u2019ve tended their genetics for nearly a decade to find the ideal phenotypes of each of their marijuana strains. After their many years of growing, Space Monkey [&hellip;]<\/p>","protected":false},"featured_media":1267,"comment_status":"closed","ping_status":"closed","template":"","meta":{"_uag_custom_page_level_css":"","site-sidebar-layout":"default","site-content-layout":"","ast-site-content-layout":"","site-content-style":"default","site-sidebar-style":"default","ast-global-header-display":"","ast-banner-title-visibility":"","ast-main-header-display":"","ast-hfb-above-header-display":"","ast-hfb-below-header-display":"","ast-hfb-mobile-header-display":"","site-post-title":"","ast-breadcrumbs-content":"","ast-featured-img":"","footer-sml-layout":"","theme-transparent-header-meta":"","adv-header-id-meta":"","stick-header-meta":"","header-above-stick-meta":"","header-main-stick-meta":"","header-below-stick-meta":"","astra-migrate-meta-layouts":"default","ast-page-background-enabled":"default","ast-page-background-meta":{"desktop":{"background-color":"var(--ast-global-color-4)","background-image":"","background-repeat":"repeat","background-position":"center center","background-size":"auto","background-attachment":"scroll","background-type":"","background-media":"","overlay-type":"","overlay-color":"","overlay-opacity":"","overlay-gradient":""},"tablet":{"background-color":"","background-image":"","background-repeat":"repeat","background-position":"center center","background-size":"auto","background-attachment":"scroll","background-type":"","background-media":"","overlay-type":"","overlay-color":"","overlay-opacity":"","overlay-gradient":""},"mobile":{"background-color":"","background-image":"","background-repeat":"repeat","background-position":"center center","background-size":"auto","background-attachment":"scroll","background-type":"","background-media":"","overlay-type":"","overlay-color":"","overlay-opacity":"","overlay-gradient":""}},"ast-content-background-meta":{"desktop":{"background-color":"var(--ast-global-color-5)","background-image":"","background-repeat":"repeat","background-position":"center center","background-size":"auto","background-attachment":"scroll","background-type":"","background-media":"","overlay-type":"","overlay-color":"","overlay-opacity":"","overlay-gradient":""},"tablet":{"background-color":"var(--ast-global-color-5)","background-image":"","background-repeat":"repeat","background-position":"center center","background-size":"auto","background-attachment":"scroll","background-type":"","background-media":"","overlay-type":"","overlay-color":"","overlay-opacity":"","overlay-gradient":""},"mobile":{"background-color":"var(--ast-global-color-5)","background-image":"","background-repeat":"repeat","background-position":"center center","background-size":"auto","background-attachment":"scroll","background-type":"","background-media":"","overlay-type":"","overlay-color":"","overlay-opacity":"","overlay-gradient":""}}},"product_brand":[],"product_cat":[59],"product_tag":[99,100,101,102,103],"class_list":{"0":"post-1242","1":"product","2":"type-product","3":"status-publish","4":"has-post-thumbnail","6":"product_cat-cali-tins","7":"product_tag-space-monkey-edibles","8":"product_tag-space-monkey-meds-australia","9":"product_tag-space-monkey-meds-ireland","10":"product_tag-space-monkey-meds-reddit","11":"product_tag-space-monkey-meds-supply","12":"desktop-align-center","13":"tablet-align-left","14":"mobile-align-left","16":"first","17":"instock","18":"shipping-taxable","19":"purchasable","20":"product-type-variable"},"uagb_featured_image_src":{"full":["https:\/\/caliweedeurope.com\/wp-content\/uploads\/2024\/11\/bb0a65d3-ed3e-4d5b-94ea-ca079b1d77c2.jpg",1080,1080,false],"thumbnail":["https:\/\/caliweedeurope.com\/wp-content\/uploads\/2024\/11\/bb0a65d3-ed3e-4d5b-94ea-ca079b1d77c2-150x150.jpg",150,150,true],"medium":["https:\/\/caliweedeurope.com\/wp-content\/uploads\/2024\/11\/bb0a65d3-ed3e-4d5b-94ea-ca079b1d77c2-300x300.jpg",300,300,true],"medium_large":["https:\/\/caliweedeurope.com\/wp-content\/uploads\/2024\/11\/bb0a65d3-ed3e-4d5b-94ea-ca079b1d77c2-768x768.jpg",768,768,true],"large":["https:\/\/caliweedeurope.com\/wp-content\/uploads\/2024\/11\/bb0a65d3-ed3e-4d5b-94ea-ca079b1d77c2-1024x1024.jpg",1024,1024,true],"1536x1536":["https:\/\/caliweedeurope.com\/wp-content\/uploads\/2024\/11\/bb0a65d3-ed3e-4d5b-94ea-ca079b1d77c2.jpg",1080,1080,false],"2048x2048":["https:\/\/caliweedeurope.com\/wp-content\/uploads\/2024\/11\/bb0a65d3-ed3e-4d5b-94ea-ca079b1d77c2.jpg",1080,1080,false],"trp-custom-language-flag":["https:\/\/caliweedeurope.com\/wp-content\/uploads\/2024\/11\/bb0a65d3-ed3e-4d5b-94ea-ca079b1d77c2.jpg",12,12,false],"woocommerce_thumbnail":["https:\/\/caliweedeurope.com\/wp-content\/uploads\/2024\/11\/bb0a65d3-ed3e-4d5b-94ea-ca079b1d77c2-300x300.jpg",300,300,true],"woocommerce_single":["https:\/\/caliweedeurope.com\/wp-content\/uploads\/2024\/11\/bb0a65d3-ed3e-4d5b-94ea-ca079b1d77c2-600x600.jpg",600,600,true],"woocommerce_gallery_thumbnail":["https:\/\/caliweedeurope.com\/wp-content\/uploads\/2024\/11\/bb0a65d3-ed3e-4d5b-94ea-ca079b1d77c2-100x100.jpg",100,100,true]},"uagb_author_info":{"display_name":"jetskiforsaleuk@gmail.com","author_link":"https:\/\/caliweedeurope.com\/sv\/author\/"},"uagb_comment_info":0,"uagb_excerpt":"Space Monkey Meds prioritizes details, understanding that close care and attention are what set their flowers apart from the crowd. Using coco, indoor growing methods and hand-trimmed attention, they\u2019ve tended their genetics for nearly a decade to find the ideal phenotypes of each of their marijuana strains. After their many years of growing, Space Monkey&hellip;","_links":{"self":[{"href":"https:\/\/caliweedeurope.com\/sv\/wp-json\/wp\/v2\/product\/1242"}],"collection":[{"href":"https:\/\/caliweedeurope.com\/sv\/wp-json\/wp\/v2\/product"}],"about":[{"href":"https:\/\/caliweedeurope.com\/sv\/wp-json\/wp\/v2\/types\/product"}],"replies":[{"embeddable":true,"href":"https:\/\/caliweedeurope.com\/sv\/wp-json\/wp\/v2\/comments?post=1242"}],"wp:featuredmedia":[{"embeddable":true,"href":"https:\/\/caliweedeurope.com\/sv\/wp-json\/wp\/v2\/media\/1267"}],"wp:attachment":[{"href":"https:\/\/caliweedeurope.com\/sv\/wp-json\/wp\/v2\/media?parent=1242"}],"wp:term":[{"taxonomy":"product_brand","embeddable":true,"href":"https:\/\/caliweedeurope.com\/sv\/wp-json\/wp\/v2\/product_brand?post=1242"},{"taxonomy":"product_cat","embeddable":true,"href":"https:\/\/caliweedeurope.com\/sv\/wp-json\/wp\/v2\/product_cat?post=1242"},{"taxonomy":"product_tag","embeddable":true,"href":"https:\/\/caliweedeurope.com\/sv\/wp-json\/wp\/v2\/product_tag?post=1242"}],"curies":[{"name":"wp","href":"https:\/\/api.w.org\/{rel}","templated":true}]}}