{"id":1262,"date":"2024-11-03T21:31:46","date_gmt":"2024-11-03T21:31:46","guid":{"rendered":"https:\/\/caliweedeurope.com\/?post_type=product&#038;p=1262"},"modified":"2024-11-03T21:32:23","modified_gmt":"2024-11-03T21:32:23","slug":"stiiizy-sky-og","status":"publish","type":"product","link":"https:\/\/caliweedeurope.com\/sv\/product\/stiiizy-sky-og\/","title":{"rendered":"Stiiizy (Sky og)"},"content":{"rendered":"<p>Denna sort \u00e4lskas f\u00f6r sin underbara smak. \u00c4ven om effekten inte \u00e4r lika kraftig som vissa moderna sorter, \u00e4r smaken obestridligt fantastisk. Och har sedan dess g\u00e5tt f\u00f6rlorad. Innan 1998 var Bubba Kush endast tillg\u00e4nglig som en klon, men har sedan dess replikeras s\u00e5 att dess fr\u00f6n kan paketeras och s\u00e4ljas. Bubba Kush \u00e4r en klassisk indica med en solid sedativ effekt som f\u00e5r anv\u00e4ndarna att k\u00e4nna sig avslappnade men fortfarande funktionella. Den har ett vanligtvis h\u00f6gt THC-inneh\u00e5ll, mellan 15 % och 22 %.<br \/> Stiiizy har sm\u00e5 till medelstora knoppar som har den t\u00e4ta knoppsstrukturen som k\u00e4nnetecknar indica-varianter. Bladen \u00e4r m\u00f6rkgr\u00f6na och kan ibland visa nyanser av lila, resultatet av att anthocyaninpigment har aktiverats av kalla temperaturer under v\u00e4xtprocessen. Detta \u00e4r en mycket hartsig sort \u2013 ett lager av vita trikomer t\u00e4cker de f\u00e4rgglada bladen och \u00e4r till och med synligt inuti n\u00e4r knopparna bryts upp. Blommorna har en vag arom av kaffe eller kakao, med en l\u00e4tt fruktighet undertill. N\u00e4r den br\u00e4nns luktar Bubba Kush mer som hasch och kryddor, som man kan f\u00f6rv\u00e4nta sig av en Kush, med r\u00f6k som \u00e4r ganska skarp och orsakar hosta.<br \/>                                                               ENAST\u00c5ENDE RESULTAT!<br \/> Det \u00e4r anm\u00e4rkningsv\u00e4rt att denna sort, vars lila blommor inte ger en druvliknande smak: de pigment som best\u00e4mmer f\u00e4rgen p\u00e5 Bubba Kush p\u00e5verkar inte smaken. Smaken \u00e4r mestadels jordig, med lite s\u00f6tma och en pepprig smak vid utandning. Detta \u00e4r ocks\u00e5 en s\u00e4rskilt starkt luktande sort \u2013 anv\u00e4ndare som oroar sig f\u00f6r diskretion b\u00f6r planera d\u00e4refter.<br \/> Ovanligt f\u00f6r en s\u00e5 indica-dominerad sort b\u00f6rjar Bubba Kushs effekt med en f\u00f6rvr\u00e4ngd, desorienterande k\u00e4nsla i huvudet. Denna dimma ger dock plats \u00e5t en mer f\u00f6rv\u00e4ntad kroppslig avslappning som intensifieras ju l\u00e4ngre effekten p\u00e5g\u00e5r. \u00c4ven om r\u00f6kare inte n\u00f6dv\u00e4ndigtvis k\u00e4nner sig energiska, kan de beh\u00e5lla sitt mentala fokus och konversera eller utf\u00f6ra uppgifter vid behov. Oftast upplever anv\u00e4ndarna en tung, l\u00e5ngsam andning och en p\u00e5taglig k\u00e4nsla av fysisk komfort.<br \/> Couchlock \u00e4r ovanligt och l\u00e4mnar anv\u00e4ndare funktionella och alerta. Bubba Kushs medicinska anv\u00e4ndningsomr\u00e5den \u00e4r b\u00e5de mentala och fysiska. Best\u00e4ll Stiiizy Pods Texas.<\/p>","protected":false},"excerpt":{"rendered":"<p>Best\u00e4ll Stiiizy Pods Texas, Bubba Kush Till Salu Online, Endast hos Din Premier och P\u00e5litliga Online Marijuana Apotek, Medicinsk Cannabis Online Butik.<br \/> Stiiizy \u00e4r en indica-strain. Den var ursprungligen en korsning mellan OG Kush och Bubble Gum. De resulterande v\u00e4xterna har sedan selektivt avlats under flera generationer f\u00f6r att skapa den perfekta blomman, k\u00e4nd som Bubba Kush.<\/p>","protected":false},"featured_media":1275,"comment_status":"closed","ping_status":"closed","template":"","meta":{"_uag_custom_page_level_css":"","site-sidebar-layout":"default","site-content-layout":"","ast-site-content-layout":"default","site-content-style":"default","site-sidebar-style":"default","ast-global-header-display":"","ast-banner-title-visibility":"","ast-main-header-display":"","ast-hfb-above-header-display":"","ast-hfb-below-header-display":"","ast-hfb-mobile-header-display":"","site-post-title":"","ast-breadcrumbs-content":"","ast-featured-img":"","footer-sml-layout":"","ast-disable-related-posts":"","theme-transparent-header-meta":"","adv-header-id-meta":"","stick-header-meta":"","header-above-stick-meta":"","header-main-stick-meta":"","header-below-stick-meta":"","astra-migrate-meta-layouts":"default","ast-page-background-enabled":"default","ast-page-background-meta":{"desktop":{"background-color":"var(--ast-global-color-5)","background-image":"","background-repeat":"repeat","background-position":"center center","background-size":"auto","background-attachment":"scroll","background-type":"","background-media":"","overlay-type":"","overlay-color":"","overlay-opacity":"","overlay-gradient":""},"tablet":{"background-color":"","background-image":"","background-repeat":"repeat","background-position":"center center","background-size":"auto","background-attachment":"scroll","background-type":"","background-media":"","overlay-type":"","overlay-color":"","overlay-opacity":"","overlay-gradient":""},"mobile":{"background-color":"","background-image":"","background-repeat":"repeat","background-position":"center center","background-size":"auto","background-attachment":"scroll","background-type":"","background-media":"","overlay-type":"","overlay-color":"","overlay-opacity":"","overlay-gradient":""}},"ast-content-background-meta":{"desktop":{"background-color":"var(--ast-global-color-4)","background-image":"","background-repeat":"repeat","background-position":"center center","background-size":"auto","background-attachment":"scroll","background-type":"","background-media":"","overlay-type":"","overlay-color":"","overlay-opacity":"","overlay-gradient":""},"tablet":{"background-color":"var(--ast-global-color-4)","background-image":"","background-repeat":"repeat","background-position":"center center","background-size":"auto","background-attachment":"scroll","background-type":"","background-media":"","overlay-type":"","overlay-color":"","overlay-opacity":"","overlay-gradient":""},"mobile":{"background-color":"var(--ast-global-color-4)","background-image":"","background-repeat":"repeat","background-position":"center center","background-size":"auto","background-attachment":"scroll","background-type":"","background-media":"","overlay-type":"","overlay-color":"","overlay-opacity":"","overlay-gradient":""}}},"product_brand":[],"product_cat":[114],"product_tag":[119,120,121,122,123],"class_list":{"0":"post-1262","1":"product","2":"type-product","3":"status-publish","4":"has-post-thumbnail","6":"product_cat-wholesale-vape-cartridges-online","7":"product_tag-skywalker-og-stiiizy","8":"product_tag-stiiizy-biscotti","9":"product_tag-stiiizy-gelato","10":"product_tag-stiiizy-og-kush","11":"product_tag-stiiizy-sfv-og","12":"desktop-align-center","13":"tablet-align-left","14":"mobile-align-left","16":"first","17":"instock","18":"shipping-taxable","19":"purchasable","20":"product-type-variable"},"uagb_featured_image_src":{"full":["https:\/\/caliweedeurope.com\/wp-content\/uploads\/2024\/11\/0fcdd104-9491-4b20-94d1-34a7ff48418f.jpg",864,1080,false],"thumbnail":["https:\/\/caliweedeurope.com\/wp-content\/uploads\/2024\/11\/0fcdd104-9491-4b20-94d1-34a7ff48418f-150x150.jpg",150,150,true],"medium":["https:\/\/caliweedeurope.com\/wp-content\/uploads\/2024\/11\/0fcdd104-9491-4b20-94d1-34a7ff48418f-240x300.jpg",240,300,true],"medium_large":["https:\/\/caliweedeurope.com\/wp-content\/uploads\/2024\/11\/0fcdd104-9491-4b20-94d1-34a7ff48418f-768x960.jpg",768,960,true],"large":["https:\/\/caliweedeurope.com\/wp-content\/uploads\/2024\/11\/0fcdd104-9491-4b20-94d1-34a7ff48418f-819x1024.jpg",819,1024,true],"1536x1536":["https:\/\/caliweedeurope.com\/wp-content\/uploads\/2024\/11\/0fcdd104-9491-4b20-94d1-34a7ff48418f.jpg",864,1080,false],"2048x2048":["https:\/\/caliweedeurope.com\/wp-content\/uploads\/2024\/11\/0fcdd104-9491-4b20-94d1-34a7ff48418f.jpg",864,1080,false],"trp-custom-language-flag":["https:\/\/caliweedeurope.com\/wp-content\/uploads\/2024\/11\/0fcdd104-9491-4b20-94d1-34a7ff48418f.jpg",10,12,false],"woocommerce_thumbnail":["https:\/\/caliweedeurope.com\/wp-content\/uploads\/2024\/11\/0fcdd104-9491-4b20-94d1-34a7ff48418f-300x300.jpg",300,300,true],"woocommerce_single":["https:\/\/caliweedeurope.com\/wp-content\/uploads\/2024\/11\/0fcdd104-9491-4b20-94d1-34a7ff48418f-600x750.jpg",600,750,true],"woocommerce_gallery_thumbnail":["https:\/\/caliweedeurope.com\/wp-content\/uploads\/2024\/11\/0fcdd104-9491-4b20-94d1-34a7ff48418f-100x100.jpg",100,100,true]},"uagb_author_info":{"display_name":"jetskiforsaleuk@gmail.com","author_link":"https:\/\/caliweedeurope.com\/sv\/author\/"},"uagb_comment_info":0,"uagb_excerpt":"Order stiiizy pods texas, Bubba Kush For Sale Online, Only at Your Premier and Reliable Online Marijuana Dispensary, Medical Cannabis Online Store Stiiizy is an indica strain. It was originally a cross of OG Kush and Bubble Gum. The resulting plants were then selectively bred for multiple generations to create the perfect bud, known as&hellip;","_links":{"self":[{"href":"https:\/\/caliweedeurope.com\/sv\/wp-json\/wp\/v2\/product\/1262"}],"collection":[{"href":"https:\/\/caliweedeurope.com\/sv\/wp-json\/wp\/v2\/product"}],"about":[{"href":"https:\/\/caliweedeurope.com\/sv\/wp-json\/wp\/v2\/types\/product"}],"replies":[{"embeddable":true,"href":"https:\/\/caliweedeurope.com\/sv\/wp-json\/wp\/v2\/comments?post=1262"}],"wp:featuredmedia":[{"embeddable":true,"href":"https:\/\/caliweedeurope.com\/sv\/wp-json\/wp\/v2\/media\/1275"}],"wp:attachment":[{"href":"https:\/\/caliweedeurope.com\/sv\/wp-json\/wp\/v2\/media?parent=1262"}],"wp:term":[{"taxonomy":"product_brand","embeddable":true,"href":"https:\/\/caliweedeurope.com\/sv\/wp-json\/wp\/v2\/product_brand?post=1262"},{"taxonomy":"product_cat","embeddable":true,"href":"https:\/\/caliweedeurope.com\/sv\/wp-json\/wp\/v2\/product_cat?post=1262"},{"taxonomy":"product_tag","embeddable":true,"href":"https:\/\/caliweedeurope.com\/sv\/wp-json\/wp\/v2\/product_tag?post=1262"}],"curies":[{"name":"wp","href":"https:\/\/api.w.org\/{rel}","templated":true}]}}