{"id":1288,"date":"2024-11-03T21:32:09","date_gmt":"2024-11-03T21:32:09","guid":{"rendered":"https:\/\/caliweedeurope.com\/?post_type=product&#038;p=1288"},"modified":"2024-11-03T21:32:23","modified_gmt":"2024-11-03T21:32:23","slug":"italian-ice-strain","status":"publish","type":"product","link":"https:\/\/caliweedeurope.com\/sv\/product\/italian-ice-strain\/","title":{"rendered":"Italian ice strain"},"content":{"rendered":"<p>Recension av sorten Italian Ice<br \/> Strain Italian Ice \u00e4r en exotisk cannabisstam som ursprungligen uppt\u00e4cktes av The Cali Connection. Den skapades genom en blandning av Forbidden Fruit och Gelato 45. Wow!!! Kan du f\u00f6rest\u00e4lla dig vad som kan komma ut av att blanda dessa tv\u00e5? Jag f\u00e5r redan vatten i munnen vid tanken p\u00e5 denna Italian Ice-strain. Ja!! Fr\u00e5n och med nu har det aldrig varit s\u00e5 l\u00e4tt att f\u00e5 tag p\u00e5 en av de b\u00e4sta cannabisstammarna. S\u00e5, Italian Ice till f\u00f6rs\u00e4ljning | K\u00f6p Italian Ice.<\/p>\n<p>Var kan man k\u00f6pa Italian Ice strain online<br \/> Visste du att m\u00e5nga m\u00e4nniskor har letat efter s\u00e5dana cannabisstammar i \u00e5ratal utan framg\u00e5ng? Egentligen f\u00f6redrar de flesta m\u00e4nniskor att betala ett h\u00f6gt pris f\u00f6r att f\u00e5 den b\u00e4sta kvaliteten p\u00e5 gr\u00e4s. Ja, folk betalar h\u00f6ga priser f\u00f6r de b\u00e4sta blommorna. Nu kommer det verkliga problemet: var kommer de att f\u00e5 tag p\u00e5 det? Har du n\u00e5gonsin varit i en situation d\u00e4r du hade pengar men inte kunde hitta en bra cannabisstam? Ja, det h\u00e4nder. Oroa dig inte l\u00e4ngre. Italian Ice strain till salu | K\u00f6p Italian Ice strain online. Nu har du hittat l\u00f6sningen p\u00e5 ditt problem. Italian Ice strain. Vi \u00e4r h\u00e4r f\u00f6r att hj\u00e4lpa till att l\u00f6sa denna situation f\u00f6r dig. V\u00e4nligen bes\u00f6k v\u00e5r butik p\u00e5 webbplatsen f\u00f6r att g\u00f6ra din best\u00e4llning. K\u00f6p Italian Ice strain.<\/p>\n<p>Tillg\u00e5ng till stammen<br \/> Hur frustrerande \u00e4r det f\u00f6r folk n\u00e4r de har mycket sv\u00e5rt att f\u00e5 tag p\u00e5 de b\u00e4sta buds de vill ha? Fr\u00e5n v\u00e5r erfarenhet inom onlinef\u00f6rs\u00e4ljning har vi uppt\u00e4ckt att m\u00e5nga m\u00e4nniskor st\u00f6ter p\u00e5 detta problem. Oroa dig inte l\u00e4ngre, f\u00f6r vi kommer att erbjuda dig den b\u00e4sta och mest praktiska metoden. H\u00e5ll dig lugn, du har funnit r\u00e4tt st\u00e4lle. K\u00e4nner du dig fortfarande os\u00e4ker? Du kan kolla in v\u00e5r leveranspolicy. V\u00e5ra leveranser skickas via diskret leverans med 100% leveransgaranti. Din s\u00e4kerhet och tillfredsst\u00e4llelse \u00e4r v\u00e5r prioritet, s\u00e5 tro bara p\u00e5 oss. Italian Ice Weed Strain.<\/p>","protected":false},"excerpt":{"rendered":"<p>Italian Ice strain review. Italian Ice strain is a weed exotic weed strain that was originally found by The Cali Connection. It is a weed strain that came into existence by a mix of Forbidden Fruit and Gelato 45. wow!!! You imagine the what can come out from a mix of those two right?. As [&hellip;]<\/p>","protected":false},"featured_media":1309,"comment_status":"closed","ping_status":"closed","template":"","meta":{"_uag_custom_page_level_css":"","site-sidebar-layout":"default","site-content-layout":"","ast-site-content-layout":"","site-content-style":"default","site-sidebar-style":"default","ast-global-header-display":"","ast-banner-title-visibility":"","ast-main-header-display":"","ast-hfb-above-header-display":"","ast-hfb-below-header-display":"","ast-hfb-mobile-header-display":"","site-post-title":"","ast-breadcrumbs-content":"","ast-featured-img":"","footer-sml-layout":"","theme-transparent-header-meta":"","adv-header-id-meta":"","stick-header-meta":"","header-above-stick-meta":"","header-main-stick-meta":"","header-below-stick-meta":"","astra-migrate-meta-layouts":"default","ast-page-background-enabled":"default","ast-page-background-meta":{"desktop":{"background-color":"var(--ast-global-color-4)","background-image":"","background-repeat":"repeat","background-position":"center center","background-size":"auto","background-attachment":"scroll","background-type":"","background-media":"","overlay-type":"","overlay-color":"","overlay-opacity":"","overlay-gradient":""},"tablet":{"background-color":"","background-image":"","background-repeat":"repeat","background-position":"center center","background-size":"auto","background-attachment":"scroll","background-type":"","background-media":"","overlay-type":"","overlay-color":"","overlay-opacity":"","overlay-gradient":""},"mobile":{"background-color":"","background-image":"","background-repeat":"repeat","background-position":"center center","background-size":"auto","background-attachment":"scroll","background-type":"","background-media":"","overlay-type":"","overlay-color":"","overlay-opacity":"","overlay-gradient":""}},"ast-content-background-meta":{"desktop":{"background-color":"var(--ast-global-color-5)","background-image":"","background-repeat":"repeat","background-position":"center center","background-size":"auto","background-attachment":"scroll","background-type":"","background-media":"","overlay-type":"","overlay-color":"","overlay-opacity":"","overlay-gradient":""},"tablet":{"background-color":"var(--ast-global-color-5)","background-image":"","background-repeat":"repeat","background-position":"center center","background-size":"auto","background-attachment":"scroll","background-type":"","background-media":"","overlay-type":"","overlay-color":"","overlay-opacity":"","overlay-gradient":""},"mobile":{"background-color":"var(--ast-global-color-5)","background-image":"","background-repeat":"repeat","background-position":"center center","background-size":"auto","background-attachment":"scroll","background-type":"","background-media":"","overlay-type":"","overlay-color":"","overlay-opacity":"","overlay-gradient":""}}},"product_brand":[],"product_cat":[22],"product_tag":[134,135,136,137,138],"class_list":{"0":"post-1288","1":"product","2":"type-product","3":"status-publish","4":"has-post-thumbnail","6":"product_cat-hybrid","7":"product_tag-blue-cheese-strain","8":"product_tag-blue-dream-strain","9":"product_tag-gorilla-glue-strain","10":"product_tag-tiramisu-strain","11":"product_tag-wedding-cake-strain","12":"desktop-align-center","13":"tablet-align-left","14":"mobile-align-left","16":"first","17":"instock","18":"shipping-taxable","19":"purchasable","20":"product-type-variable"},"uagb_featured_image_src":{"full":["https:\/\/caliweedeurope.com\/wp-content\/uploads\/2024\/11\/paysidepackz__20200303_1-600x600-1.jpg",600,600,false],"thumbnail":["https:\/\/caliweedeurope.com\/wp-content\/uploads\/2024\/11\/paysidepackz__20200303_1-600x600-1-150x150.jpg",150,150,true],"medium":["https:\/\/caliweedeurope.com\/wp-content\/uploads\/2024\/11\/paysidepackz__20200303_1-600x600-1-300x300.jpg",300,300,true],"medium_large":["https:\/\/caliweedeurope.com\/wp-content\/uploads\/2024\/11\/paysidepackz__20200303_1-600x600-1.jpg",600,600,false],"large":["https:\/\/caliweedeurope.com\/wp-content\/uploads\/2024\/11\/paysidepackz__20200303_1-600x600-1.jpg",600,600,false],"1536x1536":["https:\/\/caliweedeurope.com\/wp-content\/uploads\/2024\/11\/paysidepackz__20200303_1-600x600-1.jpg",600,600,false],"2048x2048":["https:\/\/caliweedeurope.com\/wp-content\/uploads\/2024\/11\/paysidepackz__20200303_1-600x600-1.jpg",600,600,false],"trp-custom-language-flag":["https:\/\/caliweedeurope.com\/wp-content\/uploads\/2024\/11\/paysidepackz__20200303_1-600x600-1.jpg",12,12,false],"woocommerce_thumbnail":["https:\/\/caliweedeurope.com\/wp-content\/uploads\/2024\/11\/paysidepackz__20200303_1-600x600-1-300x300.jpg",300,300,true],"woocommerce_single":["https:\/\/caliweedeurope.com\/wp-content\/uploads\/2024\/11\/paysidepackz__20200303_1-600x600-1.jpg",600,600,false],"woocommerce_gallery_thumbnail":["https:\/\/caliweedeurope.com\/wp-content\/uploads\/2024\/11\/paysidepackz__20200303_1-600x600-1-100x100.jpg",100,100,true]},"uagb_author_info":{"display_name":"jetskiforsaleuk@gmail.com","author_link":"https:\/\/caliweedeurope.com\/sv\/author\/"},"uagb_comment_info":0,"uagb_excerpt":"Italian Ice strain review. Italian Ice strain is a weed exotic weed strain that was originally found by The Cali Connection. It is a weed strain that came into existence by a mix of Forbidden Fruit and Gelato 45. wow!!! You imagine the what can come out from a mix of those two right?. As&hellip;","_links":{"self":[{"href":"https:\/\/caliweedeurope.com\/sv\/wp-json\/wp\/v2\/product\/1288"}],"collection":[{"href":"https:\/\/caliweedeurope.com\/sv\/wp-json\/wp\/v2\/product"}],"about":[{"href":"https:\/\/caliweedeurope.com\/sv\/wp-json\/wp\/v2\/types\/product"}],"replies":[{"embeddable":true,"href":"https:\/\/caliweedeurope.com\/sv\/wp-json\/wp\/v2\/comments?post=1288"}],"wp:featuredmedia":[{"embeddable":true,"href":"https:\/\/caliweedeurope.com\/sv\/wp-json\/wp\/v2\/media\/1309"}],"wp:attachment":[{"href":"https:\/\/caliweedeurope.com\/sv\/wp-json\/wp\/v2\/media?parent=1288"}],"wp:term":[{"taxonomy":"product_brand","embeddable":true,"href":"https:\/\/caliweedeurope.com\/sv\/wp-json\/wp\/v2\/product_brand?post=1288"},{"taxonomy":"product_cat","embeddable":true,"href":"https:\/\/caliweedeurope.com\/sv\/wp-json\/wp\/v2\/product_cat?post=1288"},{"taxonomy":"product_tag","embeddable":true,"href":"https:\/\/caliweedeurope.com\/sv\/wp-json\/wp\/v2\/product_tag?post=1288"}],"curies":[{"name":"wp","href":"https:\/\/api.w.org\/{rel}","templated":true}]}}