{"id":1303,"date":"2024-11-03T21:32:10","date_gmt":"2024-11-03T21:32:10","guid":{"rendered":"https:\/\/caliweedeurope.com\/?post_type=product&#038;p=1303"},"modified":"2024-11-03T21:32:32","modified_gmt":"2024-11-03T21:32:32","slug":"dabs-wax","status":"publish","type":"product","link":"https:\/\/caliweedeurope.com\/sv\/product\/dabs-wax\/","title":{"rendered":"Dabs Wax"},"content":{"rendered":"<p>Shatter, vax, honungskaka, olja, crumble, sav, budder, pull-and-snap... dessa \u00e4r n\u00e5gra av smyckesnamnen som cannabisextrakt har f\u00e5tt tack vare deras popularitet, n\u00e4rvaro och diversifiering. Om du har h\u00f6rt n\u00e5got av dessa ord f\u00f6rut, anv\u00e4ndes de troligtvis f\u00f6r att beskriva BHO (butanhascholja), CO2-olja eller liknande kolv\u00e4teextrakt. Den h\u00e4r listan med beskrivande underkategorier kan f\u00e5 dig att tro att det finns stora skillnader mellan varje, men skillnaden mellan glasliknande shatter och smuligt vax \u00e4r mer ytlig \u00e4n du kanske skulle f\u00f6rv\u00e4nta dig.<\/p>\n<p>F\u00f6r er som \u00e4r nya p\u00e5 koncentrat, \u00e4r ett cannabisextrakt en olja som koncentrerar v\u00e4xtens kemiska f\u00f6reningar som THC och CBD. Detta uppn\u00e5s genom olika extraktionsprocesser och l\u00f6sningsmedel, d\u00e4r butan \u00e4r det vanligaste.<\/p>\n<p>Faq, Wax<\/p>","protected":false},"excerpt":{"rendered":"<p>Cannabisvax h\u00e4nvisar till de mjukare, ogenomskinliga oljorna som har f\u00f6rlorat sin transparens efter extraktionen. Till skillnad fr\u00e5n de transparenta oljorna kristalliserar molekylerna i cannabisvaxet som ett resultat av agitation. Ljus kan inte resa genom oregelbundna molekyl\u00e4ra t\u00e4theter, och denna refraktion l\u00e4mnar oss med en fast, ogenomskinlig olja.<\/p>","protected":false},"featured_media":1315,"comment_status":"closed","ping_status":"closed","template":"","meta":{"_uag_custom_page_level_css":"","site-sidebar-layout":"default","site-content-layout":"","ast-site-content-layout":"","site-content-style":"default","site-sidebar-style":"default","ast-global-header-display":"","ast-banner-title-visibility":"","ast-main-header-display":"","ast-hfb-above-header-display":"","ast-hfb-below-header-display":"","ast-hfb-mobile-header-display":"","site-post-title":"","ast-breadcrumbs-content":"","ast-featured-img":"","footer-sml-layout":"","theme-transparent-header-meta":"","adv-header-id-meta":"","stick-header-meta":"","header-above-stick-meta":"","header-main-stick-meta":"","header-below-stick-meta":"","astra-migrate-meta-layouts":"default","ast-page-background-enabled":"default","ast-page-background-meta":{"desktop":{"background-color":"var(--ast-global-color-4)","background-image":"","background-repeat":"repeat","background-position":"center center","background-size":"auto","background-attachment":"scroll","background-type":"","background-media":"","overlay-type":"","overlay-color":"","overlay-opacity":"","overlay-gradient":""},"tablet":{"background-color":"","background-image":"","background-repeat":"repeat","background-position":"center center","background-size":"auto","background-attachment":"scroll","background-type":"","background-media":"","overlay-type":"","overlay-color":"","overlay-opacity":"","overlay-gradient":""},"mobile":{"background-color":"","background-image":"","background-repeat":"repeat","background-position":"center center","background-size":"auto","background-attachment":"scroll","background-type":"","background-media":"","overlay-type":"","overlay-color":"","overlay-opacity":"","overlay-gradient":""}},"ast-content-background-meta":{"desktop":{"background-color":"var(--ast-global-color-5)","background-image":"","background-repeat":"repeat","background-position":"center center","background-size":"auto","background-attachment":"scroll","background-type":"","background-media":"","overlay-type":"","overlay-color":"","overlay-opacity":"","overlay-gradient":""},"tablet":{"background-color":"var(--ast-global-color-5)","background-image":"","background-repeat":"repeat","background-position":"center center","background-size":"auto","background-attachment":"scroll","background-type":"","background-media":"","overlay-type":"","overlay-color":"","overlay-opacity":"","overlay-gradient":""},"mobile":{"background-color":"var(--ast-global-color-5)","background-image":"","background-repeat":"repeat","background-position":"center center","background-size":"auto","background-attachment":"scroll","background-type":"","background-media":"","overlay-type":"","overlay-color":"","overlay-opacity":"","overlay-gradient":""}}},"product_brand":[],"product_cat":[139],"product_tag":[150,151,152,153,154],"class_list":{"0":"post-1303","1":"product","2":"type-product","3":"status-publish","4":"has-post-thumbnail","6":"product_cat-buy-wax-online","7":"product_tag-dank-dabs-brand","8":"product_tag-dank-dabs-california","9":"product_tag-dank-dabs-packaging","10":"product_tag-dank-dabs-shatter","11":"product_tag-dank-dabs-wax","12":"desktop-align-center","13":"tablet-align-left","14":"mobile-align-left","16":"first","17":"instock","18":"shipping-taxable","19":"purchasable","20":"product-type-variable"},"uagb_featured_image_src":{"full":["https:\/\/caliweedeurope.com\/wp-content\/uploads\/2024\/11\/g4-1-1.png",380,378,false],"thumbnail":["https:\/\/caliweedeurope.com\/wp-content\/uploads\/2024\/11\/g4-1-1-150x150.png",150,150,true],"medium":["https:\/\/caliweedeurope.com\/wp-content\/uploads\/2024\/11\/g4-1-1-300x298.png",300,298,true],"medium_large":["https:\/\/caliweedeurope.com\/wp-content\/uploads\/2024\/11\/g4-1-1.png",380,378,false],"large":["https:\/\/caliweedeurope.com\/wp-content\/uploads\/2024\/11\/g4-1-1.png",380,378,false],"1536x1536":["https:\/\/caliweedeurope.com\/wp-content\/uploads\/2024\/11\/g4-1-1.png",380,378,false],"2048x2048":["https:\/\/caliweedeurope.com\/wp-content\/uploads\/2024\/11\/g4-1-1.png",380,378,false],"trp-custom-language-flag":["https:\/\/caliweedeurope.com\/wp-content\/uploads\/2024\/11\/g4-1-1.png",12,12,false],"woocommerce_thumbnail":["https:\/\/caliweedeurope.com\/wp-content\/uploads\/2024\/11\/g4-1-1-300x300.png",300,300,true],"woocommerce_single":["https:\/\/caliweedeurope.com\/wp-content\/uploads\/2024\/11\/g4-1-1.png",380,378,false],"woocommerce_gallery_thumbnail":["https:\/\/caliweedeurope.com\/wp-content\/uploads\/2024\/11\/g4-1-1-100x100.png",100,100,true]},"uagb_author_info":{"display_name":"jetskiforsaleuk@gmail.com","author_link":"https:\/\/caliweedeurope.com\/sv\/author\/"},"uagb_comment_info":0,"uagb_excerpt":"Cannabis wax refers to the softer, opaque oils that have lost their transparency after extraction. Unlike those of transparent oils, the molecules of cannabis wax crystallize as a result of agitation. Light can\u2019t travel through irregular molecular densities, and that refraction leaves us with a solid, non-transparent oil.","_links":{"self":[{"href":"https:\/\/caliweedeurope.com\/sv\/wp-json\/wp\/v2\/product\/1303"}],"collection":[{"href":"https:\/\/caliweedeurope.com\/sv\/wp-json\/wp\/v2\/product"}],"about":[{"href":"https:\/\/caliweedeurope.com\/sv\/wp-json\/wp\/v2\/types\/product"}],"replies":[{"embeddable":true,"href":"https:\/\/caliweedeurope.com\/sv\/wp-json\/wp\/v2\/comments?post=1303"}],"wp:featuredmedia":[{"embeddable":true,"href":"https:\/\/caliweedeurope.com\/sv\/wp-json\/wp\/v2\/media\/1315"}],"wp:attachment":[{"href":"https:\/\/caliweedeurope.com\/sv\/wp-json\/wp\/v2\/media?parent=1303"}],"wp:term":[{"taxonomy":"product_brand","embeddable":true,"href":"https:\/\/caliweedeurope.com\/sv\/wp-json\/wp\/v2\/product_brand?post=1303"},{"taxonomy":"product_cat","embeddable":true,"href":"https:\/\/caliweedeurope.com\/sv\/wp-json\/wp\/v2\/product_cat?post=1303"},{"taxonomy":"product_tag","embeddable":true,"href":"https:\/\/caliweedeurope.com\/sv\/wp-json\/wp\/v2\/product_tag?post=1303"}],"curies":[{"name":"wp","href":"https:\/\/api.w.org\/{rel}","templated":true}]}}