{"id":1342,"date":"2024-11-03T21:32:25","date_gmt":"2024-11-03T21:32:25","guid":{"rendered":"https:\/\/caliweedeurope.com\/?post_type=product&#038;p=1342"},"modified":"2024-11-03T21:32:48","modified_gmt":"2024-11-03T21:32:48","slug":"afghan-black-hash","status":"publish","type":"product","link":"https:\/\/caliweedeurope.com\/sv\/product\/afghan-black-hash\/","title":{"rendered":"Afghan Black Hash"},"content":{"rendered":"<p>Afghan Black Hash skiljer sig endast i f\u00e4rg fr\u00e5n v\u00e5ra andra produkter. Om du inte \u00e4r bekant med v\u00e5ra produkter, k\u00f6p f\u00f6rst ett provpaket. Frakten \u00e4r gratis. K\u00f6p fler av v\u00e5ra lagliga hash-produkter s\u00e5 blir priset l\u00e4gre.<\/p>\n<p>Vi s\u00e4ljer v\u00e5ra produkter utan essentiell hampolja. Du kan k\u00f6pa det separat h\u00e4r.<br \/> Vi anv\u00e4nder 5 g f\u00f6r 1 kg, men du kan anv\u00e4nda mer om du vill ha en starkare doft.<\/p>","protected":false},"excerpt":{"rendered":"<p>Afghan Black Hash \u2013 pris per gram<br \/> Afghan Black Hash \u00e4r en hasch-klon. Den \u00e4r laglig v\u00e4rlden \u00f6ver och kommer att vara laglig f\u00f6r alltid. Den inneh\u00e5ller INTE THC, syntetiska cannabinoider eller andra forskningskemikalier (som JWH-018, JWH-073, JWH-250, AM-2209 osv.). Det \u00e4r troligtvis det b\u00e4sta lagliga haschet p\u00e5 marknaden. Vi anv\u00e4nder endast naturliga material av livsmedelskvalitet. Det ser ut som hasch, k\u00e4nns som hasch och har en mycket god smak.<\/p>","protected":false},"featured_media":1353,"comment_status":"closed","ping_status":"closed","template":"","meta":{"_uag_custom_page_level_css":"","site-sidebar-layout":"default","site-content-layout":"","ast-site-content-layout":"","site-content-style":"default","site-sidebar-style":"default","ast-global-header-display":"","ast-banner-title-visibility":"","ast-main-header-display":"","ast-hfb-above-header-display":"","ast-hfb-below-header-display":"","ast-hfb-mobile-header-display":"","site-post-title":"","ast-breadcrumbs-content":"","ast-featured-img":"","footer-sml-layout":"","theme-transparent-header-meta":"","adv-header-id-meta":"","stick-header-meta":"","header-above-stick-meta":"","header-main-stick-meta":"","header-below-stick-meta":"","astra-migrate-meta-layouts":"default","ast-page-background-enabled":"default","ast-page-background-meta":{"desktop":{"background-color":"var(--ast-global-color-4)","background-image":"","background-repeat":"repeat","background-position":"center center","background-size":"auto","background-attachment":"scroll","background-type":"","background-media":"","overlay-type":"","overlay-color":"","overlay-opacity":"","overlay-gradient":""},"tablet":{"background-color":"","background-image":"","background-repeat":"repeat","background-position":"center center","background-size":"auto","background-attachment":"scroll","background-type":"","background-media":"","overlay-type":"","overlay-color":"","overlay-opacity":"","overlay-gradient":""},"mobile":{"background-color":"","background-image":"","background-repeat":"repeat","background-position":"center center","background-size":"auto","background-attachment":"scroll","background-type":"","background-media":"","overlay-type":"","overlay-color":"","overlay-opacity":"","overlay-gradient":""}},"ast-content-background-meta":{"desktop":{"background-color":"var(--ast-global-color-5)","background-image":"","background-repeat":"repeat","background-position":"center center","background-size":"auto","background-attachment":"scroll","background-type":"","background-media":"","overlay-type":"","overlay-color":"","overlay-opacity":"","overlay-gradient":""},"tablet":{"background-color":"var(--ast-global-color-5)","background-image":"","background-repeat":"repeat","background-position":"center center","background-size":"auto","background-attachment":"scroll","background-type":"","background-media":"","overlay-type":"","overlay-color":"","overlay-opacity":"","overlay-gradient":""},"mobile":{"background-color":"var(--ast-global-color-5)","background-image":"","background-repeat":"repeat","background-position":"center center","background-size":"auto","background-attachment":"scroll","background-type":"","background-media":"","overlay-type":"","overlay-color":"","overlay-opacity":"","overlay-gradient":""}}},"product_brand":[],"product_cat":[77],"product_tag":[174,175,176,172,177],"class_list":{"0":"post-1342","1":"product","2":"type-product","3":"status-publish","4":"has-post-thumbnail","6":"product_cat-buy-hash-online","7":"product_tag-buy-hash-online-eu","8":"product_tag-daydreamerz-edible","9":"product_tag-dispensaries-in-europe","10":"product_tag-edibles-in-germany","11":"product_tag-edibles-online-europe","12":"desktop-align-center","13":"tablet-align-left","14":"mobile-align-left","16":"first","17":"instock","18":"shipping-taxable","19":"purchasable","20":"product-type-variable"},"uagb_featured_image_src":{"full":["https:\/\/caliweedeurope.com\/wp-content\/uploads\/2024\/11\/afghan_black_hash_04-980x735-1.jpg",800,520,false],"thumbnail":["https:\/\/caliweedeurope.com\/wp-content\/uploads\/2024\/11\/afghan_black_hash_04-980x735-1-150x150.jpg",150,150,true],"medium":["https:\/\/caliweedeurope.com\/wp-content\/uploads\/2024\/11\/afghan_black_hash_04-980x735-1-300x195.jpg",300,195,true],"medium_large":["https:\/\/caliweedeurope.com\/wp-content\/uploads\/2024\/11\/afghan_black_hash_04-980x735-1-768x499.jpg",768,499,true],"large":["https:\/\/caliweedeurope.com\/wp-content\/uploads\/2024\/11\/afghan_black_hash_04-980x735-1.jpg",800,520,false],"1536x1536":["https:\/\/caliweedeurope.com\/wp-content\/uploads\/2024\/11\/afghan_black_hash_04-980x735-1.jpg",800,520,false],"2048x2048":["https:\/\/caliweedeurope.com\/wp-content\/uploads\/2024\/11\/afghan_black_hash_04-980x735-1.jpg",800,520,false],"trp-custom-language-flag":["https:\/\/caliweedeurope.com\/wp-content\/uploads\/2024\/11\/afghan_black_hash_04-980x735-1.jpg",18,12,false],"woocommerce_thumbnail":["https:\/\/caliweedeurope.com\/wp-content\/uploads\/2024\/11\/afghan_black_hash_04-980x735-1-300x300.jpg",300,300,true],"woocommerce_single":["https:\/\/caliweedeurope.com\/wp-content\/uploads\/2024\/11\/afghan_black_hash_04-980x735-1-600x390.jpg",600,390,true],"woocommerce_gallery_thumbnail":["https:\/\/caliweedeurope.com\/wp-content\/uploads\/2024\/11\/afghan_black_hash_04-980x735-1-100x100.jpg",100,100,true]},"uagb_author_info":{"display_name":"jetskiforsaleuk@gmail.com","author_link":"https:\/\/caliweedeurope.com\/sv\/author\/"},"uagb_comment_info":0,"uagb_excerpt":"Afghan Black Hash \u2013 price per gram Afghan Black Hash is a hash clone. It is worldwide legal, and it will be legal forever. It does NOT contain any THC, synthetic cannabinoids or other research chemicals (like JWH-018, JWH-073, JWH-250, AM-2209 etc.). It is probably the best legal hash on the market. We only use&hellip;","_links":{"self":[{"href":"https:\/\/caliweedeurope.com\/sv\/wp-json\/wp\/v2\/product\/1342"}],"collection":[{"href":"https:\/\/caliweedeurope.com\/sv\/wp-json\/wp\/v2\/product"}],"about":[{"href":"https:\/\/caliweedeurope.com\/sv\/wp-json\/wp\/v2\/types\/product"}],"replies":[{"embeddable":true,"href":"https:\/\/caliweedeurope.com\/sv\/wp-json\/wp\/v2\/comments?post=1342"}],"wp:featuredmedia":[{"embeddable":true,"href":"https:\/\/caliweedeurope.com\/sv\/wp-json\/wp\/v2\/media\/1353"}],"wp:attachment":[{"href":"https:\/\/caliweedeurope.com\/sv\/wp-json\/wp\/v2\/media?parent=1342"}],"wp:term":[{"taxonomy":"product_brand","embeddable":true,"href":"https:\/\/caliweedeurope.com\/sv\/wp-json\/wp\/v2\/product_brand?post=1342"},{"taxonomy":"product_cat","embeddable":true,"href":"https:\/\/caliweedeurope.com\/sv\/wp-json\/wp\/v2\/product_cat?post=1342"},{"taxonomy":"product_tag","embeddable":true,"href":"https:\/\/caliweedeurope.com\/sv\/wp-json\/wp\/v2\/product_tag?post=1342"}],"curies":[{"name":"wp","href":"https:\/\/api.w.org\/{rel}","templated":true}]}}