{"id":1377,"date":"2024-11-03T21:32:34","date_gmt":"2024-11-03T21:32:34","guid":{"rendered":"https:\/\/caliweedeurope.com\/?post_type=product&#038;p=1377"},"modified":"2024-11-03T21:32:48","modified_gmt":"2024-11-03T21:32:48","slug":"buy-banana-runtz","status":"publish","type":"product","link":"https:\/\/caliweedeurope.com\/sv\/product\/buy-banana-runtz\/","title":{"rendered":"K\u00f6p Banana Runtz"},"content":{"rendered":"<p>Buy Banana Runtz, banana runtz seeds<\/p>\n<p>banana runtz wax<\/p>\n<p>banana runtz leafly<\/p>\n<p>banana runtz bags<\/p>\n<p>banana runtz price<\/p>\n<p>banana runtz strain leafly<\/p>\n<p>banana runtz cartridge<\/p>\n<p>banana runtz strain info<\/p>\n<p>K\u00f6p gr\u00e4s online i USA, k\u00f6p gr\u00e4s online i Storbritannien, k\u00f6p gr\u00e4s online i Irland, k\u00f6p gr\u00e4s online i Schweiz, k\u00f6p gr\u00e4s online i Australien, k\u00f6p gr\u00e4s online i Italien, k\u00f6p gr\u00e4s online i Danmark, k\u00f6p gr\u00e4s online i Europeiska unionen, k\u00f6p gr\u00e4s online i Frankrike, k\u00f6p gr\u00e4s online i Tyskland, k\u00f6p gr\u00e4s online i Belgien, k\u00f6p gr\u00e4s online i Polen, k\u00f6p gr\u00e4s online i Lettland, k\u00f6p gr\u00e4s online i Israel, k\u00f6p gr\u00e4s online i Turkiet, k\u00f6p gr\u00e4s online i Jersey, k\u00f6p gr\u00e4s online i Kina, k\u00f6p gr\u00e4s online i Ukraina, k\u00f6p gr\u00e4s online i Ungern, k\u00f6p gr\u00e4s online i Sverige, k\u00f6p gr\u00e4s online i Japan, k\u00f6p gr\u00e4s online i Spanien, k\u00f6p gr\u00e4s online i Ryssland, k\u00f6p gr\u00e4s online i Kroatien, k\u00f6p gr\u00e4s online i Guam, k\u00f6p gr\u00e4s online i Guernsey.<\/p>","protected":false},"excerpt":{"rendered":"<p>Real Runtz, inte Fruntz. K\u00f6p billig Runtz online. K\u00f6p original Runtz online. K\u00f6p Banana Runtz online. En av de st\u00f6rsta stammarna i Kalifornien just nu \u00e4r Runtz cannabisstammen. Denna Indica-dominanta cannabisstam \u00e4r Nero Cut edition, en korsning mellan Zkittlez och Gelato. Nero \u00e4r del\u00e4gare i Runtz-m\u00e4rket. Runtz-stam. <a href=\"https:\/\/deligentman.com\/product\/runtz-strain\/\">Runtz strain<\/a><\/p>","protected":false},"featured_media":1396,"comment_status":"closed","ping_status":"closed","template":"","meta":{"_uag_custom_page_level_css":"","site-sidebar-layout":"default","site-content-layout":"","ast-site-content-layout":"","site-content-style":"default","site-sidebar-style":"default","ast-global-header-display":"","ast-banner-title-visibility":"","ast-main-header-display":"","ast-hfb-above-header-display":"","ast-hfb-below-header-display":"","ast-hfb-mobile-header-display":"","site-post-title":"","ast-breadcrumbs-content":"","ast-featured-img":"","footer-sml-layout":"","theme-transparent-header-meta":"","adv-header-id-meta":"","stick-header-meta":"","header-above-stick-meta":"","header-main-stick-meta":"","header-below-stick-meta":"","astra-migrate-meta-layouts":"default","ast-page-background-enabled":"default","ast-page-background-meta":{"desktop":{"background-color":"var(--ast-global-color-4)","background-image":"","background-repeat":"repeat","background-position":"center center","background-size":"auto","background-attachment":"scroll","background-type":"","background-media":"","overlay-type":"","overlay-color":"","overlay-opacity":"","overlay-gradient":""},"tablet":{"background-color":"","background-image":"","background-repeat":"repeat","background-position":"center center","background-size":"auto","background-attachment":"scroll","background-type":"","background-media":"","overlay-type":"","overlay-color":"","overlay-opacity":"","overlay-gradient":""},"mobile":{"background-color":"","background-image":"","background-repeat":"repeat","background-position":"center center","background-size":"auto","background-attachment":"scroll","background-type":"","background-media":"","overlay-type":"","overlay-color":"","overlay-opacity":"","overlay-gradient":""}},"ast-content-background-meta":{"desktop":{"background-color":"var(--ast-global-color-5)","background-image":"","background-repeat":"repeat","background-position":"center center","background-size":"auto","background-attachment":"scroll","background-type":"","background-media":"","overlay-type":"","overlay-color":"","overlay-opacity":"","overlay-gradient":""},"tablet":{"background-color":"var(--ast-global-color-5)","background-image":"","background-repeat":"repeat","background-position":"center center","background-size":"auto","background-attachment":"scroll","background-type":"","background-media":"","overlay-type":"","overlay-color":"","overlay-opacity":"","overlay-gradient":""},"mobile":{"background-color":"var(--ast-global-color-5)","background-image":"","background-repeat":"repeat","background-position":"center center","background-size":"auto","background-attachment":"scroll","background-type":"","background-media":"","overlay-type":"","overlay-color":"","overlay-opacity":"","overlay-gradient":""}}},"product_brand":[],"product_cat":[60],"product_tag":[201,202,203,204,205,206,207,208,209,210,211,212,213,214,215,216,217,218,219,220,221,222,223,224,225,226],"class_list":{"0":"post-1377","1":"product","2":"type-product","3":"status-publish","4":"has-post-thumbnail","6":"product_cat-buy-runtz-online","7":"product_tag-buy-weed-online-in-australia","8":"product_tag-buy-weed-online-in-belgium","9":"product_tag-buy-weed-online-in-britain","10":"product_tag-buy-weed-online-in-china","11":"product_tag-buy-weed-online-in-croatia","12":"product_tag-buy-weed-online-in-denmark","13":"product_tag-buy-weed-online-in-european-union","14":"product_tag-buy-weed-online-in-france","15":"product_tag-buy-weed-online-in-germany","16":"product_tag-buy-weed-online-in-guam","17":"product_tag-buy-weed-online-in-guernsey","18":"product_tag-buy-weed-online-in-hungary","19":"product_tag-buy-weed-online-in-ireland","20":"product_tag-buy-weed-online-in-israel","21":"product_tag-buy-weed-online-in-italy","22":"product_tag-buy-weed-online-in-japan","23":"product_tag-buy-weed-online-in-jersey","24":"product_tag-buy-weed-online-in-latvia","25":"product_tag-buy-weed-online-in-poland","26":"product_tag-buy-weed-online-in-russia","27":"product_tag-buy-weed-online-in-spain","28":"product_tag-buy-weed-online-in-sweeden","29":"product_tag-buy-weed-online-in-switzerland","30":"product_tag-buy-weed-online-in-turkey","31":"product_tag-buy-weed-online-in-ukraine","32":"product_tag-buy-weed-online-united-states","33":"desktop-align-center","34":"tablet-align-left","35":"mobile-align-left","37":"first","38":"instock","39":"shipping-taxable","40":"purchasable","41":"product-type-variable"},"uagb_featured_image_src":{"full":["https:\/\/caliweedeurope.com\/wp-content\/uploads\/2024\/11\/WhatsApp-Image-2020-01-22-at-7.33.29-AM.jpeg",1243,1060,false],"thumbnail":["https:\/\/caliweedeurope.com\/wp-content\/uploads\/2024\/11\/WhatsApp-Image-2020-01-22-at-7.33.29-AM-150x150.jpeg",150,150,true],"medium":["https:\/\/caliweedeurope.com\/wp-content\/uploads\/2024\/11\/WhatsApp-Image-2020-01-22-at-7.33.29-AM-300x256.jpeg",300,256,true],"medium_large":["https:\/\/caliweedeurope.com\/wp-content\/uploads\/2024\/11\/WhatsApp-Image-2020-01-22-at-7.33.29-AM-768x655.jpeg",768,655,true],"large":["https:\/\/caliweedeurope.com\/wp-content\/uploads\/2024\/11\/WhatsApp-Image-2020-01-22-at-7.33.29-AM-1024x873.jpeg",1024,873,true],"1536x1536":["https:\/\/caliweedeurope.com\/wp-content\/uploads\/2024\/11\/WhatsApp-Image-2020-01-22-at-7.33.29-AM.jpeg",1243,1060,false],"2048x2048":["https:\/\/caliweedeurope.com\/wp-content\/uploads\/2024\/11\/WhatsApp-Image-2020-01-22-at-7.33.29-AM.jpeg",1243,1060,false],"trp-custom-language-flag":["https:\/\/caliweedeurope.com\/wp-content\/uploads\/2024\/11\/WhatsApp-Image-2020-01-22-at-7.33.29-AM.jpeg",14,12,false],"woocommerce_thumbnail":["https:\/\/caliweedeurope.com\/wp-content\/uploads\/2024\/11\/WhatsApp-Image-2020-01-22-at-7.33.29-AM-300x300.jpeg",300,300,true],"woocommerce_single":["https:\/\/caliweedeurope.com\/wp-content\/uploads\/2024\/11\/WhatsApp-Image-2020-01-22-at-7.33.29-AM-600x512.jpeg",600,512,true],"woocommerce_gallery_thumbnail":["https:\/\/caliweedeurope.com\/wp-content\/uploads\/2024\/11\/WhatsApp-Image-2020-01-22-at-7.33.29-AM-100x100.jpeg",100,100,true]},"uagb_author_info":{"display_name":"jetskiforsaleuk@gmail.com","author_link":"https:\/\/caliweedeurope.com\/sv\/author\/"},"uagb_comment_info":0,"uagb_excerpt":"Real Runtz not Fruntz Buy Cheap Runtz Online Buy Original Runtz Online Buy Banana Runtz Online One of the biggest strains in California right now is the Runtz weed strain. This Indica dominant cannabis strain is the Nero Cut edition, it\u2019s a cross between Zkittlez and Gelato. Nero is part owner of the Runtz brand.&hellip;","_links":{"self":[{"href":"https:\/\/caliweedeurope.com\/sv\/wp-json\/wp\/v2\/product\/1377"}],"collection":[{"href":"https:\/\/caliweedeurope.com\/sv\/wp-json\/wp\/v2\/product"}],"about":[{"href":"https:\/\/caliweedeurope.com\/sv\/wp-json\/wp\/v2\/types\/product"}],"replies":[{"embeddable":true,"href":"https:\/\/caliweedeurope.com\/sv\/wp-json\/wp\/v2\/comments?post=1377"}],"wp:featuredmedia":[{"embeddable":true,"href":"https:\/\/caliweedeurope.com\/sv\/wp-json\/wp\/v2\/media\/1396"}],"wp:attachment":[{"href":"https:\/\/caliweedeurope.com\/sv\/wp-json\/wp\/v2\/media?parent=1377"}],"wp:term":[{"taxonomy":"product_brand","embeddable":true,"href":"https:\/\/caliweedeurope.com\/sv\/wp-json\/wp\/v2\/product_brand?post=1377"},{"taxonomy":"product_cat","embeddable":true,"href":"https:\/\/caliweedeurope.com\/sv\/wp-json\/wp\/v2\/product_cat?post=1377"},{"taxonomy":"product_tag","embeddable":true,"href":"https:\/\/caliweedeurope.com\/sv\/wp-json\/wp\/v2\/product_tag?post=1377"}],"curies":[{"name":"wp","href":"https:\/\/api.w.org\/{rel}","templated":true}]}}