{"id":1428,"date":"2024-11-03T21:32:51","date_gmt":"2024-11-03T21:32:51","guid":{"rendered":"https:\/\/caliweedeurope.com\/?post_type=product&#038;p=1428"},"modified":"2024-11-03T21:33:26","modified_gmt":"2024-11-03T21:33:26","slug":"gelato-weed-strain-for-sale","status":"publish","type":"product","link":"https:\/\/caliweedeurope.com\/sv\/product\/gelato-weed-strain-for-sale\/","title":{"rendered":"Gelato Weed strain For sale"},"content":{"rendered":"<h1><\/h1>\n<h1>\u00a0K\u00f6p Gelato Weed Strain \u2013 Exklusiv exotisk cannabis av toppkvalitet<\/h1>\n<p class=\"translation-block\">En annan toppklassig sort fr\u00e5n Deligentman.com! <span style=\"font-size: 14pt\"><strong>Gelato Weed<\/strong><\/span> \u00e4r resultatet av en korsning mellan Thin Mint Girl Scout Cookies och Sunset Sherbet, tv\u00e5 sorter som \u00e4r k\u00e4nda f\u00f6r sina otroligt goda smaker och dofter. Gelato-sortens aromer och smaker beskrivs som jordiga, s\u00f6ta, mintiga, citrusaktiga, b\u00e4rlika, ekiga, sorbet, apelsin, lavendel och kaka. Gelato-v\u00e4xten \u00e4r kort och knubbig. Dess blad \u00e4r skogsgr\u00f6na med m\u00f6rklila nyanser. Gelato-blommorna \u00e4r m\u00f6rklila och genomsyras av ljusorange pistiller. Dess knoppar \u00e4r klibbiga med genomsnittlig t\u00e4ckning av trikromkristaller.<\/p>\n<p>Gelato-sortens marijuana har h\u00f6ga THC-niv\u00e5er som str\u00e4cker sig fr\u00e5n 15% till 25%, vilket g\u00f6r det till en ganska kraftfull sort. THC Design-hybrideffekterna \u00e4r v\u00e4lbalanserade \u2013 en intressant blandning av energi och avslappning. Om du l\u00e4ngtar efter ett indica-kroppsrus kombinerat med sativa-klarsynthet som h\u00e5ller dig tillr\u00e4ckligt aktiv f\u00f6r att njuta av sortens effekter, d\u00e5 \u00e4r detta n\u00e5got f\u00f6r dig. Dess effekter \u00e4r snabba, b\u00f6rjar med en lyckorus och intensivt mental h\u00f6jd. Huvudruset som det ger \u00e4r lycksaligt och upplyftande. En smygande kroppsk\u00e4nsla \u00f6kar gradvis tills du k\u00e4nner dig helt avslappnad och lugn, men med tillr\u00e4ckligt med energi och fokus f\u00f6r att h\u00e5lla dig positiv och social.<\/p>\n<p class=\"translation-block\">K\u00f6p Gelato 45 UK<b>,\u00a0<\/b>Gelato\u00a0<b>#45 vs 33 k\u00f6p ocks\u00e5 <\/b>Gelato 45\u00a0<b>allbud,\u00a0<\/b>Gelato\u00a0<b>41<\/b>-sort,\u00a0Gelato\u00a0<b>#45 avkastning,\u00a0<\/b>Gelato 45-sort\u00a0<b>Smart Cart,\u00a0<\/b>Gelato 45\u00a0<b>vs 33,\u00a0<\/b>Gelato 45-sort\u00a0<b>Indica eller Sativa,\u00a0<\/b><b>Gelati vs<\/b>\u00a0Gelato-sort,\u00a0Gelato-sort\u00a0<b>45,\u00a0<\/b><b>Shark<\/b>-Gelato-sort,\u00a0Gelato\u00a0<b>41<\/b>-sort,\u00a0<b>Wedding Cake<\/b>-sort,\u00a0<b>Blueberry<\/b>-Gelato-sort,\u00a0<b>Lemon<\/b>-Gelato-sort, cannabis<\/p>\n<h3>Medicinska f\u00f6rdelar med att anv\u00e4nda Gelato Weed hybridstam<\/h3>\n<p>Gelatos l\u00e4tta cerebrala effekt i kombination med dess samtidigt kroppsliga avslappning g\u00f6r det till en favorit f\u00f6r \u00e5ngestst\u00f6rningar och kronisk stress. Gelato ger en boost av cerebral energi som hj\u00e4lper till att lindra kronisk depression. Denna stimulans kan ocks\u00e5 vara till hj\u00e4lp f\u00f6r patienter med uppm\u00e4rksamhetsst\u00f6rningar som ADHD och ADD. Indica-komponenten slappnar av kroppen f\u00f6r att undertrycka hyperaktivitet, medan Sativa ger den stimulans som beh\u00f6vs f\u00f6r att bibeh\u00e5lla fokus. Gelato-sorten hj\u00e4lper mot illam\u00e5ende tack vare sin lockande smak och doft; dessutom fr\u00e4mjar denna Gelato-cannabissort \u00e4ven aptiten hos patienter som upplever illam\u00e5ende p\u00e5 grund av kemoterapi mot cancer eller autoimmuna sjukdomar.<\/p>\n<h3>Effekter av Gelato 45 cannabisstam<\/h3>\n<ul>\n<li>Glad<\/li>\n<li>Euforisk<\/li>\n<li>Avslappnad<\/li>\n<li>H\u00f6jd<\/li>\n<li>Kreativ<\/li>\n<\/ul>\n<p>Klassificering: 55% Indica \/ 45% Sativa<\/p>\n<p>F\u00f6r\u00e4ldrar: Thin Mint Girl Scout Cookies X Sunset Sherbet<\/p>\n<p>Blomning: 8 \u2013 9 veckor<\/p>\n<p>Odling F\u00f6rh\u00e5llanden: Inomhus \/ Utomhus<\/p>\n<p>Sk\u00f6rd: Genomsnittlig till H\u00f6g<\/p>\n<p>&nbsp;<\/p>\n<div id=\"extrares\">\n<div id=\"botstuff\">\n<div data-ved=\"2ahUKEwjOnKHOuNLqAhVbHzQIHWV0BAUQCHoECA0QKA\">\n<div id=\"brs\" data-hveid=\"CAwQAA\">\n<div class=\"card-section\">\n<div class=\"brs_col\">\n<p class=\"nVcaUb translation-block\">K\u00f6p Gelato 45 UK<b>, var du kan k\u00f6pa <\/b>Gelato\u00a0<b>#45 vs 33, <\/b>Gelato 45\u00a0<b>alla bud till salu, <\/b>Gelato\u00a0<b>41<\/b>-sort, Gelato\u00a0<b>#45 avkastning, <\/b>Gelato 45-sort\u00a0<b>Smart Cart, <\/b>Gelato 45\u00a0<b>vs 33, <\/b>Gelato 45-sort\u00a0<b>Indica eller Sativa, <\/b><b>Gelati vs<\/b> Gelato-sort, Gelato-sort\u00a0<b>45, du kan ocks\u00e5 k\u00f6pa <\/b><b>Shark<\/b> Gelato-sort, Gelato\u00a0<b>41<\/b>-sort, <b>Wedding Cake<\/b>-sort, <b>Blueberry<\/b> Gelato-sort, <b>Sherbet<\/b>-sort, <b>Lemon<\/b> Gelato-sort. Du kan k\u00f6pa Gelato <a href=\"https:\/\/kifpot.com\/\" target=\"_blank\" rel=\"noopener\">CBD hampablad<\/a><\/p>\n<p class=\"translation-block\"><a href=\"https:\/\/deligentman.com\/buy-cannabis-online-uk\/\" target=\"_blank\" rel=\"noopener\"><span style=\"font-weight: 400\">V\u00e5r butik<\/span><\/a><span style=\"font-weight: 400\"> \u00e4r en av de b\u00e4sta butikerna f\u00f6r att k\u00f6pa cannabis online i Storbritannien, Europa, USA och EU, med eller utan medicinskt kort. Vi har ocks\u00e5 h\u00f6gkvalitativa cannabisstammar till salu. Cannabis fr\u00e5n Irland till salu i USA. Vi erbjuder gratis leverans \u00f6ver hela Storbritannien, Europa och USA. Aquatic Weed Cutter till salu i Storbritannien. Hur man k\u00f6per cannabis online, <\/span><span style=\"font-weight: 400\">best\u00e4ll cannabis online i Storbritannien, USA, EU. <\/span>K\u00f6p cannabis online, du kan best\u00e4lla cannabis &amp; marijuana online i Storbritannien. Vi levererar snabbt med Next Day Delivery. F\u00e5 cannabis &amp; marijuana till salu i Storbritannien Weed Supermarket. K\u00f6p cannabis online i Storbritannien och best\u00e4ll marijuana UK, K\u00f6p marijuana online UK K\u00f6p marijuana online UK. Vi levererar snabbt med Next Day Delivery. Marijuana till salu i Storbritannien. Aquatic Weed Cutter till salu i Storbritannien. Hur man k\u00f6per marijuana online.<\/p>\n<\/p><\/div>\n<\/p><\/div>\n<\/p><\/div>\n<\/p><\/div>\n<\/p><\/div>\n<\/p><\/div>\n<div>\n<div id=\"foot\" role=\"navigation\">\n<div class=\"brs_col\">\n<p class=\"nVcaUb\"> <\/div>\n<\/p><\/div>\n<\/p><\/div>","protected":false},"excerpt":{"rendered":"<p>Gelato Weed kombinerar den mjuka, fruktiga charmen fr\u00e5n Sunset Sherbert med den jordiga, \u00f6rtiga smaken av Thin Mints. Med begr\u00e4nsad tillg\u00e4nglighet och ett dj\u00e4rvt utseende och smak faller denna sort in i en framv\u00e4xande kategori av v\u00e4stkusthybrider som fokuserar p\u00e5 smak. Gelato b\u00e4r p\u00e5 flera \u00f6nskv\u00e4rda egenskaper fr\u00e5n sitt intensivt korsade ursprung och utm\u00e4rker sig med sin visuella och smakm\u00e4ssiga kvalitet. Dess psykedeliska men avslappnande vibbar g\u00f6r den till ett perfekt val f\u00f6r ensam introspektion eller pratiga sociala stunder.<a href=\"http:\/\/kifpot.com\">.<\/a><\/p>","protected":false},"featured_media":1440,"comment_status":"closed","ping_status":"closed","template":"","meta":{"_uag_custom_page_level_css":"","site-sidebar-layout":"default","site-content-layout":"","ast-site-content-layout":"","site-content-style":"default","site-sidebar-style":"default","ast-global-header-display":"","ast-banner-title-visibility":"","ast-main-header-display":"","ast-hfb-above-header-display":"","ast-hfb-below-header-display":"","ast-hfb-mobile-header-display":"","site-post-title":"","ast-breadcrumbs-content":"","ast-featured-img":"","footer-sml-layout":"","theme-transparent-header-meta":"","adv-header-id-meta":"","stick-header-meta":"","header-above-stick-meta":"","header-main-stick-meta":"","header-below-stick-meta":"","astra-migrate-meta-layouts":"default","ast-page-background-enabled":"default","ast-page-background-meta":{"desktop":{"background-color":"var(--ast-global-color-4)","background-image":"","background-repeat":"repeat","background-position":"center center","background-size":"auto","background-attachment":"scroll","background-type":"","background-media":"","overlay-type":"","overlay-color":"","overlay-opacity":"","overlay-gradient":""},"tablet":{"background-color":"","background-image":"","background-repeat":"repeat","background-position":"center center","background-size":"auto","background-attachment":"scroll","background-type":"","background-media":"","overlay-type":"","overlay-color":"","overlay-opacity":"","overlay-gradient":""},"mobile":{"background-color":"","background-image":"","background-repeat":"repeat","background-position":"center center","background-size":"auto","background-attachment":"scroll","background-type":"","background-media":"","overlay-type":"","overlay-color":"","overlay-opacity":"","overlay-gradient":""}},"ast-content-background-meta":{"desktop":{"background-color":"var(--ast-global-color-5)","background-image":"","background-repeat":"repeat","background-position":"center center","background-size":"auto","background-attachment":"scroll","background-type":"","background-media":"","overlay-type":"","overlay-color":"","overlay-opacity":"","overlay-gradient":""},"tablet":{"background-color":"var(--ast-global-color-5)","background-image":"","background-repeat":"repeat","background-position":"center center","background-size":"auto","background-attachment":"scroll","background-type":"","background-media":"","overlay-type":"","overlay-color":"","overlay-opacity":"","overlay-gradient":""},"mobile":{"background-color":"var(--ast-global-color-5)","background-image":"","background-repeat":"repeat","background-position":"center center","background-size":"auto","background-attachment":"scroll","background-type":"","background-media":"","overlay-type":"","overlay-color":"","overlay-opacity":"","overlay-gradient":""}}},"product_brand":[],"product_cat":[22,228],"product_tag":[229,230,231,232,233,234,235,236,237,238,239,240,241,242,243,244,245,246,247,248,138,249],"class_list":{"0":"post-1428","1":"product","2":"type-product","3":"status-publish","4":"has-post-thumbnail","6":"product_cat-hybrid","7":"product_cat-indica","8":"product_tag-blueberry-gelato-strain","9":"product_tag-buy-gelato-45-uk","10":"product_tag-buy-gelato-weed","11":"product_tag-buy-weed-online-uk","12":"product_tag-eu-buy-cannabis-online","13":"product_tag-europe","14":"product_tag-gelati-vs-gelato-strain","15":"product_tag-gelato-45-vs-33","16":"product_tag-gelato-45-yield","17":"product_tag-gelato-41-strain","18":"product_tag-gelato-45-allbud","19":"product_tag-gelato-45-strain-indica-or-sativa","20":"product_tag-gelato-45-strain-smart-cart","21":"product_tag-gelato-strain-45","22":"product_tag-how-to-buy-gelato-strain","23":"product_tag-lemon-gelato-strain","24":"product_tag-mail-order-weed-uk","25":"product_tag-order-weed-online-uk","26":"product_tag-shark-gelato-strain","27":"product_tag-usa","28":"product_tag-wedding-cake-strain","29":"product_tag-where-to-buy-gelato-weed","30":"desktop-align-center","31":"tablet-align-left","32":"mobile-align-left","34":"first","35":"instock","36":"sale","37":"shipping-taxable","38":"purchasable","39":"product-type-variable"},"uagb_featured_image_src":{"full":["https:\/\/caliweedeurope.com\/wp-content\/uploads\/2024\/11\/gelato__primary_0dc7.jpg",1040,1024,false],"thumbnail":["https:\/\/caliweedeurope.com\/wp-content\/uploads\/2024\/11\/gelato__primary_0dc7-150x150.jpg",150,150,true],"medium":["https:\/\/caliweedeurope.com\/wp-content\/uploads\/2024\/11\/gelato__primary_0dc7-300x295.jpg",300,295,true],"medium_large":["https:\/\/caliweedeurope.com\/wp-content\/uploads\/2024\/11\/gelato__primary_0dc7-768x756.jpg",768,756,true],"large":["https:\/\/caliweedeurope.com\/wp-content\/uploads\/2024\/11\/gelato__primary_0dc7-1024x1008.jpg",1024,1008,true],"1536x1536":["https:\/\/caliweedeurope.com\/wp-content\/uploads\/2024\/11\/gelato__primary_0dc7.jpg",1040,1024,false],"2048x2048":["https:\/\/caliweedeurope.com\/wp-content\/uploads\/2024\/11\/gelato__primary_0dc7.jpg",1040,1024,false],"trp-custom-language-flag":["https:\/\/caliweedeurope.com\/wp-content\/uploads\/2024\/11\/gelato__primary_0dc7.jpg",12,12,false],"woocommerce_thumbnail":["https:\/\/caliweedeurope.com\/wp-content\/uploads\/2024\/11\/gelato__primary_0dc7-300x300.jpg",300,300,true],"woocommerce_single":["https:\/\/caliweedeurope.com\/wp-content\/uploads\/2024\/11\/gelato__primary_0dc7-600x591.jpg",600,591,true],"woocommerce_gallery_thumbnail":["https:\/\/caliweedeurope.com\/wp-content\/uploads\/2024\/11\/gelato__primary_0dc7-100x100.jpg",100,100,true]},"uagb_author_info":{"display_name":"jetskiforsaleuk@gmail.com","author_link":"https:\/\/caliweedeurope.com\/sv\/author\/"},"uagb_comment_info":0,"uagb_excerpt":"Gelato Weed has all the smooth and fruity appeal of Sunset Sherbert with the earthy, herbal goodness of Thin Mints. With limited availability and a bold look and taste, this strain falls into an emerging category of west coast craft hybrids that are focused on taste. Carrying multiple desirable traits from its heavily crossbred lineage,&hellip;","_links":{"self":[{"href":"https:\/\/caliweedeurope.com\/sv\/wp-json\/wp\/v2\/product\/1428"}],"collection":[{"href":"https:\/\/caliweedeurope.com\/sv\/wp-json\/wp\/v2\/product"}],"about":[{"href":"https:\/\/caliweedeurope.com\/sv\/wp-json\/wp\/v2\/types\/product"}],"replies":[{"embeddable":true,"href":"https:\/\/caliweedeurope.com\/sv\/wp-json\/wp\/v2\/comments?post=1428"}],"wp:featuredmedia":[{"embeddable":true,"href":"https:\/\/caliweedeurope.com\/sv\/wp-json\/wp\/v2\/media\/1440"}],"wp:attachment":[{"href":"https:\/\/caliweedeurope.com\/sv\/wp-json\/wp\/v2\/media?parent=1428"}],"wp:term":[{"taxonomy":"product_brand","embeddable":true,"href":"https:\/\/caliweedeurope.com\/sv\/wp-json\/wp\/v2\/product_brand?post=1428"},{"taxonomy":"product_cat","embeddable":true,"href":"https:\/\/caliweedeurope.com\/sv\/wp-json\/wp\/v2\/product_cat?post=1428"},{"taxonomy":"product_tag","embeddable":true,"href":"https:\/\/caliweedeurope.com\/sv\/wp-json\/wp\/v2\/product_tag?post=1428"}],"curies":[{"name":"wp","href":"https:\/\/api.w.org\/{rel}","templated":true}]}}