{"id":1449,"date":"2024-11-03T21:33:04","date_gmt":"2024-11-03T21:33:04","guid":{"rendered":"https:\/\/caliweedeurope.com\/?post_type=product&#038;p=1449"},"modified":"2024-11-03T21:33:26","modified_gmt":"2024-11-03T21:33:26","slug":"buy-710-kingpen-vape-cartridges","status":"publish","type":"product","link":"https:\/\/caliweedeurope.com\/sv\/product\/buy-710-kingpen-vape-cartridges\/","title":{"rendered":"K\u00f6p 710 Kingpen Vape-kassetter"},"content":{"rendered":"<h1><strong>K\u00d6P 710 KINGPEN VAPE-CARTRIDGES UK ONLINE LEVERANS BILLIG EUROPA<\/strong><\/h1>\n<p>Letar du efter att k\u00f6pa 710 KingPen vape-cartomizers online eller 710 KingPen vape-pen leverans? <a href=\"https:\/\/weedmaps.com\/brands\/710-kingpen\" target=\"_blank\" rel=\"noopener noreferrer\">710 KingPen<\/a>\u00a0\u00e4r LoudPack Extracts personliga marijuana \/ THC-vaporizer, eller \"Vape Pen\". Denna enhet har f\u00e5tt popularitet under de senaste \u00e5ren, eftersom tobaksprodukter har f\u00e5tt ett liknande utseende och k\u00e4nsla med sin version av vape pen, kallad E-Cigs, och stigmat som f\u00f6rknippas med marihuanabruk forts\u00e4tter att f\u00f6rsvinna.\u00a0<a href=\"https:\/\/www.leafly.com\/brands\/710-kingpen\" target=\"_blank\" rel=\"noopener noreferrer\">710 KingPen<\/a>\u00a0\u00e4r den n\u00e4sta generationens b\u00e4rbara vaporizer, designad f\u00f6r att v\u00e4rma upp produkten till en temperatur strax under f\u00f6rbr\u00e4nningstemperaturen s\u00e5 att den producerar \u00e5nga som inhaleras ist\u00e4llet f\u00f6r r\u00f6k. M\u00e5nga medicinska cannabispatienter som inte kan r\u00f6ka f\u00f6rlitar sig p\u00e5 denna medicineringsmetod. Det \u00e4r ett allm\u00e4nt k\u00e4nt medicinskt faktum att de cancerframkallande \u00e4mnen som \u00e4r f\u00f6rknippade med r\u00f6kning \u00e4r mycket farligare \u00e4n metoden med f\u00f6r\u00e5ngning. Och eftersom 710 KingPen erbjuder ett diskret s\u00e4tt att anv\u00e4nda medicinsk cannabis offentligt, \u00e4r det naturligtvis mycket efterfr\u00e5gat \u00e4ven p\u00e5 fritidsmarknaderna. K\u00f6p 710 Kingpen Vape-Cartridges.<\/p>\n<h2 class=\"css-1jisqi6\">7 F\u00f6rdelar och anv\u00e4ndningar av CBD-olja (plus biverkningar)<\/h2>\n<p>Cannabidiol \u00e4r ett popul\u00e4rt naturl\u00e4kemedel som anv\u00e4nds f\u00f6r m\u00e5nga vanliga \u00e5kommor. B\u00e4ttre k\u00e4nt som CBD, \u00e4r det en av mer \u00e4n 100 kemiska f\u00f6reningar som kallas cannabinoider som finns i cannabis- eller marihuanaplantan.\u00a0<em>Cannabis sativa<\/em>. K\u00f6p 710 Kingpen vape-kassetter<\/p>\n<p>Tetrahydrocannabinol (THC) \u00e4r den huvudsakliga psychoaktiva cannabinoiden som finns i cannabis och orsakar k\u00e4nslan av att bli \"h\u00f6g\", vilket ofta f\u00f6rknippas med marijuana. Dock,\u00a0<a class=\"content-link css-5r4717\" href=\"https:\/\/www.healthline.com\/health\/cbd-vs-thc\" target=\"_blank\" rel=\"noopener noreferrer\">unlike THC<\/a>, CBD \u00e4r inte psychoaktivt.<\/p>\n<p>Denna egenskap g\u00f6r CBD till ett attraktivt alternativ f\u00f6r dem som s\u00f6ker lindring fr\u00e5n sm\u00e4rta och andra symtom utan de sinnesf\u00f6r\u00e4ndrande effekterna av marijuana eller vissa l\u00e4kemedel. CBD-olja tillverkas genom att extrahera CBD fr\u00e5n cannabisplantan och sedan sp\u00e4da ut det med en b\u00e4rarolja som kokos- eller hampfr\u00f6olja.<\/p>\n<p>Det f\u00e5r fart inom h\u00e4lso- och wellnessv\u00e4rlden, med vissa vetenskapliga studier som bekr\u00e4ftar att det kan lindra symtom som kronisk sm\u00e4rta och \u00e5ngest. H\u00e4r \u00e4r sju h\u00e4lsof\u00f6rdelar med CBD-olja som st\u00f6ds av vetenskapliga bevis.<\/p>\n<h3>Kan lindra sm\u00e4rta \u2013 K\u00f6p 710 Kingpen Vape Cartridges Storbritannien, USA, Europa<\/h3>\n<p>Marijuana har anv\u00e4nts f\u00f6r att behandla sm\u00e4rta s\u00e5 l\u00e5ngt tillbaka som 2900 f.Kr. Nyligen har forskare uppt\u00e4ckt att vissa komponenter i marijuana, inklusive CBD, \u00e4r ansvariga f\u00f6r dess sm\u00e4rtlindrande effekter. Den m\u00e4nskliga kroppen inneh\u00e5ller ett specialiserat system som kallas\u00a0<a class=\"content-link css-5r4717\" href=\"https:\/\/www.healthline.com\/health\/endocannabinoid-system\" target=\"_blank\" rel=\"noopener noreferrer\">endocannabinoid system (ECS)<\/a>, som \u00e4r involverat i regleringen av olika funktioner, inklusive s\u00f6mn, aptit, sm\u00e4rta och immunsvar.<\/p>\n<p>Kroppen producerar endocannabinoider, som \u00e4r neurotransmittorer som binder till cannabinoidreceptorer i nervsystemet. Studier har visat att CBD kan hj\u00e4lpa till att minska kronisk sm\u00e4rta genom att p\u00e5verka endocannabinoidreceptorernas aktivitet, minska inflammation och interagera med neurotransmittorer.<\/p>\n<p>Till exempel fann en studie p\u00e5 r\u00e5ttor att CBD-injektioner minskade sm\u00e4rtsvaret vid kirurgiska snitt, medan en annan r\u00e5ttstudie fann att oral behandling med CBD avsev\u00e4rt minskade sm\u00e4rta och inflammation i ischiasnerven. Flera studier p\u00e5 m\u00e4nniskor har visat att en kombination av CBD och THC \u00e4r effektiv f\u00f6r att behandla sm\u00e4rta relaterad till multipel skleros och artrit. <a href=\"https:\/\/deligentman.com\/\" target=\"_blank\" rel=\"noopener\">mail order weed uk<\/a>.<\/p>\n<p>En oral spray kallad Sativex, en kombination av THC och CBD, \u00e4r godk\u00e4nd i flera l\u00e4nder f\u00f6r att behandla sm\u00e4rta relaterad till multipel skleros. En studie med 47 personer med multipel skleros unders\u00f6kte effekterna av att anv\u00e4nda Sativex under en m\u00e5nad. Deltagarna upplevde f\u00f6rb\u00e4ttringar i sm\u00e4rta, g\u00e5ng och muskelspasmer. Dock saknade studien en kontrollgrupp, och placeboeffekter kan inte uteslutas. En annan studie visade att Sativex avsev\u00e4rt f\u00f6rb\u00e4ttrade sm\u00e4rta vid r\u00f6relse, sm\u00e4rta i vila och s\u00f6mnkvalitet hos 58 personer med reumatoid artrit.<\/p>\n<p>kingpen oil, buy online, 710 kingpen vape pen, 710 cartridge, 710 king pen battery kit for sale, best vape pen for kingpen cartridges, buy vape carts, gelato kingpen, Buy Kingpen Vape Cartridges,<\/p>","protected":false},"excerpt":{"rendered":"<p>BUY 710 KINGPEN VAPE-CARTRIDGES UK ONLINE DELIVERY CHEAP EUROPE Looking to Buy 710 kingpen vape cartridges online. or 710 kingpen vape pen delivery?. The 710 KingPen\u00a0is LoudPack Extracts personal marijuana \/ THC vaporizer, or \u201cVape Pen\u201d. This device has gained popularity in recent years, as tobacco products take on a similar look-and-feel with their version [&hellip;]<\/p>","protected":false},"featured_media":1476,"comment_status":"closed","ping_status":"closed","template":"","meta":{"_uag_custom_page_level_css":"","site-sidebar-layout":"default","site-content-layout":"","ast-site-content-layout":"default","site-content-style":"default","site-sidebar-style":"default","ast-global-header-display":"","ast-banner-title-visibility":"","ast-main-header-display":"","ast-hfb-above-header-display":"","ast-hfb-below-header-display":"","ast-hfb-mobile-header-display":"","site-post-title":"","ast-breadcrumbs-content":"","ast-featured-img":"","footer-sml-layout":"","ast-disable-related-posts":"","theme-transparent-header-meta":"","adv-header-id-meta":"","stick-header-meta":"","header-above-stick-meta":"","header-main-stick-meta":"","header-below-stick-meta":"","astra-migrate-meta-layouts":"default","ast-page-background-enabled":"default","ast-page-background-meta":{"desktop":{"background-color":"var(--ast-global-color-5)","background-image":"","background-repeat":"repeat","background-position":"center center","background-size":"auto","background-attachment":"scroll","background-type":"","background-media":"","overlay-type":"","overlay-color":"","overlay-opacity":"","overlay-gradient":""},"tablet":{"background-color":"","background-image":"","background-repeat":"repeat","background-position":"center center","background-size":"auto","background-attachment":"scroll","background-type":"","background-media":"","overlay-type":"","overlay-color":"","overlay-opacity":"","overlay-gradient":""},"mobile":{"background-color":"","background-image":"","background-repeat":"repeat","background-position":"center center","background-size":"auto","background-attachment":"scroll","background-type":"","background-media":"","overlay-type":"","overlay-color":"","overlay-opacity":"","overlay-gradient":""}},"ast-content-background-meta":{"desktop":{"background-color":"var(--ast-global-color-4)","background-image":"","background-repeat":"repeat","background-position":"center center","background-size":"auto","background-attachment":"scroll","background-type":"","background-media":"","overlay-type":"","overlay-color":"","overlay-opacity":"","overlay-gradient":""},"tablet":{"background-color":"var(--ast-global-color-4)","background-image":"","background-repeat":"repeat","background-position":"center center","background-size":"auto","background-attachment":"scroll","background-type":"","background-media":"","overlay-type":"","overlay-color":"","overlay-opacity":"","overlay-gradient":""},"mobile":{"background-color":"var(--ast-global-color-4)","background-image":"","background-repeat":"repeat","background-position":"center center","background-size":"auto","background-attachment":"scroll","background-type":"","background-media":"","overlay-type":"","overlay-color":"","overlay-opacity":"","overlay-gradient":""}}},"product_brand":[],"product_cat":[114],"product_tag":[272,273,274,275,276,277,278,279,280,281,282,283,284,245,285,286,287,288,289],"class_list":{"0":"post-1449","1":"product","2":"type-product","3":"status-publish","4":"has-post-thumbnail","6":"product_cat-wholesale-vape-cartridges-online","7":"product_tag-710-cartridge","8":"product_tag-710-king-pen-battery-kit-for-sale","9":"product_tag-710-kingpen-vape-pen","10":"product_tag-best-vape-pen-for-kingpen-cartridges","11":"product_tag-buy-cannabis-online","12":"product_tag-buy-kingpen-vape-cartridges","13":"product_tag-buy-online","14":"product_tag-buy-vape-cartridges-uk","15":"product_tag-buy-vape-carts","16":"product_tag-cannabis-online-in-the-uk","17":"product_tag-gelato-kingpen","18":"product_tag-get-cannabis","19":"product_tag-kingpen-oil","20":"product_tag-mail-order-weed-uk","21":"product_tag-order-weed-online-ireland","22":"product_tag-we-deliver-fast-using-next-day-delivery","23":"product_tag-weed-for-sale-in-uk","24":"product_tag-weed-supermarket-buy-cannabis-online-uk","25":"product_tag-you-can-order-weed","26":"desktop-align-center","27":"tablet-align-left","28":"mobile-align-left","30":"first","31":"instock","32":"sale","33":"shipping-taxable","34":"purchasable","35":"product-type-variable"},"uagb_featured_image_src":{"full":["https:\/\/caliweedeurope.com\/wp-content\/uploads\/2024\/11\/Buy-710-Kingpen-Vape-Cartridges.jpg",1080,1080,false],"thumbnail":["https:\/\/caliweedeurope.com\/wp-content\/uploads\/2024\/11\/Buy-710-Kingpen-Vape-Cartridges-150x150.jpg",150,150,true],"medium":["https:\/\/caliweedeurope.com\/wp-content\/uploads\/2024\/11\/Buy-710-Kingpen-Vape-Cartridges-300x300.jpg",300,300,true],"medium_large":["https:\/\/caliweedeurope.com\/wp-content\/uploads\/2024\/11\/Buy-710-Kingpen-Vape-Cartridges-768x768.jpg",768,768,true],"large":["https:\/\/caliweedeurope.com\/wp-content\/uploads\/2024\/11\/Buy-710-Kingpen-Vape-Cartridges-1024x1024.jpg",1024,1024,true],"1536x1536":["https:\/\/caliweedeurope.com\/wp-content\/uploads\/2024\/11\/Buy-710-Kingpen-Vape-Cartridges.jpg",1080,1080,false],"2048x2048":["https:\/\/caliweedeurope.com\/wp-content\/uploads\/2024\/11\/Buy-710-Kingpen-Vape-Cartridges.jpg",1080,1080,false],"trp-custom-language-flag":["https:\/\/caliweedeurope.com\/wp-content\/uploads\/2024\/11\/Buy-710-Kingpen-Vape-Cartridges.jpg",12,12,false],"woocommerce_thumbnail":["https:\/\/caliweedeurope.com\/wp-content\/uploads\/2024\/11\/Buy-710-Kingpen-Vape-Cartridges-300x300.jpg",300,300,true],"woocommerce_single":["https:\/\/caliweedeurope.com\/wp-content\/uploads\/2024\/11\/Buy-710-Kingpen-Vape-Cartridges-600x600.jpg",600,600,true],"woocommerce_gallery_thumbnail":["https:\/\/caliweedeurope.com\/wp-content\/uploads\/2024\/11\/Buy-710-Kingpen-Vape-Cartridges-100x100.jpg",100,100,true]},"uagb_author_info":{"display_name":"jetskiforsaleuk@gmail.com","author_link":"https:\/\/caliweedeurope.com\/sv\/author\/"},"uagb_comment_info":0,"uagb_excerpt":"BUY 710 KINGPEN VAPE-CARTRIDGES UK ONLINE DELIVERY CHEAP EUROPE Looking to Buy 710 kingpen vape cartridges online. or 710 kingpen vape pen delivery?. The 710 KingPen\u00a0is LoudPack Extracts personal marijuana \/ THC vaporizer, or \u201cVape Pen\u201d. This device has gained popularity in recent years, as tobacco products take on a similar look-and-feel with their version&hellip;","_links":{"self":[{"href":"https:\/\/caliweedeurope.com\/sv\/wp-json\/wp\/v2\/product\/1449"}],"collection":[{"href":"https:\/\/caliweedeurope.com\/sv\/wp-json\/wp\/v2\/product"}],"about":[{"href":"https:\/\/caliweedeurope.com\/sv\/wp-json\/wp\/v2\/types\/product"}],"replies":[{"embeddable":true,"href":"https:\/\/caliweedeurope.com\/sv\/wp-json\/wp\/v2\/comments?post=1449"}],"wp:featuredmedia":[{"embeddable":true,"href":"https:\/\/caliweedeurope.com\/sv\/wp-json\/wp\/v2\/media\/1476"}],"wp:attachment":[{"href":"https:\/\/caliweedeurope.com\/sv\/wp-json\/wp\/v2\/media?parent=1449"}],"wp:term":[{"taxonomy":"product_brand","embeddable":true,"href":"https:\/\/caliweedeurope.com\/sv\/wp-json\/wp\/v2\/product_brand?post=1449"},{"taxonomy":"product_cat","embeddable":true,"href":"https:\/\/caliweedeurope.com\/sv\/wp-json\/wp\/v2\/product_cat?post=1449"},{"taxonomy":"product_tag","embeddable":true,"href":"https:\/\/caliweedeurope.com\/sv\/wp-json\/wp\/v2\/product_tag?post=1449"}],"curies":[{"name":"wp","href":"https:\/\/api.w.org\/{rel}","templated":true}]}}