{"id":1454,"date":"2024-11-03T21:33:04","date_gmt":"2024-11-03T21:33:04","guid":{"rendered":"https:\/\/caliweedeurope.com\/?post_type=product&#038;p=1454"},"modified":"2024-11-03T21:33:26","modified_gmt":"2024-11-03T21:33:26","slug":"buy-acdc-marijuana-strain","status":"publish","type":"product","link":"https:\/\/caliweedeurope.com\/sv\/product\/buy-acdc-marijuana-strain\/","title":{"rendered":"K\u00f6p ACDC marijuana-stam"},"content":{"rendered":"<h1>K\u00f6p ACDC marijuana-stam \u2013 Buy weed Europe<\/h1>\n<p>K\u00f6p ACDC weed i Europa, Storbritannien, USA, lika tr\u00f6stande och uppfriskande som att lyssna p\u00e5 n\u00e5gra av dina favoritl\u00e5tar, <a href=\"https:\/\/www.leafly.com\/strains\/acdc\" target=\"_blank\" rel=\"noopener noreferrer\">ACDC<\/a>\u00a0denna sort kommer ocks\u00e5 att revitalisera dig och g\u00f6ra dig redo att rocka. Den har en mycket h\u00f6g CBD-niv\u00e5 och har r\u00f6stats fram som en av de b\u00e4sta CBD-rika sorterna f\u00f6r medicinskt bruk. ACDC kan hj\u00e4lpa till med allt fr\u00e5n nervsm\u00e4rtor och MS till epilepsi och PTSD. Allt detta med n\u00e4stan inga psykoaktiva effekter. \u00c4ven om de inte producerar n\u00e5gra psykoaktiva effekter, \u00e4r CBD-rika cannabisstammar som ACDC i h\u00f6g efterfr\u00e5gan tack vare deras icke-intoxikerande och 100% naturliga terapiform.<\/p>\n<p>ACDC \u00e4r bland de s\u00e4llsynta sorterna av\u00a0<a href=\"https:\/\/www.bonzaseeds.com\/blog\/different-types-cannabis-plants\/\" target=\"_blank\" rel=\"noopener noreferrer\">cannabis<\/a> ACDC \u00e4r en av de s\u00e4llsynta sorterna som ger anv\u00e4ndarna en \"high\" utan psykoaktiva effekter. Med denna sort finns inga psykedeliska upplevelser eller narkotiska \"sten\"-effekter. Den excellerar inom medicinskt bruk. D\u00e4rf\u00f6r f\u00f6redrar vissa att betrakta den som ett kosttillskott. K\u00f6p ACDC-sorten eller fr\u00f6n f\u00f6r sm\u00e4rta, \u00e5ngest, s\u00f6mn och depression i bulk i Europa fr\u00e5n ett p\u00e5litligt online-dispenser med gratis leverans \u00f6ver natten. Kan man k\u00f6pa gr\u00e4s i Georgia, var kan man k\u00f6pa gr\u00e4s i Georgia, k\u00f6p gr\u00e4s i Irland, k\u00f6p en gr\u00e4spipa i Irland, b\u00e4sta st\u00e4llet att k\u00f6pa gr\u00e4s i Irland.<\/p>\n<div class=\"css-63oe3q\">\n<div class=\"css-63oe3q\"><\/div>\n<\/p><\/div>\n<h2><strong>Cannabis Till Salu Online \u2013 Medicinsk Cannabis Till Salu \u2013 K\u00f6p ACDC Weed Strain<\/strong><\/h2>\n<p>ACDC har mottagit flera utm\u00e4rkelser och erk\u00e4nnanden. I en v\u00e4rld d\u00e4r de flesta t\u00e4nker p\u00e5 cannabis n\u00e4r det g\u00e4ller styrka, \u00e4r detta motsatsen. Den inneh\u00e5ller upp till 24 % CBD, vilket g\u00f6r det till en effektiv behandling f\u00f6r anfall och epilepsi.<\/p>\n<p>\u00c4ven om m\u00e5nga cannabisstammar \u00e4r designade f\u00f6r att f\u00e5 dig h\u00f6g,\u00a0<strong>ha n\u00e5gra goda skratt<\/strong>, och 'justera' din hj\u00e4rnkemin till den punkt d\u00e4r du inte tar livet s\u00e5 allvarligt, finns det ett rike av medicinsk marijuana vars enda syfte \u00e4r att hela kropp och sinne \u2013 utan psykoaktiva effekter.<\/p>\n<p>Dessa cannabistyper \u00e4r en relativt ny skapelse, eftersom de b\u00f6rjade f\u00e5 dragning f\u00f6rst n\u00e4r folk ins\u00e5g att h\u00f6ga niv\u00e5er av CBD kan ge djupa terapeutiska resultat utan n\u00e4stan n\u00e5gon \"high\". Faktum \u00e4r att m\u00e5nga m\u00e4nniskor de senaste \u00e5ren har bett odlare att utveckla stammar med h\u00f6g andel CBD, just av dessa sk\u00e4l. ACDC har f\u00e5tt str\u00e5lande erk\u00e4nnande inom cannabisgemenskapen och vann till och med en Cannabis Cup f\u00f6r sina terapeutiska, icke-intoxikerande effekter.<\/p>\n<h2 class=\"translation-block\">ACDC Marijuana Strain: V\u00e4xtinformation \u2013 Kan<strong> jag k\u00f6pa cannabis online i Europa?<\/strong><\/h2>\n<p>ACDC-v\u00e4xten \u00e4r en medelstor planta som vanligtvis v\u00e4xer till omkring fyra fot h\u00f6gst. Dess v\u00e4xtstruktur liknar den traditionella \u201eskunk\u201c-sorterna, med knoppar som samlas i stora buketter som kallas colas. De flesta skulle h\u00e5lla med om att ACDC-v\u00e4xten \u00e4r ganska sv\u00e5r att odla och kr\u00e4ver mycket underh\u00e5ll f\u00f6r en framg\u00e5ngsrik sk\u00f6rd. V\u00e4xten beh\u00f6ver stort st\u00f6d, med b\u00f6rjan fr\u00e5n en plattform som den kan h\u00e5lla fast vid f\u00f6r att utveckla en stark stam och grenar.<\/p>\n<p class=\"translation-block\">ACDC sp\u00e5rar sitt ursprung fr\u00e5n <a href=\"https:\/\/www.bonzaseeds.com\/blog\/cannatonic\/\" target=\"_blank\" rel=\"noopener noreferrer\">CannaTonic<\/a>. Fr\u00e5n den sorten valde NorStar Genetics noggrant ut en av sina fenotyper. Sedan korsade de den med en cannabis <a href=\"https:\/\/www.bonzaseeds.com\/blog\/different-types-cannabis-plants\/\" target=\"_blank\" rel=\"noopener noreferrer\">Ruderalis<\/a> planta. I grund och botten skapade uppf\u00f6daren en b\u00e4ttre version av den ursprungliga moderplantan, som har mycket mindre THC men h\u00f6gre CBD.<\/p>\n<p>acdc strain allbud, acdc strain seeds, acdc strain edibles, acdc cbd oil online, cannatonic strain, acdc strain for sale, ac dc cbd oil for sale, ac dc strain information, ac dc greatest hits, ac dc strain marijuana, acdc strain seeds, acdc strain oil, acdc strain near me, acdc cbd oil online, cbd strains, Ac Dc Strain Info, Acdc Flower Strain, Ac Dc Cbd Oil For Sale, Acdc Cookie Strain, All Marijuana Strain List A Z, Cannabis Strains Guide Chart, Ac Dc Cbd Oil, Complete List Of Marijuana Strains, Ac Dc Cbd Hemp Flower, Acdc Flower Strain, Acdc Strain For Sale, Ac Dc Cbd Flower, Acdc Hemp Flowers For Sale, Acdc Weed Strain For Sale, Buy Acdc Flower<\/p>","protected":false},"excerpt":{"rendered":"<p><b>K\u00f6p ACDC marijuana-stam\u00a0<a href=\"https:\/\/www.wikileaf.com\/strain\/acdc\/\">acdc<\/a>\u00a0Strain till salu i Europa anv\u00e4nds f\u00f6r sm\u00e4rta, \u00e5ngest, s\u00f6mn och depression. Letar du efter bulk ACDC cannabisleverant\u00f6rer i Europa med gratis leverans \u00f6ver natten?<\/b>\u00a0 Du kan k\u00f6pa weed i Europa. B\u00e4sta kvalitet och utm\u00e4rkta leveranstj\u00e4nster. Kundn\u00f6jdhet \u00e4r v\u00e5r h\u00f6gsta prioritet. Vi har ett utm\u00e4rkt tr\u00e4nat f\u00f6rpackningsteam som \u00e4r specialiserat p\u00e5 att tillhandah\u00e5lla perfekt diskret f\u00f6rpackning d\u00e4r alla lukt och andra faktorer hanteras p\u00e5 ett bra s\u00e4tt. Vi erbjuder en 7-dagars pengarna tillbaka garanti p\u00e5 alla best\u00e4llningar om best\u00e4llningen f\u00f6rloras eller inte mottas. Fyll i formul\u00e4ret nedan om du vill g\u00f6ra en blandad best\u00e4llning eller f\u00f6rhandla om priset f\u00f6r bulkbest\u00e4llningar (5 pund och upp\u00e5t). Bes\u00f6k v\u00e5r FAQ-sida f\u00f6r mer detaljer eller anv\u00e4nd v\u00e5r onlinechatt om du beh\u00f6ver ytterligare hj\u00e4lp.<\/p>","protected":false},"featured_media":1478,"comment_status":"closed","ping_status":"closed","template":"","meta":{"_uag_custom_page_level_css":"","site-sidebar-layout":"default","site-content-layout":"","ast-site-content-layout":"","site-content-style":"default","site-sidebar-style":"default","ast-global-header-display":"","ast-banner-title-visibility":"","ast-main-header-display":"","ast-hfb-above-header-display":"","ast-hfb-below-header-display":"","ast-hfb-mobile-header-display":"","site-post-title":"","ast-breadcrumbs-content":"","ast-featured-img":"","footer-sml-layout":"","theme-transparent-header-meta":"","adv-header-id-meta":"","stick-header-meta":"","header-above-stick-meta":"","header-main-stick-meta":"","header-below-stick-meta":"","astra-migrate-meta-layouts":"default","ast-page-background-enabled":"default","ast-page-background-meta":{"desktop":{"background-color":"var(--ast-global-color-4)","background-image":"","background-repeat":"repeat","background-position":"center center","background-size":"auto","background-attachment":"scroll","background-type":"","background-media":"","overlay-type":"","overlay-color":"","overlay-opacity":"","overlay-gradient":""},"tablet":{"background-color":"","background-image":"","background-repeat":"repeat","background-position":"center center","background-size":"auto","background-attachment":"scroll","background-type":"","background-media":"","overlay-type":"","overlay-color":"","overlay-opacity":"","overlay-gradient":""},"mobile":{"background-color":"","background-image":"","background-repeat":"repeat","background-position":"center center","background-size":"auto","background-attachment":"scroll","background-type":"","background-media":"","overlay-type":"","overlay-color":"","overlay-opacity":"","overlay-gradient":""}},"ast-content-background-meta":{"desktop":{"background-color":"var(--ast-global-color-5)","background-image":"","background-repeat":"repeat","background-position":"center center","background-size":"auto","background-attachment":"scroll","background-type":"","background-media":"","overlay-type":"","overlay-color":"","overlay-opacity":"","overlay-gradient":""},"tablet":{"background-color":"var(--ast-global-color-5)","background-image":"","background-repeat":"repeat","background-position":"center center","background-size":"auto","background-attachment":"scroll","background-type":"","background-media":"","overlay-type":"","overlay-color":"","overlay-opacity":"","overlay-gradient":""},"mobile":{"background-color":"var(--ast-global-color-5)","background-image":"","background-repeat":"repeat","background-position":"center center","background-size":"auto","background-attachment":"scroll","background-type":"","background-media":"","overlay-type":"","overlay-color":"","overlay-opacity":"","overlay-gradient":""}}},"product_brand":[],"product_cat":[22,228],"product_tag":[290,291,292,276,293,294,295,296,297,281,283,245,285,286,287,288,298,289],"class_list":{"0":"post-1454","1":"product","2":"type-product","3":"status-publish","4":"has-post-thumbnail","6":"product_cat-hybrid","7":"product_cat-indica","8":"product_tag-an-you-buy-weed-in-ga","9":"product_tag-best-place-to-buy-weed-ireland","10":"product_tag-buy-cannabis","11":"product_tag-buy-cannabis-online","12":"product_tag-buy-weed-france","13":"product_tag-buy-weed-germanay","14":"product_tag-buy-weed-ireland","15":"product_tag-buy-weed-pipe-ireland","16":"product_tag-buy-weed-poland","17":"product_tag-cannabis-online-in-the-uk","18":"product_tag-get-cannabis","19":"product_tag-mail-order-weed-uk","20":"product_tag-order-weed-online-ireland","21":"product_tag-we-deliver-fast-using-next-day-delivery","22":"product_tag-weed-for-sale-in-uk","23":"product_tag-weed-supermarket-buy-cannabis-online-uk","24":"product_tag-where-can-i-buy-weed-in-ga","25":"product_tag-you-can-order-weed","26":"desktop-align-center","27":"tablet-align-left","28":"mobile-align-left","30":"first","31":"instock","32":"sale","33":"shipping-taxable","34":"purchasable","35":"product-type-variable"},"uagb_featured_image_src":{"full":["https:\/\/caliweedeurope.com\/wp-content\/uploads\/2024\/11\/89348954-340894593489.jpeg",937,1171,false],"thumbnail":["https:\/\/caliweedeurope.com\/wp-content\/uploads\/2024\/11\/89348954-340894593489-150x150.jpeg",150,150,true],"medium":["https:\/\/caliweedeurope.com\/wp-content\/uploads\/2024\/11\/89348954-340894593489-240x300.jpeg",240,300,true],"medium_large":["https:\/\/caliweedeurope.com\/wp-content\/uploads\/2024\/11\/89348954-340894593489-768x960.jpeg",768,960,true],"large":["https:\/\/caliweedeurope.com\/wp-content\/uploads\/2024\/11\/89348954-340894593489-819x1024.jpeg",819,1024,true],"1536x1536":["https:\/\/caliweedeurope.com\/wp-content\/uploads\/2024\/11\/89348954-340894593489.jpeg",937,1171,false],"2048x2048":["https:\/\/caliweedeurope.com\/wp-content\/uploads\/2024\/11\/89348954-340894593489.jpeg",937,1171,false],"trp-custom-language-flag":["https:\/\/caliweedeurope.com\/wp-content\/uploads\/2024\/11\/89348954-340894593489.jpeg",10,12,false],"woocommerce_thumbnail":["https:\/\/caliweedeurope.com\/wp-content\/uploads\/2024\/11\/89348954-340894593489-300x300.jpeg",300,300,true],"woocommerce_single":["https:\/\/caliweedeurope.com\/wp-content\/uploads\/2024\/11\/89348954-340894593489-600x750.jpeg",600,750,true],"woocommerce_gallery_thumbnail":["https:\/\/caliweedeurope.com\/wp-content\/uploads\/2024\/11\/89348954-340894593489-100x100.jpeg",100,100,true]},"uagb_author_info":{"display_name":"jetskiforsaleuk@gmail.com","author_link":"https:\/\/caliweedeurope.com\/sv\/author\/"},"uagb_comment_info":0,"uagb_excerpt":"Buy ACDC Marijuana Strain,\u00a0acdc\u00a0strain for sale Europe is use for pain, anxiety, sleep, depression. Are you looking for\u00a0 bulk ACDC cannabis suppliers in Europe with free overnight delivery?.\u00a0 you can Buy Weed in Europe .Best quality &amp; delivery services are excellent. Customer satisfaction is our top priority. We\u2019ve got an excellent trained packaging team that&hellip;","_links":{"self":[{"href":"https:\/\/caliweedeurope.com\/sv\/wp-json\/wp\/v2\/product\/1454"}],"collection":[{"href":"https:\/\/caliweedeurope.com\/sv\/wp-json\/wp\/v2\/product"}],"about":[{"href":"https:\/\/caliweedeurope.com\/sv\/wp-json\/wp\/v2\/types\/product"}],"replies":[{"embeddable":true,"href":"https:\/\/caliweedeurope.com\/sv\/wp-json\/wp\/v2\/comments?post=1454"}],"wp:featuredmedia":[{"embeddable":true,"href":"https:\/\/caliweedeurope.com\/sv\/wp-json\/wp\/v2\/media\/1478"}],"wp:attachment":[{"href":"https:\/\/caliweedeurope.com\/sv\/wp-json\/wp\/v2\/media?parent=1454"}],"wp:term":[{"taxonomy":"product_brand","embeddable":true,"href":"https:\/\/caliweedeurope.com\/sv\/wp-json\/wp\/v2\/product_brand?post=1454"},{"taxonomy":"product_cat","embeddable":true,"href":"https:\/\/caliweedeurope.com\/sv\/wp-json\/wp\/v2\/product_cat?post=1454"},{"taxonomy":"product_tag","embeddable":true,"href":"https:\/\/caliweedeurope.com\/sv\/wp-json\/wp\/v2\/product_tag?post=1454"}],"curies":[{"name":"wp","href":"https:\/\/api.w.org\/{rel}","templated":true}]}}