{"id":1466,"date":"2024-11-03T21:33:05","date_gmt":"2024-11-03T21:33:05","guid":{"rendered":"https:\/\/caliweedeurope.com\/?post_type=product&#038;p=1466"},"modified":"2024-11-03T21:33:51","modified_gmt":"2024-11-03T21:33:51","slug":"biscotti","status":"publish","type":"product","link":"https:\/\/caliweedeurope.com\/sv\/product\/biscotti\/","title":{"rendered":"Biscotti"},"content":{"rendered":"<h2>K\u00f6p Biscotti-strain genetika online<\/h2>\n<p><span class=\"pirate_article\">K\u00f6p Biscotti-strain genetika online. Denna strain skapades av Cookies Fam. De h\u00e4vdar att de \u00e4r pionj\u00e4rer f\u00f6r m\u00e5nga av dessa exceptionellt potenta strains, och det \u00e4r sv\u00e5rt att h\u00e5lla med dem. Biscotti \u00e4r en korsning mellan:<br \/> <\/span><\/p>\n<ul>\n<li>Gelato #25<\/li>\n<li>Girl Scout Cookies<\/li>\n<li>Gorilla Glue #4<br \/> \u00c4ven om det \u00e4r sv\u00e5rt att s\u00e4ga om detta \u00e4r helt korrekt, eftersom vissa s\u00e4ger att det \u00e4r Gelato x South Florida OG, \u00e4r det definitivt en av dessa kombinationer. Gelato \u00e4r i sig sj\u00e4lv en \"dankenstein\" strain, och Gorilla Glue #4 och Girl Scout Cookies \u00e4r tv\u00e5 av de mest k\u00e4nda dank strains i v\u00e4rlden. Biscotti \u00e4r en ultimativ strain med troligtvis ett av de b\u00e4sta smakprofilerna i branschen.<\/li>\n<\/ul>\n<p><span class=\"pirate_article\">Det h\u00e4r \u00e4r den verkliga h\u00f6jdpunkten. Tyv\u00e4rr, eftersom fr\u00f6na inte \u00e4r tillg\u00e4ngliga online och strainen i allm\u00e4nhet \u00e4r exceptionellt s\u00e4llsynt, \u00e4r priset v\u00e4ldigt h\u00f6gt. I Amsterdam kommer du f\u00f6rmodligen att betala minst 40 $ per gram. I Nordamerika kommer det vara lite billigare, men \u00e4nd\u00e5 inte billigt. Ett gram kommer att kosta minst 25 $ i ett dispensary i Kalifornien. Men p\u00e5 grund av dess styrka \u00e4r det troligtvis v\u00e4rt det.<\/span><\/p>\n<p>SMAK AV BISCOTTI WEED-STRAIN<\/p>\n<ol>\n<li>Fruktig<\/li>\n<li>N\u00f6taktig<\/li>\n<li>Kryddig<\/li>\n<li>Sockeraktig<\/li>\n<li>S\u00f6t<\/li>\n<\/ol>\n<p><span class=\"pirate_article\">Biscotti \u00e4r definitivt en strain du vill uppleva i en blomvaporizator. \u00c4ven om det ocks\u00e5 \u00e4r en av de strains som smakar bra oavsett hur du r\u00f6ker den, \u00e4r det definitivt v\u00e4rt att ta fram din p\u00e5litliga blomvaporizator f\u00f6r denna. Det \u00e4r helt enkelt en av de godast smakande strains som finns p\u00e5 marknaden just nu, och att br\u00e4nna den f\u00f6rst\u00f6r smaken lite grann. Genom att anv\u00e4nda en vaporizator sker ingen f\u00f6rbr\u00e4nning, vilket h\u00e5ller Biscottis eleganta smakprofil intakt. Dessutom, om du maler gr\u00e4set f\u00f6rst, kommer det att smaka \u00e4nnu b\u00e4ttre i din vaporizator.<\/span><\/p>\n<h5><strong>WAX, SHATTER, EDIBLES, ETC.\u00a0<\/strong><\/h5>\n<p><span class=\"pirate_article\">Alla strains kan omvandlas till vax eller olja. Det \u00e4r inte en enkel process, men tekniskt sett kan du g\u00f6ra Butane Hash Oil fr\u00e5n vilken strain som helst hemma. Det anses vara farligt, s\u00e5 var extremt f\u00f6rsiktig om du f\u00f6rs\u00f6ker. Om du lyckas hitta tillr\u00e4ckligt med denna strain f\u00f6r att g\u00f6ra ett koncentrat, kommer du att f\u00f6rst\u00e5 varf\u00f6r folk v\u00e4ljer s\u00e5dana strains. I grund och botten v\u00e4ljer man strains f\u00f6r deras smak och styrka. Biscotti, som vi redan har sett, har b\u00e5da. Detta g\u00f6r det till ett utm\u00e4rkt val f\u00f6r att g\u00f6ra koncentrat.<\/span><\/p>\n<h3>Detaljer om Biscotti weed<\/h3>\n<p>Cookies-genetik har sina r\u00f6tter i m\u00e5nga av de b\u00e4sta sorterna p\u00e5 hyllorna. M\u00e5nga sorter har sin egen genetik och du kanske inte ens vet om det. S\u00e5 notera att Biscotti weed-strain \u00e4r en klassisk Cookies-korsning av en sydlig OG-strain: Gelato #25 korsad med South Florida OG.<\/p>\n<p>P\u00e5 Klarie Canna Care Dispensary erbjuder vi de b\u00e4sta marihuanastammarna och andra relaterade produkter s\u00e5som cannabisoljor, Moonrocks, Vape-penndoftkapslar, Edibles, koncentrat, hasch, Harley Twin, Strawberry Lemonade, Sour Jack, Grease Monkey, Orange Kush, Pineapple Kush, Skywalker Indica, White Widow, Tom Ford, Diablo OG Kush, Biscotti Cookies, Nice Cream Weed. Kom och bes\u00f6k oss <a href=\"https:\/\/deligentman.com\/\" target=\"_blank\" rel=\"noopener\">deligentman.com<\/a><\/p>\n<p>K\u00f6p gr\u00e4s online i USA, k\u00f6p gr\u00e4s online i Storbritannien, k\u00f6p gr\u00e4s online i Irland, k\u00f6p gr\u00e4s online i Schweiz, k\u00f6p gr\u00e4s online i Australien, k\u00f6p gr\u00e4s online i Italien, k\u00f6p gr\u00e4s online i Danmark, k\u00f6p gr\u00e4s online i Europeiska unionen, k\u00f6p gr\u00e4s online i Frankrike, k\u00f6p gr\u00e4s online i Tyskland, k\u00f6p gr\u00e4s online i Belgien, k\u00f6p gr\u00e4s online i Polen, k\u00f6p gr\u00e4s online i Lettland, k\u00f6p gr\u00e4s online i Israel, k\u00f6p gr\u00e4s online i Turkiet, k\u00f6p gr\u00e4s online i Jersey, k\u00f6p gr\u00e4s online i Kina, k\u00f6p gr\u00e4s online i Ukraina, k\u00f6p gr\u00e4s online i Ungern, k\u00f6p gr\u00e4s online i Sverige, k\u00f6p gr\u00e4s online i Japan, k\u00f6p gr\u00e4s online i Spanien, k\u00f6p gr\u00e4s online i Ryssland, k\u00f6p gr\u00e4s online i Kroatien, k\u00f6p gr\u00e4s online i Guam, k\u00f6p gr\u00e4s online i Guernsey.<\/p>","protected":false},"excerpt":{"rendered":"<p>The\u00a0<b>Biscotti-strain<\/b>\u00a0\u00e4r en klassiker fr\u00e5n Cookies, korsad med en southern OG-strain\u00a0<b>strain<\/b>: Gelato #25 korsad med South Florida OG. ... Cookies Family genetik \u00e4r k\u00e4nda f\u00f6r att vara potenta Indica-hybrider som har s\u00f6ta och exotiska aromer. Girl Scout Cookies \u00e4r de ursprungliga kakorna <b>strain<\/b>.<\/p>","protected":false},"featured_media":1502,"comment_status":"closed","ping_status":"closed","template":"","meta":{"_uag_custom_page_level_css":"","site-sidebar-layout":"default","site-content-layout":"","ast-site-content-layout":"","site-content-style":"default","site-sidebar-style":"default","ast-global-header-display":"","ast-banner-title-visibility":"","ast-main-header-display":"","ast-hfb-above-header-display":"","ast-hfb-below-header-display":"","ast-hfb-mobile-header-display":"","site-post-title":"","ast-breadcrumbs-content":"","ast-featured-img":"","footer-sml-layout":"","theme-transparent-header-meta":"","adv-header-id-meta":"","stick-header-meta":"","header-above-stick-meta":"","header-main-stick-meta":"","header-below-stick-meta":"","astra-migrate-meta-layouts":"default","ast-page-background-enabled":"default","ast-page-background-meta":{"desktop":{"background-color":"var(--ast-global-color-4)","background-image":"","background-repeat":"repeat","background-position":"center center","background-size":"auto","background-attachment":"scroll","background-type":"","background-media":"","overlay-type":"","overlay-color":"","overlay-opacity":"","overlay-gradient":""},"tablet":{"background-color":"","background-image":"","background-repeat":"repeat","background-position":"center center","background-size":"auto","background-attachment":"scroll","background-type":"","background-media":"","overlay-type":"","overlay-color":"","overlay-opacity":"","overlay-gradient":""},"mobile":{"background-color":"","background-image":"","background-repeat":"repeat","background-position":"center center","background-size":"auto","background-attachment":"scroll","background-type":"","background-media":"","overlay-type":"","overlay-color":"","overlay-opacity":"","overlay-gradient":""}},"ast-content-background-meta":{"desktop":{"background-color":"var(--ast-global-color-5)","background-image":"","background-repeat":"repeat","background-position":"center center","background-size":"auto","background-attachment":"scroll","background-type":"","background-media":"","overlay-type":"","overlay-color":"","overlay-opacity":"","overlay-gradient":""},"tablet":{"background-color":"var(--ast-global-color-5)","background-image":"","background-repeat":"repeat","background-position":"center center","background-size":"auto","background-attachment":"scroll","background-type":"","background-media":"","overlay-type":"","overlay-color":"","overlay-opacity":"","overlay-gradient":""},"mobile":{"background-color":"var(--ast-global-color-5)","background-image":"","background-repeat":"repeat","background-position":"center center","background-size":"auto","background-attachment":"scroll","background-type":"","background-media":"","overlay-type":"","overlay-color":"","overlay-opacity":"","overlay-gradient":""}}},"product_brand":[],"product_cat":[228],"product_tag":[201,202,203,204,205,206,207,208,209,210,211,212,213,214,215,216,217,218,219,220,221,222,223,224,225,226],"class_list":{"0":"post-1466","1":"product","2":"type-product","3":"status-publish","4":"has-post-thumbnail","6":"product_cat-indica","7":"product_tag-buy-weed-online-in-australia","8":"product_tag-buy-weed-online-in-belgium","9":"product_tag-buy-weed-online-in-britain","10":"product_tag-buy-weed-online-in-china","11":"product_tag-buy-weed-online-in-croatia","12":"product_tag-buy-weed-online-in-denmark","13":"product_tag-buy-weed-online-in-european-union","14":"product_tag-buy-weed-online-in-france","15":"product_tag-buy-weed-online-in-germany","16":"product_tag-buy-weed-online-in-guam","17":"product_tag-buy-weed-online-in-guernsey","18":"product_tag-buy-weed-online-in-hungary","19":"product_tag-buy-weed-online-in-ireland","20":"product_tag-buy-weed-online-in-israel","21":"product_tag-buy-weed-online-in-italy","22":"product_tag-buy-weed-online-in-japan","23":"product_tag-buy-weed-online-in-jersey","24":"product_tag-buy-weed-online-in-latvia","25":"product_tag-buy-weed-online-in-poland","26":"product_tag-buy-weed-online-in-russia","27":"product_tag-buy-weed-online-in-spain","28":"product_tag-buy-weed-online-in-sweeden","29":"product_tag-buy-weed-online-in-switzerland","30":"product_tag-buy-weed-online-in-turkey","31":"product_tag-buy-weed-online-in-ukraine","32":"product_tag-buy-weed-online-united-states","33":"desktop-align-center","34":"tablet-align-left","35":"mobile-align-left","37":"first","38":"instock","39":"shipping-taxable","40":"purchasable","41":"product-type-variable"},"uagb_featured_image_src":{"full":["https:\/\/caliweedeurope.com\/wp-content\/uploads\/2024\/11\/treegod415_53405499_427674184643905_7221474027484783232_n.jpg",1080,1350,false],"thumbnail":["https:\/\/caliweedeurope.com\/wp-content\/uploads\/2024\/11\/treegod415_53405499_427674184643905_7221474027484783232_n-150x150.jpg",150,150,true],"medium":["https:\/\/caliweedeurope.com\/wp-content\/uploads\/2024\/11\/treegod415_53405499_427674184643905_7221474027484783232_n-240x300.jpg",240,300,true],"medium_large":["https:\/\/caliweedeurope.com\/wp-content\/uploads\/2024\/11\/treegod415_53405499_427674184643905_7221474027484783232_n-768x960.jpg",768,960,true],"large":["https:\/\/caliweedeurope.com\/wp-content\/uploads\/2024\/11\/treegod415_53405499_427674184643905_7221474027484783232_n-819x1024.jpg",819,1024,true],"1536x1536":["https:\/\/caliweedeurope.com\/wp-content\/uploads\/2024\/11\/treegod415_53405499_427674184643905_7221474027484783232_n.jpg",1080,1350,false],"2048x2048":["https:\/\/caliweedeurope.com\/wp-content\/uploads\/2024\/11\/treegod415_53405499_427674184643905_7221474027484783232_n.jpg",1080,1350,false],"trp-custom-language-flag":["https:\/\/caliweedeurope.com\/wp-content\/uploads\/2024\/11\/treegod415_53405499_427674184643905_7221474027484783232_n.jpg",10,12,false],"woocommerce_thumbnail":["https:\/\/caliweedeurope.com\/wp-content\/uploads\/2024\/11\/treegod415_53405499_427674184643905_7221474027484783232_n-300x300.jpg",300,300,true],"woocommerce_single":["https:\/\/caliweedeurope.com\/wp-content\/uploads\/2024\/11\/treegod415_53405499_427674184643905_7221474027484783232_n-600x750.jpg",600,750,true],"woocommerce_gallery_thumbnail":["https:\/\/caliweedeurope.com\/wp-content\/uploads\/2024\/11\/treegod415_53405499_427674184643905_7221474027484783232_n-100x100.jpg",100,100,true]},"uagb_author_info":{"display_name":"jetskiforsaleuk@gmail.com","author_link":"https:\/\/caliweedeurope.com\/sv\/author\/"},"uagb_comment_info":0,"uagb_excerpt":"The\u00a0Biscotti strain\u00a0is a Cookies classic crossed a southern OG\u00a0strain: Gelato #25 crossed with South Florida OG. \u2026 Cookies Family genetics are known to be potent Indica-hybrids that have sweet and exotic aromatics. Girl Scout Cookies is the original cookies strain.","_links":{"self":[{"href":"https:\/\/caliweedeurope.com\/sv\/wp-json\/wp\/v2\/product\/1466"}],"collection":[{"href":"https:\/\/caliweedeurope.com\/sv\/wp-json\/wp\/v2\/product"}],"about":[{"href":"https:\/\/caliweedeurope.com\/sv\/wp-json\/wp\/v2\/types\/product"}],"replies":[{"embeddable":true,"href":"https:\/\/caliweedeurope.com\/sv\/wp-json\/wp\/v2\/comments?post=1466"}],"wp:featuredmedia":[{"embeddable":true,"href":"https:\/\/caliweedeurope.com\/sv\/wp-json\/wp\/v2\/media\/1502"}],"wp:attachment":[{"href":"https:\/\/caliweedeurope.com\/sv\/wp-json\/wp\/v2\/media?parent=1466"}],"wp:term":[{"taxonomy":"product_brand","embeddable":true,"href":"https:\/\/caliweedeurope.com\/sv\/wp-json\/wp\/v2\/product_brand?post=1466"},{"taxonomy":"product_cat","embeddable":true,"href":"https:\/\/caliweedeurope.com\/sv\/wp-json\/wp\/v2\/product_cat?post=1466"},{"taxonomy":"product_tag","embeddable":true,"href":"https:\/\/caliweedeurope.com\/sv\/wp-json\/wp\/v2\/product_tag?post=1466"}],"curies":[{"name":"wp","href":"https:\/\/api.w.org\/{rel}","templated":true}]}}