{"id":1488,"date":"2024-11-03T21:33:28","date_gmt":"2024-11-03T21:33:28","guid":{"rendered":"https:\/\/caliweedeurope.com\/?post_type=product&#038;p=1488"},"modified":"2024-11-03T21:34:15","modified_gmt":"2024-11-03T21:34:15","slug":"sour-diesel","status":"publish","type":"product","link":"https:\/\/caliweedeurope.com\/sv\/product\/sour-diesel\/","title":{"rendered":"Sour Diesel"},"content":{"rendered":"<h1>K\u00f6pa\u00a0<strong>Sour Diesel<\/strong>\u00a0Online<\/h1>\n<p>Sour Diesel \u00e4r en av de mest r\u00f6kta sativa-sorterna genom tiderna. Om du inte har h\u00f6rt talas om denna sort bor du f\u00f6rmodligen i en grotta i Afghanistan, eller s\u00e5 har n\u00e5gon du k\u00e4nner redan provat den (och \u00e4lskar den f\u00f6rmodligen). Den specifika h\u00e4rkomsten av Sour Diesel \u00e4r komplicerad och mycket d\u00e5ligt dokumenterad, som med de flesta \u00e4ldre sorter.<\/p>\n<p>Vissa tror att Sour Diesel-sortens ursprung helt enkelt kommer fr\u00e5n en fenotyp av Chemdawg som var n\u00e5got annorlunda och mer lutande \u00e5t sativa-h\u00e5llet. Den mest popul\u00e4ra teorin om h\u00e4rkomsten \u00e4r att den ursprungliga Diesel \u00e4r resultatet av en korsning mellan (Chemdawg x Super Skunk x Northern Lights). Ofta kallad \u201cSour D\u201d, f\u00e5r denna mestadels sativa-dominerande hybrid (90% sativa, 10% indica) sitt unika namn fr\u00e5n den n\u00e4stan diesel- och citrusliknande doften den avger.<\/p>\n<p>S\u00e5 vitt jag vet finns Sour Diesel bara i klonform, och det \u00e4r ofta ganska sv\u00e5rt att f\u00e5 tag p\u00e5. P\u00e5 grund av denna brist p\u00e5 den \u00e4kta Sour Diesel har m\u00e5nga hybrider f\u00f6rs\u00f6kt efterlikna det verkliga Sour Diesel-ruset. Vissa kommer n\u00e4ra, men det finns inget som sl\u00e5r originalet.<\/p>\n<h2><strong>Utseende och doft av Sour Diesel<\/strong><\/h2>\n<p>Sour Diesel \u00e4r en h\u00f6g, smal v\u00e4xt som passar b\u00e5de f\u00f6r inomhus- och utomhustr\u00e4dg\u00e5rdar. Dess l\u00f6v blir n\u00e4stan lila i de sista veckorna av blomningen. Blommorna har vanligtvis pistiller i rosa till ljus orange nyanser, och formationen \u00e4r l\u00f6s och lansformad.<\/p>\n<p>All Sour D jag n\u00e5gonsin har odlat har haft en stor cola med 6-9 mindre grenar.<\/p>\n<p>Doften \u00e4r mycket kraftig, n\u00e4stan \u00f6verv\u00e4ldigande, men p\u00e5 n\u00e5got s\u00e4tt magnetisk. Det beror p\u00e5 att denna sort har en distinkt, skarp, gr\u00e4sig, dieselliknande, citronaktig lukt som kombineras med ett sp\u00e4nnande energiutbrott. Eftersom den har en dominant sativa-linje kan man med r\u00e4tta anta att den fr\u00e4mst kommer att p\u00e5verka sinnet.<\/p>\n<h2><strong>R\u00f6ken<\/strong><\/h2>\n<p>Fans av denna sort anv\u00e4nder vanligtvis Sour Diesel som sin f\u00f6rsta medicink\u00e4lla f\u00f6r att b\u00f6rja en l\u00e5ng dag \u2013 det f\u00e5r dig att k\u00e4nna dig vaken och redo att g\u00e5. Eftersom den \u00e4r s\u00e5 sativa-dominant p\u00e5verkar Sour Diesel n\u00e4stan uteslutande de cerebrala funktionerna. Det b\u00f6r inte f\u00f6rekomma n\u00e5gon \"couch lock\"-effekt eller tunga kroppsliga k\u00e4nslor om du r\u00f6ker den \u00e4kta varan.<\/p>\n<p>Sour Diesel smakar precis som det luktar: en klassisk funky br\u00e4nslearom. Och det \u00e4r d\u00e4rf\u00f6r Sour D \u00e4r s\u00e5 ber\u00f6mt f\u00f6r att vara l\u00e4tt att k\u00e4nna igen i en rad.<\/p>\n<p>Sorten \u00e4r s\u00e5 popul\u00e4r eftersom effekten \u00e4r riktigt otrolig med \u00f6ver 20% THC och en varaktighet p\u00e5 2-3 timmar. Eftersom den \u00e4r s\u00e5 sativa-dominant fyller den kroppen och s\u00e4rskilt sinnet med motiverande och upplyftande energi. Det \u00e4r en riktig st\u00e4mningsh\u00f6jare och en nedbrytare av depression. Att vara p\u00e5 gott hum\u00f6r \u00e4r en naturlig och anstr\u00e4ngningsl\u00f6s k\u00e4nsla n\u00e4r man upplever Sour Diesel.<\/p>\n<h2><strong>\u00d6verlag\u00a0<\/strong><\/h2>\n<p>Den fantastiska populariteten av Sour Diesel \u00e4r inte en olycksh\u00e4ndelse och \u00e4r inte l\u00e4ngre bara ett fenomen p\u00e5 \u00f6stkusten. Denna sort \u00e4r en av de mest fascinerande i cannabishistorien. Den g\u00f6r roliga saker \u00e4nnu roligare; den g\u00f6r god mat \u00e4nnu godare. Som en st\u00e4mningsh\u00f6jare g\u00f6r den helt enkelt livet roligare. De mest ordin\u00e4ra kv\u00e4llarna blir snabbt of\u00f6rgl\u00f6mliga n\u00e4r Sour Diesel \u00e4r inblandad. Mer \u00e4n bara en st\u00e4mningsh\u00f6jare har denna sort ocks\u00e5 visat sig vara effektiv i behandlingen av: depression. \u00c4ven \u00e5ngest, stress och aptitproblem. V\u00e4rd sin ber\u00f6mmelse, denna sort f\u00f6rblir och kommer alltid att vara en av de b\u00e4sta sorterna p\u00e5 planeten.<\/p>","protected":false},"excerpt":{"rendered":"<p>Sour Diesel Grade A Shelf (sativa) till salu online i USA. Du kan k\u00f6pa det i v\u00e5r onlinebutik f\u00f6r cannabis. Vi har marijuana och gr\u00e4s till f\u00f6rs\u00e4ljning online.<\/p>","protected":false},"featured_media":1508,"comment_status":"closed","ping_status":"closed","template":"","meta":{"_uag_custom_page_level_css":"","site-sidebar-layout":"default","site-content-layout":"","ast-site-content-layout":"","site-content-style":"default","site-sidebar-style":"default","ast-global-header-display":"","ast-banner-title-visibility":"","ast-main-header-display":"","ast-hfb-above-header-display":"","ast-hfb-below-header-display":"","ast-hfb-mobile-header-display":"","site-post-title":"","ast-breadcrumbs-content":"","ast-featured-img":"","footer-sml-layout":"","theme-transparent-header-meta":"","adv-header-id-meta":"","stick-header-meta":"","header-above-stick-meta":"","header-main-stick-meta":"","header-below-stick-meta":"","astra-migrate-meta-layouts":"default","ast-page-background-enabled":"default","ast-page-background-meta":{"desktop":{"background-color":"var(--ast-global-color-4)","background-image":"","background-repeat":"repeat","background-position":"center center","background-size":"auto","background-attachment":"scroll","background-type":"","background-media":"","overlay-type":"","overlay-color":"","overlay-opacity":"","overlay-gradient":""},"tablet":{"background-color":"","background-image":"","background-repeat":"repeat","background-position":"center center","background-size":"auto","background-attachment":"scroll","background-type":"","background-media":"","overlay-type":"","overlay-color":"","overlay-opacity":"","overlay-gradient":""},"mobile":{"background-color":"","background-image":"","background-repeat":"repeat","background-position":"center center","background-size":"auto","background-attachment":"scroll","background-type":"","background-media":"","overlay-type":"","overlay-color":"","overlay-opacity":"","overlay-gradient":""}},"ast-content-background-meta":{"desktop":{"background-color":"var(--ast-global-color-5)","background-image":"","background-repeat":"repeat","background-position":"center center","background-size":"auto","background-attachment":"scroll","background-type":"","background-media":"","overlay-type":"","overlay-color":"","overlay-opacity":"","overlay-gradient":""},"tablet":{"background-color":"var(--ast-global-color-5)","background-image":"","background-repeat":"repeat","background-position":"center center","background-size":"auto","background-attachment":"scroll","background-type":"","background-media":"","overlay-type":"","overlay-color":"","overlay-opacity":"","overlay-gradient":""},"mobile":{"background-color":"var(--ast-global-color-5)","background-image":"","background-repeat":"repeat","background-position":"center center","background-size":"auto","background-attachment":"scroll","background-type":"","background-media":"","overlay-type":"","overlay-color":"","overlay-opacity":"","overlay-gradient":""}}},"product_brand":[],"product_cat":[380],"product_tag":[201,202,203,204,205,206,207,208,209,210,211,212,213,214,215,216,217,218,219,220,221,222,223,224,225,226],"class_list":{"0":"post-1488","1":"product","2":"type-product","3":"status-publish","4":"has-post-thumbnail","6":"product_cat-sativa","7":"product_tag-buy-weed-online-in-australia","8":"product_tag-buy-weed-online-in-belgium","9":"product_tag-buy-weed-online-in-britain","10":"product_tag-buy-weed-online-in-china","11":"product_tag-buy-weed-online-in-croatia","12":"product_tag-buy-weed-online-in-denmark","13":"product_tag-buy-weed-online-in-european-union","14":"product_tag-buy-weed-online-in-france","15":"product_tag-buy-weed-online-in-germany","16":"product_tag-buy-weed-online-in-guam","17":"product_tag-buy-weed-online-in-guernsey","18":"product_tag-buy-weed-online-in-hungary","19":"product_tag-buy-weed-online-in-ireland","20":"product_tag-buy-weed-online-in-israel","21":"product_tag-buy-weed-online-in-italy","22":"product_tag-buy-weed-online-in-japan","23":"product_tag-buy-weed-online-in-jersey","24":"product_tag-buy-weed-online-in-latvia","25":"product_tag-buy-weed-online-in-poland","26":"product_tag-buy-weed-online-in-russia","27":"product_tag-buy-weed-online-in-spain","28":"product_tag-buy-weed-online-in-sweeden","29":"product_tag-buy-weed-online-in-switzerland","30":"product_tag-buy-weed-online-in-turkey","31":"product_tag-buy-weed-online-in-ukraine","32":"product_tag-buy-weed-online-united-states","33":"desktop-align-center","34":"tablet-align-left","35":"mobile-align-left","37":"first","38":"instock","39":"sale","40":"shipping-taxable","41":"purchasable","42":"product-type-variable"},"uagb_featured_image_src":{"full":["https:\/\/caliweedeurope.com\/wp-content\/uploads\/2024\/11\/treegod415_61117422_355110038478171_6070426788907369159_n.jpg",1080,1227,false],"thumbnail":["https:\/\/caliweedeurope.com\/wp-content\/uploads\/2024\/11\/treegod415_61117422_355110038478171_6070426788907369159_n-150x150.jpg",150,150,true],"medium":["https:\/\/caliweedeurope.com\/wp-content\/uploads\/2024\/11\/treegod415_61117422_355110038478171_6070426788907369159_n-264x300.jpg",264,300,true],"medium_large":["https:\/\/caliweedeurope.com\/wp-content\/uploads\/2024\/11\/treegod415_61117422_355110038478171_6070426788907369159_n-768x873.jpg",768,873,true],"large":["https:\/\/caliweedeurope.com\/wp-content\/uploads\/2024\/11\/treegod415_61117422_355110038478171_6070426788907369159_n-901x1024.jpg",901,1024,true],"1536x1536":["https:\/\/caliweedeurope.com\/wp-content\/uploads\/2024\/11\/treegod415_61117422_355110038478171_6070426788907369159_n.jpg",1080,1227,false],"2048x2048":["https:\/\/caliweedeurope.com\/wp-content\/uploads\/2024\/11\/treegod415_61117422_355110038478171_6070426788907369159_n.jpg",1080,1227,false],"trp-custom-language-flag":["https:\/\/caliweedeurope.com\/wp-content\/uploads\/2024\/11\/treegod415_61117422_355110038478171_6070426788907369159_n.jpg",11,12,false],"woocommerce_thumbnail":["https:\/\/caliweedeurope.com\/wp-content\/uploads\/2024\/11\/treegod415_61117422_355110038478171_6070426788907369159_n-300x300.jpg",300,300,true],"woocommerce_single":["https:\/\/caliweedeurope.com\/wp-content\/uploads\/2024\/11\/treegod415_61117422_355110038478171_6070426788907369159_n-600x682.jpg",600,682,true],"woocommerce_gallery_thumbnail":["https:\/\/caliweedeurope.com\/wp-content\/uploads\/2024\/11\/treegod415_61117422_355110038478171_6070426788907369159_n-100x100.jpg",100,100,true]},"uagb_author_info":{"display_name":"jetskiforsaleuk@gmail.com","author_link":"https:\/\/caliweedeurope.com\/sv\/author\/"},"uagb_comment_info":0,"uagb_excerpt":"Sour Diesel Grade A Shelf (sativa) for sale online in the US. You can buy it from our weed online shop.We have marijuana for sale, weed for sale online.","_links":{"self":[{"href":"https:\/\/caliweedeurope.com\/sv\/wp-json\/wp\/v2\/product\/1488"}],"collection":[{"href":"https:\/\/caliweedeurope.com\/sv\/wp-json\/wp\/v2\/product"}],"about":[{"href":"https:\/\/caliweedeurope.com\/sv\/wp-json\/wp\/v2\/types\/product"}],"replies":[{"embeddable":true,"href":"https:\/\/caliweedeurope.com\/sv\/wp-json\/wp\/v2\/comments?post=1488"}],"wp:featuredmedia":[{"embeddable":true,"href":"https:\/\/caliweedeurope.com\/sv\/wp-json\/wp\/v2\/media\/1508"}],"wp:attachment":[{"href":"https:\/\/caliweedeurope.com\/sv\/wp-json\/wp\/v2\/media?parent=1488"}],"wp:term":[{"taxonomy":"product_brand","embeddable":true,"href":"https:\/\/caliweedeurope.com\/sv\/wp-json\/wp\/v2\/product_brand?post=1488"},{"taxonomy":"product_cat","embeddable":true,"href":"https:\/\/caliweedeurope.com\/sv\/wp-json\/wp\/v2\/product_cat?post=1488"},{"taxonomy":"product_tag","embeddable":true,"href":"https:\/\/caliweedeurope.com\/sv\/wp-json\/wp\/v2\/product_tag?post=1488"}],"curies":[{"name":"wp","href":"https:\/\/api.w.org\/{rel}","templated":true}]}}