{"id":1492,"date":"2024-11-03T21:33:29","date_gmt":"2024-11-03T21:33:29","guid":{"rendered":"https:\/\/caliweedeurope.com\/?post_type=product&#038;p=1492"},"modified":"2024-11-03T21:34:15","modified_gmt":"2024-11-03T21:34:15","slug":"afghan-kush","status":"publish","type":"product","link":"https:\/\/caliweedeurope.com\/sv\/product\/afghan-kush\/","title":{"rendered":"Afghan Kush"},"content":{"rendered":"<h1>Afghan Kush Sort<\/h1>\n<p>Afghan Kush ser mycket bra ut, ljusgr\u00f6n med ett gult nyans, orange h\u00e5r b\u00e5de ljusa och m\u00f6rka \u00e4r n\u00e4rvarande, ser ut som en orange och guld nugget med fl\u00e4ckiga kristaller.<\/p>\n<h3>Doft<\/h3>\n<p>Afghan Kush luktar ocks\u00e5 v\u00e4ldigt mildt som ett helt nugget med inslag av saffran och sm\u00f6rkola. N\u00e4r du bryter upp knoppen blir doften av br\u00e4nt kolas\u00e5s dominerande.<\/p>\n<h3>Smak<\/h3>\n<p>Det smakar ocks\u00e5 kryddigt, denna bud har en kryddig ton med muskotn\u00f6t, kanel och ingef\u00e4ra som de starkaste. Mycket mjuk, smaken av muskotn\u00f6t stannar kvar hos dig i n\u00e5gra \u00f6gonblick.<\/p>\n<h3>Effekter<\/h3>\n<p>Effekten av Afghan Kush \u00e4r omedelbar. Du blir mycket avslappnad och \u00f6gonen k\u00e4nns lite tunga (inte f\u00f6r nyb\u00f6rjare). Jag m\u00e4rkte att jag inte k\u00e4nde mycket sm\u00e4rta. Jag tycker ocks\u00e5 att det \u00e4r utm\u00e4rkt f\u00f6r kramper. Och om du har sv\u00e5rt att sova och tror att du beh\u00f6ver sova omedelbart, \u00e4r Afghan Kush ditt gr\u00e4s.<\/p>\n<p>Afghan Kush \u00e4r utan tvekan min favoritstam f\u00f6r \u00e5ret. Att personligen k\u00e4nna n\u00e5gon som odlat den och att f\u00e5 se dess sk\u00f6nhet har gett mig en passion f\u00f6r en s\u00e5dan fantastisk stam. Doften som kom fr\u00e5n denna planta var v\u00e4ldigt kryddig under blomningen och blev sedan mildare under torkningen. Under h\u00e4rdningen visade den sina verkliga f\u00e4rger. Den gick fr\u00e5n kryddig till en mild, s\u00f6t doft med inslag av limegr\u00f6n och ljusa orange h\u00e5r. En mycket mjuk r\u00f6k j\u00e4mf\u00f6rt med de flesta. Honungsolja gjord med denna stam \u00e4r fenomenal. Den starkaste stam jag har testat p\u00e5 l\u00e4nge.<\/p>","protected":false},"excerpt":{"rendered":"<p>Afghan Kush ser mycket bra ut, ljusgr\u00f6n med ett gult nyans, orange h\u00e5r b\u00e5de ljusa och m\u00f6rka \u00e4r n\u00e4rvarande, ser ut som en orange och guld nugget med fl\u00e4ckiga kristaller. K\u00f6p Afghan Kush online \u2013 Afghan Kush till salu. Afghan Kush \u00e4r en popul\u00e4r cannabisstam med en THC-niv\u00e5 p\u00e5 upp till 15%. Afghan Kush smakar mycket medicinskt och har dramatiska effekter p\u00e5 sm\u00e4rtlindring. P\u00e5 grund av sin narkotiska karakt\u00e4r \u00e4r Afghan Kush popul\u00e4r bland patienter som s\u00f6ker lindring fr\u00e5n sm\u00e4rta, stress, s\u00f6mnl\u00f6shet och illam\u00e5ende.<\/p>","protected":false},"featured_media":1530,"comment_status":"closed","ping_status":"closed","template":"","meta":{"_uag_custom_page_level_css":"","site-sidebar-layout":"default","site-content-layout":"","ast-site-content-layout":"","site-content-style":"default","site-sidebar-style":"default","ast-global-header-display":"","ast-banner-title-visibility":"","ast-main-header-display":"","ast-hfb-above-header-display":"","ast-hfb-below-header-display":"","ast-hfb-mobile-header-display":"","site-post-title":"","ast-breadcrumbs-content":"","ast-featured-img":"","footer-sml-layout":"","theme-transparent-header-meta":"","adv-header-id-meta":"","stick-header-meta":"","header-above-stick-meta":"","header-main-stick-meta":"","header-below-stick-meta":"","astra-migrate-meta-layouts":"default","ast-page-background-enabled":"default","ast-page-background-meta":{"desktop":{"background-color":"var(--ast-global-color-4)","background-image":"","background-repeat":"repeat","background-position":"center center","background-size":"auto","background-attachment":"scroll","background-type":"","background-media":"","overlay-type":"","overlay-color":"","overlay-opacity":"","overlay-gradient":""},"tablet":{"background-color":"","background-image":"","background-repeat":"repeat","background-position":"center center","background-size":"auto","background-attachment":"scroll","background-type":"","background-media":"","overlay-type":"","overlay-color":"","overlay-opacity":"","overlay-gradient":""},"mobile":{"background-color":"","background-image":"","background-repeat":"repeat","background-position":"center center","background-size":"auto","background-attachment":"scroll","background-type":"","background-media":"","overlay-type":"","overlay-color":"","overlay-opacity":"","overlay-gradient":""}},"ast-content-background-meta":{"desktop":{"background-color":"var(--ast-global-color-5)","background-image":"","background-repeat":"repeat","background-position":"center center","background-size":"auto","background-attachment":"scroll","background-type":"","background-media":"","overlay-type":"","overlay-color":"","overlay-opacity":"","overlay-gradient":""},"tablet":{"background-color":"var(--ast-global-color-5)","background-image":"","background-repeat":"repeat","background-position":"center center","background-size":"auto","background-attachment":"scroll","background-type":"","background-media":"","overlay-type":"","overlay-color":"","overlay-opacity":"","overlay-gradient":""},"mobile":{"background-color":"var(--ast-global-color-5)","background-image":"","background-repeat":"repeat","background-position":"center center","background-size":"auto","background-attachment":"scroll","background-type":"","background-media":"","overlay-type":"","overlay-color":"","overlay-opacity":"","overlay-gradient":""}}},"product_brand":[],"product_cat":[22],"product_tag":[201,202,203,204,205,206,207,208,209,210,211,212,213,214,215,216,217,218,219,220,221,222,223,224,225,226],"class_list":{"0":"post-1492","1":"product","2":"type-product","3":"status-publish","4":"has-post-thumbnail","6":"product_cat-hybrid","7":"product_tag-buy-weed-online-in-australia","8":"product_tag-buy-weed-online-in-belgium","9":"product_tag-buy-weed-online-in-britain","10":"product_tag-buy-weed-online-in-china","11":"product_tag-buy-weed-online-in-croatia","12":"product_tag-buy-weed-online-in-denmark","13":"product_tag-buy-weed-online-in-european-union","14":"product_tag-buy-weed-online-in-france","15":"product_tag-buy-weed-online-in-germany","16":"product_tag-buy-weed-online-in-guam","17":"product_tag-buy-weed-online-in-guernsey","18":"product_tag-buy-weed-online-in-hungary","19":"product_tag-buy-weed-online-in-ireland","20":"product_tag-buy-weed-online-in-israel","21":"product_tag-buy-weed-online-in-italy","22":"product_tag-buy-weed-online-in-japan","23":"product_tag-buy-weed-online-in-jersey","24":"product_tag-buy-weed-online-in-latvia","25":"product_tag-buy-weed-online-in-poland","26":"product_tag-buy-weed-online-in-russia","27":"product_tag-buy-weed-online-in-spain","28":"product_tag-buy-weed-online-in-sweeden","29":"product_tag-buy-weed-online-in-switzerland","30":"product_tag-buy-weed-online-in-turkey","31":"product_tag-buy-weed-online-in-ukraine","32":"product_tag-buy-weed-online-united-states","33":"desktop-align-center","34":"tablet-align-left","35":"mobile-align-left","37":"first","38":"instock","39":"sale","40":"shipping-taxable","41":"purchasable","42":"product-type-variable"},"uagb_featured_image_src":{"full":["https:\/\/caliweedeurope.com\/wp-content\/uploads\/2024\/11\/treegod415_54277409_1206124882894029_7160562974530010069_n.jpg",1080,1350,false],"thumbnail":["https:\/\/caliweedeurope.com\/wp-content\/uploads\/2024\/11\/treegod415_54277409_1206124882894029_7160562974530010069_n-150x150.jpg",150,150,true],"medium":["https:\/\/caliweedeurope.com\/wp-content\/uploads\/2024\/11\/treegod415_54277409_1206124882894029_7160562974530010069_n-240x300.jpg",240,300,true],"medium_large":["https:\/\/caliweedeurope.com\/wp-content\/uploads\/2024\/11\/treegod415_54277409_1206124882894029_7160562974530010069_n-768x960.jpg",768,960,true],"large":["https:\/\/caliweedeurope.com\/wp-content\/uploads\/2024\/11\/treegod415_54277409_1206124882894029_7160562974530010069_n-819x1024.jpg",819,1024,true],"1536x1536":["https:\/\/caliweedeurope.com\/wp-content\/uploads\/2024\/11\/treegod415_54277409_1206124882894029_7160562974530010069_n.jpg",1080,1350,false],"2048x2048":["https:\/\/caliweedeurope.com\/wp-content\/uploads\/2024\/11\/treegod415_54277409_1206124882894029_7160562974530010069_n.jpg",1080,1350,false],"trp-custom-language-flag":["https:\/\/caliweedeurope.com\/wp-content\/uploads\/2024\/11\/treegod415_54277409_1206124882894029_7160562974530010069_n.jpg",10,12,false],"woocommerce_thumbnail":["https:\/\/caliweedeurope.com\/wp-content\/uploads\/2024\/11\/treegod415_54277409_1206124882894029_7160562974530010069_n-300x300.jpg",300,300,true],"woocommerce_single":["https:\/\/caliweedeurope.com\/wp-content\/uploads\/2024\/11\/treegod415_54277409_1206124882894029_7160562974530010069_n-600x750.jpg",600,750,true],"woocommerce_gallery_thumbnail":["https:\/\/caliweedeurope.com\/wp-content\/uploads\/2024\/11\/treegod415_54277409_1206124882894029_7160562974530010069_n-100x100.jpg",100,100,true]},"uagb_author_info":{"display_name":"jetskiforsaleuk@gmail.com","author_link":"https:\/\/caliweedeurope.com\/sv\/author\/"},"uagb_comment_info":0,"uagb_excerpt":"Afghan kush looks very nice to the eye, Pale green with a hue of yellow , Orange hairs both light and dark are present, looks like a orange and gold nugget, with patchy crystals. Buy Afghan Kush Online \u2013 Afghan Kush for Sale. Afghan Kush is a popular marijuana strain with a THC level up&hellip;","_links":{"self":[{"href":"https:\/\/caliweedeurope.com\/sv\/wp-json\/wp\/v2\/product\/1492"}],"collection":[{"href":"https:\/\/caliweedeurope.com\/sv\/wp-json\/wp\/v2\/product"}],"about":[{"href":"https:\/\/caliweedeurope.com\/sv\/wp-json\/wp\/v2\/types\/product"}],"replies":[{"embeddable":true,"href":"https:\/\/caliweedeurope.com\/sv\/wp-json\/wp\/v2\/comments?post=1492"}],"wp:featuredmedia":[{"embeddable":true,"href":"https:\/\/caliweedeurope.com\/sv\/wp-json\/wp\/v2\/media\/1530"}],"wp:attachment":[{"href":"https:\/\/caliweedeurope.com\/sv\/wp-json\/wp\/v2\/media?parent=1492"}],"wp:term":[{"taxonomy":"product_brand","embeddable":true,"href":"https:\/\/caliweedeurope.com\/sv\/wp-json\/wp\/v2\/product_brand?post=1492"},{"taxonomy":"product_cat","embeddable":true,"href":"https:\/\/caliweedeurope.com\/sv\/wp-json\/wp\/v2\/product_cat?post=1492"},{"taxonomy":"product_tag","embeddable":true,"href":"https:\/\/caliweedeurope.com\/sv\/wp-json\/wp\/v2\/product_tag?post=1492"}],"curies":[{"name":"wp","href":"https:\/\/api.w.org\/{rel}","templated":true}]}}