{"id":1510,"date":"2024-11-03T21:33:53","date_gmt":"2024-11-03T21:33:53","guid":{"rendered":"https:\/\/caliweedeurope.com\/?post_type=product&#038;p=1510"},"modified":"2024-11-03T21:34:38","modified_gmt":"2024-11-03T21:34:38","slug":"khalifa-kush-pre-rolled-joints","status":"publish","type":"product","link":"https:\/\/caliweedeurope.com\/sv\/product\/khalifa-kush-pre-rolled-joints\/","title":{"rendered":"Khalifa Kush Pre Rolled Joints"},"content":{"rendered":"<h1>Khalifa Kush Pre Rolled Joints<\/h1>\n<p>K\u00f6p Khalifa Kush pre-rolls<\/p>\n<p class=\"translation-block\"><strong>Dosering:<\/strong> Varje joint inneh\u00e5ller 1,2 gram cannabisblommor med THC-inneh\u00e5ll fr\u00e5n 25 % till 37 % <a href=\"https:\/\/en.wikipedia.org\/wiki\/Tetrahydrocannabinol\" target=\"_blank\" rel=\"noopener\">THC<\/a>.<\/p>\n<p class=\"translation-block\"><strong>F\u00f6rpackning:<\/strong> Beroende p\u00e5 best\u00e4llningens volym och sort anv\u00e4nds en kombination av skruvlockbeh\u00e5llare, f\u00f6rseglade p\u00e5sar, och allt \u00e4r alltid dubbelvakuumf\u00f6rpackat innan det skickas med posten f\u00f6r att s\u00e4kerst\u00e4lla en luktfri ankomst.<\/p>\n<p class=\"translation-block\"><strong>F\u00f6rvaring:<\/strong> V\u00e4nligen f\u00f6rvara dina f\u00f6rrullade joints i en luftt\u00e4t beh\u00e5llare p\u00e5 en kall och torr plats, som i kylsk\u00e5pet, f\u00f6r maximal h\u00e5llbarhet. K\u00f6p Khalifa Kush f\u00f6rrullade joints.<\/p>\n<p class=\"translation-block\"><strong>Symtom &amp; Tillst\u00e5nd:<\/strong> Dessutom har vi ADD, ADHD, \u00e5ngest, artrit, autism, bipol\u00e4r sjukdom, kramper, fibromyalgi, gastrointestinala st\u00f6rningar, insomnia, aptitl\u00f6shet. Vidare migr\u00e4n, multipel skleros, muskelspasmer, PMS\/PMDD, PTSD, sm\u00e4rta: muskel\/led, sm\u00e4rta: neuropatisk, sm\u00e4rta: fantommedlem. K\u00f6p Khalifa Kush f\u00f6rrullade joints.<\/p>\n<p class=\"translation-block\">D\u00e4rf\u00f6r vet vi att cannabis f\u00f6r\u00e4ndrar liv. Och vi leder v\u00e4gen f\u00f6r att f\u00e5 marijuana i h\u00e4nderna p\u00e5 personer som beh\u00f6ver det. Som en popul\u00e4r cannabisdispensary i USA tillhandah\u00e5ller vi cannabisstammar av h\u00f6gsta kvalitet. Och som s\u00e5dana relaterade produkter (Hybrid, Indica och Sativa, samt cannabisolja, hampolja, \u00e4tbara produkter, koncentrat och moonrock eller <a href=\"https:\/\/deligentman.com\/product\/sun-rocks-weed\/\" target=\"_blank\" rel=\"noopener\">sun rocks<\/a>) f\u00f6r att m\u00f6ta kraven fr\u00e5n v\u00e5ra v\u00e4rderade kunder eller patienter. Vi \u00e4r stolta \u00f6ver att s\u00e4tta standarden f\u00f6r detta dispensary och d\u00e4rf\u00f6r. Vi har Weed till salu, k\u00f6p marijuana online, cannabisolja till salu, best\u00e4ll Weed online och var man kan k\u00f6pa marijuana, medicinsk marijuana till salu. K\u00f6p Weed online i Storbritannien, k\u00f6p Khalifa Kush f\u00f6rrullade joints.<\/p>\n<p>F\u00c5 DET B\u00c4STA.<\/p>\n<p>Letar du allts\u00e5 efter att k\u00f6pa kvalitativa marijuana-sorter med garanterad leverans n\u00e4stan \u00f6ver hela v\u00e4rlden?<br \/> V\u00e4lkommen till HempBazar UK. Vi har de b\u00e4sta pre-rolls till salu!<\/p>\n<p>D\u00e4rf\u00f6r erbjuder vi ett stort sortiment av h\u00f6gkvalitativa marihuanaprodukter till f\u00f6rs\u00e4ljning direkt fr\u00e5n Storbritannien.<\/p>\n<p>G\u00f6r dig redo f\u00f6r s\u00e4ngen. Sweet Dreams \u00e4r en kraftfull Indica-dominant blandning som kommer att ge dig lindring p\u00e5 v\u00e4gen mot s\u00f6mnig avslappning. Lucy\u2019s Pre-rolls \u00e4r gjorda endast av de finaste 100 % cannabisblommorna, inget shake. Khalifa Kush pre-rolls.<\/p>","protected":false},"excerpt":{"rendered":"<p>THC 18% till 30% K\u00f6p marijuana online UK, K\u00f6p kief online UK, weed online Europa, K\u00f6p skunk online UK, 420 postorder UK, K\u00f6p weed online UK.<\/p>\n<p>&nbsp;<\/p>","protected":false},"featured_media":1534,"comment_status":"closed","ping_status":"closed","template":"","meta":{"_uag_custom_page_level_css":"","site-sidebar-layout":"default","site-content-layout":"","ast-site-content-layout":"","site-content-style":"default","site-sidebar-style":"default","ast-global-header-display":"","ast-banner-title-visibility":"","ast-main-header-display":"","ast-hfb-above-header-display":"","ast-hfb-below-header-display":"","ast-hfb-mobile-header-display":"","site-post-title":"","ast-breadcrumbs-content":"","ast-featured-img":"","footer-sml-layout":"","theme-transparent-header-meta":"","adv-header-id-meta":"","stick-header-meta":"","header-above-stick-meta":"","header-main-stick-meta":"","header-below-stick-meta":"","astra-migrate-meta-layouts":"default","ast-page-background-enabled":"default","ast-page-background-meta":{"desktop":{"background-color":"var(--ast-global-color-4)","background-image":"","background-repeat":"repeat","background-position":"center center","background-size":"auto","background-attachment":"scroll","background-type":"","background-media":"","overlay-type":"","overlay-color":"","overlay-opacity":"","overlay-gradient":""},"tablet":{"background-color":"","background-image":"","background-repeat":"repeat","background-position":"center center","background-size":"auto","background-attachment":"scroll","background-type":"","background-media":"","overlay-type":"","overlay-color":"","overlay-opacity":"","overlay-gradient":""},"mobile":{"background-color":"","background-image":"","background-repeat":"repeat","background-position":"center center","background-size":"auto","background-attachment":"scroll","background-type":"","background-media":"","overlay-type":"","overlay-color":"","overlay-opacity":"","overlay-gradient":""}},"ast-content-background-meta":{"desktop":{"background-color":"var(--ast-global-color-5)","background-image":"","background-repeat":"repeat","background-position":"center center","background-size":"auto","background-attachment":"scroll","background-type":"","background-media":"","overlay-type":"","overlay-color":"","overlay-opacity":"","overlay-gradient":""},"tablet":{"background-color":"var(--ast-global-color-5)","background-image":"","background-repeat":"repeat","background-position":"center center","background-size":"auto","background-attachment":"scroll","background-type":"","background-media":"","overlay-type":"","overlay-color":"","overlay-opacity":"","overlay-gradient":""},"mobile":{"background-color":"var(--ast-global-color-5)","background-image":"","background-repeat":"repeat","background-position":"center center","background-size":"auto","background-attachment":"scroll","background-type":"","background-media":"","overlay-type":"","overlay-color":"","overlay-opacity":"","overlay-gradient":""}}},"product_brand":[],"product_cat":[22,228,427,380],"product_tag":[428,429,430,431,432,433,434,330,435,436,437,232,438,439,440,441,442,443,444],"class_list":{"0":"post-1510","1":"product","2":"type-product","3":"status-publish","4":"has-post-thumbnail","6":"product_cat-hybrid","7":"product_cat-indica","8":"product_cat-pre-rolls","9":"product_cat-sativa","10":"product_tag-420-mail-order-uk","11":"product_tag-best-online-vape-store-uk","12":"product_tag-best-place-to-buy-weed-online-europe","13":"product_tag-best-weed-store-uk","14":"product_tag-buy-cbd-weed-online-europe","15":"product_tag-buy-kief-online-uk","16":"product_tag-buy-marijuana-online","17":"product_tag-buy-marijuana-online-uk","18":"product_tag-buy-pollen-online-uk","19":"product_tag-buy-pre-rolled-joints-online-uk","20":"product_tag-buy-skunk-online-uk","21":"product_tag-buy-weed-online-uk","22":"product_tag-head-shop-uk","23":"product_tag-khalifa-kush-pre-rolled-joints","24":"product_tag-legal-highs-shop-uk","25":"product_tag-mail-order-weed-online-europe","26":"product_tag-marijuana-store-uk","27":"product_tag-order-weed-online-europe","28":"product_tag-weed-online-europe","29":"desktop-align-center","30":"tablet-align-left","31":"mobile-align-left","33":"first","34":"instock","35":"shipping-taxable","36":"purchasable","37":"product-type-variable"},"uagb_featured_image_src":{"full":["https:\/\/caliweedeurope.com\/wp-content\/uploads\/2024\/11\/Pre-Roll-5-Pack-4.16.20-scaled-1.jpg",1948,1948,false],"thumbnail":["https:\/\/caliweedeurope.com\/wp-content\/uploads\/2024\/11\/Pre-Roll-5-Pack-4.16.20-scaled-1-150x150.jpg",150,150,true],"medium":["https:\/\/caliweedeurope.com\/wp-content\/uploads\/2024\/11\/Pre-Roll-5-Pack-4.16.20-scaled-1-300x300.jpg",300,300,true],"medium_large":["https:\/\/caliweedeurope.com\/wp-content\/uploads\/2024\/11\/Pre-Roll-5-Pack-4.16.20-scaled-1-768x768.jpg",768,768,true],"large":["https:\/\/caliweedeurope.com\/wp-content\/uploads\/2024\/11\/Pre-Roll-5-Pack-4.16.20-scaled-1-1024x1024.jpg",1024,1024,true],"1536x1536":["https:\/\/caliweedeurope.com\/wp-content\/uploads\/2024\/11\/Pre-Roll-5-Pack-4.16.20-scaled-1-1536x1536.jpg",1536,1536,true],"2048x2048":["https:\/\/caliweedeurope.com\/wp-content\/uploads\/2024\/11\/Pre-Roll-5-Pack-4.16.20-scaled-1.jpg",1948,1948,false],"trp-custom-language-flag":["https:\/\/caliweedeurope.com\/wp-content\/uploads\/2024\/11\/Pre-Roll-5-Pack-4.16.20-scaled-1.jpg",12,12,false],"woocommerce_thumbnail":["https:\/\/caliweedeurope.com\/wp-content\/uploads\/2024\/11\/Pre-Roll-5-Pack-4.16.20-scaled-1-300x300.jpg",300,300,true],"woocommerce_single":["https:\/\/caliweedeurope.com\/wp-content\/uploads\/2024\/11\/Pre-Roll-5-Pack-4.16.20-scaled-1-600x600.jpg",600,600,true],"woocommerce_gallery_thumbnail":["https:\/\/caliweedeurope.com\/wp-content\/uploads\/2024\/11\/Pre-Roll-5-Pack-4.16.20-scaled-1-100x100.jpg",100,100,true]},"uagb_author_info":{"display_name":"jetskiforsaleuk@gmail.com","author_link":"https:\/\/caliweedeurope.com\/sv\/author\/"},"uagb_comment_info":0,"uagb_excerpt":"THC\u00a0 18% to 30% Buy Marijuana Online UK, Buy kief online UK, weed online europe, Buy skunk online UK, 420 mail order UK, Buy weed Online UK. &nbsp;","_links":{"self":[{"href":"https:\/\/caliweedeurope.com\/sv\/wp-json\/wp\/v2\/product\/1510"}],"collection":[{"href":"https:\/\/caliweedeurope.com\/sv\/wp-json\/wp\/v2\/product"}],"about":[{"href":"https:\/\/caliweedeurope.com\/sv\/wp-json\/wp\/v2\/types\/product"}],"replies":[{"embeddable":true,"href":"https:\/\/caliweedeurope.com\/sv\/wp-json\/wp\/v2\/comments?post=1510"}],"wp:featuredmedia":[{"embeddable":true,"href":"https:\/\/caliweedeurope.com\/sv\/wp-json\/wp\/v2\/media\/1534"}],"wp:attachment":[{"href":"https:\/\/caliweedeurope.com\/sv\/wp-json\/wp\/v2\/media?parent=1510"}],"wp:term":[{"taxonomy":"product_brand","embeddable":true,"href":"https:\/\/caliweedeurope.com\/sv\/wp-json\/wp\/v2\/product_brand?post=1510"},{"taxonomy":"product_cat","embeddable":true,"href":"https:\/\/caliweedeurope.com\/sv\/wp-json\/wp\/v2\/product_cat?post=1510"},{"taxonomy":"product_tag","embeddable":true,"href":"https:\/\/caliweedeurope.com\/sv\/wp-json\/wp\/v2\/product_tag?post=1510"}],"curies":[{"name":"wp","href":"https:\/\/api.w.org\/{rel}","templated":true}]}}