{"id":1516,"date":"2024-11-03T21:33:53","date_gmt":"2024-11-03T21:33:53","guid":{"rendered":"https:\/\/caliweedeurope.com\/?post_type=product&#038;p=1516"},"modified":"2024-11-03T21:34:38","modified_gmt":"2024-11-03T21:34:38","slug":"jack-herer","status":"publish","type":"product","link":"https:\/\/caliweedeurope.com\/sv\/product\/jack-herer\/","title":{"rendered":"Jack Herer"},"content":{"rendered":"<h1>K\u00f6p Jack Herer Marijuana Strain UK<\/h1>\n<p class=\"translation-block\">K\u00f6p Jack Herer Marijuana-sorten i Storbritannien. Jack Herer Marijuana \u00e4r en hyllning till den ber\u00f6mda cannabisaktivisten <a href=\"https:\/\/en.wikipedia.org\/wiki\/Jack_Herer\" target=\"_blank\" rel=\"noopener\">Jack Herer<\/a> och \u00e4r en Sativa-sort som lever upp till det legendariska namnet.<\/p>\n<h2>Jack Herer Marijuana H\u00f6jdpunkter<\/h2>\n<div class=\"woocommerce-product-details__short-description\">\n<p class=\"translation-block\"><strong>SKAPADE K\u00c4NSLOR:<\/strong> Highen som skapas av Jack Herer weed \u00e4r s\u00e5 fantastisk som en <a href=\"https:\/\/deligentman.com\/product-category\/sativa\/\" target=\"_blank\" rel=\"noopener\">Sativa<\/a> kan bli. Den f\u00f6rsta dragningen fyller din kropp med energi och g\u00f6r dig redo att ta dig an v\u00e4rlden.<\/p>\n<div class=\"electro-description\">\n<p>Jack Herer marihuana UK \u00e4r en av de mest angen\u00e4ma sativa-sorterna p\u00e5 marknaden. Dess popularitet har \u00f6kat enormt under \u00e5ren. Dess ljusgr\u00f6na, frostiga, THC-laddade knoppar finns p\u00e5 de \u00f6vre hyllorna i de flesta dispensarier. Jack Herer weed \u00e4r en av de b\u00e4sta sorterna f\u00f6r dagen och har en s\u00f6t och fr\u00e4sch smak. Denna sort ger omedelbart en energikick som b\u00e4r dig genom de kommande timmarna.<\/p>\n<\/p><\/div>\n<\/p><\/div>","protected":false},"excerpt":{"rendered":"<p>Deligentman.con \u00e4r mycket stolt \u00f6ver att presentera Jack Herer med 23,0 % THC. Vi \u00e4r det enda f\u00f6retaget som odlar denna sort med en s\u00e5 h\u00f6g THC-halt. K\u00f6p Jack Herer Marijuana Strain UK. Jack Herer Marijuana \u00e4r en hyllning till den ber\u00f6mda cannabisaktivisten Jack Herer, en sativa-sort som lever upp till det legendariska namnet.<\/p>","protected":false},"featured_media":1548,"comment_status":"closed","ping_status":"closed","template":"","meta":{"_uag_custom_page_level_css":"","site-sidebar-layout":"default","site-content-layout":"","ast-site-content-layout":"","site-content-style":"default","site-sidebar-style":"default","ast-global-header-display":"","ast-banner-title-visibility":"","ast-main-header-display":"","ast-hfb-above-header-display":"","ast-hfb-below-header-display":"","ast-hfb-mobile-header-display":"","site-post-title":"","ast-breadcrumbs-content":"","ast-featured-img":"","footer-sml-layout":"","theme-transparent-header-meta":"","adv-header-id-meta":"","stick-header-meta":"","header-above-stick-meta":"","header-main-stick-meta":"","header-below-stick-meta":"","astra-migrate-meta-layouts":"default","ast-page-background-enabled":"default","ast-page-background-meta":{"desktop":{"background-color":"var(--ast-global-color-4)","background-image":"","background-repeat":"repeat","background-position":"center center","background-size":"auto","background-attachment":"scroll","background-type":"","background-media":"","overlay-type":"","overlay-color":"","overlay-opacity":"","overlay-gradient":""},"tablet":{"background-color":"","background-image":"","background-repeat":"repeat","background-position":"center center","background-size":"auto","background-attachment":"scroll","background-type":"","background-media":"","overlay-type":"","overlay-color":"","overlay-opacity":"","overlay-gradient":""},"mobile":{"background-color":"","background-image":"","background-repeat":"repeat","background-position":"center center","background-size":"auto","background-attachment":"scroll","background-type":"","background-media":"","overlay-type":"","overlay-color":"","overlay-opacity":"","overlay-gradient":""}},"ast-content-background-meta":{"desktop":{"background-color":"var(--ast-global-color-5)","background-image":"","background-repeat":"repeat","background-position":"center center","background-size":"auto","background-attachment":"scroll","background-type":"","background-media":"","overlay-type":"","overlay-color":"","overlay-opacity":"","overlay-gradient":""},"tablet":{"background-color":"var(--ast-global-color-5)","background-image":"","background-repeat":"repeat","background-position":"center center","background-size":"auto","background-attachment":"scroll","background-type":"","background-media":"","overlay-type":"","overlay-color":"","overlay-opacity":"","overlay-gradient":""},"mobile":{"background-color":"var(--ast-global-color-5)","background-image":"","background-repeat":"repeat","background-position":"center center","background-size":"auto","background-attachment":"scroll","background-type":"","background-media":"","overlay-type":"","overlay-color":"","overlay-opacity":"","overlay-gradient":""}}},"product_brand":[],"product_cat":[380],"product_tag":[445,446],"class_list":{"0":"post-1516","1":"product","2":"type-product","3":"status-publish","4":"has-post-thumbnail","6":"product_cat-sativa","7":"product_tag-buy-jack-herer-marijuana-strain-uk","8":"product_tag-marijuana-flowers-uk","9":"desktop-align-center","10":"tablet-align-left","11":"mobile-align-left","13":"first","14":"instock","15":"sale","16":"shipping-taxable","17":"purchasable","18":"product-type-variable"},"uagb_featured_image_src":{"full":["https:\/\/caliweedeurope.com\/wp-content\/uploads\/2024\/11\/treegod415_67497691_180101586350971_2532926964804551256_n.jpg",1080,1350,false],"thumbnail":["https:\/\/caliweedeurope.com\/wp-content\/uploads\/2024\/11\/treegod415_67497691_180101586350971_2532926964804551256_n-150x150.jpg",150,150,true],"medium":["https:\/\/caliweedeurope.com\/wp-content\/uploads\/2024\/11\/treegod415_67497691_180101586350971_2532926964804551256_n-240x300.jpg",240,300,true],"medium_large":["https:\/\/caliweedeurope.com\/wp-content\/uploads\/2024\/11\/treegod415_67497691_180101586350971_2532926964804551256_n-768x960.jpg",768,960,true],"large":["https:\/\/caliweedeurope.com\/wp-content\/uploads\/2024\/11\/treegod415_67497691_180101586350971_2532926964804551256_n-819x1024.jpg",819,1024,true],"1536x1536":["https:\/\/caliweedeurope.com\/wp-content\/uploads\/2024\/11\/treegod415_67497691_180101586350971_2532926964804551256_n.jpg",1080,1350,false],"2048x2048":["https:\/\/caliweedeurope.com\/wp-content\/uploads\/2024\/11\/treegod415_67497691_180101586350971_2532926964804551256_n.jpg",1080,1350,false],"trp-custom-language-flag":["https:\/\/caliweedeurope.com\/wp-content\/uploads\/2024\/11\/treegod415_67497691_180101586350971_2532926964804551256_n.jpg",10,12,false],"woocommerce_thumbnail":["https:\/\/caliweedeurope.com\/wp-content\/uploads\/2024\/11\/treegod415_67497691_180101586350971_2532926964804551256_n-300x300.jpg",300,300,true],"woocommerce_single":["https:\/\/caliweedeurope.com\/wp-content\/uploads\/2024\/11\/treegod415_67497691_180101586350971_2532926964804551256_n-600x750.jpg",600,750,true],"woocommerce_gallery_thumbnail":["https:\/\/caliweedeurope.com\/wp-content\/uploads\/2024\/11\/treegod415_67497691_180101586350971_2532926964804551256_n-100x100.jpg",100,100,true]},"uagb_author_info":{"display_name":"jetskiforsaleuk@gmail.com","author_link":"https:\/\/caliweedeurope.com\/sv\/author\/"},"uagb_comment_info":0,"uagb_excerpt":"Deligentman.con is very proud to introduce the 23.0% THC Jack Herer. We are the only company to grow this strain at such a high THC potency. Buy Jack Herer Marijuana Strain UK. Jack Herer Marijuana is a tribute to the famous weed activist Jack Herer, is a sativa strain that lives up to the legendary&hellip;","_links":{"self":[{"href":"https:\/\/caliweedeurope.com\/sv\/wp-json\/wp\/v2\/product\/1516"}],"collection":[{"href":"https:\/\/caliweedeurope.com\/sv\/wp-json\/wp\/v2\/product"}],"about":[{"href":"https:\/\/caliweedeurope.com\/sv\/wp-json\/wp\/v2\/types\/product"}],"replies":[{"embeddable":true,"href":"https:\/\/caliweedeurope.com\/sv\/wp-json\/wp\/v2\/comments?post=1516"}],"wp:featuredmedia":[{"embeddable":true,"href":"https:\/\/caliweedeurope.com\/sv\/wp-json\/wp\/v2\/media\/1548"}],"wp:attachment":[{"href":"https:\/\/caliweedeurope.com\/sv\/wp-json\/wp\/v2\/media?parent=1516"}],"wp:term":[{"taxonomy":"product_brand","embeddable":true,"href":"https:\/\/caliweedeurope.com\/sv\/wp-json\/wp\/v2\/product_brand?post=1516"},{"taxonomy":"product_cat","embeddable":true,"href":"https:\/\/caliweedeurope.com\/sv\/wp-json\/wp\/v2\/product_cat?post=1516"},{"taxonomy":"product_tag","embeddable":true,"href":"https:\/\/caliweedeurope.com\/sv\/wp-json\/wp\/v2\/product_tag?post=1516"}],"curies":[{"name":"wp","href":"https:\/\/api.w.org\/{rel}","templated":true}]}}