{"id":1546,"date":"2024-11-03T21:34:17","date_gmt":"2024-11-03T21:34:17","guid":{"rendered":"https:\/\/caliweedeurope.com\/?post_type=product&#038;p=1546"},"modified":"2024-11-03T21:34:54","modified_gmt":"2024-11-03T21:34:54","slug":"blue-cheese","status":"publish","type":"product","link":"https:\/\/caliweedeurope.com\/sv\/product\/blue-cheese\/","title":{"rendered":"Blue Cheese"},"content":{"rendered":"<p>Blue Cheese \u00e4r en typisk indica-dominant hybrid som ger en distinkt smak tillsammans med m\u00e5ttliga psykoaktiva effekter och en lat buzz.<\/p>\n<p>Denna strain har f\u00e5tt sitt namn tack vare sitt aroma och genetiska ursprung. Blue Cheese \u00e4r resultatet av att korsa den popul\u00e4ra Blueberry med den brittiska sorten Cheese. Till skillnad fr\u00e5n vad du kanske tror, smakar det inte ost; men aromat\u2026 \u00c5h, ja, det luktar definitivt som lagrad cheddar.<\/p>\n<p>Blue Cheese \u00e4r inte den starkaste indica-dominanta hybriden, eftersom den vanligtvis har ett THC-inneh\u00e5ll p\u00e5 mellan 15% och 20%.<\/p>\n<p>Utm\u00e4rkande f\u00f6r Blue Cheese-cannabissorten \u00e4r dess m\u00e4rkbart t\u00e4ta knoppar, med t\u00e4tt packade blad som \u00e4r ljusgr\u00f6na till medelgr\u00f6na och tr\u00e5dade med jordiga h\u00e5rstr\u00e5n.<\/p>\n<p>N\u00e4r du luktar p\u00e5 din p\u00e5se Blue Cheese, kommer du att f\u00f6rst\u00e5 var namnet kommer ifr\u00e5n. B\u00f6rjar med den skarpa doften av ost, s\u00e5 b\u00e4r sorten fruktiga, b\u00e4riga undertoner som den \u00e4rvt fr\u00e5n sitt Blueberry-ursprung.<\/p>\n<p>Ibland blir doften s\u00e5 stark att m\u00e5nga har j\u00e4mf\u00f6rt den med mysk eller till och med ruttnande gr\u00f6nsaker.<\/p>\n<p>N\u00e4r du r\u00f6ker Blue Cheese \u00e4r smakprofilen faktiskt den omv\u00e4nda versionen av dess arom. Vid utandning kommer du att k\u00e4nna en helt bl\u00e5b\u00e4rssmak, med nyanser av ostig funk som spelar n\u00e5gonstans l\u00e5ngt, l\u00e5ngt i bakgrunden.<\/p>\n<p>Kicken \u00e4r j\u00e4mf\u00f6rbar med andra indica-dominanta hybrider. Blue Cheese kan komma smygande l\u00e5ngsamt \u2013 utan den initiala cerebrala rushen som \u00e4r f\u00f6rknippad med mer balanserade sorter \u2013 och ger senare en k\u00e4nsla av fullst\u00e4ndig kroppslig avslappning.<\/p>\n<p>Trots sitt m\u00e5ttliga THC-inneh\u00e5ll kan Blue Cheese \u00f6verraska oerfarna anv\u00e4ndare med sina psychoaktiva effekter.<\/p>\n<p>N\u00e4r du n\u00e5r toppen kan effekten av Blue Cheese leda till f\u00f6rlamande couchlock, men \u00e4ven mindre doser av denna sort kan f\u00f6rhindra alla dina planer f\u00f6r resten av dagen.<\/p>\n<p>Med det sagt rekommenderas Blue Cheese-sorten f\u00f6r kv\u00e4llsanv\u00e4ndning. Se ocks\u00e5 till att alltid ha n\u00e5gra snacks till hands, eftersom denna hybrid \u00e4r k\u00e4nd f\u00f6r att orsaka en stark hunger.<\/p>\n<p>Tack vare de ovan n\u00e4mnda effekterna \u00e4r Blue Cheese ett utm\u00e4rkt alternativ f\u00f6r personer som anv\u00e4nder marijuana av medicinska sk\u00e4l. Det kan lindra \u00e5ngest, depression och hj\u00e4lpa patienter att hantera symtom relaterade till <a href=\"https:\/\/deligentman.com\/2016\/05\/06\/how-cannabis-can-help-treat-ptsd\/\" target=\"_blank\" rel=\"noopener\">PTSD<\/a>. Om du lider av uppm\u00e4rksamhetsst\u00f6rningar, kommer den klara och fokuserade effekten ocks\u00e5 att vara f\u00f6rdelaktig.<br \/> N\u00e4r det g\u00e4ller m\u00f6jliga biverkningar skiljer sig Blue Cheese inte mycket fr\u00e5n andra indica-dominanta hybrider. \u00c4ven m\u00e5ttliga doser av denna strain kan orsaka muntorrhet, torra, kliande \u00f6gon och ett pl\u00f6tsligt \u00f6kat aptit; om den sista biverkningen \u00e4r o\u00f6nskad beror egentligen p\u00e5 dina matvanor.<\/p>\n<p>Mindre \u00f6nskv\u00e4rda reaktioner kan inkludera yrsel och viss \u00e5ngest, men att utl\u00f6sa paranoia med Blue Cheese \u00e4r inte ett alternativ om du inte konsumerar det i extremt stora m\u00e4ngder.<\/p>\n<p>F\u00f6rutom det \u00e4r Blue Cheese en fantastisk sort, och n\u00e4r den konsumeras i tillr\u00e4ckliga m\u00e4ngder, \u00e4r det ett utm\u00e4rkt val f\u00f6r att njuta fr\u00e5n tidig kv\u00e4ll till s\u00e4ngdags. Anv\u00e4nd den n\u00e4r du k\u00e4nner behovet av att koppla av efter en l\u00e5ng och stressig arbetsdag.<\/p>","protected":false},"excerpt":{"rendered":"<ul class=\"product-benefits\">\n<li>Kommer vanligtvis inom 2-3 dagar<\/li>\n<li>Gratis frakt p\u00e5 best\u00e4llningar \u00f6ver 200 euro<\/li>\n<li>Endast leverans inom Europa<\/li>\n<\/ul>","protected":false},"featured_media":1562,"comment_status":"closed","ping_status":"closed","template":"","meta":{"_uag_custom_page_level_css":"","site-sidebar-layout":"default","site-content-layout":"","ast-site-content-layout":"","site-content-style":"default","site-sidebar-style":"default","ast-global-header-display":"","ast-banner-title-visibility":"","ast-main-header-display":"","ast-hfb-above-header-display":"","ast-hfb-below-header-display":"","ast-hfb-mobile-header-display":"","site-post-title":"","ast-breadcrumbs-content":"","ast-featured-img":"","footer-sml-layout":"","theme-transparent-header-meta":"","adv-header-id-meta":"","stick-header-meta":"","header-above-stick-meta":"","header-main-stick-meta":"","header-below-stick-meta":"","astra-migrate-meta-layouts":"default","ast-page-background-enabled":"default","ast-page-background-meta":{"desktop":{"background-color":"var(--ast-global-color-4)","background-image":"","background-repeat":"repeat","background-position":"center center","background-size":"auto","background-attachment":"scroll","background-type":"","background-media":"","overlay-type":"","overlay-color":"","overlay-opacity":"","overlay-gradient":""},"tablet":{"background-color":"","background-image":"","background-repeat":"repeat","background-position":"center center","background-size":"auto","background-attachment":"scroll","background-type":"","background-media":"","overlay-type":"","overlay-color":"","overlay-opacity":"","overlay-gradient":""},"mobile":{"background-color":"","background-image":"","background-repeat":"repeat","background-position":"center center","background-size":"auto","background-attachment":"scroll","background-type":"","background-media":"","overlay-type":"","overlay-color":"","overlay-opacity":"","overlay-gradient":""}},"ast-content-background-meta":{"desktop":{"background-color":"var(--ast-global-color-5)","background-image":"","background-repeat":"repeat","background-position":"center center","background-size":"auto","background-attachment":"scroll","background-type":"","background-media":"","overlay-type":"","overlay-color":"","overlay-opacity":"","overlay-gradient":""},"tablet":{"background-color":"var(--ast-global-color-5)","background-image":"","background-repeat":"repeat","background-position":"center center","background-size":"auto","background-attachment":"scroll","background-type":"","background-media":"","overlay-type":"","overlay-color":"","overlay-opacity":"","overlay-gradient":""},"mobile":{"background-color":"var(--ast-global-color-5)","background-image":"","background-repeat":"repeat","background-position":"center center","background-size":"auto","background-attachment":"scroll","background-type":"","background-media":"","overlay-type":"","overlay-color":"","overlay-opacity":"","overlay-gradient":""}}},"product_brand":[],"product_cat":[228],"product_tag":[201,202,203,204,205,206,207,208,209,210,211,212,213,214,215,216,217,218,219,220,221,222,223,224,225,226],"class_list":{"0":"post-1546","1":"product","2":"type-product","3":"status-publish","4":"has-post-thumbnail","6":"product_cat-indica","7":"product_tag-buy-weed-online-in-australia","8":"product_tag-buy-weed-online-in-belgium","9":"product_tag-buy-weed-online-in-britain","10":"product_tag-buy-weed-online-in-china","11":"product_tag-buy-weed-online-in-croatia","12":"product_tag-buy-weed-online-in-denmark","13":"product_tag-buy-weed-online-in-european-union","14":"product_tag-buy-weed-online-in-france","15":"product_tag-buy-weed-online-in-germany","16":"product_tag-buy-weed-online-in-guam","17":"product_tag-buy-weed-online-in-guernsey","18":"product_tag-buy-weed-online-in-hungary","19":"product_tag-buy-weed-online-in-ireland","20":"product_tag-buy-weed-online-in-israel","21":"product_tag-buy-weed-online-in-italy","22":"product_tag-buy-weed-online-in-japan","23":"product_tag-buy-weed-online-in-jersey","24":"product_tag-buy-weed-online-in-latvia","25":"product_tag-buy-weed-online-in-poland","26":"product_tag-buy-weed-online-in-russia","27":"product_tag-buy-weed-online-in-spain","28":"product_tag-buy-weed-online-in-sweeden","29":"product_tag-buy-weed-online-in-switzerland","30":"product_tag-buy-weed-online-in-turkey","31":"product_tag-buy-weed-online-in-ukraine","32":"product_tag-buy-weed-online-united-states","33":"desktop-align-center","34":"tablet-align-left","35":"mobile-align-left","37":"first","38":"instock","39":"sale","40":"shipping-taxable","41":"purchasable","42":"product-type-variable"},"uagb_featured_image_src":{"full":["https:\/\/caliweedeurope.com\/wp-content\/uploads\/2024\/11\/treegod415_67298644_165799464467681_6494209895392585596_n.jpg",1080,1350,false],"thumbnail":["https:\/\/caliweedeurope.com\/wp-content\/uploads\/2024\/11\/treegod415_67298644_165799464467681_6494209895392585596_n-150x150.jpg",150,150,true],"medium":["https:\/\/caliweedeurope.com\/wp-content\/uploads\/2024\/11\/treegod415_67298644_165799464467681_6494209895392585596_n-240x300.jpg",240,300,true],"medium_large":["https:\/\/caliweedeurope.com\/wp-content\/uploads\/2024\/11\/treegod415_67298644_165799464467681_6494209895392585596_n-768x960.jpg",768,960,true],"large":["https:\/\/caliweedeurope.com\/wp-content\/uploads\/2024\/11\/treegod415_67298644_165799464467681_6494209895392585596_n-819x1024.jpg",819,1024,true],"1536x1536":["https:\/\/caliweedeurope.com\/wp-content\/uploads\/2024\/11\/treegod415_67298644_165799464467681_6494209895392585596_n.jpg",1080,1350,false],"2048x2048":["https:\/\/caliweedeurope.com\/wp-content\/uploads\/2024\/11\/treegod415_67298644_165799464467681_6494209895392585596_n.jpg",1080,1350,false],"trp-custom-language-flag":["https:\/\/caliweedeurope.com\/wp-content\/uploads\/2024\/11\/treegod415_67298644_165799464467681_6494209895392585596_n.jpg",10,12,false],"woocommerce_thumbnail":["https:\/\/caliweedeurope.com\/wp-content\/uploads\/2024\/11\/treegod415_67298644_165799464467681_6494209895392585596_n-300x300.jpg",300,300,true],"woocommerce_single":["https:\/\/caliweedeurope.com\/wp-content\/uploads\/2024\/11\/treegod415_67298644_165799464467681_6494209895392585596_n-600x750.jpg",600,750,true],"woocommerce_gallery_thumbnail":["https:\/\/caliweedeurope.com\/wp-content\/uploads\/2024\/11\/treegod415_67298644_165799464467681_6494209895392585596_n-100x100.jpg",100,100,true]},"uagb_author_info":{"display_name":"jetskiforsaleuk@gmail.com","author_link":"https:\/\/caliweedeurope.com\/sv\/author\/"},"uagb_comment_info":0,"uagb_excerpt":"Typically Arrives in 2-3 Days Free Shipping on Orders over 200 Euros Europe shipping only","_links":{"self":[{"href":"https:\/\/caliweedeurope.com\/sv\/wp-json\/wp\/v2\/product\/1546"}],"collection":[{"href":"https:\/\/caliweedeurope.com\/sv\/wp-json\/wp\/v2\/product"}],"about":[{"href":"https:\/\/caliweedeurope.com\/sv\/wp-json\/wp\/v2\/types\/product"}],"replies":[{"embeddable":true,"href":"https:\/\/caliweedeurope.com\/sv\/wp-json\/wp\/v2\/comments?post=1546"}],"wp:featuredmedia":[{"embeddable":true,"href":"https:\/\/caliweedeurope.com\/sv\/wp-json\/wp\/v2\/media\/1562"}],"wp:attachment":[{"href":"https:\/\/caliweedeurope.com\/sv\/wp-json\/wp\/v2\/media?parent=1546"}],"wp:term":[{"taxonomy":"product_brand","embeddable":true,"href":"https:\/\/caliweedeurope.com\/sv\/wp-json\/wp\/v2\/product_brand?post=1546"},{"taxonomy":"product_cat","embeddable":true,"href":"https:\/\/caliweedeurope.com\/sv\/wp-json\/wp\/v2\/product_cat?post=1546"},{"taxonomy":"product_tag","embeddable":true,"href":"https:\/\/caliweedeurope.com\/sv\/wp-json\/wp\/v2\/product_tag?post=1546"}],"curies":[{"name":"wp","href":"https:\/\/api.w.org\/{rel}","templated":true}]}}