{"id":1742,"date":"2024-11-05T18:39:15","date_gmt":"2024-11-05T18:39:15","guid":{"rendered":"https:\/\/caliweedeurope.com\/?post_type=product&#038;p=1742"},"modified":"2024-11-05T18:39:18","modified_gmt":"2024-11-05T18:39:18","slug":"buy-cali-bud-gobstoppers-strain-online","status":"publish","type":"product","link":"https:\/\/caliweedeurope.com\/sv\/product\/buy-cali-bud-gobstoppers-strain-online\/","title":{"rendered":"Buy Cali Bud Gobstoppers strain Online"},"content":{"rendered":"<h1 style=\"text-align: center\"><strong>\u00a0<\/strong><strong>GOBSTOPPERS <\/strong><strong>CALI BUD OR NO BUD\u00a0|<\/strong><strong>\u00a0CALI BUD OR NO BUD\u00a0<\/strong><strong>GOBSTOPPERS <\/strong><strong>|<\/strong><strong>\u00a0CALI PLUG CALI BUD OR NO BUD<\/strong><\/h1>\n<p><strong>Cali bud eller ingen bud Gobstoppers<\/strong><\/p>\n<p>Denna sort \u00e4r en original inomhusodlad Cali-cannabisprodukt, tillg\u00e4nglig f\u00f6r kvalificerade medicinska och rekreationsanv\u00e4ndare. Cali Hardball Cookies \u00e4r en av de mest eftertraktade toppkvalitets-cannabisblommorna i USA. Cali Gobstoppers \u00e4r en Indica-sort. Om du letar efter en mycket fruktig godissmak, d\u00e5 \u00e4r detta r\u00e4tt f\u00f6r dig. Det \u00e4r en perfekt blandning av Candy Diesel och den mycket potenta Vortex-sorten.<\/p>\n<p><b>Gobbstopper<\/b>\u00a0\u00e4r en Indica-sort med b\u00e4rsmak och det andra tillskottet i Alphakronik Genes\u2019 Wonka-serie. Skapad genom att korsa\u00a0<a href=\"https:\/\/www.leafly.com\/strains\/purple-urkle\" target=\"_blank\" rel=\"noopener\">Purple Urkle<\/a>\u00a0och\u00a0<a href=\"https:\/\/www.leafly.com\/strains\/sin-city-kush\" target=\"_blank\" rel=\"noopener\">Sin City Kush<\/a>, Gobbstoppers l\u00e5ngvariga fruktiga smak \u00f6ppnar sig i n\u00e4san med s\u00f6t, syrlig frukt och en smakrik jordighet. Doften av denna strain varierar fr\u00e5n druv-Pez med inslag av tapioka till Mt. Hood-hallon och sandeltr\u00e4. Knoppstrukturen speglar dess Kush-genetik, med djupa f\u00e4rger och h\u00e4lsosam trikomt\u00e4ckning. Cali Bud eller inget Bud Gobstoppers.<\/p>\n<h2 style=\"text-align: center\"><strong>\u00a0BUY\u00a0<\/strong><strong>GOBSTOPPERS\u00a0<\/strong><strong>CALI BUD OR NO BUD\u00a0 ONLINE | BUY CALI BUD OR NO BUD\u00a0<\/strong><strong>GOBSTOPPERS\u00a0<\/strong><strong>ONLINE | BUY CALI BUD OR NO BUD ONLINE<\/strong><\/h2>\n<p><strong style=\"color: #555555;font-size: 14.4px\">Medicinska anv\u00e4ndningar av Cali Bud Gobstoppers-strain<\/strong><\/p>\n<p>Denna Cali plug bud rekommenderas starkt f\u00f6r patienter som lider av sv\u00e5r kronisk sm\u00e4rta, ledv\u00e4rk och allm\u00e4n svaghet. Med ett THC-inneh\u00e5ll p\u00e5 cirka 29%. Cali bud eller inget bud Gobstoppers.\"<\/p>\n<div class=\"variety-percentage-wrap\">\n<h4 class=\"variety\"><a href=\"https:\/\/www.allbud.com\/marijuana-strains\/variety\/hybrid\" target=\"_blank\" rel=\"noopener\">\u00a0Hybrid\u00a0<\/a><span class=\"hidden-xs\">\u2013\u00a0<\/span><span class=\"strain-percentages\">50% Sativa \/50% Indica<\/span><\/h4>\n<h4 class=\"percentage\"><span class=\"heading\">THC:\u00a0<\/span>14% \u2013 16%,\u00a0<span class=\"heading\">CBD:\u00a0<\/span><em>1<\/em>%<\/h4>\n<\/p><\/div>\n<p>Gobbstopper \u00e4r en balanserad hybridstr\u00e4ng skapad genom att korsa den l\u00e4ckra Candy Diesel med den potenta Vortex. Letar du efter en uts\u00f6kt godissmak? Du har hittat den! Gobbstopper \u00e4r allt du har dr\u00f6mt om och mer, som blandar s\u00f6ta b\u00e4r och syrliga citrusfrukter f\u00f6r en fruktig godissmak som kommer att dansa p\u00e5 din tunga.<\/p>\n<p>Gobbstopper kan ocks\u00e5 ha flera f\u00f6rdelar f\u00f6r medicinska cannabispatienter. Dess avslappnade karakt\u00e4r kan tillf\u00e4lligt lindra symtom p\u00e5 stress och depression. Fysiologiskt sett kan det ocks\u00e5 lindra djupa sm\u00e4rtor och obehag, vare sig de \u00e4r tillf\u00e4lliga eller kroniska. Anti-inflammatoriska effekter kan lindra mindre besv\u00e4r som huvudv\u00e4rk eller illam\u00e5ende.<\/p>\n<h3 style=\"text-align: center\"><strong>GOBSTOPPERS\u00a0<\/strong><strong>CALI BUD OR NO BUD FOR SALE | CALI BUD OR NO BUD\u00a0\u00a0<\/strong><strong>GOBSTOPPERS\u00a0<\/strong><strong>FOR SALE | CALI BUD OR NO BUD\u00a0 FOR SALE<\/strong><\/h3>\n<p><strong>Odling av Cali Gabstoppers-sorten<\/strong><br \/> Cali Gobstoppers v\u00e4xer ganska kort och trivs mycket bra inomhus, utomhus och i v\u00e4xthus. N\u00e4ring m\u00e5ste ges minst en g\u00e5ng i m\u00e5naden, om inte var 5:e vecka, f\u00f6r att slutf\u00f6ra vegetationen. Denna sort blommar bokstavligen i 9 veckor och ger 2 gram per watt inomhus. Utomhus kan odlare f\u00e5 upp till 2 pund per v\u00e4xt. Gabstoppers sort<\/p>\n<p>Gobstopper-blommornas visuella attraktion \u00e4r tydlig direkt. De sticker ut med en oregelbunden form och stora, robusta knoppar som h\u00e5ller sig i den t\u00e4ta struktur som vanligtvis f\u00f6rknippas med indicas. Gabstoppers sort<\/p>\n<h3 style=\"text-align: center\"><strong>CALI BUD OR NO BUD \u00a0<\/strong><strong>GOBSTOPPERS\u00a0<\/strong><strong>\u00a0NEAR ME |\u00a0<\/strong><strong>GOBSTOPPERS\u00a0<\/strong><strong>CALI BUD OR NO BUD\u00a0\u00a0 NEAR ME | CALI BUD OR NO BUD \u00a0NEAR ME<\/strong><\/h3>\n<p><strong>Varning f\u00f6r Cali Gabstoppers-sort<\/strong><br \/> Dessa toppklassiga Cali-knoppar inneh\u00e5ller cannabis. Denna substans ska h\u00e5llas utom r\u00e4ckh\u00e5ll f\u00f6r barn och djur.<\/p>\n<p>Gobstoppers rus sl\u00e5r till snabbt och ger en k\u00e4nsla av tryck runt \u00f6gonen och pannan. De efterf\u00f6ljande effekterna kan beskrivas som sinnesexpanderande \u2013 r\u00f6kare kan k\u00e4nna sig mer kreativa eller mer \u00f6ppna f\u00f6r f\u00f6rslag fr\u00e5n andra eller externa stimuli. Vissa r\u00f6kare kan ocks\u00e5 m\u00e4rka f\u00f6r\u00e4ndrad perception, och visuella och auditiva f\u00f6rvr\u00e4ngningar rapporteras ofta. Men ist\u00e4llet f\u00f6r desorientering n\u00e4rmar sig Gobstoppers rus eufori; Extreme Boutique Genetics sj\u00e4lva har j\u00e4mf\u00f6rt dess upplyftande effekter med den gl\u00e4dje ett barn k\u00e4nner p\u00e5 julaftons morgon.<\/p>\n<p>Precis som dess lager-p\u00e5-lager-smakprofil har Gobstopper ocks\u00e5 en m\u00e5ngfacetterad effekt. \u00c4ven om det \u00e4r osannolikt att det orsakar \"couchlock\", kommer den mentala dimman som smyger sig p\u00e5 i slutet av Gobstoppers effekt f\u00f6rmodligen g\u00f6ra att de flesta r\u00f6kare inte kan utf\u00f6ra komplexa uppgifter.<\/p>\n<h5 style=\"text-align: center\"><strong>GOBSTOPPERS\u00a0<\/strong><strong>\u00a0STRAIN | \u00a0<\/strong><strong>GOBSTOPPERS\u00a0<\/strong><strong>WEED STRAIN | CALI\u00a0<\/strong><strong>GOBSTOPPERS\u00a0<\/strong><strong>| CALI\u00a0<\/strong><strong>GOBSTOPPERS\u00a0<\/strong><strong>\u00a0STRAIN<\/strong><\/h5>\n<p><strong>Effekter av Cali Gabstoppers-strain<\/strong><br \/> Sammanfattningsvis, vid r\u00f6kning kan man uppleva eufori, kreativitet, lugn v\u00e4rme, domningar, \u00f6kad aptit och sm\u00e4rtlindring. Effekten av dessa knoppar kan vara upp till 4 timmar hos patienter. Var f\u00f6rsiktig med att anv\u00e4nda denna produkt under graviditet.<\/p>\n<p>Prata med en Cali Plug-agent innan du anv\u00e4nder produkten. Var extremt f\u00f6rsiktig n\u00e4r du k\u00f6r eller anv\u00e4nder maskiner. Gabstoppers-sort.<\/p>\n<p>K\u00f6p Cali Reptar-strain online fr\u00e5n den mest p\u00e5litliga kaliforniska cannabisdispensern. Cali Plug \u00e4r din legitima leverant\u00f6r av toppklassiga Cali Plug-paket, \u00e4ven k\u00e4nda som Cali Bags.<\/p>\n<p>S\u00e5, Gobstopper\u2019s komplexa arom f\u00f6ljer samma m\u00f6nster. Den huvudsakliga aromen fr\u00e5n dessa blommor \u00e4r citrus \u2014 s\u00e4rskilt grapefrukt. Vid n\u00e4rmare unders\u00f6kning kan man hitta inslag av b\u00e4r och supers\u00f6t sockervadd. Trots sin \u00f6verv\u00e4gande s\u00f6ta karakt\u00e4r, kan denna blomma vid f\u00f6rbr\u00e4nning ge ifr\u00e5n sig en skarp, \u00f6gonirriterande r\u00f6k. R\u00f6ken smakar diesel vid utandning, med en kvarvarande syrlig, citrussmak. Det \u00e4r anm\u00e4rkningsv\u00e4rt att, trots sin lila f\u00e4rg, saknar Gobstopper druvsmak; detta beror p\u00e5 att de pigment som producerar dess tillf\u00e4lliga lila nyanser inte har n\u00e5gon motsvarande effekt p\u00e5 smakprofilen av sorten.<\/p>\n<div data-testid=\"product-description\">\n<div class=\"truncate-lines__Wrapper-sc-1lknwty-0 YxHAC\">\n<div data-testid=\"truncated-description\">\n<div>\n<div class=\"text__Text-sc-fif1uk-0 kdmKRD\">\n<div class=\"src__Box-sc-1sbtrzs-0 src__Flex-sc-1sbtrzs-1 kWPFqZ hzdsvF\">\n<div>EXEMPELKATEGORIER F\u00d6R PRODUKTER<\/div>\n<\/p><\/div>\n<\/p><\/div>\n<\/p><\/div>\n<\/p><\/div>\n<\/p><\/div>\n<\/p><\/div>\n<div class=\"text__Text-sc-fif1uk-0 htoJfX\"><a href=\"https:\/\/jeetersofficial.com\/product-category\/buy-cali-buds\/\" target=\"_blank\" rel=\"noopener\">CALI BUDS<\/a><\/div>\n<div data-testid=\"product-description\">\n<div class=\"truncate-lines__Wrapper-sc-1lknwty-0 YxHAC\">\n<div data-testid=\"truncated-description\">\n<div class=\"text__Text-sc-fif1uk-0 kdmKRD\"><a href=\"https:\/\/jeetersofficial.com\/product-category\/backpack-boyz\/\" target=\"_blank\" rel=\"noopener\">Backpack\u00a0 Boyz<\/a><\/div>\n<div><a href=\"https:\/\/jeetersofficial.com\/product-category\/snow-balls-weed\/\" target=\"_blank\" rel=\"noopener\">SNOWBALLS WEED<\/a><\/div>\n<div><a href=\"https:\/\/jeetersofficial.com\/product-category\/persy-snowcaps\/\" target=\"_blank\" rel=\"noopener\">Persy Snowcaps<\/a><\/div>\n<div><a href=\"https:\/\/jeetersofficial.com\/product-category\/drip-snowcaps\/\" target=\"_blank\" rel=\"noopener\">Drip Snowcaps<\/a><\/div>\n<div><a href=\"https:\/\/jeetersofficial.com\/product-category\/concentrates\/\" target=\"_blank\" rel=\"noopener\">CALI CONCENTRATES<\/a><\/div>\n<div><a href=\"https:\/\/jeetersofficial.com\/product-category\/doja-exclusive\/\" target=\"_blank\" rel=\"noopener\">CALI DOJA PACKS EXCLUSIVE<\/a><\/div>\n<div><a href=\"https:\/\/jeetersofficial.com\/product-category\/marijuana-flowers\/\" target=\"_blank\" rel=\"noopener\">CALI MARIJUANA FLOWERS<\/a><\/div>\n<\/p><\/div>\n<\/p><\/div>\n<\/p><\/div>\n<div><a href=\"https:\/\/jeetersofficial.com\/product-category\/sativa-strain\/\" target=\"_blank\" rel=\"noopener\">CALI SATIVA STRAINS<\/a><\/div>\n<div><a href=\"https:\/\/jeetersofficial.com\/product-category\/indica\/\" target=\"_blank\" rel=\"noopener\">CALI INDICA STRAINS<\/a><\/div>\n<div><a href=\"https:\/\/jeetersofficial.com\/product-category\/hybrid-weed\/\" target=\"_blank\" rel=\"noopener\">CALI HYBRID WEED<\/a><\/div>","protected":false},"excerpt":{"rendered":"<p><strong>Cali Bud Gobstoppers strain<\/strong><\/p>\n<p>Denna sort \u00e4r en original inomhus Cali cannabisprodukt, tillg\u00e4nglig f\u00f6r kvalificerade medicinska och rekreationsanv\u00e4ndare. Cali Hardball Cookies \u00e4r en av de mest eftertraktade premiumcannabisblommorna i USA. Cali Gobstoppers \u00e4r en Indica-sort. Om du letar efter en mycket fruktig godissmak, har du hittat r\u00e4tt. Detta \u00e4r en perfekt blandning av Candy Diesel och den mycket potenta Vortex-sorten.<\/p>","protected":false},"featured_media":1667,"comment_status":"closed","ping_status":"closed","template":"","meta":{"_uag_custom_page_level_css":"","site-sidebar-layout":"default","site-content-layout":"","ast-site-content-layout":"default","site-content-style":"default","site-sidebar-style":"default","ast-global-header-display":"","ast-banner-title-visibility":"","ast-main-header-display":"","ast-hfb-above-header-display":"","ast-hfb-below-header-display":"","ast-hfb-mobile-header-display":"","site-post-title":"","ast-breadcrumbs-content":"","ast-featured-img":"","footer-sml-layout":"","ast-disable-related-posts":"","theme-transparent-header-meta":"","adv-header-id-meta":"","stick-header-meta":"","header-above-stick-meta":"","header-main-stick-meta":"","header-below-stick-meta":"","astra-migrate-meta-layouts":"default","ast-page-background-enabled":"default","ast-page-background-meta":{"desktop":{"background-color":"var(--ast-global-color-5)","background-image":"","background-repeat":"repeat","background-position":"center center","background-size":"auto","background-attachment":"scroll","background-type":"","background-media":"","overlay-type":"","overlay-color":"","overlay-opacity":"","overlay-gradient":""},"tablet":{"background-color":"","background-image":"","background-repeat":"repeat","background-position":"center center","background-size":"auto","background-attachment":"scroll","background-type":"","background-media":"","overlay-type":"","overlay-color":"","overlay-opacity":"","overlay-gradient":""},"mobile":{"background-color":"","background-image":"","background-repeat":"repeat","background-position":"center center","background-size":"auto","background-attachment":"scroll","background-type":"","background-media":"","overlay-type":"","overlay-color":"","overlay-opacity":"","overlay-gradient":""}},"ast-content-background-meta":{"desktop":{"background-color":"var(--ast-global-color-4)","background-image":"","background-repeat":"repeat","background-position":"center center","background-size":"auto","background-attachment":"scroll","background-type":"","background-media":"","overlay-type":"","overlay-color":"","overlay-opacity":"","overlay-gradient":""},"tablet":{"background-color":"var(--ast-global-color-4)","background-image":"","background-repeat":"repeat","background-position":"center center","background-size":"auto","background-attachment":"scroll","background-type":"","background-media":"","overlay-type":"","overlay-color":"","overlay-opacity":"","overlay-gradient":""},"mobile":{"background-color":"var(--ast-global-color-4)","background-image":"","background-repeat":"repeat","background-position":"center center","background-size":"auto","background-attachment":"scroll","background-type":"","background-media":"","overlay-type":"","overlay-color":"","overlay-opacity":"","overlay-gradient":""}}},"product_brand":[],"product_cat":[675],"product_tag":[472,473,474,475,461,462,463,464,465,466,476,477,478,479],"class_list":{"0":"post-1742","1":"product","2":"type-product","3":"status-publish","4":"has-post-thumbnail","6":"product_cat-buy-cali-buds","7":"product_tag-cali-bud-or-no-bud-near-me","8":"product_tag-cali-buds","9":"product_tag-cali-gobstoppers","10":"product_tag-cali-gobstoppers-strain","11":"product_tag-cali-packs","12":"product_tag-cali-plug-cali-bud-or-no-bud","13":"product_tag-cali-straina","14":"product_tag-cali-weed-bags","15":"product_tag-cali-weed-flavors","16":"product_tag-cannabis","17":"product_tag-gobstoppers-cali-bud-or-no-bud","18":"product_tag-gobstoppers-cali-bud-or-no-bud-for-sale","19":"product_tag-gobstoppers-cali-bud-or-no-bud-near-me","20":"product_tag-no-bud-gobstoppers-near-me","21":"desktop-align-center","22":"tablet-align-left","23":"mobile-align-left","25":"first","26":"instock","27":"shipping-taxable","28":"purchasable","29":"product-type-variable"},"uagb_featured_image_src":{"full":["https:\/\/caliweedeurope.com\/wp-content\/uploads\/2024\/11\/gobstoppers.jpg",514,686,false],"thumbnail":["https:\/\/caliweedeurope.com\/wp-content\/uploads\/2024\/11\/gobstoppers-150x150.jpg",150,150,true],"medium":["https:\/\/caliweedeurope.com\/wp-content\/uploads\/2024\/11\/gobstoppers-225x300.jpg",225,300,true],"medium_large":["https:\/\/caliweedeurope.com\/wp-content\/uploads\/2024\/11\/gobstoppers.jpg",514,686,false],"large":["https:\/\/caliweedeurope.com\/wp-content\/uploads\/2024\/11\/gobstoppers.jpg",514,686,false],"1536x1536":["https:\/\/caliweedeurope.com\/wp-content\/uploads\/2024\/11\/gobstoppers.jpg",514,686,false],"2048x2048":["https:\/\/caliweedeurope.com\/wp-content\/uploads\/2024\/11\/gobstoppers.jpg",514,686,false],"trp-custom-language-flag":["https:\/\/caliweedeurope.com\/wp-content\/uploads\/2024\/11\/gobstoppers.jpg",9,12,false],"woocommerce_thumbnail":["https:\/\/caliweedeurope.com\/wp-content\/uploads\/2024\/11\/gobstoppers-300x300.jpg",300,300,true],"woocommerce_single":["https:\/\/caliweedeurope.com\/wp-content\/uploads\/2024\/11\/gobstoppers.jpg",514,686,false],"woocommerce_gallery_thumbnail":["https:\/\/caliweedeurope.com\/wp-content\/uploads\/2024\/11\/gobstoppers-100x100.jpg",100,100,true]},"uagb_author_info":{"display_name":"jetskiforsaleuk@gmail.com","author_link":"https:\/\/caliweedeurope.com\/sv\/author\/"},"uagb_comment_info":0,"uagb_excerpt":"Cali Bud Gobstoppers strain This strain is an indoor original Cali cannabis product, available for qualified\u00a0medical\u00a0and recreational users. Cali hardball cookies are one of the most wanted top-shelf cannabis flowers in the USA. Cali Gobstoppers is an Indica\u00a0strain. If you are looking for a very fruity candy flavor, then you got the right one. This&hellip;","_links":{"self":[{"href":"https:\/\/caliweedeurope.com\/sv\/wp-json\/wp\/v2\/product\/1742"}],"collection":[{"href":"https:\/\/caliweedeurope.com\/sv\/wp-json\/wp\/v2\/product"}],"about":[{"href":"https:\/\/caliweedeurope.com\/sv\/wp-json\/wp\/v2\/types\/product"}],"replies":[{"embeddable":true,"href":"https:\/\/caliweedeurope.com\/sv\/wp-json\/wp\/v2\/comments?post=1742"}],"wp:featuredmedia":[{"embeddable":true,"href":"https:\/\/caliweedeurope.com\/sv\/wp-json\/wp\/v2\/media\/1667"}],"wp:attachment":[{"href":"https:\/\/caliweedeurope.com\/sv\/wp-json\/wp\/v2\/media?parent=1742"}],"wp:term":[{"taxonomy":"product_brand","embeddable":true,"href":"https:\/\/caliweedeurope.com\/sv\/wp-json\/wp\/v2\/product_brand?post=1742"},{"taxonomy":"product_cat","embeddable":true,"href":"https:\/\/caliweedeurope.com\/sv\/wp-json\/wp\/v2\/product_cat?post=1742"},{"taxonomy":"product_tag","embeddable":true,"href":"https:\/\/caliweedeurope.com\/sv\/wp-json\/wp\/v2\/product_tag?post=1742"}],"curies":[{"name":"wp","href":"https:\/\/api.w.org\/{rel}","templated":true}]}}