{"id":1748,"date":"2024-11-05T18:39:15","date_gmt":"2024-11-05T18:39:15","guid":{"rendered":"https:\/\/caliweedeurope.com\/?post_type=product&#038;p=1748"},"modified":"2024-11-05T18:39:18","modified_gmt":"2024-11-05T18:39:18","slug":"buy-cali-bud-life-savers-online","status":"publish","type":"product","link":"https:\/\/caliweedeurope.com\/sv\/product\/buy-cali-bud-life-savers-online\/","title":{"rendered":"K\u00f6p Cali Bud Life Savers online"},"content":{"rendered":"<h1 style=\"text-align: center\"><strong>\u00a0 \u00a0 \u00a0<\/strong><strong>LIFE SAVERS <\/strong><strong>CALI BUD OR NO BUD\u00a0|<\/strong><strong>\u00a0CALI BUD OR NO BUD\u00a0<\/strong><strong>LIFE SAVERS <\/strong><strong>|<\/strong><strong>\u00a0CALI PLUG CALI BUD OR NO BUD<\/strong><\/h1>\n<p><strong>Cali Bud Life Savers<\/strong><br \/> Cali Bud Life Savers cannabisstam \u00e4r en av de b\u00e4sta Cali Bud eller No Bud smakerna. N\u00e4r det g\u00e4ller godisliknande smaker och f\u00f6rm\u00e5gan att eliminera kronisk och \u00e5terkommande sm\u00e4rta\u2026, lever Life Savers verkligen upp till sitt namn. Life Savers \u00e4r en Indica-dominant hybridstam med 78%. Med en doft av druva och tuggummi \u00e4r denna stam definitivt v\u00e4rd att prova f\u00f6r dem som s\u00f6ker en starkare, sederande k\u00e4nsla.<\/p>\n<p class=\"about-title\"><strong>Om Life Saver<\/strong><\/p>\n<div class=\"effect-wrapper ng-star-inserted\">\n<div>\n<p>Lifesaver (eller Life Saver) \u00e4r en indica-dominant hybrid som lever upp till sitt namn p\u00e5 fler \u00e4n ett s\u00e4tt. Denna knopp erbjuder en syrlig, godisaktig fruktsmak tillsammans med ov\u00e4rderlig terapeutisk kraft. Lifesaver skapades av de kreativa uppf\u00f6darna p\u00e5 BOG Seeds som en korsning mellan deras egen BOG Bubble och JCB (som i sig \u00e4r en korsning av\u00a0<a href=\"https:\/\/www.wikileaf.com\/strain\/jacks-cleaner\/\" target=\"_blank\" rel=\"noopener\">Jack\u2019s Cleaner<\/a>\u00a0och\u00a0<a href=\"https:\/\/www.wikileaf.com\/strain\/blueberry\/\" target=\"_blank\" rel=\"noopener\">Blueberry<\/a>). Resultatet \u00e4r en blomma med dynamisk smak och l\u00e5ngvarig och balanserad styrka. THC-inneh\u00e5llet i Lifesaver har uppm\u00e4tts till mellan 12 % och 21 %.<\/p>\n<\/p><\/div>\n<\/p><\/div>\n<h2 style=\"text-align: center\"><strong>\u00a0BUY <\/strong><strong>LIFE SAVERS\u00a0<\/strong><strong>CALI BUD OR NO BUD\u00a0 ONLINE | BUY CALI BUD OR NO BUD\u00a0<\/strong><strong>LIFE SAVERS\u00a0<\/strong><strong>ONLINE | BUY CALI BUD OR NO BUD ONLINE<\/strong><\/h2>\n<p><strong style=\"color: #555555;font-size: 14.4px\">Effekter av Cali Bud Life Savers<\/strong><\/p>\n<p>Baseline-effekten kommer att vara lyft, st\u00e4rkning och avslappning.<br \/> <strong>Glad<\/strong><br \/> 47 % av m\u00e4nniskor rapporterar att de k\u00e4nner sig glada<br \/> <strong>Avslappnad<\/strong><br \/> 46 % av m\u00e4nniskor rapporterar att de k\u00e4nner sig avslappnade<br \/> <strong>Upphetsad<\/strong><br \/> 16 % av m\u00e4nniskor rapporterar att de k\u00e4nner sig upphetsade<\/p>\n<p><strong>Negativ<\/strong><br \/> <strong>Torr mun<\/strong><br \/> 15 % av m\u00e4nniskor rapporterar att de har torr mun<br \/> <strong>Torra \u00f6gon<\/strong><br \/> 17 % av m\u00e4nniskor rapporterar att de har torra \u00f6gon<br \/> <strong>Yr<\/strong><br \/> 8 % av m\u00e4nniskor rapporterar att de k\u00e4nner sig yr<\/p>\n<div class=\"effect-wrapper ng-star-inserted\">\n<div>\n<p>Lifesaver g\u00f6r sin attraktionskraft tydlig direkt med solida, n\u00e4stan sf\u00e4riska blommor. Dessa knoppar \u00e4r medelstora till stora och klamrar sig samman i den t\u00e4ta, tjocka blomstrukturen som \u00e4r typisk f\u00f6r Indica-sorter. De t\u00e4tt rullade bladen \u00e4r mossgr\u00f6na och genomkorsas av lysande orange och gula pistiller. Ibland inneh\u00e5ller fenotyper av denna sort \u00e4ven inslag av lila, fr\u00e5n blek lavendel till en djup druvf\u00e4rg; dessa nyanser \u00e4r resultatet av antocyaninpigment som aktiveras av kallt v\u00e4der i en process liknande f\u00f6r\u00e4ndringen av l\u00f6vverk p\u00e5 h\u00f6sten p\u00e5 grund av utt\u00f6mda klorofyllniv\u00e5er. Slutligen t\u00e4cker ett damm av genomskinliga vita trichomer dessa redan f\u00e4rgglada blommor och f\u00f6rklarar deras h\u00f6ga psychoaktivitet.<\/p>\n<\/p><\/div>\n<\/p><\/div>\n<h3 style=\"text-align: center\"><strong>LIFE SAVERS\u00a0<\/strong><strong>CALI BUD OR NO BUD FOR SALE | CALI BUD OR NO BUD\u00a0\u00a0<\/strong><strong>LIFE SAVERS\u00a0<\/strong><strong>FOR SALE | CALI BUD OR NO BUD\u00a0 FOR SALE<\/strong><\/h3>\n<p><strong>Medicinska anv\u00e4ndningsomr\u00e5den f\u00f6r Cali Life Savers<\/strong><br \/> Cali Life Savers-sorten garanterar omedelbar sm\u00e4rtlindring. De l\u00e4tta, verkliga effekterna av Cali Jet Lato kan lindra vissa sm\u00e4rtor och illam\u00e5ende. Sorten kan ocks\u00e5 hj\u00e4lpa till att bek\u00e4mpa symtom p\u00e5 PTSD.<\/p>\n<div class=\"variety-percentage-wrap\">\n<h4 class=\"variety translation-block\"><a href=\"https:\/\/www.allbud.com\/marijuana-strains\/variety\/indica-dominant-hybrid\" target=\"_blank\" rel=\"noopener\">Indica Dominant Hybrid<\/a> <span class=\"hidden-xs\">\u2013 <\/span><span class=\"strain-percentages\">70% Indica \/ 30% Sativa<\/span><\/h4>\n<h4 class=\"percentage\"><span class=\"heading\">THC:\u00a0<\/span>15% \u2013 19%<\/h4>\n<\/p><\/div>\n<p class=\"translation-block\">Lifesaver, \u00e4ven k\u00e4nd som \"Life Saver,\" \u00e4r en indica-dominant hybridstam skapad genom att korsa de uts\u00f6kta BOG Bubble X <a href=\"https:\/\/www.allbud.com\/marijuana-strains\/sativa-dominant-hybrid\/batgirl\" target=\"_blank\" rel=\"noopener\">Subcool J<\/a>C<a href=\"https:\/\/www.allbud.com\/marijuana-strains\/sativa-dominant-hybrid\/batgirl\" target=\"_blank\" rel=\"noopener\">B<\/a>-stammarna. Denna sort har f\u00e5tt sitt namn fr\u00e5n sina kraftfulla \"livr\u00e4ddande\" egenskaper som eliminerar sm\u00e4rta och muskelv\u00e4rk med bara ett smakfullt bloss. THC-niv\u00e5n hos Lifesaver \u00e4r ganska mild, med niv\u00e5er mellan 15 och 13%, vilket g\u00f6r den l\u00e4mplig f\u00f6r alla anv\u00e4ndare. Ruset b\u00f6rjar med en glad k\u00e4nsla som fyller dig med energi och motivation utan att orsaka \u00e5ngest. life savers weed<\/p>\n<h4 style=\"text-align: center\"><strong>CALI BUD OR NO BUD \u00a0<\/strong><strong>LIFE SAVERS\u00a0<\/strong><strong>\u00a0NEAR ME |\u00a0<\/strong><strong>LIFE SAVERS\u00a0<\/strong><strong>CALI BUD OR NO BUD\u00a0\u00a0 NEAR ME | CALI BUD OR NO BUD \u00a0NEAR ME<\/strong><\/h4>\n<p><strong>Odling av Cali Life Savers<\/strong><br \/> Cali Life Savers-sorten v\u00e4xer l\u00e5gt och klarar sig bra inomhus, utomhus eller till och med i ett v\u00e4xthus. V\u00e4xterna b\u00f6r ges minst en m\u00e5nad, om inte fem, f\u00f6r vegetativ tillv\u00e4xt. Sorten blommar i \u00e5tta till nio veckor och producerar ett gram per watt inomhus.<\/p>\n<p>Du kommer att k\u00e4nna dig klar i huvudet och avslappnad, helt fokuserad p\u00e5 den aktuella uppgiften. N\u00e4r ditt sinne frig\u00f6rs f\u00f6ljer kroppen efter, l\u00e4mnar sm\u00e4rtor och obehag bakom sig med en pirrande kroppseffekt som varken \u00e4r lugnande eller s\u00f6vande. Dessa milda effekter lindrar tillst\u00e5nd som muskelspasmer, huvudv\u00e4rk eller migr\u00e4n, depression och kronisk sm\u00e4rta. Lifesaver-knopparna har klumpiga, t\u00e4ta mintgr\u00f6na blommor med rika lila undertoner, ljusa orangef\u00e4rgade h\u00e5r och ett tjockt lager av frostiga vita trikomer. De har en s\u00f6t godis- och tuggummismak, n\u00e4stan som ett druvtuggummi, och en honungsb\u00e4rig jordarom som matchar.<\/p>\n<h5 style=\"text-align: center\"><strong>LIFE SAVERS\u00a0<\/strong><strong>\u00a0STRAIN | \u00a0<\/strong><strong>LIFE SAVERS\u00a0<\/strong><strong>WEED STRAIN | CALI\u00a0<\/strong><strong>LIFE SAVERS\u00a0<\/strong><strong>| CALI\u00a0<\/strong><strong>LIFE SAVERS\u00a0<\/strong><strong>\u00a0STRAIN<\/strong><\/h5>\n<p>Sammanfattningsvis lever Lifesaver verkligen upp till sitt namn n\u00e4r det g\u00e4ller b\u00e5de sin godisliknande smak och f\u00f6rm\u00e5gan att lindra kronisk sm\u00e4rta. Denna indica-dominerade korsning av avelsstammarna BOG Bubble och Subcool JCB skapades f\u00f6r att m\u00f6ta de speciella behoven hos sm\u00e4rtpatienter. Med en avslappnande doft av druvor och tuggummi \u00e4r denna sort v\u00e4rd att prova f\u00f6r dem som s\u00f6ker en starkare, medicinsk effekt. Lifesaver blommar snabbt, vanligtvis inom 8 veckor.<\/p>\n<p class=\"translation-block\">N\u00e4r den \u00e4r ordentligt torkad, sl\u00e4pper Lifesaver ut ett fruktigt, b\u00e4rigt aroma. Vid n\u00e4rmare inspektion finns \u00e4ven inslag av citron och druva. Samtidigt, n\u00e4r dessa blommor mals eller rivs, sl\u00e4pps n\u00e5gra l\u00e4tt \u00f6rtiga toner som talar f\u00f6r sortens <a target=\"_blank\" rel=\"noopener\">Jack Herer<\/a>-bakgrund. N\u00e4r den br\u00e4nns, ger Lifesaver ifr\u00e5n sig en j\u00e4mn och l\u00e4tt r\u00f6k som smakar unikt s\u00f6tt och syrligt vid utandning. De som vill h\u00e5lla sin konsumtion diskret b\u00f6r vidta n\u00f6dv\u00e4ndiga f\u00f6rsiktighets\u00e5tg\u00e4rder, eftersom denna sort kan vara en mycket genomtr\u00e4ngande r\u00f6k.<\/p>","protected":false},"excerpt":{"rendered":"<p><strong>Cali Bud Life Savers<\/strong><br \/> Cali Bud Life Savers cannabisstam \u00e4r en av de b\u00e4sta Cali Bud eller No Bud smakerna. N\u00e4r det g\u00e4ller godisliknande smaker och f\u00f6rm\u00e5gan att eliminera kronisk och \u00e5terkommande sm\u00e4rta\u2026, lever Life Savers verkligen upp till sitt namn. Life Savers \u00e4r en Indica-dominant hybridstam med 78%. Med en doft av druva och tuggummi \u00e4r denna stam definitivt v\u00e4rd att prova f\u00f6r dem som s\u00f6ker en starkare, sederande k\u00e4nsla.<\/p>\n<div data-testid=\"product-description\">\n<div class=\"truncate-lines__Wrapper-sc-1lknwty-0 YxHAC\">\n<div data-testid=\"truncated-description\">\n<div>\n<div class=\"text__Text-sc-fif1uk-0 kdmKRD\">\n<div class=\"src__Box-sc-1sbtrzs-0 src__Flex-sc-1sbtrzs-1 kWPFqZ hzdsvF\">\n<div>EXEMPELKATEGORIER F\u00d6R PRODUKTER<\/div>\n<\/p><\/div>\n<\/p><\/div>\n<\/p><\/div>\n<\/p><\/div>\n<\/p><\/div>\n<\/p><\/div>\n<div class=\"text__Text-sc-fif1uk-0 htoJfX\"><a href=\"https:\/\/jeetersofficial.com\/product-category\/buy-cali-buds\/\">CALI BUDS<\/a><\/div>\n<div data-testid=\"product-description\">\n<div class=\"truncate-lines__Wrapper-sc-1lknwty-0 YxHAC\">\n<div data-testid=\"truncated-description\">\n<div class=\"text__Text-sc-fif1uk-0 kdmKRD\"><a href=\"https:\/\/jeetersofficial.com\/product-category\/backpack-boyz\/\">Backpack\u00a0 Boyz<\/a><\/div>\n<div><a href=\"https:\/\/jeetersofficial.com\/product-category\/snow-balls-weed\/\">SNOWBALLS WEED<\/a><\/div>\n<div><a href=\"https:\/\/jeetersofficial.com\/product-category\/persy-snowcaps\/\">Persy Snowcaps<\/a><\/div>\n<div><a href=\"https:\/\/jeetersofficial.com\/product-category\/drip-snowcaps\/\">Drip Snowcaps<\/a><\/div>\n<div><a href=\"https:\/\/jeetersofficial.com\/product-category\/concentrates\/\">CALI CONCENTRATES<\/a><\/div>\n<div><a href=\"https:\/\/jeetersofficial.com\/product-category\/doja-exclusive\/\">CALI DOJA PACKS EXCLUSIVE<\/a><\/div>\n<div><a href=\"https:\/\/jeetersofficial.com\/product-category\/marijuana-flowers\/\">CALI MARIJUANA FLOWERS<\/a><\/div>\n<\/p><\/div>\n<\/p><\/div>\n<\/p><\/div>\n<div><a href=\"https:\/\/jeetersofficial.com\/product-category\/sativa-strain\/\">CALI SATIVA STRAINS<\/a><\/div>\n<div><a href=\"https:\/\/jeetersofficial.com\/product-category\/indica\/\">CALI INDICA STRAINS<\/a><\/div>\n<div><a href=\"https:\/\/jeetersofficial.com\/product-category\/hybrid-weed\/\">CALI HYBRID WEED<\/a><\/div>","protected":false},"featured_media":1668,"comment_status":"closed","ping_status":"closed","template":"","meta":{"_uag_custom_page_level_css":"","site-sidebar-layout":"default","site-content-layout":"","ast-site-content-layout":"default","site-content-style":"default","site-sidebar-style":"default","ast-global-header-display":"","ast-banner-title-visibility":"","ast-main-header-display":"","ast-hfb-above-header-display":"","ast-hfb-below-header-display":"","ast-hfb-mobile-header-display":"","site-post-title":"","ast-breadcrumbs-content":"","ast-featured-img":"","footer-sml-layout":"","ast-disable-related-posts":"","theme-transparent-header-meta":"","adv-header-id-meta":"","stick-header-meta":"","header-above-stick-meta":"","header-main-stick-meta":"","header-below-stick-meta":"","astra-migrate-meta-layouts":"default","ast-page-background-enabled":"default","ast-page-background-meta":{"desktop":{"background-color":"var(--ast-global-color-5)","background-image":"","background-repeat":"repeat","background-position":"center center","background-size":"auto","background-attachment":"scroll","background-type":"","background-media":"","overlay-type":"","overlay-color":"","overlay-opacity":"","overlay-gradient":""},"tablet":{"background-color":"","background-image":"","background-repeat":"repeat","background-position":"center center","background-size":"auto","background-attachment":"scroll","background-type":"","background-media":"","overlay-type":"","overlay-color":"","overlay-opacity":"","overlay-gradient":""},"mobile":{"background-color":"","background-image":"","background-repeat":"repeat","background-position":"center center","background-size":"auto","background-attachment":"scroll","background-type":"","background-media":"","overlay-type":"","overlay-color":"","overlay-opacity":"","overlay-gradient":""}},"ast-content-background-meta":{"desktop":{"background-color":"var(--ast-global-color-4)","background-image":"","background-repeat":"repeat","background-position":"center center","background-size":"auto","background-attachment":"scroll","background-type":"","background-media":"","overlay-type":"","overlay-color":"","overlay-opacity":"","overlay-gradient":""},"tablet":{"background-color":"var(--ast-global-color-4)","background-image":"","background-repeat":"repeat","background-position":"center center","background-size":"auto","background-attachment":"scroll","background-type":"","background-media":"","overlay-type":"","overlay-color":"","overlay-opacity":"","overlay-gradient":""},"mobile":{"background-color":"var(--ast-global-color-4)","background-image":"","background-repeat":"repeat","background-position":"center center","background-size":"auto","background-attachment":"scroll","background-type":"","background-media":"","overlay-type":"","overlay-color":"","overlay-opacity":"","overlay-gradient":""}}},"product_brand":[],"product_cat":[675],"product_tag":[480,481,482,483,484,472,485,486,462,487,488],"class_list":{"0":"post-1748","1":"product","2":"type-product","3":"status-publish","4":"has-post-thumbnail","6":"product_cat-buy-cali-buds","7":"product_tag-buy-life-savers-cali-bud-or-no-bud-online","8":"product_tag-cali-bud-or-no-bud-for-sale","9":"product_tag-cali-bud-or-no-bud-life-savers","10":"product_tag-cali-bud-or-no-bud-life-savers-for-sale","11":"product_tag-cali-bud-or-no-bud-life-savers-near-me","12":"product_tag-cali-bud-or-no-bud-near-me","13":"product_tag-cali-life-savers","14":"product_tag-cali-life-savers-strain","15":"product_tag-cali-plug-cali-bud-or-no-bud","16":"product_tag-life-savers-cali-bud-or-no-bud","17":"product_tag-life-savers-cali-bud-or-no-bud-for-sale","18":"desktop-align-center","19":"tablet-align-left","20":"mobile-align-left","22":"first","23":"instock","24":"shipping-taxable","25":"purchasable","26":"product-type-variable"},"uagb_featured_image_src":{"full":["https:\/\/caliweedeurope.com\/wp-content\/uploads\/2024\/11\/IMG-0234.jpg",956,1276,false],"thumbnail":["https:\/\/caliweedeurope.com\/wp-content\/uploads\/2024\/11\/IMG-0234-150x150.jpg",150,150,true],"medium":["https:\/\/caliweedeurope.com\/wp-content\/uploads\/2024\/11\/IMG-0234-225x300.jpg",225,300,true],"medium_large":["https:\/\/caliweedeurope.com\/wp-content\/uploads\/2024\/11\/IMG-0234-768x1025.jpg",768,1025,true],"large":["https:\/\/caliweedeurope.com\/wp-content\/uploads\/2024\/11\/IMG-0234-767x1024.jpg",767,1024,true],"1536x1536":["https:\/\/caliweedeurope.com\/wp-content\/uploads\/2024\/11\/IMG-0234.jpg",956,1276,false],"2048x2048":["https:\/\/caliweedeurope.com\/wp-content\/uploads\/2024\/11\/IMG-0234.jpg",956,1276,false],"trp-custom-language-flag":["https:\/\/caliweedeurope.com\/wp-content\/uploads\/2024\/11\/IMG-0234.jpg",9,12,false],"woocommerce_thumbnail":["https:\/\/caliweedeurope.com\/wp-content\/uploads\/2024\/11\/IMG-0234-300x300.jpg",300,300,true],"woocommerce_single":["https:\/\/caliweedeurope.com\/wp-content\/uploads\/2024\/11\/IMG-0234-600x801.jpg",600,801,true],"woocommerce_gallery_thumbnail":["https:\/\/caliweedeurope.com\/wp-content\/uploads\/2024\/11\/IMG-0234-100x100.jpg",100,100,true]},"uagb_author_info":{"display_name":"jetskiforsaleuk@gmail.com","author_link":"https:\/\/caliweedeurope.com\/sv\/author\/"},"uagb_comment_info":0,"uagb_excerpt":"Cali bud Life Savers Cali bud Life Savers\u00a0cannabis strain\u00a0is one of the best\u00a0Cali bud or no bud flavors. When it comes to candy-like tastes and the capacity to eradicate chronic and repeated pain\u2026., Life Savers certainly satisfies its name. The Life Savers is an Indica-predominant hybrid strain with 78%. Unwinding with a grape and air&hellip;","_links":{"self":[{"href":"https:\/\/caliweedeurope.com\/sv\/wp-json\/wp\/v2\/product\/1748"}],"collection":[{"href":"https:\/\/caliweedeurope.com\/sv\/wp-json\/wp\/v2\/product"}],"about":[{"href":"https:\/\/caliweedeurope.com\/sv\/wp-json\/wp\/v2\/types\/product"}],"replies":[{"embeddable":true,"href":"https:\/\/caliweedeurope.com\/sv\/wp-json\/wp\/v2\/comments?post=1748"}],"wp:featuredmedia":[{"embeddable":true,"href":"https:\/\/caliweedeurope.com\/sv\/wp-json\/wp\/v2\/media\/1668"}],"wp:attachment":[{"href":"https:\/\/caliweedeurope.com\/sv\/wp-json\/wp\/v2\/media?parent=1748"}],"wp:term":[{"taxonomy":"product_brand","embeddable":true,"href":"https:\/\/caliweedeurope.com\/sv\/wp-json\/wp\/v2\/product_brand?post=1748"},{"taxonomy":"product_cat","embeddable":true,"href":"https:\/\/caliweedeurope.com\/sv\/wp-json\/wp\/v2\/product_cat?post=1748"},{"taxonomy":"product_tag","embeddable":true,"href":"https:\/\/caliweedeurope.com\/sv\/wp-json\/wp\/v2\/product_tag?post=1748"}],"curies":[{"name":"wp","href":"https:\/\/api.w.org\/{rel}","templated":true}]}}