{"id":1760,"date":"2024-11-05T18:39:16","date_gmt":"2024-11-05T18:39:16","guid":{"rendered":"https:\/\/caliweedeurope.com\/?post_type=product&#038;p=1760"},"modified":"2024-11-05T18:39:18","modified_gmt":"2024-11-05T18:39:18","slug":"buy-cali-bud-pinkberry-strain-online","status":"publish","type":"product","link":"https:\/\/caliweedeurope.com\/sv\/product\/buy-cali-bud-pinkberry-strain-online\/","title":{"rendered":"Buy Cali Bud Pinkberry Strain Online"},"content":{"rendered":"<h1 style=\"text-align: center\"><strong>\u00a0\u00a0 \u00a0<\/strong><strong>PINKBERRY <\/strong><strong>CALI BUD OR NO BUD\u00a0|<\/strong><strong>\u00a0CALI BUD OR NO BUD\u00a0<\/strong><strong>PINKBERRY <\/strong><strong>|<\/strong><strong>\u00a0CALI PLUG CALI BUD OR NO BUD<\/strong><\/h1>\n<p><strong>Cali Bud Pinkberry Strain<\/strong><\/p>\n<p>Cali Pinkberry \u00e4r en mycket inflytelserik cannabis-hybrid, skapad genom att korsa jordgubbe och Grape Ape. Denna fantastiska strain \u00e4r b\u00e4st f\u00f6r patienter som lider av \u00e5ngest och kronisk sm\u00e4rta. Pinkberry Weed<\/p>\n<p class=\"translation-block\"><b>Pink Berry<\/b> fr\u00e5n Apothecary Genetics \u00e4r en l\u00e4cker indica-dominant sort som ger avslappning p\u00e5 beg\u00e4ran. Denna sort \u00e4r en kraftfull kombination av <a href=\"https:\/\/www.leafly.com\/strains\/pink-champagne\" target=\"_blank\" rel=\"noopener\">Pink Champagne<\/a> och <a href=\"https:\/\/www.leafly.com\/strains\/blackberry\" target=\"_blank\" rel=\"noopener\">Blackberry<\/a>, som erbjuder s\u00f6ta, fruktiga toner samtidigt som den \u00e4r djupt rotad i OG-genetik. Pink Berry fyller sinnet med upplyftande, euforisk energi medan den samtidigt tynger ned lemmarna med djup avslappning, vilket g\u00f6r den idealisk f\u00f6r konsumenter som s\u00f6ker lindring fr\u00e5n rastl\u00f6shet, kronisk fysisk sm\u00e4rta och d\u00e5ligt hum\u00f6r. pink berry strain<\/p>\n<h2 style=\"text-align: center\"><strong>\u00a0BUY\u00a0<\/strong><strong>PINKBERRY <\/strong><strong>CALI BUD OR NO BUD\u00a0 ONLINE | BUY CALI BUD OR NO BUD\u00a0<\/strong><strong>PINKBERRY <\/strong><strong>ONLINE | BUY CALI BUD OR NO BUD ONLINE<\/strong><\/h2>\n<p><strong>Medicinska anv\u00e4ndningar av Pinkberry<\/strong><\/p>\n<p>Denna sort garanterar omedelbar sm\u00e4rtlindring f\u00f6r l\u00e4ttnad. Dess l\u00e4tta verkliga effekter kan lindra n\u00e5gra pulserande sm\u00e4rtor samt illam\u00e5ende. Sorten kan ocks\u00e5 hj\u00e4lpa till att bek\u00e4mpa symptomen p\u00e5 PTSD. Cali Plug erbjuder s\u00e4ker tillg\u00e5ng till h\u00f6gkvalitativa medicinska cannabisstrainer f\u00f6r att fr\u00e4mja h\u00e4lsa och d\u00e4rmed rikedom. Pinkberry Weed<\/p>\n<div class=\"variety-percentage-wrap\">\n<h4 class=\"variety translation-block\"><a href=\"https:\/\/www.allbud.com\/marijuana-strains\/variety\/indica-dominant-hybrid\" target=\"_blank\" rel=\"noopener\">Indica Dominant Hybrid<\/a> <span class=\"hidden-xs\">\u2013 <\/span><span class=\"strain-percentages\">70% Indica \/ 30% Sativa<\/span><\/h4>\n<h4 class=\"percentage\"><span class=\"heading\">THC:\u00a0<\/span>14% \u2013 16%,\u00a0<span class=\"heading\">CBD:\u00a0<\/span><em>6<\/em>%<\/h4>\n<\/p><\/div>\n<p>Pink Berry \u00e4r en s\u00e4llsynt hybrid med dominans av indica, skapad genom att korsa de otroligt l\u00e4ckra sorterna Pink Champagne och Blackberry. Smaken av Pink Berry \u00e4r unik, med s\u00f6ta och fruktiga, sockeriga, sm\u00f6riga smaker som n\u00e4stan k\u00e4nns som att \u00e4ta en f\u00e4rsk kopp fryst yoghurt med b\u00e4rsmak. Lukten tar en kr\u00e4mig kush-v\u00e4ndning och blandar rika blommiga toner med fruktiga, s\u00f6ta b\u00e4r f\u00f6r ett oemotst\u00e5ndligt och beroendeframkallande aroma som f\u00e5r dig att l\u00e4ngta efter mer. Effekten \u00e4r lika s\u00f6t, perfekt f\u00f6r att slappna av vid slutet av en l\u00e5ng dag eller n\u00e4r du beh\u00f6ver lite extra hj\u00e4lp f\u00f6r att somna p\u00e5 natten.<\/p>\n<h3 style=\"text-align: center\"><strong>PINKBERRY <\/strong><strong>CALI BUD OR NO BUD FOR SALE | CALI BUD OR NO BUD\u00a0\u00a0<\/strong><strong>PINKBERRY <\/strong><strong>FOR SALE | CALI BUD OR NO BUD\u00a0 FOR SALE<\/strong><\/h3>\n<p><strong>Odling av Cali Bud Pinkberry-sorten<\/strong><\/p>\n<p>Denna sort utvecklas kompakt och kan trivas b\u00e5de inomhus, utomhus eller till och med i ett v\u00e4xthus. Den b\u00f6r f\u00e5 minst en m\u00e5nad, om inte fem, f\u00f6r att slutf\u00f6ra vegetationen. Sorten blommar i \u00e5tta till nio veckor och kommer att producera ett gram per watt inomhus. Utomhusodlare kan sk\u00f6rda upp till ett pund per planta.<\/p>\n<p>Effekten \u00e4r mycket upplyftande och glad utan att \u00f6ka din energi. Du kommer att k\u00e4nna ett pirrande i kroppen som leder dig in i djup avslappning medan ditt sinne vandrar genom euforisk introspektion. Denna m\u00e5ttliga kroppseffekt kan ibland g\u00f6ra dig s\u00f6mnig, vilket leder dig till ett lyckligt sedativt tillst\u00e5nd. Tack vare dessa effekter och dess h\u00f6ga THC-inneh\u00e5ll p\u00e5 14-16% och CBD p\u00e5 5-6% \u00e4r Pink Berry ett utm\u00e4rkt medicinskt val f\u00f6r att behandla kronisk sm\u00e4rta, depression, inflammation och kronisk tr\u00f6tthet. Pink Berry-bitar har runda, ljusmyntgr\u00f6na knoppar med rosa undertoner och ett lager av klara kristallh\u00e5r och trichomer.<\/p>\n<h4 style=\"text-align: center\"><strong>CALI BUD OR NO BUD \u00a0<\/strong><strong>PINKBERRY <\/strong><strong>\u00a0NEAR ME | <\/strong><strong>PINKBERRY <\/strong><strong>CALI BUD OR NO BUD\u00a0\u00a0 NEAR ME | CALI BUD OR NO BUD \u00a0NEAR ME<\/strong><\/h4>\n<p><strong>Effekter av Cali Bud Pinkberry Strain<\/strong><\/p>\n<p>Saker runt omkring dig, men inte riktigt kunna f\u00f6ra samtal med n\u00e5gon runt omkring dig eller g\u00f6ra n\u00e5got fysiskt.<br \/> K\u00e4nslor<\/p>\n<p><strong>Glad<\/strong><br \/> 49 % av m\u00e4nniskor rapporterar att de k\u00e4nner sig glada<br \/> <strong>Avslappnad<\/strong><br \/> 44 % av m\u00e4nniskor rapporterar att de k\u00e4nner sig avslappnade<br \/> <strong>Upphetsad<\/strong><br \/> 16 % av m\u00e4nniskor rapporterar att de k\u00e4nner sig upphetsade<br \/> <strong>Negativ<\/strong><br \/> <strong>Torr mun<\/strong><br \/> 17 % av m\u00e4nniskor rapporterar att de har torr mun<br \/> <strong>Torra \u00f6gon<\/strong><br \/> 11 % av m\u00e4nniskor rapporterar att de har torra \u00f6gon<br \/> <strong>Yr<\/strong><br \/> 5 % av m\u00e4nniskor rapporterar att de k\u00e4nner sig yr<\/p>\n<p class=\"about-title\"><strong>Om Pink Berry<\/strong><\/p>\n<div class=\"effect-wrapper ng-star-inserted\">\n<div>\n<p>Inte att f\u00f6rv\u00e4xla med den fryst yoghurt-franchise med samma namn, Pink Berry \u00e4r en v\u00e4lsmakande indica-dominant hybrid. Denna sort kombinerar genetiken fr\u00e5n Pink Champagne och Blackberry och har all styrka och smak fr\u00e5n sina f\u00f6r\u00e4ldrasorter. Denna avslappnande blomma har ett THC-inneh\u00e5ll som m\u00e4ts mellan 14 % och 21 %.<\/p>\n<\/p><\/div>\n<\/p><\/div>\n<h5 style=\"text-align: center\"><strong>PINKBERRY <\/strong><strong>\u00a0STRAIN | <\/strong><strong>PINKBERRY <\/strong><strong>WEED STRAIN | CALI <\/strong><strong>PINKBERRY <\/strong><strong>| CALI <\/strong><strong>PINKBERRY <\/strong><strong>\u00a0STRAIN<\/strong><\/h5>\n<p><strong>Varning vid anv\u00e4ndning av Cali Bud Pinkberry.<\/strong><\/p>\n<p>Denna produkt inneh\u00e5ller cannabis, en reglerad substans. F\u00f6rvaras utom r\u00e4ckh\u00e5ll f\u00f6r barn och djur. Cannabisprodukter f\u00e5r endast innehas eller konsumeras av personer \u00f6ver 21 \u00e5r, om inte personen \u00e4r en kvalificerad patient. De berusande effekterna av cannabisprodukter kan vara i upp till tv\u00e5 timmar. Anv\u00e4ndning av cannabis under graviditet eller amning kan vara skadligt. Konsumtion av dessa produkter p\u00e5verkar din f\u00f6rm\u00e5ga att k\u00f6ra bil eller anv\u00e4nda maskiner. V\u00e4nligen anv\u00e4nd yttersta f\u00f6rsiktighet.<\/p>\n<p>Pink Berry imponerar med stora blommor som beh\u00e5ller en solid och n\u00e4stan sf\u00e4risk form. Topparna visar ett indica-influerat m\u00f6nster med en t\u00e4t inre struktur; bladen rullar t\u00e4tt in\u00e5t mot sina centrala stj\u00e4lkar. Bladen sj\u00e4lva \u00e4r en marmorerad blandning av mossgr\u00f6nt med tillf\u00e4lliga inslag av bl\u00e5tt och lila; dessa sista f\u00e4rger uppst\u00e5r n\u00e4r anthocyaninpigment i sortens genetik aktiveras av kallt v\u00e4der under v\u00e4xtprocessen. Slutligen g\u00f6r livliga orange pistiller och genomskinliga vita trichomer dessa f\u00e4ngslande blommor \u00e4nnu mer f\u00e4rgstarka.<\/p>\n<div data-testid=\"product-description\">\n<div class=\"truncate-lines__Wrapper-sc-1lknwty-0 YxHAC\">\n<div data-testid=\"truncated-description\">\n<div>\n<div class=\"text__Text-sc-fif1uk-0 kdmKRD\">\n<div class=\"src__Box-sc-1sbtrzs-0 src__Flex-sc-1sbtrzs-1 kWPFqZ hzdsvF\">\n<div>EXEMPELKATEGORIER F\u00d6R PRODUKTER<\/div>\n<\/p><\/div>\n<\/p><\/div>\n<\/p><\/div>\n<\/p><\/div>\n<\/p><\/div>\n<\/p><\/div>\n<div class=\"text__Text-sc-fif1uk-0 htoJfX\"><a href=\"https:\/\/jeetersofficial.com\/product-category\/buy-cali-buds\/\" target=\"_blank\" rel=\"noopener\">CALI BUDS<\/a><\/div>\n<div data-testid=\"product-description\">\n<div class=\"truncate-lines__Wrapper-sc-1lknwty-0 YxHAC\">\n<div data-testid=\"truncated-description\">\n<div class=\"text__Text-sc-fif1uk-0 kdmKRD\"><a href=\"https:\/\/jeetersofficial.com\/product-category\/backpack-boyz\/\" target=\"_blank\" rel=\"noopener\">Backpack\u00a0 Boyz<\/a><\/div>\n<div><a href=\"https:\/\/jeetersofficial.com\/product-category\/snow-balls-weed\/\" target=\"_blank\" rel=\"noopener\">SNOWBALLS WEED<\/a><\/div>\n<div><a href=\"https:\/\/jeetersofficial.com\/product-category\/persy-snowcaps\/\" target=\"_blank\" rel=\"noopener\">Persy Snowcaps<\/a><\/div>\n<div><a href=\"https:\/\/jeetersofficial.com\/product-category\/drip-snowcaps\/\" target=\"_blank\" rel=\"noopener\">Drip Snowcaps<\/a><\/div>\n<div><a href=\"https:\/\/jeetersofficial.com\/product-category\/concentrates\/\" target=\"_blank\" rel=\"noopener\">CALI CONCENTRATES<\/a><\/div>\n<div><a href=\"https:\/\/jeetersofficial.com\/product-category\/doja-exclusive\/\" target=\"_blank\" rel=\"noopener\">CALI DOJA PACKS EXCLUSIVE<\/a><\/div>\n<div><a href=\"https:\/\/jeetersofficial.com\/product-category\/marijuana-flowers\/\" target=\"_blank\" rel=\"noopener\">CALI MARIJUANA FLOWERS<\/a><\/div>\n<\/p><\/div>\n<\/p><\/div>\n<\/p><\/div>\n<div><a href=\"https:\/\/jeetersofficial.com\/product-category\/sativa-strain\/\" target=\"_blank\" rel=\"noopener\">CALI SATIVA STRAINS<\/a><\/div>\n<div><a href=\"https:\/\/jeetersofficial.com\/product-category\/indica\/\" target=\"_blank\" rel=\"noopener\">CALI INDICA STRAINS<\/a><\/div>\n<div><a href=\"https:\/\/jeetersofficial.com\/product-category\/hybrid-weed\/\" target=\"_blank\" rel=\"noopener\">CALI HYBRID WEED<\/a><\/div>","protected":false},"excerpt":{"rendered":"<p><strong>Cali Bud Pinkberry Strain<\/strong><\/p>\n<p>Cali Pinkberry \u00e4r en mycket inflytelserik cannabis-hybrid, skapad genom att korsa jordgubbe och Grape Ape. Denna fantastiska strain \u00e4r b\u00e4st f\u00f6r patienter som lider av \u00e5ngest och kronisk sm\u00e4rta.<\/p>","protected":false},"featured_media":1670,"comment_status":"closed","ping_status":"closed","template":"","meta":{"_uag_custom_page_level_css":"","site-sidebar-layout":"default","site-content-layout":"","ast-site-content-layout":"default","site-content-style":"default","site-sidebar-style":"default","ast-global-header-display":"","ast-banner-title-visibility":"","ast-main-header-display":"","ast-hfb-above-header-display":"","ast-hfb-below-header-display":"","ast-hfb-mobile-header-display":"","site-post-title":"","ast-breadcrumbs-content":"","ast-featured-img":"","footer-sml-layout":"","ast-disable-related-posts":"","theme-transparent-header-meta":"","adv-header-id-meta":"","stick-header-meta":"","header-above-stick-meta":"","header-main-stick-meta":"","header-below-stick-meta":"","astra-migrate-meta-layouts":"default","ast-page-background-enabled":"default","ast-page-background-meta":{"desktop":{"background-color":"var(--ast-global-color-5)","background-image":"","background-repeat":"repeat","background-position":"center center","background-size":"auto","background-attachment":"scroll","background-type":"","background-media":"","overlay-type":"","overlay-color":"","overlay-opacity":"","overlay-gradient":""},"tablet":{"background-color":"","background-image":"","background-repeat":"repeat","background-position":"center center","background-size":"auto","background-attachment":"scroll","background-type":"","background-media":"","overlay-type":"","overlay-color":"","overlay-opacity":"","overlay-gradient":""},"mobile":{"background-color":"","background-image":"","background-repeat":"repeat","background-position":"center center","background-size":"auto","background-attachment":"scroll","background-type":"","background-media":"","overlay-type":"","overlay-color":"","overlay-opacity":"","overlay-gradient":""}},"ast-content-background-meta":{"desktop":{"background-color":"var(--ast-global-color-4)","background-image":"","background-repeat":"repeat","background-position":"center center","background-size":"auto","background-attachment":"scroll","background-type":"","background-media":"","overlay-type":"","overlay-color":"","overlay-opacity":"","overlay-gradient":""},"tablet":{"background-color":"var(--ast-global-color-4)","background-image":"","background-repeat":"repeat","background-position":"center center","background-size":"auto","background-attachment":"scroll","background-type":"","background-media":"","overlay-type":"","overlay-color":"","overlay-opacity":"","overlay-gradient":""},"mobile":{"background-color":"var(--ast-global-color-4)","background-image":"","background-repeat":"repeat","background-position":"center center","background-size":"auto","background-attachment":"scroll","background-type":"","background-media":"","overlay-type":"","overlay-color":"","overlay-opacity":"","overlay-gradient":""}}},"product_brand":[],"product_cat":[675],"product_tag":[489,491,505,506,507,508,509,510,492,481,472,511,512,513,514,473,515,516,517,518,461,519,520,521,522,462,523,524,525,526,527,528],"class_list":{"0":"post-1760","1":"product","2":"type-product","3":"status-publish","4":"has-post-thumbnail","6":"product_cat-buy-cali-buds","7":"product_tag-best-cali-packs","8":"product_tag-buy-cali-bud-or-no-bud-online","9":"product_tag-buy-cali-bud-or-no-bud-pinkberry-online","10":"product_tag-buy-cali-buds","11":"product_tag-buy-pinkberry-cali-bud-or-no-bud-online","12":"product_tag-buy-weed-online","13":"product_tag-by-the-best-cali-buds","14":"product_tag-cali-bags","15":"product_tag-cali-bud-or-no-bud","16":"product_tag-cali-bud-or-no-bud-for-sale","17":"product_tag-cali-bud-or-no-bud-near-me","18":"product_tag-cali-bud-or-no-bud-pinkberry","19":"product_tag-cali-bud-or-no-bud-pinkberry-for-sale","20":"product_tag-cali-bud-or-no-bud-pinkberry-near-me","21":"product_tag-cali-bud-packs","22":"product_tag-cali-buds","23":"product_tag-cali-buds-online","24":"product_tag-cali-flavors","25":"product_tag-cali-flavours","26":"product_tag-cali-gush-lato","27":"product_tag-cali-packs","28":"product_tag-cali-pinkberry","29":"product_tag-cali-pinkberry-strain","30":"product_tag-cali-plug","31":"product_tag-cali-plug-bags","32":"product_tag-cali-plug-cali-bud-or-no-bud","33":"product_tag-order-weed-online","34":"product_tag-pinkberry-cali-bud-or-no-bud","35":"product_tag-pinkberry-cali-bud-or-no-bud-for-sale","36":"product_tag-pinkberry-cali-bud-or-no-bud-near-me","37":"product_tag-pinkberry-strain","38":"product_tag-pinkberry-weed-strain","39":"desktop-align-center","40":"tablet-align-left","41":"mobile-align-left","43":"first","44":"instock","45":"shipping-taxable","46":"purchasable","47":"product-type-variable"},"uagb_featured_image_src":{"full":["https:\/\/caliweedeurope.com\/wp-content\/uploads\/2024\/11\/pinkberry-1.jpg",504,690,false],"thumbnail":["https:\/\/caliweedeurope.com\/wp-content\/uploads\/2024\/11\/pinkberry-1-150x150.jpg",150,150,true],"medium":["https:\/\/caliweedeurope.com\/wp-content\/uploads\/2024\/11\/pinkberry-1-219x300.jpg",219,300,true],"medium_large":["https:\/\/caliweedeurope.com\/wp-content\/uploads\/2024\/11\/pinkberry-1.jpg",504,690,false],"large":["https:\/\/caliweedeurope.com\/wp-content\/uploads\/2024\/11\/pinkberry-1.jpg",504,690,false],"1536x1536":["https:\/\/caliweedeurope.com\/wp-content\/uploads\/2024\/11\/pinkberry-1.jpg",504,690,false],"2048x2048":["https:\/\/caliweedeurope.com\/wp-content\/uploads\/2024\/11\/pinkberry-1.jpg",504,690,false],"trp-custom-language-flag":["https:\/\/caliweedeurope.com\/wp-content\/uploads\/2024\/11\/pinkberry-1.jpg",9,12,false],"woocommerce_thumbnail":["https:\/\/caliweedeurope.com\/wp-content\/uploads\/2024\/11\/pinkberry-1-300x300.jpg",300,300,true],"woocommerce_single":["https:\/\/caliweedeurope.com\/wp-content\/uploads\/2024\/11\/pinkberry-1.jpg",504,690,false],"woocommerce_gallery_thumbnail":["https:\/\/caliweedeurope.com\/wp-content\/uploads\/2024\/11\/pinkberry-1-100x100.jpg",100,100,true]},"uagb_author_info":{"display_name":"jetskiforsaleuk@gmail.com","author_link":"https:\/\/caliweedeurope.com\/sv\/author\/"},"uagb_comment_info":0,"uagb_excerpt":"Cali Bud Pinkberry Strain Cali Pinkberry is a very influential cannabis hybrid strain cross with strawberry and grape ape to get this amazing strain. is best for patients suffering from anxiety and chronic pain.","_links":{"self":[{"href":"https:\/\/caliweedeurope.com\/sv\/wp-json\/wp\/v2\/product\/1760"}],"collection":[{"href":"https:\/\/caliweedeurope.com\/sv\/wp-json\/wp\/v2\/product"}],"about":[{"href":"https:\/\/caliweedeurope.com\/sv\/wp-json\/wp\/v2\/types\/product"}],"replies":[{"embeddable":true,"href":"https:\/\/caliweedeurope.com\/sv\/wp-json\/wp\/v2\/comments?post=1760"}],"wp:featuredmedia":[{"embeddable":true,"href":"https:\/\/caliweedeurope.com\/sv\/wp-json\/wp\/v2\/media\/1670"}],"wp:attachment":[{"href":"https:\/\/caliweedeurope.com\/sv\/wp-json\/wp\/v2\/media?parent=1760"}],"wp:term":[{"taxonomy":"product_brand","embeddable":true,"href":"https:\/\/caliweedeurope.com\/sv\/wp-json\/wp\/v2\/product_brand?post=1760"},{"taxonomy":"product_cat","embeddable":true,"href":"https:\/\/caliweedeurope.com\/sv\/wp-json\/wp\/v2\/product_cat?post=1760"},{"taxonomy":"product_tag","embeddable":true,"href":"https:\/\/caliweedeurope.com\/sv\/wp-json\/wp\/v2\/product_tag?post=1760"}],"curies":[{"name":"wp","href":"https:\/\/api.w.org\/{rel}","templated":true}]}}