{"id":1766,"date":"2024-11-05T18:39:16","date_gmt":"2024-11-05T18:39:16","guid":{"rendered":"https:\/\/caliweedeurope.com\/?post_type=product&#038;p=1766"},"modified":"2024-11-05T18:39:18","modified_gmt":"2024-11-05T18:39:18","slug":"buy-cali-bud-sfv-strain-online","status":"publish","type":"product","link":"https:\/\/caliweedeurope.com\/sv\/product\/buy-cali-bud-sfv-strain-online\/","title":{"rendered":"Buy Cali Bud SFV Strain Online"},"content":{"rendered":"<h1 style=\"text-align: center\"><strong>\u00a0 \u00a0 \u00a0 \u00a0 \u00a0<\/strong><strong>SFV <\/strong><strong>CALI BUD OR NO BUD\u00a0|<\/strong><strong>\u00a0CALI BUD OR NO BUD\u00a0<\/strong><strong>SFV <\/strong><strong>|<\/strong><strong>\u00a0CALI PLUG CALI BUD OR NO BUD<\/strong><\/h1>\n<p><strong>Cali Bud SFV Strain<\/strong><br \/> Cali SFV \u00e4r en utan tvekan inflytelserik cannabis-hybridblomma fr\u00e5n Cali, ett perfekt kors med jordgubbe och Grape Ape f\u00f6r att skapa denna fantastiska sort.<\/p>\n<p class=\"translation-block\"><b>F\u00f6r det f\u00f6rsta, SFV OG<\/b>, \u00e4ven k\u00e4nd som \"San Fernando Valley OG\", \"San Fernando Valley Kush\" och \"San Fernando Valley\", \u00e4r en <a href=\"https:\/\/www.leafly.com\/strains\/lists\/category\/sativa\" target=\"_blank\" rel=\"noopener\">sativa<\/a>-dominerande hybridmarihuanasort fr\u00e5n Cali Connection, utm\u00e4rkt f\u00f6r patienter som beh\u00f6ver kraftfull sm\u00e4rtlindring men inte vill bli fast p\u00e5 soffan. Som namnet antyder, h\u00e4rstammar denna <a href=\"https:\/\/www.leafly.com\/strains\/og-kush\" target=\"_blank\" rel=\"noopener\">OG Kush<\/a>-sl\u00e4kting fr\u00e5n San Fernando Valley i Kalifornien. Trots att deras namn knappt skiljer sig \u00e5t, \u00e4r <a href=\"https:\/\/www.leafly.com\/strains\/sfv-og-kush\" target=\"_blank\" rel=\"noopener\">SFV OG Kush<\/a> faktiskt det <a href=\"https:\/\/www.leafly.com\/strains\/afghani\" target=\"_blank\" rel=\"noopener\">Afghani<\/a>-korsade barnet till SFV OG. Med aromatiska toner av jordig tall och citron tar kroppseffekterna lite l\u00e4ngre tid att k\u00e4nna \u00e4n den initiala mentala dimman. sfv weed<\/p>\n<h2 style=\"text-align: center\"><strong>BUY\u00a0<\/strong><strong>SFV\u00a0<\/strong><strong>CALI BUD OR NO BUD\u00a0 ONLINE | BUY CALI BUD OR NO BUD\u00a0<\/strong><strong>SFV\u00a0<\/strong><strong>ONLINE | BUY CALI BUD OR NO BUD ONLINE<\/strong><\/h2>\n<p><strong>Medicinska anv\u00e4ndningar av Cali Bud SFV-sorten<\/strong><br \/> Cali SFV-sorten \u00e4r b\u00e4st f\u00f6r patienter som lider av \u00e5ngest, stress och sm\u00e4rta. Denna sort garanterar omedelbar och total lindring fr\u00e5n sm\u00e4rta och \u00e5ngest. Denna fantastiska och enast\u00e5ende sort hj\u00e4lper ocks\u00e5 till att bek\u00e4mpa symptomen p\u00e5 Parkinsons sjukdom. sfv weed<\/p>\n<h3 style=\"text-align: center\"><strong>SFV\u00a0<\/strong><strong>CALI BUD OR NO BUD FOR SALE | CALI BUD OR NO BUD\u00a0\u00a0<\/strong><strong>SFV\u00a0<\/strong><strong>FOR SALE | CALI BUD OR NO BUD\u00a0 FOR SALE<\/strong><\/h3>\n<p><strong>Effekter av Cali Bud SFV-stammen<\/strong><br \/> <strong>Glad<\/strong><br \/> 46% av m\u00e4nniskor rapporterar att de k\u00e4nner sig glada<br \/> <strong>Avslappnad<\/strong><br \/> 41% av m\u00e4nniskor rapporterar att de k\u00e4nner sig avslappnade<br \/> <strong>Upphetsad<\/strong><br \/> 19 % av m\u00e4nniskor rapporterar att de k\u00e4nner sig upphetsade<br \/> <strong>Negativ<\/strong><br \/> <strong>Torr mun<\/strong><br \/> 14 % av m\u00e4nniskor rapporterar att de har torr mun<br \/> <strong>Torra \u00f6gon<\/strong><br \/> 10 % av m\u00e4nniskor rapporterar att de har torra \u00f6gon<br \/> <strong>Yr<\/strong><br \/> 9 % av m\u00e4nniskor rapporterar att de k\u00e4nner sig yr<\/p>\n<div class=\"variety-percentage-wrap\">\n<h4 class=\"variety translation-block\"><a href=\"https:\/\/www.allbud.com\/marijuana-strains\/variety\/indica-dominant-hybrid\" target=\"_blank\" rel=\"noopener\">Indica Dominant Hybrid<\/a> <span class=\"hidden-xs\">\u2013 <\/span><span class=\"strain-percentages\">70% Indica \/ 30% Sativa<\/span><\/h4>\n<h4 class=\"percentage\"><span class=\"heading\">THC:\u00a0<\/span>17% \u2013 22%,\u00a0<span class=\"heading\">CBD:\u00a0<\/span><em>1<\/em>%,\u00a0<span class=\"heading\">CBN:\u00a0<\/span><em>1<\/em>%<\/h4>\n<\/p><\/div>\n<p>SFV OG, \u00e4ven k\u00e4nd som \"San Fernando Valley OG\" i cannabisgemenskapen, \u00e4r en potent indica-dominant fenotyp (70% indica\/30% sativa) av OG Kush-sorten, skapad av odlare vid de beryktade Cali Connection Farms i San Fernando Valley. Denna kraftfulla sort har en genomsnittlig THC-halt p\u00e5 mellan 17 och 22 % och uppvisar fr\u00e4mst indica-effekter. Anv\u00e4ndare beskriver SFV OG-ruset som ett med n\u00e4stan omedelbar uppkomst av avslappnande och lugnande effekter, vilket leder till en m\u00e5ttlig k\u00e4nsla av att vara soffl\u00e5st med ett l\u00e4tt tryck i sinne och kropp som lindrar sm\u00e4rta. Dessa effekter \u00e5tf\u00f6ljs av en k\u00e4nsla av upplyfthet och eufori, balanserad av de djupa indica-effekterna.<\/p>\n<h4 style=\"text-align: center\"><strong>CALI BUD OR NO BUD \u00a0<\/strong><strong>SFV\u00a0<\/strong><strong>\u00a0NEAR ME |\u00a0<\/strong><strong>SFV\u00a0<\/strong><strong>CALI BUD OR NO BUD\u00a0\u00a0 NEAR ME | CALI BUD OR NO BUD \u00a0NEAR ME<\/strong><\/h4>\n<p><strong>Odling av Cali Bud SFV-sorten<\/strong><br \/> Denna sort v\u00e4xer ganska kort och kan trivas b\u00e5de inomhus och utomhus. Den kommer inte att g\u00f6ra dig besviken, inte ens i ett v\u00e4xthus. Odlare b\u00f6r ge den \u00e5tminstone en m\u00e5nad, om inte fem, f\u00f6r att avsluta vegetationsfasen. Sorten blommar i \u00e5tta till nio veckor och ger ett gram per watt inomhus. Utomhus kan odlare sk\u00f6rda upp till ett pund per planta.<\/p>\n<p>Dessutom, p\u00e5 grund av dess starka effekter, \u00e4r SFV OG en idealisk sort f\u00f6r behandling av patienter som lider av tillst\u00e5nd som mild till m\u00e5ttlig depression, kronisk sm\u00e4rta p\u00e5 grund av skada eller sjukdom, muskelkramper och stress. SFV OG har en arom av mandariner med en svag hint av diesel och en smak av citrusfuru med en s\u00f6t dieseleftersmak vid utandning. SFV OG-knoppar har sm\u00e5 m\u00f6rkgr\u00f6n-arm\u00e9gr\u00f6na blommor med olivgr\u00f6na blad, r\u00f6dbruna h\u00e5r och ett fint lager av vita trikomer och harts.<\/p>\n<p>Sedan den ursprungliga lanseringen av OG Kush har m\u00e5nga olika fenotyper av denna sort dykt upp med \u00f6nskv\u00e4rda egenskaper. Snittet som spreds i San Fernando Valley och som skulle kallas SFV OG kommer fr\u00e5n Swerve fr\u00e5n The Cali Connection. Eftersom det ursprungliga snittet endast var klonbart fortsatte Swerve att odla sorten och blandade den s\u00e5 sm\u00e5ningom med Afghan #1. Afghan #1 \u00e4r en korsning av tv\u00e5 landras Indica-sorter fr\u00e5n Afghanistan.<\/p>\n<h5 style=\"text-align: center\"><strong style=\"text-align: center;color: #333333;font-size: 14.4px\">SFV <\/strong><strong style=\"text-align: center;color: #333333;font-size: 14.4px\">\u00a0STRAIN | \u00a0<\/strong><strong style=\"text-align: center;color: #333333;font-size: 14.4px\">SFV\u00a0<\/strong><strong style=\"text-align: center;color: #333333;font-size: 14.4px\">WEED STRAIN | CALI\u00a0<\/strong><strong style=\"text-align: center;color: #333333;font-size: 14.4px\">SFV\u00a0<\/strong><strong style=\"text-align: center;color: #333333;font-size: 14.4px\">| CALI\u00a0<\/strong><strong style=\"text-align: center;color: #333333;font-size: 14.4px\">SFV\u00a0<\/strong><strong style=\"text-align: center;color: #333333;font-size: 14.4px\">\u00a0STRAIN<\/strong><\/h5>\n<p><strong>Cali SFV Strain Frakt<\/strong><br \/> D\u00e4rf\u00f6r \u00e4r leveransen 100% diskret och vi ger en garanti f\u00f6r s\u00e4ker leverans eller full \u00e5terbetalning om kunden avbryter best\u00e4llningen. Vi erbjuder diskret v\u00e4rldsomsp\u00e4nnande leverans av dessa h\u00f6gkvalitativa Cali Bud-p\u00e5sar.<\/p>\n<p>Cali SFV Strain Leverans<br \/> Sj\u00e4lvklart, vi erbjuder diskret leverans av dessa toppklassiga Cali plug buds \u00f6ver hela v\u00e4rlden. Leveranstiden beror till stor del p\u00e5 var kunden \u00e4r bel\u00e4gen n\u00e4r best\u00e4llningen g\u00f6rs. L\u00e4gg din best\u00e4llning nu och f\u00e5 Cali buds skickade diskret till din adress utan problem.<\/p>\n<p>Varning f\u00f6r Cali SFV-strain.<br \/> Sammanfattningsvis inneh\u00e5ller denna produkt Cannabis, en schemalagd substans. H\u00e5ll utom r\u00e4ckh\u00e5ll f\u00f6r barn och djur. Cannabisprodukter f\u00e5r endast \u00e4gas eller konsumeras av personer som \u00e4r 21 \u00e5r eller \u00e4ldre, om inte personen \u00e4r en kvalificerad patient. De berusande effekterna av cannabisprodukter kan h\u00e5lla i upp till tv\u00e5 timmar. Cannabisbruk under graviditet eller amning kan vara skadligt. Konsumtion av dessa produkter f\u00f6rs\u00e4mrar din f\u00f6rm\u00e5ga att k\u00f6ra och anv\u00e4nda maskiner. V\u00e4nligen var extremt f\u00f6rsiktig.<\/p>\n<div data-testid=\"product-description\">\n<div class=\"truncate-lines__Wrapper-sc-1lknwty-0 YxHAC\">\n<div data-testid=\"truncated-description\">\n<div>\n<div class=\"text__Text-sc-fif1uk-0 kdmKRD\">\n<div class=\"src__Box-sc-1sbtrzs-0 src__Flex-sc-1sbtrzs-1 kWPFqZ hzdsvF\">\n<div>EXEMPELKATEGORIER F\u00d6R PRODUKTER<\/div>\n<\/p><\/div>\n<\/p><\/div>\n<\/p><\/div>\n<\/p><\/div>\n<\/p><\/div>\n<\/p><\/div>\n<div class=\"text__Text-sc-fif1uk-0 htoJfX\"><a href=\"https:\/\/jeetersofficial.com\/product-category\/buy-cali-buds\/\" target=\"_blank\" rel=\"noopener\">CALI BUDS<\/a><\/div>\n<div data-testid=\"product-description\">\n<div class=\"truncate-lines__Wrapper-sc-1lknwty-0 YxHAC\">\n<div data-testid=\"truncated-description\">\n<div class=\"text__Text-sc-fif1uk-0 kdmKRD\"><a href=\"https:\/\/jeetersofficial.com\/product-category\/backpack-boyz\/\" target=\"_blank\" rel=\"noopener\">Backpack\u00a0 Boyz<\/a><\/div>\n<div><a href=\"https:\/\/jeetersofficial.com\/product-category\/snow-balls-weed\/\" target=\"_blank\" rel=\"noopener\">SNOWBALLS WEED<\/a><\/div>\n<div><a href=\"https:\/\/jeetersofficial.com\/product-category\/persy-snowcaps\/\" target=\"_blank\" rel=\"noopener\">Persy Snowcaps<\/a><\/div>\n<div><a href=\"https:\/\/jeetersofficial.com\/product-category\/drip-snowcaps\/\" target=\"_blank\" rel=\"noopener\">Drip Snowcaps<\/a><\/div>\n<div><a href=\"https:\/\/jeetersofficial.com\/product-category\/concentrates\/\" target=\"_blank\" rel=\"noopener\">CALI CONCENTRATES<\/a><\/div>\n<div><a href=\"https:\/\/jeetersofficial.com\/product-category\/doja-exclusive\/\" target=\"_blank\" rel=\"noopener\">CALI DOJA PACKS EXCLUSIVE<\/a><\/div>\n<div><a href=\"https:\/\/jeetersofficial.com\/product-category\/marijuana-flowers\/\" target=\"_blank\" rel=\"noopener\">CALI MARIJUANA FLOWERS<\/a><\/div>\n<\/p><\/div>\n<\/p><\/div>\n<\/p><\/div>\n<div><a href=\"https:\/\/jeetersofficial.com\/product-category\/sativa-strain\/\" target=\"_blank\" rel=\"noopener\">CALI SATIVA STRAINS<\/a><\/div>\n<div><a href=\"https:\/\/jeetersofficial.com\/product-category\/indica\/\" target=\"_blank\" rel=\"noopener\">CALI INDICA STRAINS<\/a><\/div>\n<div><a href=\"https:\/\/jeetersofficial.com\/product-category\/hybrid-weed\/\" target=\"_blank\" rel=\"noopener\">CALI HYBRID WEED<\/a><\/div>","protected":false},"excerpt":{"rendered":"<p><strong>Cali Bud SFV Strain<\/strong><br \/> Cali SFV \u00e4r en utan tvekan inflytelserik cannabis-hybridblomma fr\u00e5n Cali, ett perfekt kors med jordgubbe och Grape Ape f\u00f6r att skapa denna fantastiska sort.<\/p>\n<p><strong>Medicinska anv\u00e4ndningar av Cali Bud SFV-sorten<\/strong><br \/> Cali SFV-sorten \u00e4r b\u00e4st f\u00f6r patienter som lider av \u00e5ngest, stress och sm\u00e4rta. Denna sort garanterar omedelbar och total lindring fr\u00e5n sm\u00e4rta och \u00e5ngest. Denna fantastiska och enast\u00e5ende sort hj\u00e4lper ocks\u00e5 till att bek\u00e4mpa symptomen p\u00e5 Parkinsons sjukdom.<\/p>","protected":false},"featured_media":1701,"comment_status":"closed","ping_status":"closed","template":"","meta":{"_uag_custom_page_level_css":"","site-sidebar-layout":"default","site-content-layout":"","ast-site-content-layout":"default","site-content-style":"default","site-sidebar-style":"default","ast-global-header-display":"","ast-banner-title-visibility":"","ast-main-header-display":"","ast-hfb-above-header-display":"","ast-hfb-below-header-display":"","ast-hfb-mobile-header-display":"","site-post-title":"","ast-breadcrumbs-content":"","ast-featured-img":"","footer-sml-layout":"","ast-disable-related-posts":"","theme-transparent-header-meta":"","adv-header-id-meta":"","stick-header-meta":"","header-above-stick-meta":"","header-main-stick-meta":"","header-below-stick-meta":"","astra-migrate-meta-layouts":"default","ast-page-background-enabled":"default","ast-page-background-meta":{"desktop":{"background-color":"var(--ast-global-color-5)","background-image":"","background-repeat":"repeat","background-position":"center center","background-size":"auto","background-attachment":"scroll","background-type":"","background-media":"","overlay-type":"","overlay-color":"","overlay-opacity":"","overlay-gradient":""},"tablet":{"background-color":"","background-image":"","background-repeat":"repeat","background-position":"center center","background-size":"auto","background-attachment":"scroll","background-type":"","background-media":"","overlay-type":"","overlay-color":"","overlay-opacity":"","overlay-gradient":""},"mobile":{"background-color":"","background-image":"","background-repeat":"repeat","background-position":"center center","background-size":"auto","background-attachment":"scroll","background-type":"","background-media":"","overlay-type":"","overlay-color":"","overlay-opacity":"","overlay-gradient":""}},"ast-content-background-meta":{"desktop":{"background-color":"var(--ast-global-color-4)","background-image":"","background-repeat":"repeat","background-position":"center center","background-size":"auto","background-attachment":"scroll","background-type":"","background-media":"","overlay-type":"","overlay-color":"","overlay-opacity":"","overlay-gradient":""},"tablet":{"background-color":"var(--ast-global-color-4)","background-image":"","background-repeat":"repeat","background-position":"center center","background-size":"auto","background-attachment":"scroll","background-type":"","background-media":"","overlay-type":"","overlay-color":"","overlay-opacity":"","overlay-gradient":""},"mobile":{"background-color":"var(--ast-global-color-4)","background-image":"","background-repeat":"repeat","background-position":"center center","background-size":"auto","background-attachment":"scroll","background-type":"","background-media":"","overlay-type":"","overlay-color":"","overlay-opacity":"","overlay-gradient":""}}},"product_brand":[],"product_cat":[675],"product_tag":[489,491,529,506,530,508,509,510,531,492,481,472,532,533,534,514,473,515,516,517,518,461,521,522,535,536,462,537,538,539,463,540,541,542,543,544,545],"class_list":{"0":"post-1766","1":"product","2":"type-product","3":"status-publish","4":"has-post-thumbnail","6":"product_cat-buy-cali-buds","7":"product_tag-best-cali-packs","8":"product_tag-buy-cali-bud-or-no-bud-online","9":"product_tag-buy-cali-bud-or-no-bud-sfv-online","10":"product_tag-buy-cali-buds","11":"product_tag-buy-sfv-cali-bud-or-no-bud-online","12":"product_tag-buy-weed-online","13":"product_tag-by-the-best-cali-buds","14":"product_tag-cali-bags","15":"product_tag-cali-bud","16":"product_tag-cali-bud-or-no-bud","17":"product_tag-cali-bud-or-no-bud-for-sale","18":"product_tag-cali-bud-or-no-bud-near-me","19":"product_tag-cali-bud-or-no-bud-sfv","20":"product_tag-cali-bud-or-no-bud-sfv-for-sale","21":"product_tag-cali-bud-or-no-bud-sfv-near-me","22":"product_tag-cali-bud-packs","23":"product_tag-cali-buds","24":"product_tag-cali-buds-online","25":"product_tag-cali-flavors","26":"product_tag-cali-flavours","27":"product_tag-cali-gush-lato","28":"product_tag-cali-packs","29":"product_tag-cali-plug","30":"product_tag-cali-plug-bags","31":"product_tag-cali-plug-bud","32":"product_tag-cali-plug-buds","33":"product_tag-cali-plug-cali-bud-or-no-bud","34":"product_tag-cali-plug-strains","35":"product_tag-cali-sfv","36":"product_tag-cali-sfv-strain","37":"product_tag-cali-straina","38":"product_tag-calibud","39":"product_tag-sfv-cali-bud-or-no-bud","40":"product_tag-sfv-cali-bud-or-no-bud-for-sale","41":"product_tag-sfv-cali-bud-or-no-bud-near-me","42":"product_tag-sfv-strain","43":"product_tag-sfv-weed-strain","44":"desktop-align-center","45":"tablet-align-left","46":"mobile-align-left","48":"first","49":"instock","50":"shipping-taxable","51":"purchasable","52":"product-type-variable"},"uagb_featured_image_src":{"full":["https:\/\/caliweedeurope.com\/wp-content\/uploads\/2024\/11\/sfv.jpg",458,673,false],"thumbnail":["https:\/\/caliweedeurope.com\/wp-content\/uploads\/2024\/11\/sfv-150x150.jpg",150,150,true],"medium":["https:\/\/caliweedeurope.com\/wp-content\/uploads\/2024\/11\/sfv-204x300.jpg",204,300,true],"medium_large":["https:\/\/caliweedeurope.com\/wp-content\/uploads\/2024\/11\/sfv.jpg",458,673,false],"large":["https:\/\/caliweedeurope.com\/wp-content\/uploads\/2024\/11\/sfv.jpg",458,673,false],"1536x1536":["https:\/\/caliweedeurope.com\/wp-content\/uploads\/2024\/11\/sfv.jpg",458,673,false],"2048x2048":["https:\/\/caliweedeurope.com\/wp-content\/uploads\/2024\/11\/sfv.jpg",458,673,false],"trp-custom-language-flag":["https:\/\/caliweedeurope.com\/wp-content\/uploads\/2024\/11\/sfv.jpg",8,12,false],"woocommerce_thumbnail":["https:\/\/caliweedeurope.com\/wp-content\/uploads\/2024\/11\/sfv-300x300.jpg",300,300,true],"woocommerce_single":["https:\/\/caliweedeurope.com\/wp-content\/uploads\/2024\/11\/sfv.jpg",458,673,false],"woocommerce_gallery_thumbnail":["https:\/\/caliweedeurope.com\/wp-content\/uploads\/2024\/11\/sfv-100x100.jpg",100,100,true]},"uagb_author_info":{"display_name":"jetskiforsaleuk@gmail.com","author_link":"https:\/\/caliweedeurope.com\/sv\/author\/"},"uagb_comment_info":0,"uagb_excerpt":"Cali Bud SFV Strain Cali SFV is an undoubtedly influential cannabis hybrid Cali flower, a perfect cross with strawberry and grape ape to get this amazing strain. Medical Uses Of Cali Bud SFV Strain Cali SFV Strain is best for patients suffering from anxiety, stress, and pain. This strain fully guarantees immediate and total relief&hellip;","_links":{"self":[{"href":"https:\/\/caliweedeurope.com\/sv\/wp-json\/wp\/v2\/product\/1766"}],"collection":[{"href":"https:\/\/caliweedeurope.com\/sv\/wp-json\/wp\/v2\/product"}],"about":[{"href":"https:\/\/caliweedeurope.com\/sv\/wp-json\/wp\/v2\/types\/product"}],"replies":[{"embeddable":true,"href":"https:\/\/caliweedeurope.com\/sv\/wp-json\/wp\/v2\/comments?post=1766"}],"wp:featuredmedia":[{"embeddable":true,"href":"https:\/\/caliweedeurope.com\/sv\/wp-json\/wp\/v2\/media\/1701"}],"wp:attachment":[{"href":"https:\/\/caliweedeurope.com\/sv\/wp-json\/wp\/v2\/media?parent=1766"}],"wp:term":[{"taxonomy":"product_brand","embeddable":true,"href":"https:\/\/caliweedeurope.com\/sv\/wp-json\/wp\/v2\/product_brand?post=1766"},{"taxonomy":"product_cat","embeddable":true,"href":"https:\/\/caliweedeurope.com\/sv\/wp-json\/wp\/v2\/product_cat?post=1766"},{"taxonomy":"product_tag","embeddable":true,"href":"https:\/\/caliweedeurope.com\/sv\/wp-json\/wp\/v2\/product_tag?post=1766"}],"curies":[{"name":"wp","href":"https:\/\/api.w.org\/{rel}","templated":true}]}}