{"id":1772,"date":"2024-11-05T18:39:19","date_gmt":"2024-11-05T18:39:19","guid":{"rendered":"https:\/\/caliweedeurope.com\/?post_type=product&#038;p=1772"},"modified":"2024-11-05T18:39:26","modified_gmt":"2024-11-05T18:39:26","slug":"buy-cali-bud-sundae-driver-online","status":"publish","type":"product","link":"https:\/\/caliweedeurope.com\/sv\/product\/buy-cali-bud-sundae-driver-online\/","title":{"rendered":"Buy Cali Bud Sundae Driver Online"},"content":{"rendered":"<h1 style=\"text-align: center\"><strong>\u00a0 \u00a0 \u00a0 \u00a0 \u00a0<\/strong><strong>SUNDAE DRIVER <\/strong><strong>CALI BUD OR NO BUD\u00a0|<\/strong><strong>\u00a0CALI BUD OR NO BUD\u00a0<\/strong><strong>SUNDAE DRIVER <\/strong><strong>|<\/strong><strong>\u00a0CALI PLUG CALI BUD OR NO BUD<\/strong><\/h1>\n<p><strong>Cali Bud eller ingen Bud Sundae Driver<\/strong><br \/> K\u00f6p Cali Bud Sundae Driver cannabis-smak online. Heta och trendiga toppklassade inomhus Cali Buds till f\u00f6rs\u00e4ljning p\u00e5 Cali Plug Online shop till bra priser. Cali Sundae Driver \u00e4r en inflytelserik hybridstam med Sativa-dominans, korsad med Strawberry och Grape Ape f\u00f6r att skapa denna fantastiska stam.<\/p>\n<p class=\"translation-block\"><b>Sundae Driver<\/b>, \u00e4ven k\u00e4nd som \"Sunday Driver\", \u00e4r en\u00a0<a href=\"https:\/\/www.leafly.com\/strains\/lists\/category\/hybrid\" target=\"_blank\" rel=\"noopener\">hybridmarihuanasort<\/a> skapad genom att korsa FPOG med\u00a0<a href=\"https:\/\/www.leafly.com\/strains\/grape-pie\" target=\"_blank\" rel=\"noopener\">Grape Pie<\/a>. Effekterna av denna sort f\u00e5r dig att k\u00e4nna dig balanserad, lugn och\u00a0<a href=\"https:\/\/www.leafly.com\/strains\/lists\/effect\/happy\" target=\"_blank\" rel=\"noopener\">lyc<\/a>klig<a href=\"https:\/\/www.leafly.com\/strains\/lists\/effect\/happy\" target=\"_blank\" rel=\"noopener\">.<\/a> Sundae Driver har en s\u00f6t, mild och kr\u00e4mig smak. sundae driver weed<\/p>\n<p>Sundae Driver \u00e4r en av de sorter som passar n\u00e4stan alla \u2013 nya anv\u00e4ndare kan b\u00f6rja l\u00e5ngsamt och tajma sitt rus f\u00f6r att sl\u00e5 in senare p\u00e5 dagen, medan mer erfarna anv\u00e4ndare kan njuta av denna bud utan begr\u00e4nsningar. Dess blandning av fantastiska smaker och balanserade effekter brukar uppfylla alla krav, oavsett vad du har planerat f\u00f6r dagen.<\/p>\n<h2 style=\"text-align: center\"><strong style=\"font-size: 23.04px;text-align: center;color: #333333\">\u00a0BUY <\/strong><strong style=\"font-size: 23.04px;text-align: center;color: #333333\">SUNDAE DRIVER\u00a0<\/strong><strong style=\"font-size: 23.04px;text-align: center;color: #333333\">CALI BUD OR NO BUD\u00a0 ONLINE | BUY CALI BUD OR NO BUD\u00a0<\/strong><strong style=\"font-size: 23.04px;text-align: center;color: #333333\">SUNDAE DRIVER\u00a0<\/strong><strong style=\"font-size: 23.04px;text-align: center;color: #333333\">ONLINE | BUY CALI BUD OR NO BUD ONLINE<\/strong><\/h2>\n<p><strong>Medicinska anv\u00e4ndningsomr\u00e5den f\u00f6r cannabisorten Cali Bud Sundae Driver<\/strong><br \/> Cali Sundae Driver-strainen \u00e4r b\u00e4st f\u00f6r patienter som lider av stress och muskelspasmer. Denna strain garanterar omedelbar lindring av sm\u00e4rta och \u00e5ngest. Den fungerar ocks\u00e5 som medicin mot bultande sm\u00e4rta och illam\u00e5ende. Strainen kan ocks\u00e5 hj\u00e4lpa till att bek\u00e4mpa symtom p\u00e5 PTSD. K\u00f6p f\u00f6rstklassiga Cali-strains fr\u00e5n Cali Weed Plug f\u00f6r \u00e4kta buds och s\u00e4ker leverans.<\/p>\n<p>Sundae Driver \u00e4r en n\u00e4stan j\u00e4mn hybrid marijuana-stam (50 % Sativa\/50 % Indica), skapad genom att korsa Grape Pie- och Fruity Pebbles OG-stammarna. THC-niv\u00e5erna f\u00f6r denna stam \u00e4r relativt blygsamma och \u00f6verstiger inte 16 %, vilket g\u00f6r den till en mild stam som alla anv\u00e4ndare kan njuta av. CBD-niv\u00e5erna \u00e4r mindre \u00e4n 1 %.<br \/> Sundae Driver\u2019s knoppar \u00e4r vackert olivgr\u00f6na med inslag av druvor, kompletterade av ett \u00f6verfl\u00f6d av ljusa orange pistiller och fluffiga mj\u00f6lkvita trikomer.<br \/> Aromat av denna stam \u00e4r mestadels jordig, med v\u00e4l uttalade fruktiga och chokladiga toner. Smaken p\u00e5minner om en efterr\u00e4tt, dekadent med s\u00f6t choklad och sockerfrukter vid utandning.<\/p>\n<h3 style=\"text-align: center\"><strong>SUNDAE DRIVER <\/strong><strong>CALI BUD OR NO BUD FOR SALE | CALI BUD OR NO BUD\u00a0\u00a0<\/strong><strong>SUNDAE DRIVER\u00a0<\/strong><strong>FOR SALE | CALI BUD OR NO BUD\u00a0 FOR SALE<\/strong><\/h3>\n<p><strong>Odling av cannabisstammen Sundae Driver<\/strong><br \/> Denna stam v\u00e4xer kort och kan trivas bra b\u00e5de inomhus, utomhus eller till och med i ett v\u00e4xthus. Blomningen varar i \u00e5tta till nio veckor och ger ett gram per watt inomhus. Uteodlare kan f\u00e5 upp till ett pund per v\u00e4xt.<\/p>\n<p class=\"translation-block\">High fr\u00e5n Sundae Driver b\u00f6rjar l\u00e5ngsamt och reng\u00f6r f\u00f6rsiktigt ditt sinne fr\u00e5n o\u00f6nskade tankar, tar bort oro, stress och \u00e5ngest. Det lyfter varsamt sinnet och f\u00f6r anv\u00e4ndaren till ett lugnt och euforiskt sinnestillst\u00e5nd, vilket fr\u00e4mjar lugn, lycka och ren gl\u00e4dje. N\u00e4r de cerebrala effekterna har satt sig, b\u00f6rjar high l\u00e5ngsamt att krypa fr\u00e5n huvudet ner\u00e5t och avslappnar gradvis kroppen, tumme f\u00f6r tumme, tills det k\u00e4nns l\u00e4tt som en fj\u00e4der. Om intaget \u00e4r m\u00e5ttligt, h\u00e5ller sig high lite l\u00e4ngre i muskler och leder, vilket ger anv\u00e4ndaren en verkligen balanserad upplevelse. Vid denna tidpunkt kanske du vill ta ett till bloss och l\u00e5ngsamt glida in i en tillfredsst\u00e4llande tupplur, eller inte, och l\u00e5ta tyngden av den m\u00e4nskliga erfarenheten gradvis ta \u00f6ver din kropp och sinne, och f\u00f6ra dig tillbaka till verkligheten. Oavsett vilket, \u00e4r upplevelsen av Sundae Driver utan tvekan <a href=\"https:\/\/caliplugcarts.com\/product-category\/cali-bud\/\" target=\"_blank\" rel=\"noopener\">trevlig<\/a> i varje fall<\/p>\n<h4 style=\"text-align: center\"><strong>CALI BUD OR NO BUD \u00a0<\/strong><strong>SUNDAE DRIVER\u00a0<\/strong><strong>\u00a0NEAR ME |\u00a0<\/strong><strong>SUNDAE DRIVER\u00a0<\/strong><strong>CALI BUD OR NO BUD\u00a0\u00a0 NEAR ME | CALI BUD OR NO BUD \u00a0NEAR ME<\/strong><\/h4>\n<p><strong>\u00a0Effekter av Sundae Driver<\/strong><br \/> <strong>Kroppseffekt<\/strong>, Eufori, Avslappnande, S\u00f6mnig, Upplyftande<\/p>\n<p><strong>Kan lindra<\/strong><br \/> \u00c5ngest, Kronisk sm\u00e4rta, Depression, S\u00f6mnl\u00f6shet, PTSD, Stress<br \/> <strong>Smaker<\/strong><br \/> Godis, Choklad, Kr\u00e4mig, Fruktig, Sockrig, S\u00f6t<br \/> <strong>Aromer<\/strong><br \/> Choklad, Jordig, Fruktig, \u00d6rtig, S\u00f6t<\/p>\n<p>Terpener<br \/> Linalool<br \/> Limonen<br \/> Karyofyllen<\/p>\n<p class=\"translation-block\">Positiva effekter:<br> Lycka<br> Eufori<br> Avslappning<br> Stresslindring<br> Hum\u00f6rf\u00f6rb\u00e4ttrare<\/p>\n<p class=\"translation-block\">Biverkningar:<br> Torra \u00f6gon<br> Torr mun<br> Yrsel<\/p>\n<h5 style=\"text-align: center\"><strong>SUNDAE DRIVER\u00a0<\/strong><strong>\u00a0STRAIN | \u00a0<\/strong><strong>SUNDAE DRIVER\u00a0<\/strong><strong>WEED STRAIN | CALI\u00a0<\/strong><strong>SUNDAE DRIVER\u00a0<\/strong><strong>| CALI\u00a0<\/strong><strong>SUNDAE DRIVER\u00a0<\/strong><strong>\u00a0STRAIN<\/strong><\/h5>\n<p><strong>\u00a0Varning.<\/strong><br \/> Denna produkt inneh\u00e5ller cannabis, ett reglerat \u00e4mne. F\u00f6rvara utom r\u00e4ckh\u00e5ll f\u00f6r barn och djur. <a href=\"https:\/\/caliplugcarts.com\/product-category\/cali-carts\/\" target=\"_blank\" rel=\"noopener\">Cannabis<\/a> produkter f\u00e5r endast \u00e4gas eller konsumeras av personer som \u00e4r 21 \u00e5r eller \u00e4ldre, om inte personen \u00e4r en kvalificerad patient. De bed\u00f6vande effekterna av cannabisprodukter kan vara i upp till tv\u00e5 timmar. Anv\u00e4ndning av cannabis under graviditet eller amning kan vara skadligt. Konsumtion av dessa produkter f\u00f6rs\u00e4mrar din f\u00f6rm\u00e5ga att k\u00f6ra eller anv\u00e4nda maskiner. V\u00e4nligen anv\u00e4nd yttersta f\u00f6rsiktighet.<\/p>\n<p>Om du n\u00e5gonsin har l\u00e4ngtat efter den perfekta sorten att ta med dig p\u00e5 en s\u00f6ndagsf\u00e4rd, naturligtvis som passagerare, \u00f6verv\u00e4g Sundae Driver, en produkt fr\u00e5n Cannarado Genetics. Genom att korsa Fruity Pebbles OG och Grape Pie har detta mystiska team utvecklat en j\u00e4mnt balanserad hybrid som \u00e4r en fantastisk resekompis eller g\u00f6r lika bra hemma.<\/p>\n<p>Tillr\u00e4ckligt mild f\u00f6r att de flesta anv\u00e4ndare ska kunna njuta av den, ligger THC-niv\u00e5n i Sundae Driver mellan 14 % och 16 %.<\/p>\n<p>Tack vare hennes glada och bekymmersl\u00f6sa attityd anv\u00e4nds Sundae Driver ofta av medicinska patienter f\u00f6r att hj\u00e4lpa till med mentala problem som depression, \u00e5ngest, PTSD och mer. Det har dock sagts att den \u00e4r lika f\u00f6rdelaktig n\u00e4r det g\u00e4ller fysiska \u00e5kommor, s\u00e5 n\u00e4sta g\u00e5ng du har en migr\u00e4n eller ett kvinnligt h\u00e4lsoproblem, prova att ta n\u00e5gra puffar. \u00c5terigen, om du har l\u00e5g tolerans och unnar dig tillr\u00e4ckligt, kan Sundae Driver ocks\u00e5 hj\u00e4lpa mot s\u00f6mnl\u00f6shet.<\/p>\n<div data-testid=\"product-description\">\n<div class=\"truncate-lines__Wrapper-sc-1lknwty-0 YxHAC\">\n<div data-testid=\"truncated-description\">\n<div>\n<div class=\"text__Text-sc-fif1uk-0 kdmKRD\">\n<div class=\"src__Box-sc-1sbtrzs-0 src__Flex-sc-1sbtrzs-1 kWPFqZ hzdsvF\">\n<div>EXEMPELKATEGORIER F\u00d6R PRODUKTER<\/div>\n<\/p><\/div>\n<\/p><\/div>\n<\/p><\/div>\n<\/p><\/div>\n<\/p><\/div>\n<\/p><\/div>\n<div class=\"text__Text-sc-fif1uk-0 htoJfX\"><a href=\"https:\/\/jeetersofficial.com\/product-category\/buy-cali-buds\/\" target=\"_blank\" rel=\"noopener\">CALI BUDS<\/a><\/div>\n<div data-testid=\"product-description\">\n<div class=\"truncate-lines__Wrapper-sc-1lknwty-0 YxHAC\">\n<div data-testid=\"truncated-description\">\n<div class=\"text__Text-sc-fif1uk-0 kdmKRD\"><a href=\"https:\/\/jeetersofficial.com\/product-category\/backpack-boyz\/\" target=\"_blank\" rel=\"noopener\">Backpack\u00a0 Boyz<\/a><\/div>\n<div><a href=\"https:\/\/jeetersofficial.com\/product-category\/snow-balls-weed\/\" target=\"_blank\" rel=\"noopener\">SNOWBALLS WEED<\/a><\/div>\n<div><a href=\"https:\/\/jeetersofficial.com\/product-category\/persy-snowcaps\/\" target=\"_blank\" rel=\"noopener\">Persy Snowcaps<\/a><\/div>\n<div><a href=\"https:\/\/jeetersofficial.com\/product-category\/drip-snowcaps\/\" target=\"_blank\" rel=\"noopener\">Drip Snowcaps<\/a><\/div>\n<div><a href=\"https:\/\/jeetersofficial.com\/product-category\/concentrates\/\" target=\"_blank\" rel=\"noopener\">CALI CONCENTRATES<\/a><\/div>\n<div><a href=\"https:\/\/jeetersofficial.com\/product-category\/doja-exclusive\/\" target=\"_blank\" rel=\"noopener\">CALI DOJA PACKS EXCLUSIVE<\/a><\/div>\n<div><a href=\"https:\/\/jeetersofficial.com\/product-category\/marijuana-flowers\/\" target=\"_blank\" rel=\"noopener\">CALI MARIJUANA FLOWERS<\/a><\/div>\n<\/p><\/div>\n<\/p><\/div>\n<\/p><\/div>\n<div><a href=\"https:\/\/jeetersofficial.com\/product-category\/sativa-strain\/\" target=\"_blank\" rel=\"noopener\">CALI SATIVA STRAINS<\/a><\/div>\n<div><a href=\"https:\/\/jeetersofficial.com\/product-category\/indica\/\" target=\"_blank\" rel=\"noopener\">CALI INDICA STRAINS<\/a><\/div>\n<div><a href=\"https:\/\/jeetersofficial.com\/product-category\/hybrid-weed\/\" target=\"_blank\" rel=\"noopener\">CALI HYBRID WEED<\/a><\/div>","protected":false},"excerpt":{"rendered":"<p><strong>Cali bud Sundae Driver<\/strong><br \/> K\u00f6p Cali Bud Sundae Driver cannabis-smak online. Heta och trendiga toppklassade inomhus Cali Buds till f\u00f6rs\u00e4ljning p\u00e5\u00a0<a href=\"http:\/\/caliweedplug.com\/\">Cali Plug<\/a>\u00a0Onlinebutik till bra priser. Cali Sundae Driver \u00e4r en inflytelserik hybridstam med Sativa-dominans, korsad med Strawberry och Grape Ape f\u00f6r att skapa denna fantastiska stam.<\/p>","protected":false},"featured_media":1802,"comment_status":"closed","ping_status":"closed","template":"","meta":{"_uag_custom_page_level_css":"","site-sidebar-layout":"default","site-content-layout":"","ast-site-content-layout":"","site-content-style":"default","site-sidebar-style":"default","ast-global-header-display":"","ast-banner-title-visibility":"","ast-main-header-display":"","ast-hfb-above-header-display":"","ast-hfb-below-header-display":"","ast-hfb-mobile-header-display":"","site-post-title":"","ast-breadcrumbs-content":"","ast-featured-img":"","footer-sml-layout":"","theme-transparent-header-meta":"","adv-header-id-meta":"","stick-header-meta":"","header-above-stick-meta":"","header-main-stick-meta":"","header-below-stick-meta":"","astra-migrate-meta-layouts":"default","ast-page-background-enabled":"default","ast-page-background-meta":{"desktop":{"background-color":"var(--ast-global-color-4)","background-image":"","background-repeat":"repeat","background-position":"center center","background-size":"auto","background-attachment":"scroll","background-type":"","background-media":"","overlay-type":"","overlay-color":"","overlay-opacity":"","overlay-gradient":""},"tablet":{"background-color":"","background-image":"","background-repeat":"repeat","background-position":"center center","background-size":"auto","background-attachment":"scroll","background-type":"","background-media":"","overlay-type":"","overlay-color":"","overlay-opacity":"","overlay-gradient":""},"mobile":{"background-color":"","background-image":"","background-repeat":"repeat","background-position":"center center","background-size":"auto","background-attachment":"scroll","background-type":"","background-media":"","overlay-type":"","overlay-color":"","overlay-opacity":"","overlay-gradient":""}},"ast-content-background-meta":{"desktop":{"background-color":"var(--ast-global-color-5)","background-image":"","background-repeat":"repeat","background-position":"center center","background-size":"auto","background-attachment":"scroll","background-type":"","background-media":"","overlay-type":"","overlay-color":"","overlay-opacity":"","overlay-gradient":""},"tablet":{"background-color":"var(--ast-global-color-5)","background-image":"","background-repeat":"repeat","background-position":"center center","background-size":"auto","background-attachment":"scroll","background-type":"","background-media":"","overlay-type":"","overlay-color":"","overlay-opacity":"","overlay-gradient":""},"mobile":{"background-color":"var(--ast-global-color-5)","background-image":"","background-repeat":"repeat","background-position":"center center","background-size":"auto","background-attachment":"scroll","background-type":"","background-media":"","overlay-type":"","overlay-color":"","overlay-opacity":"","overlay-gradient":""}}},"product_brand":[],"product_cat":[675],"product_tag":[489,491,676,506,677,508,509,510,531,492,481,472,678,679,680,514,515,517,518,461,522,536,462,681,682,540,467,683,684,685,686,687],"class_list":{"0":"post-1772","1":"product","2":"type-product","3":"status-publish","4":"has-post-thumbnail","6":"product_cat-buy-cali-buds","7":"product_tag-best-cali-packs","8":"product_tag-buy-cali-bud-or-no-bud-online","9":"product_tag-buy-cali-bud-or-no-bud-sundae-driver-online","10":"product_tag-buy-cali-buds","11":"product_tag-buy-sundae-driver-cali-bud-or-no-bud-online","12":"product_tag-buy-weed-online","13":"product_tag-by-the-best-cali-buds","14":"product_tag-cali-bags","15":"product_tag-cali-bud","16":"product_tag-cali-bud-or-no-bud","17":"product_tag-cali-bud-or-no-bud-for-sale","18":"product_tag-cali-bud-or-no-bud-near-me","19":"product_tag-cali-bud-or-no-bud-sundae-driver","20":"product_tag-cali-bud-or-no-bud-sundae-driver-for-sale","21":"product_tag-cali-bud-or-no-bud-sundae-driver-near-me","22":"product_tag-cali-bud-packs","23":"product_tag-cali-buds-online","24":"product_tag-cali-flavours","25":"product_tag-cali-gush-lato","26":"product_tag-cali-packs","27":"product_tag-cali-plug-bags","28":"product_tag-cali-plug-buds","29":"product_tag-cali-plug-cali-bud-or-no-bud","30":"product_tag-cali-sundae-driver","31":"product_tag-cali-sundae-driver-strain","32":"product_tag-calibud","33":"product_tag-hardball-cookies","34":"product_tag-sundae-driver-cali-bud-or-no-bud","35":"product_tag-sundae-driver-cali-bud-or-no-bud-for-sale","36":"product_tag-sundae-driver-cali-bud-or-no-bud-near-me","37":"product_tag-sundae-driver-strain","38":"product_tag-sundae-driver-weed-strain","39":"desktop-align-center","40":"tablet-align-left","41":"mobile-align-left","43":"first","44":"instock","45":"shipping-taxable","46":"purchasable","47":"product-type-variable"},"uagb_featured_image_src":{"full":["https:\/\/caliweedeurope.com\/wp-content\/uploads\/2024\/11\/IMG-0224.jpg",956,1276,false],"thumbnail":["https:\/\/caliweedeurope.com\/wp-content\/uploads\/2024\/11\/IMG-0224-150x150.jpg",150,150,true],"medium":["https:\/\/caliweedeurope.com\/wp-content\/uploads\/2024\/11\/IMG-0224-225x300.jpg",225,300,true],"medium_large":["https:\/\/caliweedeurope.com\/wp-content\/uploads\/2024\/11\/IMG-0224-768x1025.jpg",768,1025,true],"large":["https:\/\/caliweedeurope.com\/wp-content\/uploads\/2024\/11\/IMG-0224-767x1024.jpg",767,1024,true],"1536x1536":["https:\/\/caliweedeurope.com\/wp-content\/uploads\/2024\/11\/IMG-0224.jpg",956,1276,false],"2048x2048":["https:\/\/caliweedeurope.com\/wp-content\/uploads\/2024\/11\/IMG-0224.jpg",956,1276,false],"trp-custom-language-flag":["https:\/\/caliweedeurope.com\/wp-content\/uploads\/2024\/11\/IMG-0224.jpg",9,12,false],"woocommerce_thumbnail":["https:\/\/caliweedeurope.com\/wp-content\/uploads\/2024\/11\/IMG-0224-300x300.jpg",300,300,true],"woocommerce_single":["https:\/\/caliweedeurope.com\/wp-content\/uploads\/2024\/11\/IMG-0224-600x801.jpg",600,801,true],"woocommerce_gallery_thumbnail":["https:\/\/caliweedeurope.com\/wp-content\/uploads\/2024\/11\/IMG-0224-100x100.jpg",100,100,true]},"uagb_author_info":{"display_name":"jetskiforsaleuk@gmail.com","author_link":"https:\/\/caliweedeurope.com\/sv\/author\/"},"uagb_comment_info":0,"uagb_excerpt":"Cali Bud Sundae Driver Buy Cali bud Sundae Driver cannabis flavor online. Hot and trending top-shelf indoor Cali buds for sale at the\u00a0Cali Plug\u00a0Online shop at cool prices, Cali Sundae Driver is an influential cannabis Sativa dominant hybrid strain cross with strawberry and grape ape to get this amazing strain.","_links":{"self":[{"href":"https:\/\/caliweedeurope.com\/sv\/wp-json\/wp\/v2\/product\/1772"}],"collection":[{"href":"https:\/\/caliweedeurope.com\/sv\/wp-json\/wp\/v2\/product"}],"about":[{"href":"https:\/\/caliweedeurope.com\/sv\/wp-json\/wp\/v2\/types\/product"}],"replies":[{"embeddable":true,"href":"https:\/\/caliweedeurope.com\/sv\/wp-json\/wp\/v2\/comments?post=1772"}],"wp:featuredmedia":[{"embeddable":true,"href":"https:\/\/caliweedeurope.com\/sv\/wp-json\/wp\/v2\/media\/1802"}],"wp:attachment":[{"href":"https:\/\/caliweedeurope.com\/sv\/wp-json\/wp\/v2\/media?parent=1772"}],"wp:term":[{"taxonomy":"product_brand","embeddable":true,"href":"https:\/\/caliweedeurope.com\/sv\/wp-json\/wp\/v2\/product_brand?post=1772"},{"taxonomy":"product_cat","embeddable":true,"href":"https:\/\/caliweedeurope.com\/sv\/wp-json\/wp\/v2\/product_cat?post=1772"},{"taxonomy":"product_tag","embeddable":true,"href":"https:\/\/caliweedeurope.com\/sv\/wp-json\/wp\/v2\/product_tag?post=1772"}],"curies":[{"name":"wp","href":"https:\/\/api.w.org\/{rel}","templated":true}]}}