{"id":1778,"date":"2024-11-05T18:39:20","date_gmt":"2024-11-05T18:39:20","guid":{"rendered":"https:\/\/caliweedeurope.com\/?post_type=product&#038;p=1778"},"modified":"2024-11-05T18:39:26","modified_gmt":"2024-11-05T18:39:26","slug":"buy-cali-bud-super-glue-online","status":"publish","type":"product","link":"https:\/\/caliweedeurope.com\/sv\/product\/buy-cali-bud-super-glue-online\/","title":{"rendered":"Buy Cali Bud Super Glue Online"},"content":{"rendered":"<h1 style=\"text-align: center\"><strong>\u00a0 \u00a0 \u00a0 \u00a0 \u00a0<\/strong><strong>SUPER GLUE <\/strong><strong>CALI BUD OR NO BUD\u00a0|<\/strong><strong>\u00a0CALI BUD OR NO BUD\u00a0<\/strong><strong>SUPER GLUE <\/strong><strong>|<\/strong><strong>\u00a0CALI PLUG CALI BUD OR NO BUD<\/strong><\/h1>\n<p><strong>Cali Bud Super Glue<\/strong><\/p>\n<p>Cali Bud Super Glue, en inflytelserik cannabis-hybrid som korsas med Strawberry och Grape Ape f\u00f6r att skapa dessa fantastiska sorter, \u00e4r b\u00e4st f\u00f6r patienter som lider av \u00e5ngest och kronisk sm\u00e4rta. Denna sort garanterar omedelbar sm\u00e4rtlindring. De l\u00e4tta effekterna kan underl\u00e4tta lindring av pulserande sm\u00e4rta samt illam\u00e5ende. Sorten kan ocks\u00e5 hj\u00e4lpa till att bek\u00e4mpa symptomen p\u00e5 PTSD. Denna sort v\u00e4xer kort och trivs bra inomhus, utomhus eller till och med i en tr\u00e4dg\u00e5rd. Geekar b\u00f6r ge den \u00e5tminstone en m\u00e5nad, om inte fem, f\u00f6r att slutf\u00f6ra vegetationen. Superglue cannabis-blommor blommar i \u00e5tta till nio veckor och kommer att ge ett gram per watt inomhus. Utomhusodlare kan sk\u00f6rda upp till ett pund per v\u00e4xt.<\/p>\n<h2 style=\"text-align: center\"><strong>BUY\u00a0<\/strong><strong>SUPER GLUE\u00a0<\/strong><strong>CALI BUD OR NO BUD\u00a0 ONLINE | BUY CALI BUD OR NO BUD\u00a0<\/strong><strong>SUPER GLUE\u00a0<\/strong><strong>ONLINE | BUY CALI BUD OR NO BUD ONLINE<\/strong><\/h2>\n<p>Varning.<\/p>\n<p>Cali Bud Super Glue inneh\u00e5ller Cannabis, en klassificerad substans. F\u00f6rvaras utom r\u00e4ckh\u00e5ll f\u00f6r barn och djur. Cannabisprodukter f\u00e5r endast \u00e4gas eller konsumeras av personer som \u00e4r 21 \u00e5r eller \u00e4ldre, om inte personen \u00e4r en kvalificerad patient. De berusande effekterna av cannabisprodukter kan vara i upp till tv\u00e5 timmar. Cannabisbruk under graviditet eller amning kan vara skadligt. Konsumtion av Cali Bud eller No Bud-produkter p\u00e5verkar din f\u00f6rm\u00e5ga att k\u00f6ra bil eller anv\u00e4nda maskiner. V\u00e4nligen anv\u00e4nd med extrem f\u00f6rsiktighet.<\/p>\n<p class=\"translation-block\"><b>Superglue<\/b>, \u00e4ven k\u00e4nd som \"Tacky Glue\", \u00e4r en hybrid med \u00f6verv\u00e4gande indica som ger en funktionell och avslappnande h\u00f6g f\u00f6r kropp och sinne. Med doft av tall och en s\u00f6t karamell-arom, odlas denna strain av Seedism Seeds. Superglue skapas genom att korsa <a href=\"https:\/\/www.leafly.com\/strains\/afghani\" target=\"_blank\" rel=\"noopener\">Afghani<\/a> och Northern Light. De som gillar Superglue s\u00e4ger att den avslappnar, samtidigt som den h\u00e5ller dig funktionell och tillr\u00e4ckligt energisk f\u00f6r sociala aktiviteter eller till och med en produktiv eftermiddag.<\/p>\n<h3 style=\"text-align: center\"><strong>SUPER GLUE\u00a0<\/strong><strong>CALI BUD OR NO BUD FOR SALE | CALI BUD OR NO BUD\u00a0\u00a0<\/strong><strong>SUPER GLUE\u00a0<\/strong><strong>FOR SALE | CALI BUD OR NO BUD\u00a0 FOR SALE<\/strong><\/h3>\n<div class=\"variety-percentage-wrap\">\n<h4 class=\"variety translation-block\"><a href=\"https:\/\/www.allbud.com\/marijuana-strains\/variety\/indica-dominant-hybrid\" target=\"_blank\" rel=\"noopener\">Indica Dominant Hybrid<\/a> <span class=\"hidden-xs\">\u2013 <\/span><span class=\"strain-percentages\">70% Indica \/ 30% Sativa<\/span><\/h4>\n<h4 class=\"percentage\"><span class=\"heading\">THC:\u00a0<\/span>23%,\u00a0<span class=\"heading\">CBD:\u00a0<\/span><em>1<\/em>%<\/h4>\n<\/p><\/div>\n<p>Superglue OG, \u00e4ven k\u00e4nd helt enkelt som Superglue, \u00e4r en indica-dominant hybrid, en kombination av Skunk #1 och Northern Lights. Den kan hittas i flera medicinska marihuana-apotek i Kalifornien och Washington State, men inte p\u00e5 m\u00e5nga andra st\u00e4llen. Om den dyker upp p\u00e5 svarta marknaden, betrakta det som ett s\u00e4llsynt fynd. De frostiga vita blommorna fr\u00e5n denna v\u00e4xt har en massiv THC-niv\u00e5, mer \u00e4n 23% i vissa tester. CBD-niv\u00e5erna \u00e4r ocks\u00e5 h\u00f6gre \u00e4n genomsnittet, upp till 1,4% i tester.<\/p>\n<h4 style=\"text-align: center\"><strong>CALI BUD OR NO BUD \u00a0<\/strong><strong>SUPER GLUE\u00a0<\/strong><strong>\u00a0NEAR ME |\u00a0<\/strong><strong>SUPER GLUE\u00a0<\/strong><strong>CALI BUD OR NO BUD\u00a0\u00a0 NEAR ME | CALI BUD OR NO BUD \u00a0NEAR ME<\/strong><\/h4>\n<p>Detta g\u00f6r denna sort s\u00e4rskilt anv\u00e4ndbar f\u00f6r medicinska \u00e4ndam\u00e5l, idealisk f\u00f6r behandling av depression, sm\u00e4rta och \u00e5ngest; den kan ocks\u00e5 hj\u00e4lpa till med anfall och muskelspasmer. Dessa gener skapar en kraftfull, avslappnande kroppseffekt med vissa begr\u00e4nsade cerebrala effekter. Det \u00e4r ett starkt val f\u00f6r fysiskt obehag och stress. Det finns inte mycket offentlig information om smaken eller aromen av denna s\u00e4llsynta sort, men precis som sina popul\u00e4ra f\u00f6r\u00e4ldrar har den f\u00f6rmodligen en jordig smak med inslag av tall och citrus. Patienter kan hitta den i utvalda apotek p\u00e5 v\u00e4stkusten, men den \u00e4r s\u00e4llsynt utanf\u00f6r den medicinska marknaden.<\/p>\n<h5 style=\"text-align: center\"><strong>SUPER GLUE\u00a0<\/strong><strong>\u00a0STRAIN | \u00a0<\/strong><strong>SUPER GLUE\u00a0<\/strong><strong>WEED STRAIN | CALI\u00a0<\/strong><strong>SUPER GLUE\u00a0<\/strong><strong>| CALI\u00a0<\/strong><strong>SUPER GLUE\u00a0<\/strong><strong>\u00a0STRAIN<\/strong><\/h5>\n<p class=\"translation-block\">Superglue \u00e4r en hybrid med en Indica-lutning som har den kraftfulla genetiska kombinationen av en Afghani landrace och <a href=\"https:\/\/www.wikileaf.com\/strain\/northern-lights\/\" target=\"_blank\" rel=\"noopener\">Northern Lights<\/a>. Troget sitt namn ger Super Glue en djup fysisk avslappning som l\u00e4tt kan f\u00e5nga dig p\u00e5 soffan under r\u00e4tt omst\u00e4ndigheter. Den har ocks\u00e5 en seri\u00f6s dragning med en rik, musky doft och tjocka, grova blommor. THC-inneh\u00e5llet i denna sort har m\u00e4tts mellan 18% och 28%.<\/p>\n<p>Superglue imponerar med stora blommor som beh\u00e5ller en uttalad spade-liknande form, som smalnar av fr\u00e5n en bred bas till en spetsig topp. Knopparna har en karakteristisk Indica-struktur, med sina sm\u00e5 blad som rullar t\u00e4tt in\u00e5t i en t\u00e4t, solid kluster.<\/p>\n<p>Ett f\u00f6rsta doft fr\u00e5n Superglues blommor f\u00e5ngar en syrligt s\u00f6t, skunkig lukt. Under detta finns n\u00e5gra skarpa, barrliknande accenter. Samtidigt, n\u00e4r du mal eller bryter upp dessa t\u00e4ta blommor, frig\u00f6rs en doft av sandeltr\u00e4 och kryddor, som \u00e4r unik f\u00f6r moderplantan Afghani. N\u00e4r den br\u00e4nns, producerar Superglue en skarp och fr\u00e4n r\u00f6k. Denna r\u00f6k smakar tr\u00e4igt och jordigt vid utandning. De som vill h\u00e5lla sitt r\u00f6kande diskret b\u00f6r vidta vissa olfaktoriska f\u00f6rsiktighets\u00e5tg\u00e4rder, eftersom denna starka blomma kan lukta p\u00e5 avst\u00e5nd.<\/p>\n<div data-testid=\"product-description\">\n<div class=\"truncate-lines__Wrapper-sc-1lknwty-0 YxHAC\">\n<div data-testid=\"truncated-description\">\n<div>\n<div class=\"text__Text-sc-fif1uk-0 kdmKRD\">\n<div class=\"src__Box-sc-1sbtrzs-0 src__Flex-sc-1sbtrzs-1 kWPFqZ hzdsvF\">\n<div>EXEMPELKATEGORIER F\u00d6R PRODUKTER<\/div>\n<\/p><\/div>\n<\/p><\/div>\n<\/p><\/div>\n<\/p><\/div>\n<\/p><\/div>\n<\/p><\/div>\n<div class=\"text__Text-sc-fif1uk-0 htoJfX\"><a href=\"https:\/\/jeetersofficial.com\/product-category\/buy-cali-buds\/\" target=\"_blank\" rel=\"noopener\">CALI BUDS<\/a><\/div>\n<div data-testid=\"product-description\">\n<div class=\"truncate-lines__Wrapper-sc-1lknwty-0 YxHAC\">\n<div data-testid=\"truncated-description\">\n<div class=\"text__Text-sc-fif1uk-0 kdmKRD\"><a href=\"https:\/\/jeetersofficial.com\/product-category\/backpack-boyz\/\" target=\"_blank\" rel=\"noopener\">Backpack\u00a0 Boyz<\/a><\/div>\n<div><a href=\"https:\/\/jeetersofficial.com\/product-category\/snow-balls-weed\/\" target=\"_blank\" rel=\"noopener\">SNOWBALLS WEED<\/a><\/div>\n<div><a href=\"https:\/\/jeetersofficial.com\/product-category\/persy-snowcaps\/\" target=\"_blank\" rel=\"noopener\">Persy Snowcaps<\/a><\/div>\n<div><a href=\"https:\/\/jeetersofficial.com\/product-category\/drip-snowcaps\/\" target=\"_blank\" rel=\"noopener\">Drip Snowcaps<\/a><\/div>\n<div><a href=\"https:\/\/jeetersofficial.com\/product-category\/concentrates\/\" target=\"_blank\" rel=\"noopener\">CALI CONCENTRATES<\/a><\/div>\n<div><a href=\"https:\/\/jeetersofficial.com\/product-category\/doja-exclusive\/\" target=\"_blank\" rel=\"noopener\">CALI DOJA PACKS EXCLUSIVE<\/a><\/div>\n<div><a href=\"https:\/\/jeetersofficial.com\/product-category\/marijuana-flowers\/\" target=\"_blank\" rel=\"noopener\">CALI MARIJUANA FLOWERS<\/a><\/div>\n<\/p><\/div>\n<\/p><\/div>\n<\/p><\/div>\n<div><a href=\"https:\/\/jeetersofficial.com\/product-category\/sativa-strain\/\" target=\"_blank\" rel=\"noopener\">CALI SATIVA STRAINS<\/a><\/div>\n<div><a href=\"https:\/\/jeetersofficial.com\/product-category\/indica\/\" target=\"_blank\" rel=\"noopener\">CALI INDICA STRAINS<\/a><\/div>\n<div><a href=\"https:\/\/jeetersofficial.com\/product-category\/hybrid-weed\/\" target=\"_blank\" rel=\"noopener\">CALI HYBRID WEED<\/a><\/div>","protected":false},"excerpt":{"rendered":"<p>Cali Bud Super Glue<\/p>\n<p>Cali Bud Super Glue, en inflytelserik cannabis-hybrid som korsas med Strawberry och Grape Ape f\u00f6r att skapa dessa fantastiska sorter, \u00e4r b\u00e4st f\u00f6r patienter som lider av \u00e5ngest och kronisk sm\u00e4rta. Denna sort garanterar omedelbar sm\u00e4rtlindring. De l\u00e4tta effekterna kan underl\u00e4tta lindring av pulserande sm\u00e4rta samt illam\u00e5ende. Sorten kan ocks\u00e5 hj\u00e4lpa till att bek\u00e4mpa symptomen p\u00e5 PTSD. Denna sort v\u00e4xer kort och trivs bra inomhus, utomhus eller till och med i en tr\u00e4dg\u00e5rd. Geekar b\u00f6r ge den \u00e5tminstone en m\u00e5nad, om inte fem, f\u00f6r att slutf\u00f6ra vegetationen. Superglue cannabis-blommor blommar i \u00e5tta till nio veckor och kommer att ge ett gram per watt inomhus. Utomhusodlare kan sk\u00f6rda upp till ett pund per v\u00e4xt.<\/p>","protected":false},"featured_media":1702,"comment_status":"closed","ping_status":"closed","template":"","meta":{"_uag_custom_page_level_css":"","site-sidebar-layout":"default","site-content-layout":"","ast-site-content-layout":"default","site-content-style":"default","site-sidebar-style":"default","ast-global-header-display":"","ast-banner-title-visibility":"","ast-main-header-display":"","ast-hfb-above-header-display":"","ast-hfb-below-header-display":"","ast-hfb-mobile-header-display":"","site-post-title":"","ast-breadcrumbs-content":"","ast-featured-img":"","footer-sml-layout":"","ast-disable-related-posts":"","theme-transparent-header-meta":"","adv-header-id-meta":"","stick-header-meta":"","header-above-stick-meta":"","header-main-stick-meta":"","header-below-stick-meta":"","astra-migrate-meta-layouts":"default","ast-page-background-enabled":"default","ast-page-background-meta":{"desktop":{"background-color":"var(--ast-global-color-5)","background-image":"","background-repeat":"repeat","background-position":"center center","background-size":"auto","background-attachment":"scroll","background-type":"","background-media":"","overlay-type":"","overlay-color":"","overlay-opacity":"","overlay-gradient":""},"tablet":{"background-color":"","background-image":"","background-repeat":"repeat","background-position":"center center","background-size":"auto","background-attachment":"scroll","background-type":"","background-media":"","overlay-type":"","overlay-color":"","overlay-opacity":"","overlay-gradient":""},"mobile":{"background-color":"","background-image":"","background-repeat":"repeat","background-position":"center center","background-size":"auto","background-attachment":"scroll","background-type":"","background-media":"","overlay-type":"","overlay-color":"","overlay-opacity":"","overlay-gradient":""}},"ast-content-background-meta":{"desktop":{"background-color":"var(--ast-global-color-4)","background-image":"","background-repeat":"repeat","background-position":"center center","background-size":"auto","background-attachment":"scroll","background-type":"","background-media":"","overlay-type":"","overlay-color":"","overlay-opacity":"","overlay-gradient":""},"tablet":{"background-color":"var(--ast-global-color-4)","background-image":"","background-repeat":"repeat","background-position":"center center","background-size":"auto","background-attachment":"scroll","background-type":"","background-media":"","overlay-type":"","overlay-color":"","overlay-opacity":"","overlay-gradient":""},"mobile":{"background-color":"var(--ast-global-color-4)","background-image":"","background-repeat":"repeat","background-position":"center center","background-size":"auto","background-attachment":"scroll","background-type":"","background-media":"","overlay-type":"","overlay-color":"","overlay-opacity":"","overlay-gradient":""}}},"product_brand":[],"product_cat":[675],"product_tag":[491,546,547,481,472,548,549,550,462,551,552,553,554,555,556,557],"class_list":{"0":"post-1778","1":"product","2":"type-product","3":"status-publish","4":"has-post-thumbnail","6":"product_cat-buy-cali-buds","7":"product_tag-buy-cali-bud-or-no-bud-online","8":"product_tag-buy-cali-bud-or-no-bud-super-glue-online","9":"product_tag-buy-super-glue-cali-bud-or-no-bud-online","10":"product_tag-cali-bud-or-no-bud-for-sale","11":"product_tag-cali-bud-or-no-bud-near-me","12":"product_tag-cali-bud-or-no-bud-super-glue","13":"product_tag-cali-bud-or-no-bud-super-glue-for-sale","14":"product_tag-cali-bud-or-no-bud-super-glue-near-me","15":"product_tag-cali-plug-cali-bud-or-no-bud","16":"product_tag-cali-super-glue","17":"product_tag-cali-super-glue-strain","18":"product_tag-super-glue-cali-bud-or-no-bud","19":"product_tag-super-glue-cali-bud-or-no-bud-for-sale","20":"product_tag-super-glue-cali-bud-or-no-bud-near-me","21":"product_tag-super-glue-strain","22":"product_tag-super-glue-weed-strain","23":"desktop-align-center","24":"tablet-align-left","25":"mobile-align-left","27":"first","28":"instock","29":"shipping-taxable","30":"purchasable","31":"product-type-variable"},"uagb_featured_image_src":{"full":["https:\/\/caliweedeurope.com\/wp-content\/uploads\/2024\/11\/super-glue.jpg",512,687,false],"thumbnail":["https:\/\/caliweedeurope.com\/wp-content\/uploads\/2024\/11\/super-glue-150x150.jpg",150,150,true],"medium":["https:\/\/caliweedeurope.com\/wp-content\/uploads\/2024\/11\/super-glue-224x300.jpg",224,300,true],"medium_large":["https:\/\/caliweedeurope.com\/wp-content\/uploads\/2024\/11\/super-glue.jpg",512,687,false],"large":["https:\/\/caliweedeurope.com\/wp-content\/uploads\/2024\/11\/super-glue.jpg",512,687,false],"1536x1536":["https:\/\/caliweedeurope.com\/wp-content\/uploads\/2024\/11\/super-glue.jpg",512,687,false],"2048x2048":["https:\/\/caliweedeurope.com\/wp-content\/uploads\/2024\/11\/super-glue.jpg",512,687,false],"trp-custom-language-flag":["https:\/\/caliweedeurope.com\/wp-content\/uploads\/2024\/11\/super-glue.jpg",9,12,false],"woocommerce_thumbnail":["https:\/\/caliweedeurope.com\/wp-content\/uploads\/2024\/11\/super-glue-300x300.jpg",300,300,true],"woocommerce_single":["https:\/\/caliweedeurope.com\/wp-content\/uploads\/2024\/11\/super-glue.jpg",512,687,false],"woocommerce_gallery_thumbnail":["https:\/\/caliweedeurope.com\/wp-content\/uploads\/2024\/11\/super-glue-100x100.jpg",100,100,true]},"uagb_author_info":{"display_name":"jetskiforsaleuk@gmail.com","author_link":"https:\/\/caliweedeurope.com\/sv\/author\/"},"uagb_comment_info":0,"uagb_excerpt":"Cali Bud Super Glue Cali Super Glue being an influential\u00a0cannabis hybrid strain\u00a0cross with strawberry and grape ape to get these amazing strains is best for patients suffering from anxiety and chronic pain. This strain guarantees immediate relief from pain for the relieve. It\u2019s light real impacts may facilitate a few a throbbing painfulness just as&hellip;","_links":{"self":[{"href":"https:\/\/caliweedeurope.com\/sv\/wp-json\/wp\/v2\/product\/1778"}],"collection":[{"href":"https:\/\/caliweedeurope.com\/sv\/wp-json\/wp\/v2\/product"}],"about":[{"href":"https:\/\/caliweedeurope.com\/sv\/wp-json\/wp\/v2\/types\/product"}],"replies":[{"embeddable":true,"href":"https:\/\/caliweedeurope.com\/sv\/wp-json\/wp\/v2\/comments?post=1778"}],"wp:featuredmedia":[{"embeddable":true,"href":"https:\/\/caliweedeurope.com\/sv\/wp-json\/wp\/v2\/media\/1702"}],"wp:attachment":[{"href":"https:\/\/caliweedeurope.com\/sv\/wp-json\/wp\/v2\/media?parent=1778"}],"wp:term":[{"taxonomy":"product_brand","embeddable":true,"href":"https:\/\/caliweedeurope.com\/sv\/wp-json\/wp\/v2\/product_brand?post=1778"},{"taxonomy":"product_cat","embeddable":true,"href":"https:\/\/caliweedeurope.com\/sv\/wp-json\/wp\/v2\/product_cat?post=1778"},{"taxonomy":"product_tag","embeddable":true,"href":"https:\/\/caliweedeurope.com\/sv\/wp-json\/wp\/v2\/product_tag?post=1778"}],"curies":[{"name":"wp","href":"https:\/\/api.w.org\/{rel}","templated":true}]}}