{"id":1784,"date":"2024-11-05T18:39:20","date_gmt":"2024-11-05T18:39:20","guid":{"rendered":"https:\/\/caliweedeurope.com\/?post_type=product&#038;p=1784"},"modified":"2024-11-05T18:39:26","modified_gmt":"2024-11-05T18:39:26","slug":"kop-cali-bud-sweet-and-sour-online","status":"publish","type":"product","link":"https:\/\/caliweedeurope.com\/sv\/product\/kop-cali-bud-sweet-and-sour-online\/","title":{"rendered":"K\u00f6p Cali Bud Sweet and Sour Online"},"content":{"rendered":"<h1 style=\"text-align: center\"><strong>\u00a0 \u00a0 \u00a0 \u00a0 \u00a0<\/strong><strong>SWEET AND SOUR <\/strong><strong>CALI BUD OR NO BUD\u00a0|<\/strong><strong>\u00a0CALI BUD OR NO BUD\u00a0<\/strong><strong>SWEET AND SOUR <\/strong><strong>|<\/strong><strong>\u00a0CALI PLUG CALI BUD OR NO BUD<\/strong><\/h1>\n<p><strong>Cali Bud Sweet and Sour Sort<\/strong><br \/> Med tanke p\u00e5 dess anst\u00e4ndiga cannabinoidprofil \u00e4r de psykoaktiva effekterna av Sweet and Sour Widow milda. Denna sort \u00e4r l\u00e4mplig f\u00f6r nyb\u00f6rjare och patienter som vill medicinera utan en dimmig k\u00e4nsla i huvudet. Prepared Widow h\u00e4rstammar fr\u00e5n White Widow-genetik och en anonym Sativa-hybrid som kompletterar dess CBD-profil.<\/p>\n<p>Cali Bud har alltid varit ett sj\u00e4lvklart val n\u00e4r det g\u00e4llde att namnge denna sort, med tanke p\u00e5 populariteten f\u00f6r Kush-varianter i The Golden State. Detta f\u00e5r Cali Plug att arbeta mer med sina inomhusodlade cannabissorter och att l\u00e4gga mer forskning p\u00e5 omr\u00e5det.<\/p>\n<div class=\"variety-percentage-wrap\">\n<h4 class=\"variety\"><a href=\"https:\/\/www.allbud.com\/marijuana-strains\/variety\/sativa-dominant-hybrid\" target=\"_blank\" rel=\"noopener\">Sativa Dominant Hybrid\u00a0<\/a><span class=\"hidden-xs\">\u2013\u00a0<\/span><span class=\"strain-percentages\">80% Sativa \/ 20% Indica<\/span><\/h4>\n<h4 class=\"percentage\"><span class=\"heading\">THC:\u00a0<\/span>8%,\u00a0<span class=\"heading\">CBD:\u00a0<\/span><em>12<\/em>%<\/h4>\n<\/p><\/div>\n<p class=\"translation-block\">Sweet and Sour, \u00e4ven k\u00e4nd som \"Sweet 'N Sour\" eller \"Sweet 'N Sour Diesel\" inom cannabissamh\u00e4llet, \u00e4r en sativa-dominerad hybrid (80% Sativa\/20% Indica) som \u00e4r en kraftfull korsning mellan Mexican Haze X <a href=\"https:\/\/www.allbud.com\/marijuana-strains\/indica\/purple-princess\" target=\"_blank\" rel=\"noopener\">Princess<\/a> X Skunk #1 X <a href=\"https:\/\/www.allbud.com\/marijuana-strains\/sativa\/hawaiian-sativa\" target=\"_blank\" rel=\"noopener\">Hawaiian Sativa<\/a>. Denna premiumsort har en genomsnittlig THC-niv\u00e5 p\u00e5 8% och erbjuder en blandning av Indica- och Sativa-effekter. Anv\u00e4ndare beskriver effekten av Sweet and Sour som en omedelbar cerebral high med upplyftande energi, kreativ inspiration och fokus.<\/p>\n<p>Denna mentala high \u00e5tf\u00f6ljs av en mild \"soffl\u00e5st\" k\u00e4nsla med betydande kroppslig avslappning. Denna high \u00e4r perfekt f\u00f6r en lat dag n\u00e4r du vill sitta hemma, l\u00e4sa en bok eller spela videospel. Tack vare dessa kraftfulla effekter \u00e4r Sweet and Sour en idealisk sort f\u00f6r att behandla patienter som lider av tillst\u00e5nd som glaukom, Alzheimers sjukdom, kronisk stress och tr\u00f6tthet.<\/p>\n<h2 style=\"text-align: center\"><strong>\u00a0BUY\u00a0<\/strong><strong>SWEET AND SOUR\u00a0<\/strong><strong>CALI BUD OR NO BUD\u00a0 ONLINE | BUY CALI BUD OR NO BUD\u00a0<\/strong><strong>SWEET AND SOUR\u00a0<\/strong><strong>ONLINE | BUY CALI BUD OR NO BUD ONLINE<\/strong><\/h2>\n<p><strong>Sweet and Sour-sort.<\/strong><\/p>\n<p>Du kommer att k\u00e4nna dig helt euforisk med en \u00f6vergripande k\u00e4nsla av introspektion som g\u00f6r att du blir laserfokuserad p\u00e5 saker runt omkring dig, men inte riktigt kan f\u00f6ra samtal med andra eller g\u00f6ra n\u00e5got fysiskt.<br \/> <b>S\u00f6t och Sur \u00c4nka<\/b>\u00a0\u00c4r en 70\/30 indica-dominerad cannabisstam med ett 1:1 CBD-THC-f\u00f6rh\u00e5llande och en subtil s\u00f6t l\u00f6kdoft. Tack vare dess balanserade cannabinoidprofil \u00e4r de psykoaktiva effekterna av Sweet and Sour Widow milda, vilket g\u00f6r denna stam l\u00e4mplig f\u00f6r nyb\u00f6rjare och patienter som beh\u00f6ver medicinera utan dimmigt huvud. Sweet and Sour Widow \u00e4r h\u00e4rledd fr\u00e5n White Widow-genetik och en icke namngiven sativa-hybrid f\u00f6r att framh\u00e4va dess CBD-profil.<\/p>\n<h3 style=\"text-align: center\"><strong>SWEET AND SOUR\u00a0<\/strong><strong>CALI BUD OR NO BUD FOR SALE | CALI BUD OR NO BUD\u00a0\u00a0<\/strong><strong>SWEET AND SOUR\u00a0<\/strong><strong>FOR SALE | CALI BUD OR NO BUD\u00a0 FOR SALE<\/strong><\/h3>\n<p><strong>Glad<\/strong><br \/> 49 % av m\u00e4nniskor rapporterar att de k\u00e4nner sig glada<br \/> <strong>Avslappnad<\/strong><br \/> 44 % av m\u00e4nniskor rapporterar att de k\u00e4nner sig avslappnade<br \/> <strong>Upphetsad<\/strong><br \/> 16 % av m\u00e4nniskor rapporterar att de k\u00e4nner sig upphetsade<br \/> <strong>Negativ<\/strong><br \/> <strong>Torr mun<\/strong><br \/> 17 % av m\u00e4nniskor rapporterar att de har torr mun<br \/> <strong>Torra \u00f6gon<\/strong><br \/> 11 % av m\u00e4nniskor rapporterar att de har torra \u00f6gon<br \/> <strong>Yr<\/strong><br \/> 5 % av m\u00e4nniskor rapporterar att de k\u00e4nner sig yr<\/p>\n<h4><strong>CALI BUD OR NO BUD \u00a0<\/strong><strong>SWEET AND SOUR\u00a0<\/strong><strong>\u00a0NEAR ME |\u00a0<\/strong><strong>SWEET AND SOUR\u00a0<\/strong><strong>CALI BUD OR NO BUD\u00a0\u00a0 NEAR ME | CALI BUD OR NO BUD \u00a0NEAR ME<\/strong><\/h4>\n<p class=\"translation-block\"><strong>Cali Bud Sweet and Sour Varning<\/strong><br> F\u00f6r att sammanfatta, detta produkt inneh\u00e5ller Cannabis, en reglerad substans som ska f\u00f6rvaras utom r\u00e4ckh\u00e5ll f\u00f6r barn och djur. Cannabisprodukter f\u00e5r endast konsumeras av personer \u00f6ver 21 \u00e5r, om inte personen \u00e4r en kvalificerad patient. De berusande effekterna av cannabisprodukter kan vara i upp till tv\u00e5 timmar. <a href=\"https:\/\/caliplugcarts.com\/product\/cali-delta-8-thc-flower-wholesale\/\" target=\"_blank\" rel=\"noopener\">Cannabis<\/a> anv\u00e4ndning under graviditet eller amning kan vara skadligt. Konsumtion av dessa produkter p\u00e5verkar din f\u00f6rm\u00e5ga att k\u00f6ra bil eller hantera maskiner. Var v\u00e4nlig och anv\u00e4nd extrem f\u00f6rsiktighet.<\/p>\n<h5 style=\"text-align: center\"><strong>SWEET AND SOUR\u00a0<\/strong><strong>\u00a0STRAIN | \u00a0<\/strong><strong>SWEET AND SOUR\u00a0<\/strong><strong>WEED STRAIN | CALI\u00a0<\/strong><strong>SWEET AND SOUR\u00a0<\/strong><strong>| CALI\u00a0<\/strong><strong>SWEET AND SOUR\u00a0<\/strong><strong>\u00a0STRAIN<\/strong><\/h5>\n<p>F\u00f6r att b\u00f6rja med, Cali Sweet and Sour-strain, uppf\u00f6dd av CBD Crew, \u00e4r en 70\/30 indica-dominant cannabis-strain med ett CBD-THC-f\u00f6rh\u00e5llande p\u00e5 1:1 och en subtil s\u00f6t l\u00f6kdoft.<\/p>\n<p><strong>Effekter av Cali Sweet and Sour-strain<\/strong><\/p>\n<p>Med tanke p\u00e5 dess anst\u00e4ndiga cannabinoidprofil \u00e4r de psykoaktiva effekterna av Sweet and Sour Widow milda. Denna sort \u00e4r l\u00e4mplig f\u00f6r nyb\u00f6rjare och patienter som vill medicinera utan en dimmig k\u00e4nsla i huvudet. Prepared Widow h\u00e4rstammar fr\u00e5n White Widow-genetik och en anonym Sativa-hybrid som kompletterar dess CBD-profil.<\/p>\n<p>Cali Bud har alltid varit ett sj\u00e4lvklart val n\u00e4r det kom till att ge denna strain ett namn, med tanke p\u00e5 populariteten f\u00f6r Kush-sorter i Golden State. Cali Plug uppmuntras att arbeta mer med sina inomhusodlade cannabisstrains. Mer anstr\u00e4ngning l\u00e4ggs p\u00e5 att forts\u00e4tta arbetet.<\/p>\n<p><b>Varning<\/b><\/p>\n<p>Avslutningsvis, denna produkt inneh\u00e5ller cannabis, en klassificerad substans. H\u00e5lls utom r\u00e4ckh\u00e5ll f\u00f6r barn och djur. Cannabisprodukter f\u00e5r endast konsumeras av personer som \u00e4r 21 \u00e5r eller \u00e4ldre, om inte personen \u00e4r en kvalificerad patient. De berusande effekterna av cannabisprodukter kan vara i upp till tv\u00e5 timmar. Anv\u00e4ndning av cannabis under graviditet eller amning kan vara skadligt. Konsumtion av dessa produkter p\u00e5verkar din f\u00f6rm\u00e5ga att k\u00f6ra eller anv\u00e4nda maskiner. V\u00e4nligen anv\u00e4nd yttersta f\u00f6rsiktighet.<\/p>\n<p>&nbsp;<\/p>","protected":false},"excerpt":{"rendered":"<p><strong>Cali Bud Sweet and Sour Sort<\/strong><br \/> Med tanke p\u00e5 dess anst\u00e4ndiga cannabinoidprofil \u00e4r de psykoaktiva effekterna av Sweet and Sour Widow milda. Denna sort \u00e4r l\u00e4mplig f\u00f6r nyb\u00f6rjare och patienter som vill medicinera utan en dimmig k\u00e4nsla i huvudet. Prepared Widow h\u00e4rstammar fr\u00e5n White Widow-genetik och en anonym Sativa-hybrid som kompletterar dess CBD-profil.<\/p>","protected":false},"featured_media":1703,"comment_status":"closed","ping_status":"closed","template":"","meta":{"_uag_custom_page_level_css":"","site-sidebar-layout":"default","site-content-layout":"","ast-site-content-layout":"","site-content-style":"default","site-sidebar-style":"default","ast-global-header-display":"","ast-banner-title-visibility":"","ast-main-header-display":"","ast-hfb-above-header-display":"","ast-hfb-below-header-display":"","ast-hfb-mobile-header-display":"","site-post-title":"","ast-breadcrumbs-content":"","ast-featured-img":"","footer-sml-layout":"","theme-transparent-header-meta":"","adv-header-id-meta":"","stick-header-meta":"","header-above-stick-meta":"","header-main-stick-meta":"","header-below-stick-meta":"","astra-migrate-meta-layouts":"default","ast-page-background-enabled":"default","ast-page-background-meta":{"desktop":{"background-color":"var(--ast-global-color-4)","background-image":"","background-repeat":"repeat","background-position":"center center","background-size":"auto","background-attachment":"scroll","background-type":"","background-media":"","overlay-type":"","overlay-color":"","overlay-opacity":"","overlay-gradient":""},"tablet":{"background-color":"","background-image":"","background-repeat":"repeat","background-position":"center center","background-size":"auto","background-attachment":"scroll","background-type":"","background-media":"","overlay-type":"","overlay-color":"","overlay-opacity":"","overlay-gradient":""},"mobile":{"background-color":"","background-image":"","background-repeat":"repeat","background-position":"center center","background-size":"auto","background-attachment":"scroll","background-type":"","background-media":"","overlay-type":"","overlay-color":"","overlay-opacity":"","overlay-gradient":""}},"ast-content-background-meta":{"desktop":{"background-color":"var(--ast-global-color-5)","background-image":"","background-repeat":"repeat","background-position":"center center","background-size":"auto","background-attachment":"scroll","background-type":"","background-media":"","overlay-type":"","overlay-color":"","overlay-opacity":"","overlay-gradient":""},"tablet":{"background-color":"var(--ast-global-color-5)","background-image":"","background-repeat":"repeat","background-position":"center center","background-size":"auto","background-attachment":"scroll","background-type":"","background-media":"","overlay-type":"","overlay-color":"","overlay-opacity":"","overlay-gradient":""},"mobile":{"background-color":"var(--ast-global-color-5)","background-image":"","background-repeat":"repeat","background-position":"center center","background-size":"auto","background-attachment":"scroll","background-type":"","background-media":"","overlay-type":"","overlay-color":"","overlay-opacity":"","overlay-gradient":""}}},"product_brand":[],"product_cat":[675],"product_tag":[489,491,558,506,559,508,509,510,531,481,472,560,561,562,514,515,516,517,518,535,536,462,537,563,564,467,501,523,565,566,567,568,569,503],"class_list":{"0":"post-1784","1":"product","2":"type-product","3":"status-publish","4":"has-post-thumbnail","6":"product_cat-buy-cali-buds","7":"product_tag-best-cali-packs","8":"product_tag-buy-cali-bud-or-no-bud-online","9":"product_tag-buy-cali-bud-or-no-bud-sweet-and-sour-online","10":"product_tag-buy-cali-buds","11":"product_tag-buy-sweet-and-sour-cali-bud-or-no-bud-online","12":"product_tag-buy-weed-online","13":"product_tag-by-the-best-cali-buds","14":"product_tag-cali-bags","15":"product_tag-cali-bud","16":"product_tag-cali-bud-or-no-bud-for-sale","17":"product_tag-cali-bud-or-no-bud-near-me","18":"product_tag-cali-bud-or-no-bud-sweet-and-sour","19":"product_tag-cali-bud-or-no-bud-sweet-and-sour-for-sale","20":"product_tag-cali-bud-or-no-bud-sweet-and-sour-near-me","21":"product_tag-cali-bud-packs","22":"product_tag-cali-buds-online","23":"product_tag-cali-flavors","24":"product_tag-cali-flavours","25":"product_tag-cali-gush-lato","26":"product_tag-cali-plug-bud","27":"product_tag-cali-plug-buds","28":"product_tag-cali-plug-cali-bud-or-no-bud","29":"product_tag-cali-plug-strains","30":"product_tag-cali-sweet-and-sour","31":"product_tag-cali-sweet-and-sour-strain","32":"product_tag-hardball-cookies","33":"product_tag-marshmallow-strain","34":"product_tag-order-weed-online","35":"product_tag-sweet-and-sour-cali-bud-or-no-bud","36":"product_tag-sweet-and-sour-cali-bud-or-no-bud-for-sale","37":"product_tag-sweet-and-sour-cali-bud-or-no-bud-near-me","38":"product_tag-sweet-and-sour-strain","39":"product_tag-sweet-and-sour-weed-strain","40":"product_tag-top-cali-bud-packs","41":"desktop-align-center","42":"tablet-align-left","43":"mobile-align-left","45":"first","46":"instock","47":"shipping-taxable","48":"purchasable","49":"product-type-variable"},"uagb_featured_image_src":{"full":["https:\/\/caliweedeurope.com\/wp-content\/uploads\/2024\/11\/1-e1579244057102.jpeg",900,1200,false],"thumbnail":["https:\/\/caliweedeurope.com\/wp-content\/uploads\/2024\/11\/1-e1579244057102-150x150.jpeg",150,150,true],"medium":["https:\/\/caliweedeurope.com\/wp-content\/uploads\/2024\/11\/1-e1579244057102-225x300.jpeg",225,300,true],"medium_large":["https:\/\/caliweedeurope.com\/wp-content\/uploads\/2024\/11\/1-e1579244057102-768x1024.jpeg",768,1024,true],"large":["https:\/\/caliweedeurope.com\/wp-content\/uploads\/2024\/11\/1-e1579244057102-768x1024.jpeg",768,1024,true],"1536x1536":["https:\/\/caliweedeurope.com\/wp-content\/uploads\/2024\/11\/1-e1579244057102.jpeg",900,1200,false],"2048x2048":["https:\/\/caliweedeurope.com\/wp-content\/uploads\/2024\/11\/1-e1579244057102.jpeg",900,1200,false],"trp-custom-language-flag":["https:\/\/caliweedeurope.com\/wp-content\/uploads\/2024\/11\/1-e1579244057102.jpeg",9,12,false],"woocommerce_thumbnail":["https:\/\/caliweedeurope.com\/wp-content\/uploads\/2024\/11\/1-e1579244057102-300x300.jpeg",300,300,true],"woocommerce_single":["https:\/\/caliweedeurope.com\/wp-content\/uploads\/2024\/11\/1-e1579244057102-600x800.jpeg",600,800,true],"woocommerce_gallery_thumbnail":["https:\/\/caliweedeurope.com\/wp-content\/uploads\/2024\/11\/1-e1579244057102-100x100.jpeg",100,100,true]},"uagb_author_info":{"display_name":"jetskiforsaleuk@gmail.com","author_link":"https:\/\/caliweedeurope.com\/sv\/author\/"},"uagb_comment_info":0,"uagb_excerpt":"Cali bud Sweet and Sour Strain. In view of its decent cannabinoid profile. Sweet and Sour Widow\u2019s psychoactive impacts are mellow. Making this strain appropriate for beginner purchasers and patients expecting to sedate without a foggy head. Prepared Widow is gotten from White Widow hereditary qualities and an anonymous Sativa-half complement to its CBD profile.","_links":{"self":[{"href":"https:\/\/caliweedeurope.com\/sv\/wp-json\/wp\/v2\/product\/1784"}],"collection":[{"href":"https:\/\/caliweedeurope.com\/sv\/wp-json\/wp\/v2\/product"}],"about":[{"href":"https:\/\/caliweedeurope.com\/sv\/wp-json\/wp\/v2\/types\/product"}],"replies":[{"embeddable":true,"href":"https:\/\/caliweedeurope.com\/sv\/wp-json\/wp\/v2\/comments?post=1784"}],"wp:featuredmedia":[{"embeddable":true,"href":"https:\/\/caliweedeurope.com\/sv\/wp-json\/wp\/v2\/media\/1703"}],"wp:attachment":[{"href":"https:\/\/caliweedeurope.com\/sv\/wp-json\/wp\/v2\/media?parent=1784"}],"wp:term":[{"taxonomy":"product_brand","embeddable":true,"href":"https:\/\/caliweedeurope.com\/sv\/wp-json\/wp\/v2\/product_brand?post=1784"},{"taxonomy":"product_cat","embeddable":true,"href":"https:\/\/caliweedeurope.com\/sv\/wp-json\/wp\/v2\/product_cat?post=1784"},{"taxonomy":"product_tag","embeddable":true,"href":"https:\/\/caliweedeurope.com\/sv\/wp-json\/wp\/v2\/product_tag?post=1784"}],"curies":[{"name":"wp","href":"https:\/\/api.w.org\/{rel}","templated":true}]}}