{"id":1790,"date":"2024-11-05T18:39:20","date_gmt":"2024-11-05T18:39:20","guid":{"rendered":"https:\/\/caliweedeurope.com\/?post_type=product&#038;p=1790"},"modified":"2024-11-05T18:39:26","modified_gmt":"2024-11-05T18:39:26","slug":"buy-cali-bud-zkittles-strain-online","status":"publish","type":"product","link":"https:\/\/caliweedeurope.com\/sv\/product\/buy-cali-bud-zkittles-strain-online\/","title":{"rendered":"Buy Cali Bud Zkittles Strain Online"},"content":{"rendered":"<h1 style=\"text-align: center\"><strong>ZKITTLES <\/strong><strong>CALI BUD OR NO BUD\u00a0|<\/strong><strong>\u00a0CALI BUD OR NO BUD\u00a0<\/strong><strong>ZKITTLES <\/strong><strong>|<\/strong><strong>\u00a0CALI PLUG CALI BUD OR NO BUD<\/strong><\/h1>\n<p><strong>Cali Bud Zkittles Strain<\/strong><\/p>\n<p>Zkittlez, \u00e4ven k\u00e4nd som \"Skittles\", \"Skittlz\" och \"Island Skittles\", \u00e4r en Indica cannabis-strain som h\u00e4rstammar fr\u00e5n en blandning av Grape Ape och Grapefruit, och som korsas med en annan icke-offentlig sort. Denna godis-smakande strain skapades av 3rd Gen Family och Terp Hogz.<\/p>\n<p class=\"translation-block\"><b>Zkittlez<\/b>, \u00e4ven k\u00e4nd som \"Skittles\", \"Skittlz\" och \"Island Skittles\", \u00e4r en <a href=\"https:\/\/www.leafly.com\/strains\/lists\/category\/indica\" target=\"_blank\" rel=\"noopener\">indica<\/a> cannabisstam som f\u00f6ds upp fr\u00e5n en blandning av Grape Ape och Grapefruit och som \u00e4r korsad med en annan ok\u00e4nd stam. Denna godisliknande stam skapades av 3rd Gen Family och Terp Hogz. Zkittlez vann 1:a plats p\u00e5 Emerald Cup 2016 och har vunnit priser p\u00e5 flera Cannabis Cups i San Francisco och Michigan. Denna stam har kraftiga colas som exploderar i ett spektrum av ljusgr\u00f6na nyanser och avger en s\u00f6t, tropisk blandning av fruktiga smaker. Effekterna av Zkittlez \u00e4r lugnande och l\u00e4mnar konsumenterna fokuserade, alerta och glada samtidigt som den slappnar av i kroppen f\u00f6r att hj\u00e4lpa till att koppla av n\u00e4r som helst p\u00e5 dagen.<\/p>\n<p>Zkittlez \u00e4r en allt mer popul\u00e4r strain som \u00e4r v\u00e4rd att ta n\u00e4r den dyker upp p\u00e5 apotekets hyllor. Den \u00e4r trevlig att njuta av p\u00e5 egen hand eller att dela med likasinnade v\u00e4nner.<\/p>\n<p>Zkittlez kan ocks\u00e5 ha flera olika till\u00e4mpningar f\u00f6r medicinska cannabispatienter. De initiala mentala egenskaperna hos denna strain kan hj\u00e4lpa till med fokus f\u00f6r personer med uppm\u00e4rksamhetsst\u00f6rningar. N\u00e4r den kroppsliga effekten tar \u00f6ver kan den tillf\u00e4lligt lindra symptom p\u00e5 stress, depression och \u00e5ngest. Fysiska f\u00f6rdelar inkluderar lindring av b\u00e5de kronisk sm\u00e4rta och mindre, vardagliga irritationer. Zkittlez kan ocks\u00e5 orsaka en \u00f6kning av aptiten, vilket hj\u00e4lper dem som har f\u00f6rlorat sin hunger.<\/p>\n<h2 style=\"text-align: center\"><strong>\u00a0BUY\u00a0<\/strong><strong>ZKITTLES\u00a0<\/strong><strong>\u00a0CALI BUD OR NO BUD\u00a0 ONLINE | BUY CALI BUD OR NO BUD\u00a0<\/strong><strong>ZKITTLES\u00a0<\/strong><strong>ONLINE | BUY CALI BUD OR NO BUD ONLINE<\/strong><\/h2>\n<p><strong>Cali Bud Zkittles Strain Awards<\/strong><\/p>\n<p>Zkittlez vann 1:a plats p\u00e5 Emerald Cup 2016 och har placerat sig i flera Cannabis Cups i San Francisco och Michigan. Denna strain har tunga colas som exploderar i ett spektrum av ljusgr\u00f6na nyanser och avger en s\u00f6t, tropisk blandning av fruktsmaker.<\/p>\n<p>Indica Dominant Hybrid <span class=\"hidden-xs\" style=\"color: #333333;font-size: 14.4px\">\u2013\u00a0<\/span><span class=\"strain-percentages\" style=\"color: #333333;font-size: 14.4px\">70% Indica \/ 30% Sativa<\/span><\/p>\n<div class=\"variety-percentage-wrap\">\n<h4 class=\"percentage\"><span class=\"heading\">THC:\u00a0<\/span>13% \u2013 15%<\/h4>\n<\/p><\/div>\n<p>ZKittlez \u00e4r en indica-dominant hybrid som skapats genom att korsa de kraftfulla sorterna Grape Ape X Grapefruit. \u00c4ven om det exakta f\u00f6rh\u00e5llandet mellan indica och sativa varierar beroende p\u00e5 odlarens metoder, har ZKittlez konsekvent uppm\u00e4tts med en l\u00e5g THC-niv\u00e5 p\u00e5 15 %. Trots den relativt l\u00e5ga THC-niv\u00e5n tog denna bud f\u00f6rstaplatsen f\u00f6r b\u00e4sta Indica vid b\u00e5de Cannabis Cups 2015 i San Francisco och Michigan. Trots den l\u00e5ga THC-niv\u00e5n har denna bud ett kraftfullt smakfullt avtryck. ZKittlez har ett superfruktigt aroma av s\u00f6t tropisk jord med en l\u00e4tt \u00f6rtig effekt.<\/p>\n<h3 style=\"text-align: center\"><strong>ZKITTLES\u00a0<\/strong><strong>CALI BUD OR NO BUD FOR SALE | CALI BUD OR NO BUD <\/strong><strong>ZKITTLES\u00a0<\/strong><strong>FOR SALE | CALI BUD OR NO BUD\u00a0 FOR SALE<\/strong><\/h3>\n<p><strong>K\u00f6p Cali Bud Zkittles Strain online<\/strong><\/p>\n<p>Zkittlez \u00e4r lika lockande som sin smak, \u00e4ven om den \u00e4r relativt mild i naturen. Den b\u00f6rjar med ett upplyftande huvudrus som g\u00f6r att du k\u00e4nner dig euforisk och kreativt inspirerad, men inte \u00e5ngestfylld eller \u00f6verv\u00e4ldigad. Detta \u00e5tf\u00f6ljs av ett avslappnande kroppsrus som l\u00e5ngsamt sprider sig genom hela kroppen och till dina fingertoppar, vilket l\u00e4mnar dig helt lugn och sm\u00e4rtfri utan att begr\u00e4nsa dina r\u00f6relser. En mild s\u00f6mnig effekt kommer att sk\u00f6lja \u00f6ver dig vid nedg\u00e5ngen, \u00e4ven om den inte f\u00e5r dig att somna.<\/p>\n<p class=\"translation-block\">\u00c4ven om Zkittlez s\u00e4tter in relativt snabbt, tenderar dess huvudsakliga effekter att vara subtila. Ett l\u00e4tt tryck runt \u00f6gonen och tinningarna kan uppst\u00e5 i b\u00f6rjan. N\u00e4r r\u00f6kare v\u00e4njer sig vid denna k\u00e4nsla kan de b\u00f6rja uppskatta strainens inverkan p\u00e5 deras sensoriska perception. Underliga upplevelser som visuella och auditiva f\u00f6rvr\u00e4ngningar rapporteras ofta, liksom en konstig k\u00e4nsla av att tiden g\u00e5r l\u00e5ngsammare. Dessa psykedeliska effekter kan f\u00f6rst\u00e4rkas genom atmosf\u00e4riska f\u00f6rb\u00e4ttringar, s\u00e4rskilt genom st\u00e4mningsmusik eller ett visuellt f\u00e4ngslande tv-program.<\/p>\n<h4 style=\"text-align: center\"><strong>CALI BUD OR NO BUD \u00a0<\/strong><strong>ZKITTLES <\/strong><strong>NEAR ME |\u00a0<\/strong><strong>ZKITTLES<\/strong><strong> CALI BUD OR NO BUD NEAR ME | CALI BUD OR NO BUD \u00a0NEAR ME<\/strong><\/h4>\n<h5><strong style=\"color: #555555;font-size: 14.4px\">K\u00e4nslor<\/strong><\/h5>\n<p><strong>Glad<\/strong><br \/> 49 % av m\u00e4nniskor rapporterar att de k\u00e4nner sig glada<br \/> <strong>Avslappnad<\/strong><br \/> 44 % av m\u00e4nniskor rapporterar att de k\u00e4nner sig avslappnade<br \/> <strong>Upphetsad<\/strong><br \/> 16 % av m\u00e4nniskor rapporterar att de k\u00e4nner sig upphetsade<br \/> <strong>Negativ<\/strong><br \/> <strong>Torr mun<\/strong><br \/> 12% of people report feeling dry mouth<br \/> <strong>Torra \u00f6gon<\/strong><br \/> 10 % av m\u00e4nniskor rapporterar att de har torra \u00f6gon<br \/> <strong>Yr<\/strong><br \/> 5 % av m\u00e4nniskor rapporterar att de k\u00e4nner sig yr<\/p>\n<p>K\u00f6p Cali weed-paket online och f\u00e5 gratis frakt f\u00f6r best\u00e4llningar \u00f6ver 500. The Cali Plug \u00e4r din nummer ett leverant\u00f6r med dessa h\u00f6gkvalitativa Cali bud-smaker.<\/p>\n<p>Zkittlez, ibland ocks\u00e5 stavat Skittlez eller bara Skittles, \u00e4r en indica-dominant hybrid som exploderar med fruktig smak. Den skapades av den norra Kalifornien-baserade gruppen Dying Breed Seeds och h\u00e4rstammar fr\u00e5n den fruktiga indikan Grape Ape och den syrliga sativa Grapefruit. Skittles kombinerar de mentala och fysiska effekterna fr\u00e5n b\u00e5da f\u00f6r\u00e4ldrasorterna f\u00f6r att ge en j\u00e4mn, m\u00e5ngfacetterad h\u00f6g. Zkittlez THC-inneh\u00e5ll har uppm\u00e4tts mellan 15% och 23%.<\/p>\n<h5 style=\"text-align: center\"><strong>ZKITTLES\u00a0<\/strong><strong> STRAIN | <\/strong><strong>ZKITTLES <\/strong><strong>WEED STRAIN | CALI\u00a0<\/strong><strong>ZKITTLES <\/strong><strong>| CALI\u00a0<\/strong><strong>ZKITTLES<\/strong><strong>\u00a0STRAIN<\/strong><\/h5>\n<p><strong>Varning f\u00f6r Cali Bud Zkittles<\/strong><\/p>\n<p>Denna produkt inneh\u00e5ller cannabis, en reglerad substans. F\u00f6rvara utom r\u00e4ckh\u00e5ll f\u00f6r barn och djur. Cannabisprodukter f\u00e5r endast \u00e4gas eller konsumeras av personer som \u00e4r 21 \u00e5r eller \u00e4ldre, om inte personen \u00e4r en kvalificerad patient. De berusande effekterna av cannabisprodukter kan h\u00e5lla i upp till tv\u00e5 timmar. Anv\u00e4ndning av cannabis under graviditet eller amning kan vara skadligt. Konsumtion av denna produkt p\u00e5verkar din f\u00f6rm\u00e5ga att k\u00f6ra eller anv\u00e4nda maskiner. Anv\u00e4nd med extrem f\u00f6rsiktighet.<\/p>\n<p>Liksom sitt namn erbjuder denna sort dig m\u00f6jlighet att smaka p\u00e5 regnb\u00e5gen \u2013 men som det visar sig l\u00e5ter Zkittlez dig ocks\u00e5 se en regnb\u00e5ge. Beroende p\u00e5 fenotypen visas plantans tjocka och kraftiga blommor i en m\u00e4ngd olika gr\u00f6na och lila nyanser, med livliga orange h\u00e5r (eller pistiller) utspridda h\u00e4r och d\u00e4r. De i\u00f6gonfallande lila tonerna \u00e4r resultatet av h\u00f6ga koncentrationer av anthocyaninpigment. De trimmade knopparna har en typisk indica-struktur, t\u00e4tt och kompakt packade, med sm\u00e5 blad. Slutligen s\u00e4kerst\u00e4ller ett lager av mj\u00f6lkiga vita trikomer b\u00e5de klibbighet och psykoaktivitet.<\/p>\n<div data-testid=\"product-description\">\n<div class=\"truncate-lines__Wrapper-sc-1lknwty-0 YxHAC\">\n<div data-testid=\"truncated-description\">\n<div>\n<div class=\"text__Text-sc-fif1uk-0 kdmKRD\">\n<div class=\"src__Box-sc-1sbtrzs-0 src__Flex-sc-1sbtrzs-1 kWPFqZ hzdsvF\">\n<div>EXEMPELKATEGORIER F\u00d6R PRODUKTER<\/div>\n<\/p><\/div>\n<\/p><\/div>\n<\/p><\/div>\n<\/p><\/div>\n<\/p><\/div>\n<\/p><\/div>\n<div class=\"text__Text-sc-fif1uk-0 htoJfX\"><a href=\"https:\/\/jeetersofficial.com\/product-category\/buy-cali-buds\/\" target=\"_blank\" rel=\"noopener\">CALI BUDS<\/a><\/div>\n<div data-testid=\"product-description\">\n<div class=\"truncate-lines__Wrapper-sc-1lknwty-0 YxHAC\">\n<div data-testid=\"truncated-description\">\n<div class=\"text__Text-sc-fif1uk-0 kdmKRD\"><a href=\"https:\/\/jeetersofficial.com\/product-category\/backpack-boyz\/\" target=\"_blank\" rel=\"noopener\">Backpack\u00a0 Boyz<\/a><\/div>\n<div><a href=\"https:\/\/jeetersofficial.com\/product-category\/snow-balls-weed\/\" target=\"_blank\" rel=\"noopener\">SNOWBALLS WEED<\/a><\/div>\n<div><a href=\"https:\/\/jeetersofficial.com\/product-category\/persy-snowcaps\/\" target=\"_blank\" rel=\"noopener\">Persy Snowcaps<\/a><\/div>\n<div><a href=\"https:\/\/jeetersofficial.com\/product-category\/drip-snowcaps\/\" target=\"_blank\" rel=\"noopener\">Drip Snowcaps<\/a><\/div>\n<div><a href=\"https:\/\/jeetersofficial.com\/product-category\/concentrates\/\" target=\"_blank\" rel=\"noopener\">CALI CONCENTRATES<\/a><\/div>\n<div><a href=\"https:\/\/jeetersofficial.com\/product-category\/doja-exclusive\/\" target=\"_blank\" rel=\"noopener\">CALI DOJA PACKS EXCLUSIVE<\/a><\/div>\n<div><a href=\"https:\/\/jeetersofficial.com\/product-category\/marijuana-flowers\/\" target=\"_blank\" rel=\"noopener\">CALI MARIJUANA FLOWERS<\/a><\/div>\n<\/p><\/div>\n<\/p><\/div>\n<\/p><\/div>\n<div><a href=\"https:\/\/jeetersofficial.com\/product-category\/sativa-strain\/\" target=\"_blank\" rel=\"noopener\">CALI SATIVA STRAINS<\/a><\/div>\n<div><a href=\"https:\/\/jeetersofficial.com\/product-category\/indica\/\" target=\"_blank\" rel=\"noopener\">CALI INDICA STRAINS<\/a><\/div>\n<div><a href=\"https:\/\/jeetersofficial.com\/product-category\/hybrid-weed\/\" target=\"_blank\" rel=\"noopener\">CALI HYBRID WEED<\/a><\/div>","protected":false},"excerpt":{"rendered":"<p><strong>Cali Bud Zkittles Strain<\/strong><\/p>\n<p>Zkittlez, \u00e4ven k\u00e4nd som \"Skittles\", \"Skittlz\" och \"Island Skittles\", \u00e4r en Indica cannabis-strain som h\u00e4rstammar fr\u00e5n en blandning av Grape Ape och Grapefruit, och som korsas med en annan icke-offentlig sort. Denna godis-smakande strain skapades av 3rd Gen Family och Terp Hogz.<\/p>\n<p><strong>Cali Bud Zkittles Strain Awards<\/strong><\/p>\n<p>Zkittlez vann 1:a plats p\u00e5 Emerald Cup 2016 och har placerat sig i flera Cannabis Cups i San Francisco och Michigan. Denna strain har tunga colas som exploderar i ett spektrum av ljusgr\u00f6na nyanser och avger en s\u00f6t, tropisk blandning av fruktsmaker.<\/p>","protected":false},"featured_media":1803,"comment_status":"closed","ping_status":"closed","template":"","meta":{"_uag_custom_page_level_css":"","site-sidebar-layout":"default","site-content-layout":"","ast-site-content-layout":"","site-content-style":"default","site-sidebar-style":"default","ast-global-header-display":"","ast-banner-title-visibility":"","ast-main-header-display":"","ast-hfb-above-header-display":"","ast-hfb-below-header-display":"","ast-hfb-mobile-header-display":"","site-post-title":"","ast-breadcrumbs-content":"","ast-featured-img":"","footer-sml-layout":"","theme-transparent-header-meta":"","adv-header-id-meta":"","stick-header-meta":"","header-above-stick-meta":"","header-main-stick-meta":"","header-below-stick-meta":"","astra-migrate-meta-layouts":"default","ast-page-background-enabled":"default","ast-page-background-meta":{"desktop":{"background-color":"var(--ast-global-color-4)","background-image":"","background-repeat":"repeat","background-position":"center center","background-size":"auto","background-attachment":"scroll","background-type":"","background-media":"","overlay-type":"","overlay-color":"","overlay-opacity":"","overlay-gradient":""},"tablet":{"background-color":"","background-image":"","background-repeat":"repeat","background-position":"center center","background-size":"auto","background-attachment":"scroll","background-type":"","background-media":"","overlay-type":"","overlay-color":"","overlay-opacity":"","overlay-gradient":""},"mobile":{"background-color":"","background-image":"","background-repeat":"repeat","background-position":"center center","background-size":"auto","background-attachment":"scroll","background-type":"","background-media":"","overlay-type":"","overlay-color":"","overlay-opacity":"","overlay-gradient":""}},"ast-content-background-meta":{"desktop":{"background-color":"var(--ast-global-color-5)","background-image":"","background-repeat":"repeat","background-position":"center center","background-size":"auto","background-attachment":"scroll","background-type":"","background-media":"","overlay-type":"","overlay-color":"","overlay-opacity":"","overlay-gradient":""},"tablet":{"background-color":"var(--ast-global-color-5)","background-image":"","background-repeat":"repeat","background-position":"center center","background-size":"auto","background-attachment":"scroll","background-type":"","background-media":"","overlay-type":"","overlay-color":"","overlay-opacity":"","overlay-gradient":""},"mobile":{"background-color":"var(--ast-global-color-5)","background-image":"","background-repeat":"repeat","background-position":"center center","background-size":"auto","background-attachment":"scroll","background-type":"","background-media":"","overlay-type":"","overlay-color":"","overlay-opacity":"","overlay-gradient":""}}},"product_brand":[],"product_cat":[675],"product_tag":[491,688,689,481,472,690,691,692,693,694,695,696],"class_list":{"0":"post-1790","1":"product","2":"type-product","3":"status-publish","4":"has-post-thumbnail","6":"product_cat-buy-cali-buds","7":"product_tag-buy-cali-bud-or-no-bud-online","8":"product_tag-buy-cali-bud-or-no-bud-zkittles-online","9":"product_tag-buy-zkittles-cali-bud-or-no-bud-online","10":"product_tag-cali-bud-or-no-bud-for-sale","11":"product_tag-cali-bud-or-no-bud-near-me","12":"product_tag-cali-bud-or-no-bud-zkittles","13":"product_tag-cali-bud-or-no-bud-zkittles-for-sale","14":"product_tag-cali-bud-or-no-bud-zkittles-near-me","15":"product_tag-zkittles-cali-bud-or-no-bud-for-sale","16":"product_tag-zkittles-cali-bud-or-no-bud-near-me","17":"product_tag-zkittles-strain","18":"product_tag-zkittles-weed-strain","19":"desktop-align-center","20":"tablet-align-left","21":"mobile-align-left","23":"first","24":"instock","25":"shipping-taxable","26":"purchasable","27":"product-type-variable"},"uagb_featured_image_src":{"full":["https:\/\/caliweedeurope.com\/wp-content\/uploads\/2024\/11\/fullsizeout.jpeg",600,783,false],"thumbnail":["https:\/\/caliweedeurope.com\/wp-content\/uploads\/2024\/11\/fullsizeout-150x150.jpeg",150,150,true],"medium":["https:\/\/caliweedeurope.com\/wp-content\/uploads\/2024\/11\/fullsizeout-230x300.jpeg",230,300,true],"medium_large":["https:\/\/caliweedeurope.com\/wp-content\/uploads\/2024\/11\/fullsizeout.jpeg",600,783,false],"large":["https:\/\/caliweedeurope.com\/wp-content\/uploads\/2024\/11\/fullsizeout.jpeg",600,783,false],"1536x1536":["https:\/\/caliweedeurope.com\/wp-content\/uploads\/2024\/11\/fullsizeout.jpeg",600,783,false],"2048x2048":["https:\/\/caliweedeurope.com\/wp-content\/uploads\/2024\/11\/fullsizeout.jpeg",600,783,false],"trp-custom-language-flag":["https:\/\/caliweedeurope.com\/wp-content\/uploads\/2024\/11\/fullsizeout.jpeg",9,12,false],"woocommerce_thumbnail":["https:\/\/caliweedeurope.com\/wp-content\/uploads\/2024\/11\/fullsizeout-300x300.jpeg",300,300,true],"woocommerce_single":["https:\/\/caliweedeurope.com\/wp-content\/uploads\/2024\/11\/fullsizeout.jpeg",600,783,false],"woocommerce_gallery_thumbnail":["https:\/\/caliweedeurope.com\/wp-content\/uploads\/2024\/11\/fullsizeout-100x100.jpeg",100,100,true]},"uagb_author_info":{"display_name":"jetskiforsaleuk@gmail.com","author_link":"https:\/\/caliweedeurope.com\/sv\/author\/"},"uagb_comment_info":0,"uagb_excerpt":"Cali Bud Zkittles Strain Zkittlez, also known as \u201cSkittles,\u201d \u201cSkittlz,\u201d and \u201cIsland Skittles\u201d is an Indica marijuana strain bred from a mix of Grape Ape and Grapefruit that is crossed with another undisclosed strain. This candy-flavored strain was bred by 3rd Gen Family and Terp Hogz. Cali Bud Zkittles Strain Awards Zkittlez won 1st Place&hellip;","_links":{"self":[{"href":"https:\/\/caliweedeurope.com\/sv\/wp-json\/wp\/v2\/product\/1790"}],"collection":[{"href":"https:\/\/caliweedeurope.com\/sv\/wp-json\/wp\/v2\/product"}],"about":[{"href":"https:\/\/caliweedeurope.com\/sv\/wp-json\/wp\/v2\/types\/product"}],"replies":[{"embeddable":true,"href":"https:\/\/caliweedeurope.com\/sv\/wp-json\/wp\/v2\/comments?post=1790"}],"wp:featuredmedia":[{"embeddable":true,"href":"https:\/\/caliweedeurope.com\/sv\/wp-json\/wp\/v2\/media\/1803"}],"wp:attachment":[{"href":"https:\/\/caliweedeurope.com\/sv\/wp-json\/wp\/v2\/media?parent=1790"}],"wp:term":[{"taxonomy":"product_brand","embeddable":true,"href":"https:\/\/caliweedeurope.com\/sv\/wp-json\/wp\/v2\/product_brand?post=1790"},{"taxonomy":"product_cat","embeddable":true,"href":"https:\/\/caliweedeurope.com\/sv\/wp-json\/wp\/v2\/product_cat?post=1790"},{"taxonomy":"product_tag","embeddable":true,"href":"https:\/\/caliweedeurope.com\/sv\/wp-json\/wp\/v2\/product_tag?post=1790"}],"curies":[{"name":"wp","href":"https:\/\/api.w.org\/{rel}","templated":true}]}}