{"id":1796,"date":"2024-11-05T18:39:20","date_gmt":"2024-11-05T18:39:20","guid":{"rendered":"https:\/\/caliweedeurope.com\/?post_type=product&#038;p=1796"},"modified":"2024-11-05T18:39:26","modified_gmt":"2024-11-05T18:39:26","slug":"buy-cali-bud-gas-strain-online","status":"publish","type":"product","link":"https:\/\/caliweedeurope.com\/sv\/product\/buy-cali-bud-gas-strain-online\/","title":{"rendered":"K\u00f6p Cali Bud Gas Strain online"},"content":{"rendered":"<h1 style=\"text-align: center\"><strong>\u00a0 \u00a0 \u00a0<\/strong><strong>GAS <\/strong><strong>CALI BUD OR NO BUD\u00a0|<\/strong><strong>\u00a0CALI BUD OR NO BUD\u00a0<\/strong><strong>GAS <\/strong><strong>|<\/strong><strong>\u00a0CALI PLUG CALI BUD OR NO BUD<\/strong><\/h1>\n<p><strong>K\u00f6p Cali Gas Strain<\/strong><br \/> K\u00f6p Cali Gas cannabis bud strain online. Toppsortiment av inomhus cannabisstrains.<\/p>\n<p><b>All Gas OG<\/b>\u00e4ven k\u00e4nd som 'Gas' eller 'Asphalt Plant', \u00e4r en\u00a0<a href=\"https:\/\/www.leafly.com\/strains\/lists\/category\/indica\" target=\"_blank\" rel=\"noopener\">indica weed strain<\/a>\u00a0gjort genom korsning\u00a0<a href=\"https:\/\/www.leafly.com\/strains\/venom-og\" target=\"_blank\" rel=\"noopener\">Venom OG<\/a>\u00a0med Humboldt OG. Effekterna av All Gas OG \u00e4r mer lugnande \u00e4n energigivande. Konsumenter som har r\u00f6kt denna strain s\u00e4ger att det f\u00e5r dem att k\u00e4nna sig\u00a0<a href=\"https:\/\/www.leafly.com\/strains\/lists\/effect\/hungry\" target=\"_blank\" rel=\"noopener\">hunger<\/a>, avslappnad och s\u00f6mnig.<\/p>\n<p>Dessutom, n\u00e4r det g\u00e4ller smak, kan du f\u00f6rv\u00e4nta dig h\u00f6ga och starka noter av<a href=\"https:\/\/www.leafly.com\/strains\/lists\/effect\/diesel\" target=\"_blank\" rel=\"noopener\">diesel<\/a>\u00a0och kemikalier. All Gas OG har 21 % THC, vilket g\u00f6r denna strain till ett idealiskt val f\u00f6r erfarna cannabisbrukare. Enligt odlarna har denna strain en genomsnittlig blomningstid p\u00e5 55 dagar och v\u00e4xer b\u00e4st inomhus. Den ursprungliga uppf\u00f6daren av All Gas OG \u00e4r Humboldt Seed Company. Den dominerande terpene f\u00f6r denna strain \u00e4r ok\u00e4nd. Cannabisstrains som liknar Gas OG inkluderar Huckleberry.\u00a0<a href=\"https:\/\/www.leafly.com\/strains\/animal-face\" target=\"_blank\" rel=\"noopener\">djur<\/a>Face, Monkey Tape och Bubba Doja.<\/p>\n<h2 style=\"text-align: center\"><strong>\u00a0BUY\u00a0<\/strong><strong>GAS\u00a0<\/strong><strong>CALI BUD OR NO BUD\u00a0 ONLINE | BUY CALI BUD OR NO BUD\u00a0<\/strong><strong>GAS\u00a0<\/strong><strong>ONLINE | BUY CALI BUD OR NO BUD ONLINE<\/strong><\/h2>\n<p><strong>Genetik av Cali Gas<\/strong><\/p>\n<p>Cali Gas \u00e4r en inflytelserik Sativa-dominant hybridcannabisstam, korsad med Grape Ape och Kandy Kush f\u00f6r att f\u00e5 dessa fantastiska <a href=\"https:\/\/caliplugcarts.com\/product\/buy-cali-plug-carts-online\/\" target=\"_blank\" rel=\"noopener\">strains<\/a><\/p>\n<p>Gas \u00e4r en s\u00e4llsynt stam med mystisk genetik, \u00e4ven om vissa tror att det \u00e4r en fenotyp av OG Kush. Det s\u00e4gs att det nu uppl\u00f6sta kollektivet Platinum Clouds skapade den. Cali Gas cannabis.<\/p>\n<p>De fr\u00e4msta rapporterade aromerna av Gas \u00e4r jord, citrus och diesel. Det s\u00e4gs smaka som tall, kryddor och citroner.<\/p>\n<div class=\"variety-percentage-wrap\">\n<h4 class=\"variety\">\u00a0Indica<\/h4>\n<h4 class=\"percentage\"><span class=\"heading\">THC:\u00a0<\/span>16% \u2013 19%<\/h4>\n<\/p><\/div>\n<p>Gas \u00e4r en 100% ren indica-stam skapad av den k\u00e4nda odlaren Loompa p\u00e5 de \u00f6k\u00e4nda Platinum Clouds-g\u00e5rdarna i San Jose, Kalifornien. Denna potenta sort har ok\u00e4nd genetik p\u00e5 grund av odlarens hemlighetsmakeri, \u00e4ven om det allm\u00e4nt anses att den f\u00f6rmodligen \u00e4r en\u00a0<a href=\"https:\/\/www.allbud.com\/marijuana-strains\/sativa-dominant-hybrid\/og-kush\" target=\"_blank\" rel=\"noopener\">OG Kush<\/a> phenotype.<\/p>\n<p>Denna kroppsh\u00f6ga g\u00f6r dig helt avslappnad, sm\u00e4rtfri och totalt sederad. Vid nedg\u00e5ngen kommer du att falla in i en djup och fridfull sm\u00e4rtfri s\u00f6mn som varar i timmar. Cali Gas cannabis.<\/p>\n<h3 style=\"text-align: center\"><strong style=\"font-size: 20.16px;text-align: center;color: #333333\">GAS <\/strong><strong style=\"font-size: 20.16px;text-align: center;color: #333333\">CALI BUD OR NO BUD FOR SALE | CALI BUD OR NO BUD\u00a0\u00a0<\/strong><strong style=\"font-size: 20.16px;text-align: center;color: #333333\">GAS\u00a0<\/strong><strong style=\"font-size: 20.16px;text-align: center;color: #333333\">FOR SALE | CALI BUD OR NO BUD\u00a0 FOR SALE<\/strong><\/h3>\n<h4><strong style=\"color: #555555\">Medicinska anv\u00e4ndningsomr\u00e5den f\u00f6r Cali Gas Exotic Buds<\/strong><\/h4>\n<p>Dessutom \u00e4r denna sort b\u00e4st f\u00f6r patienter som lider av \u00e5ngest och kronisk sm\u00e4rta. Den garanterar omedelbar sm\u00e4rtlindring. Dess milda effekter kan lindra vissa v\u00e4rk och illam\u00e5ende. Sorten kan ocks\u00e5 hj\u00e4lpa till att bek\u00e4mpa symtomen p\u00e5 PTSD.<\/p>\n<p class=\"about-title\"><strong>Om Gas<\/strong><\/p>\n<div class=\"effect-wrapper ng-star-inserted\">\n<div>\n<p>Gas kan vara en informell term som anv\u00e4nds f\u00f6r att beskriva h\u00f6gkvalitativ cannabis \u2013 liknande \u201cloud\u201d \u2013 men Gas \u00e4r ocks\u00e5 namnet p\u00e5 \u00e5tminstone en riktig sort. Odlaren Loompa fr\u00e5n v\u00e4xtodlingsoperationen Platinum Clouds i San Jose har skapat en sort kallad Gas, som tros vara ett distinkt fenotyp av\u00a0<a href=\"https:\/\/www.wikileaf.com\/strain\/og-kush\/\" target=\"_blank\" rel=\"noopener\">OG Kush<\/a>. Namngiven efter sitt bensinliknande aroma, har denna blomma THC-niv\u00e5er mellan 16 % och 21 %.<\/p>\n<\/p><\/div>\n<\/p><\/div>\n<h4 style=\"text-align: center\"><strong>CALI BUD OR NO BUD \u00a0<\/strong><strong>GAS\u00a0<\/strong><strong>\u00a0NEAR ME |\u00a0<\/strong><strong>GAS\u00a0<\/strong><strong>CALI BUD OR NO BUD\u00a0\u00a0 NEAR ME | CALI BUD OR NO BUD \u00a0NEAR ME<\/strong><\/h4>\n<h5><strong style=\"color: #555555;font-size: 14.4px\">Odling<\/strong><span style=\"color: #555555;font-size: 14.4px\">\u00a0<\/span><strong style=\"color: #555555;font-size: 14.4px\">Cali Gas Bud<\/strong><\/h5>\n<p>Denna sort utvecklas kort och trivs bra b\u00e5de inomhus, utomhus eller till och med i ett v\u00e4xthus. V\u00e4xterna b\u00f6r vegetera i minst en m\u00e5nad, om inte fem. Sorten blommar i \u00e5tta till nio veckor och producerar ett gram per watt inomhus. Utomhusodlare kan sk\u00f6rda upp till ett pund per planta. K\u00f6p Cali Exotic Bud.<\/p>\n<p>Gas k\u00e4nnetecknas av sina sm\u00e5 blommor som beh\u00e5ller en form som p\u00e5minner om en kott, som smalnar av fr\u00e5n en bred bas till en spetsig topp. Dessa blommor har en kompakt och t\u00e4t struktur, med blad som rullar sig t\u00e4tt in\u00e5t mot sina centrala stj\u00e4lkar. Bladen sj\u00e4lva \u00e4r mossgr\u00f6na och \u00e4r sammanfl\u00e4tade med livliga orangea h\u00e5r (som egentligen \u00e4r reproduktiva strukturer kallade pistiller, avsedda att f\u00e5nga pollen fr\u00e5n hanv\u00e4xter). Slutligen, Gas blommor \u00e4r kronade med ett h\u00f6gt antal glasartade vita trichomer som ger dessa knoppar en klibbig textur och g\u00f6r dem sv\u00e5ra att bryta upp utan anv\u00e4ndning av en kvalitetsgrinder.<\/p>\n<h5 style=\"text-align: center\"><strong>GAS\u00a0<\/strong><strong>\u00a0STRAIN | \u00a0<\/strong><strong>GAS\u00a0<\/strong><strong>WEED STRAIN | CALI\u00a0<\/strong><strong>GAS\u00a0<\/strong><strong>| CALI\u00a0<\/strong><strong>GAS\u00a0<\/strong><strong>\u00a0STRAIN<\/strong><\/h5>\n<p><strong>K\u00f6p Cali Gas Bud Varning<\/strong><br \/> Sammanfattningsvis: Denna produkt inneh\u00e5ller cannabis, en reglerad substans. F\u00f6rvaras utom r\u00e4ckh\u00e5ll f\u00f6r barn och djur. De berusande effekterna av cannabisprodukter kan vara i upp till tv\u00e5 timmar. Anv\u00e4ndning av cannabis under graviditet eller amning kan vara skadligt. Konsumtion av dessa produkter f\u00f6rs\u00e4mrar din f\u00f6rm\u00e5ga att k\u00f6ra bil eller anv\u00e4nda maskiner. Var extremt f\u00f6rsiktig. K\u00f6p CBONB.<\/p>\n<p>N\u00e4r Gas \u00e4r korrekt h\u00e4rdat avger den en rik, jordig arom, liknande fuktig jord. Underliggande finns ocks\u00e5 en ljus, citruslik syra. Att mala blommorna g\u00f6r verkligen sk\u00e4l f\u00f6r sortens namn, d\u00e5 starka \u00e5ngor av diesel och ammoniak sl\u00e4pps ut. Vid f\u00f6rbr\u00e4nning i en pipa eller joint avger Gas en skarp r\u00f6k som kan sticka i bih\u00e5lorna och gommen. Denna tjocka r\u00f6k smakar tr\u00e4igt med toner av citron vid utandning.<\/p>\n<div data-testid=\"product-description\">\n<div class=\"truncate-lines__Wrapper-sc-1lknwty-0 YxHAC\">\n<div data-testid=\"truncated-description\">\n<div>\n<div class=\"text__Text-sc-fif1uk-0 kdmKRD\">\n<div class=\"src__Box-sc-1sbtrzs-0 src__Flex-sc-1sbtrzs-1 kWPFqZ hzdsvF\">\n<div>EXEMPELKATEGORIER F\u00d6R PRODUKTER<\/div>\n<\/p><\/div>\n<\/p><\/div>\n<\/p><\/div>\n<\/p><\/div>\n<\/p><\/div>\n<\/p><\/div>\n<div class=\"text__Text-sc-fif1uk-0 htoJfX\"><a href=\"https:\/\/jeetersofficial.com\/product-category\/buy-cali-buds\/\" target=\"_blank\" rel=\"noopener\">CALI BUDS<\/a><\/div>\n<div data-testid=\"product-description\">\n<div class=\"truncate-lines__Wrapper-sc-1lknwty-0 YxHAC\">\n<div data-testid=\"truncated-description\">\n<div class=\"text__Text-sc-fif1uk-0 kdmKRD\"><a href=\"https:\/\/jeetersofficial.com\/product-category\/backpack-boyz\/\" target=\"_blank\" rel=\"noopener\">Backpack\u00a0 Boyz<\/a><\/div>\n<div><a href=\"https:\/\/jeetersofficial.com\/product-category\/snow-balls-weed\/\" target=\"_blank\" rel=\"noopener\">SNOWBALLS WEED<\/a><\/div>\n<div><a href=\"https:\/\/jeetersofficial.com\/product-category\/persy-snowcaps\/\" target=\"_blank\" rel=\"noopener\">Persy Snowcaps<\/a><\/div>\n<div><a href=\"https:\/\/jeetersofficial.com\/product-category\/drip-snowcaps\/\" target=\"_blank\" rel=\"noopener\">Drip Snowcaps<\/a><\/div>\n<div><a href=\"https:\/\/jeetersofficial.com\/product-category\/concentrates\/\" target=\"_blank\" rel=\"noopener\">CALI CONCENTRATES<\/a><\/div>\n<div><a href=\"https:\/\/jeetersofficial.com\/product-category\/doja-exclusive\/\" target=\"_blank\" rel=\"noopener\">CALI DOJA PACKS EXCLUSIVE<\/a><\/div>\n<div><a href=\"https:\/\/jeetersofficial.com\/product-category\/marijuana-flowers\/\" target=\"_blank\" rel=\"noopener\">CALI MARIJUANA FLOWERS<\/a><\/div>\n<\/p><\/div>\n<\/p><\/div>\n<\/p><\/div>\n<div><a href=\"https:\/\/jeetersofficial.com\/product-category\/sativa-strain\/\" target=\"_blank\" rel=\"noopener\">CALI SATIVA STRAINS<\/a><\/div>\n<div><a href=\"https:\/\/jeetersofficial.com\/product-category\/indica\/\" target=\"_blank\" rel=\"noopener\">CALI INDICA STRAINS<\/a><\/div>\n<div><a href=\"https:\/\/jeetersofficial.com\/product-category\/hybrid-weed\/\" target=\"_blank\" rel=\"noopener\">CALI HYBRID WEED<\/a><\/div>","protected":false},"excerpt":{"rendered":"<p><strong>K\u00f6p Cali Gas Bud Varning<\/strong><br \/> Denna produkt inneh\u00e5ller cannabis, en reglerad substans. H\u00e5ll den utom r\u00e4ckh\u00e5ll f\u00f6r barn och djur. Cannabisprodukter f\u00e5r endast \u00e4gas eller konsumeras av personer som \u00e4r 21 \u00e5r eller \u00e4ldre, om inte personen \u00e4r en kvalificerad patient. De berusande effekterna av cannabisprodukter kan vara i upp till tv\u00e5 timmar. Anv\u00e4ndning av cannabis under graviditet eller amning kan vara skadligt. Konsumtion av dessa produkter f\u00f6rs\u00e4mrar din f\u00f6rm\u00e5ga att k\u00f6ra eller hantera maskiner. V\u00e4nligen anv\u00e4nd extrem f\u00f6rsiktighet. K\u00f6p CBONB<\/p>","protected":false},"featured_media":1704,"comment_status":"closed","ping_status":"closed","template":"","meta":{"_uag_custom_page_level_css":"","site-sidebar-layout":"default","site-content-layout":"","ast-site-content-layout":"default","site-content-style":"default","site-sidebar-style":"default","ast-global-header-display":"","ast-banner-title-visibility":"","ast-main-header-display":"","ast-hfb-above-header-display":"","ast-hfb-below-header-display":"","ast-hfb-mobile-header-display":"","site-post-title":"","ast-breadcrumbs-content":"","ast-featured-img":"","footer-sml-layout":"","ast-disable-related-posts":"","theme-transparent-header-meta":"","adv-header-id-meta":"","stick-header-meta":"","header-above-stick-meta":"","header-main-stick-meta":"","header-below-stick-meta":"","astra-migrate-meta-layouts":"default","ast-page-background-enabled":"default","ast-page-background-meta":{"desktop":{"background-color":"var(--ast-global-color-5)","background-image":"","background-repeat":"repeat","background-position":"center center","background-size":"auto","background-attachment":"scroll","background-type":"","background-media":"","overlay-type":"","overlay-color":"","overlay-opacity":"","overlay-gradient":""},"tablet":{"background-color":"","background-image":"","background-repeat":"repeat","background-position":"center center","background-size":"auto","background-attachment":"scroll","background-type":"","background-media":"","overlay-type":"","overlay-color":"","overlay-opacity":"","overlay-gradient":""},"mobile":{"background-color":"","background-image":"","background-repeat":"repeat","background-position":"center center","background-size":"auto","background-attachment":"scroll","background-type":"","background-media":"","overlay-type":"","overlay-color":"","overlay-opacity":"","overlay-gradient":""}},"ast-content-background-meta":{"desktop":{"background-color":"var(--ast-global-color-4)","background-image":"","background-repeat":"repeat","background-position":"center center","background-size":"auto","background-attachment":"scroll","background-type":"","background-media":"","overlay-type":"","overlay-color":"","overlay-opacity":"","overlay-gradient":""},"tablet":{"background-color":"var(--ast-global-color-4)","background-image":"","background-repeat":"repeat","background-position":"center center","background-size":"auto","background-attachment":"scroll","background-type":"","background-media":"","overlay-type":"","overlay-color":"","overlay-opacity":"","overlay-gradient":""},"mobile":{"background-color":"var(--ast-global-color-4)","background-image":"","background-repeat":"repeat","background-position":"center center","background-size":"auto","background-attachment":"scroll","background-type":"","background-media":"","overlay-type":"","overlay-color":"","overlay-opacity":"","overlay-gradient":""}}},"product_brand":[],"product_cat":[675],"product_tag":[489,570,491,506,571,508,509,531,492,481,572,573,574,472,516,517,575,576,461,462,464,465,577,578,579,580,581,501,503],"class_list":{"0":"post-1796","1":"product","2":"type-product","3":"status-publish","4":"has-post-thumbnail","6":"product_cat-buy-cali-buds","7":"product_tag-best-cali-packs","8":"product_tag-buy-cali-bud-or-no-bud-gas-online","9":"product_tag-buy-cali-bud-or-no-bud-online","10":"product_tag-buy-cali-buds","11":"product_tag-buy-gas-cali-bud-or-no-bud-online","12":"product_tag-buy-weed-online","13":"product_tag-by-the-best-cali-buds","14":"product_tag-cali-bud","15":"product_tag-cali-bud-or-no-bud","16":"product_tag-cali-bud-or-no-bud-for-sale","17":"product_tag-cali-bud-or-no-bud-gas","18":"product_tag-cali-bud-or-no-bud-gas-for-sale","19":"product_tag-cali-bud-or-no-bud-gas-near-me","20":"product_tag-cali-bud-or-no-bud-near-me","21":"product_tag-cali-flavors","22":"product_tag-cali-flavours","23":"product_tag-cali-gas","24":"product_tag-cali-gas-strain","25":"product_tag-cali-packs","26":"product_tag-cali-plug-cali-bud-or-no-bud","27":"product_tag-cali-weed-bags","28":"product_tag-cali-weed-flavors","29":"product_tag-gas-cali-bud-or-no-bud","30":"product_tag-gas-cali-bud-or-no-bud-for-sale","31":"product_tag-gas-cali-bud-or-no-bud-near-me","32":"product_tag-gas-strain","33":"product_tag-gas-weed-strain","34":"product_tag-marshmallow-strain","35":"product_tag-top-cali-bud-packs","36":"desktop-align-center","37":"tablet-align-left","38":"mobile-align-left","40":"first","41":"instock","42":"shipping-taxable","43":"purchasable","44":"product-type-variable"},"uagb_featured_image_src":{"full":["https:\/\/caliweedeurope.com\/wp-content\/uploads\/2024\/11\/galas.jpg",516,683,false],"thumbnail":["https:\/\/caliweedeurope.com\/wp-content\/uploads\/2024\/11\/galas-150x150.jpg",150,150,true],"medium":["https:\/\/caliweedeurope.com\/wp-content\/uploads\/2024\/11\/galas-227x300.jpg",227,300,true],"medium_large":["https:\/\/caliweedeurope.com\/wp-content\/uploads\/2024\/11\/galas.jpg",516,683,false],"large":["https:\/\/caliweedeurope.com\/wp-content\/uploads\/2024\/11\/galas.jpg",516,683,false],"1536x1536":["https:\/\/caliweedeurope.com\/wp-content\/uploads\/2024\/11\/galas.jpg",516,683,false],"2048x2048":["https:\/\/caliweedeurope.com\/wp-content\/uploads\/2024\/11\/galas.jpg",516,683,false],"trp-custom-language-flag":["https:\/\/caliweedeurope.com\/wp-content\/uploads\/2024\/11\/galas.jpg",9,12,false],"woocommerce_thumbnail":["https:\/\/caliweedeurope.com\/wp-content\/uploads\/2024\/11\/galas-300x300.jpg",300,300,true],"woocommerce_single":["https:\/\/caliweedeurope.com\/wp-content\/uploads\/2024\/11\/galas.jpg",516,683,false],"woocommerce_gallery_thumbnail":["https:\/\/caliweedeurope.com\/wp-content\/uploads\/2024\/11\/galas-100x100.jpg",100,100,true]},"uagb_author_info":{"display_name":"jetskiforsaleuk@gmail.com","author_link":"https:\/\/caliweedeurope.com\/sv\/author\/"},"uagb_comment_info":0,"uagb_excerpt":"Buy Cali Gas Bud Warning. This product contains Cannabis, a scheduled substance Keep out of the reach of children and animals. Cannabis products can only be possessed or consumed by persons 21+ years of age older unless the person is a qualified patient. The intoxicating effects of cannabis products may stay up to two hours.&hellip;","_links":{"self":[{"href":"https:\/\/caliweedeurope.com\/sv\/wp-json\/wp\/v2\/product\/1796"}],"collection":[{"href":"https:\/\/caliweedeurope.com\/sv\/wp-json\/wp\/v2\/product"}],"about":[{"href":"https:\/\/caliweedeurope.com\/sv\/wp-json\/wp\/v2\/types\/product"}],"replies":[{"embeddable":true,"href":"https:\/\/caliweedeurope.com\/sv\/wp-json\/wp\/v2\/comments?post=1796"}],"wp:featuredmedia":[{"embeddable":true,"href":"https:\/\/caliweedeurope.com\/sv\/wp-json\/wp\/v2\/media\/1704"}],"wp:attachment":[{"href":"https:\/\/caliweedeurope.com\/sv\/wp-json\/wp\/v2\/media?parent=1796"}],"wp:term":[{"taxonomy":"product_brand","embeddable":true,"href":"https:\/\/caliweedeurope.com\/sv\/wp-json\/wp\/v2\/product_brand?post=1796"},{"taxonomy":"product_cat","embeddable":true,"href":"https:\/\/caliweedeurope.com\/sv\/wp-json\/wp\/v2\/product_cat?post=1796"},{"taxonomy":"product_tag","embeddable":true,"href":"https:\/\/caliweedeurope.com\/sv\/wp-json\/wp\/v2\/product_tag?post=1796"}],"curies":[{"name":"wp","href":"https:\/\/api.w.org\/{rel}","templated":true}]}}