{"id":1804,"date":"2024-11-05T18:39:27","date_gmt":"2024-11-05T18:39:27","guid":{"rendered":"https:\/\/caliweedeurope.com\/?post_type=product&#038;p=1804"},"modified":"2024-11-05T18:39:35","modified_gmt":"2024-11-05T18:39:35","slug":"buy-cali-plug-cookie-cake-online","status":"publish","type":"product","link":"https:\/\/caliweedeurope.com\/sv\/product\/buy-cali-plug-cookie-cake-online\/","title":{"rendered":"Buy Cali plug Cookie Cake Online"},"content":{"rendered":"<h1 style=\"text-align: center\"><strong>\u00a0 \u00a0<\/strong><strong style=\"font-size: 25.92px;text-align: center\">COOKIE CAKE <\/strong><strong style=\"font-size: 25.92px;text-align: center\">\u00a0CALI BUD OR NO BUD\u00a0|<\/strong><strong style=\"font-size: 25.92px;text-align: center\">\u00a0CALI BUD OR NO BUD\u00a0<\/strong><strong style=\"font-size: 25.92px;text-align: center\">COOKIE CAKE <\/strong><strong style=\"font-size: 25.92px;text-align: center\">\u00a0|<\/strong><strong style=\"font-size: 25.92px;text-align: center\">\u00a0CALI PLUG CALI BUD OR NO BUD<\/strong><\/h1>\n<p><strong>Cali plug Cookie Cake<\/strong><br \/> Till att b\u00f6rja med, Cali Plug Bud Cookies Cake. I dessa v\u00e4rdefulla p\u00e5sar hittar du h\u00f6gkvalitativ Cali Bud eller ingen Bud Cookies Cake, 14g \u00e5terf\u00f6rslutningsbara f\u00e4rskhetsp\u00e5sar. Br\u00f6stcancermedvetenhetsutg\u00e5va. Sorten \u00e4r en korsning mellan Cookies &amp; Cream och Cookie Wreck. Med en THC-halt p\u00e5 31 %, CBD p\u00e5 0,1 %, 70 % Indica och 30 % Sativa. Den totala cannabinoiden \u00e4r 34 %.<\/p>\n<p><strong>Cali-kakakaka<\/strong><\/p>\n<p>Cali Cookie Cake \u00e4r en indica-dominerad sort med h\u00f6g styrka. P\u00e5 grund av sitt h\u00f6ga THC-inneh\u00e5ll uppvisar Cali Nug inledningsvis en sativa-dominerad effekt i huvudet. Denna intensiva k\u00e4nsla i sinnet lugnar sig och omsluter kroppen med en tyngd som vissa kan uppfatta som meditativ. Den har en n\u00e5got blommig doft med inslag av jord och kryddor. Njut av Cali Brain i slutet av dagen f\u00f6r att f\u00f6rst\u00e4rka dess avslappnande, lugnande effekter. Cali Bud recensioner.<\/p>\n<h2 style=\"text-align: center\"><strong>\u00a0BUY\u00a0<\/strong><strong>COOKIE CAKE\u00a0<\/strong><strong>\u00a0\u00a0\u00a0CALI BUD OR NO BUD\u00a0 ONLINE | BUY CALI BUD OR NO BUD\u00a0<\/strong><strong>COOKIE CAKE\u00a0<\/strong><strong>ONLINE | BUY CALI BUD OR NO BUD ONLINE<\/strong><\/h2>\n<p><strong>Effekt av Cali Bud Cookie Cake-stammen<\/strong><br \/> Denna otroliga kittlande k\u00e4nsla i sinnet lugnar sig och omsluter kroppen med en l\u00e4tt och behaglig kvalitet. Den har en subtil blomdoft med inslag av jordn\u00e4ra smaker.<\/p>\n<p><strong style=\"font-size: 14.4px\">Varning<\/strong><\/p>\n<p>Avslutningsvis inneh\u00e5ller denna produkt cannabis, en kontrollerad substans. F\u00f6rvara utom r\u00e4ckh\u00e5ll f\u00f6r barn och djur. De berusande effekterna av cannabisprodukter kan vara upp till tv\u00e5 timmar. Anv\u00e4ndning av cannabis under graviditet eller amning kan vara skadligt. Konsumtion av denna produkt f\u00f6rs\u00e4mrar din f\u00f6rm\u00e5ga att k\u00f6ra bil eller anv\u00e4nda maskiner. Var extremt f\u00f6rsiktig efter att ha konsumerat denna blomma. D\u00e4rf\u00f6r rekommenderar vi att du alltid l\u00e4mnar Cali Bud-recensioner.<\/p>\n<h3 style=\"text-align: center\"><strong>COOKIE CAKE\u00a0<\/strong><strong>CALI BUD OR NO BUD FOR SALE | CALI BUD OR NO BUD\u00a0\u00a0<\/strong><strong>COOKIE CAKE\u00a0<\/strong><strong>FOR SALE | CALI BUD OR NO BUD\u00a0 FOR SALE<\/strong><\/h3>\n<p><strong>Medicinska anv\u00e4ndningsomr\u00e5den f\u00f6r Cali Bud Cookie Cake-stammen<\/strong><br \/> Denna stam f\u00f6rskrivs oftast att tas p\u00e5 morgonen. Detta sinnesklarande medel f\u00e5r stor uppm\u00e4rksamhet fr\u00e5n konst\u00e4lskare eftersom det f\u00f6rb\u00e4ttrar deras kreativitet och hj\u00e4lper dem att prestera b\u00e4ttre genom att h\u00e5lla distraktioner borta. D\u00e4rf\u00f6r \u00e4r det ocks\u00e5 anv\u00e4ndbart n\u00e4r det tas f\u00f6re yoga och meditation. Det \u00e4r k\u00e4nt f\u00f6r sina psykedeliskt egenskaper.<\/p>\n<div class=\"variety-percentage-wrap\">\n<h4 class=\"variety\">Indica Dominant Hybrid\u00a0<span class=\"hidden-xs\">\u2013\u00a0<\/span><span class=\"strain-percentages\">60% Indica \/ 40% Sativa<\/span><\/h4>\n<h4 class=\"percentage\"><span class=\"heading\">THC:\u00a0<\/span>20% \u2013 22%<\/h4>\n<\/p><\/div>\n<p>Cherry Cookie Cake, \u00e4ven k\u00e4nd som \"Cherry Cookies Cake\", \u00e4r en n\u00e5got indica-dominant hybridstam (60% indica \/ 40% sativa) skapad genom att korsa de klassiska Cherry AK X Cookies F2-stammarna. Redo f\u00f6r en bit av denna l\u00e4ckra dessert n\u00e4r som helst? Cherry Cookie Cake har en smak som \u00e4r precis som den l\u00e5ter \u2013 s\u00f6ta n\u00f6tiga k\u00f6rsb\u00e4rskakor och degig t\u00e5rta. Aromat \u00e4r mycket liknande, men med inslag av jord och en l\u00e4tt sk\u00e4rpa. Cherry Cookie Cake-h\u00f6g \u00e4r den perfekta eftermiddagsbehandlingen, med avslappnande och fylliga effekter som hj\u00e4lper dig att verkligen koppla av n\u00e4r du beh\u00f6ver det som mest. Du kommer k\u00e4nna dig lyft men lugn vid b\u00f6rjan av effekten, med en l\u00e4tt dimma i huvudet som hindrar dig fr\u00e5n att fokusera p\u00e5 negativa tankar.<\/p>\n<h4 style=\"text-align: center\"><strong>CALI BUD OR NO BUD \u00a0<\/strong><strong>COOKIE CAKE\u00a0<\/strong><strong>\u00a0\u00a0NEAR ME |\u00a0<\/strong><strong>COOKIE CAKE\u00a0<\/strong><strong> \u00a0\u00a0\u00a0CALI BUD OR NO BUD\u00a0\u00a0 NEAR ME | CALI BUD OR NO BUD \u00a0NEAR ME<\/strong><\/h4>\n<p><strong>Odling av Cali Plug Cookie Cake-stammen<\/strong><br \/> Cali Cookie Cake-stammen kommer fr\u00e5n Exclusive Seeds och kan odlas b\u00e5de inomhus (d\u00e4r plantorna beh\u00f6ver en blomningstid p\u00e5 \u00b167 dagar) och utomhus. Dessa \u00e4r noggrant utvalda fr\u00f6n fr\u00e5n de b\u00e4sta Cali Plug-h\u00f6starna. Cookie Cake \u00e4r en THC-dominant hybridstam. Din sk\u00f6rd kommer att vara v\u00e4rd varje \u00f6re och varje minut du investerat i att k\u00f6pa och odla dessa fr\u00f6n.<\/p>\n<p>D\u00e4refter kommer du att drabbas av ett pl\u00f6tsligt sug, vilket f\u00e5r dig att n\u00e5 efter allt och inget f\u00f6r att \u00e4ta, s\u00e5 ha snacksen redo!<\/p>\n<h5 style=\"text-align: center\"><strong>COOKIE CAKE\u00a0<\/strong><strong>\u00a0\u00a0STRAIN | \u00a0<\/strong><strong>COOKIE CAKE\u00a0<\/strong><strong>\u00a0WEED STRAIN | CALI\u00a0<\/strong><strong>COOKIE CAKE\u00a0<\/strong><strong>\u00a0\u00a0| CALI\u00a0<\/strong><strong>COOKIE CAKE\u00a0<\/strong><strong>\u00a0\u00a0STRAIN<\/strong><\/h5>\n<p><strong>Varning f\u00f6r Cali Plug Cookie Cake<\/strong><br \/> Avslutningsvis inneh\u00e5ller Cookies Cake Cannabis\/THC, en psykoaktiv substans som ska h\u00e5llas utom r\u00e4ckh\u00e5ll f\u00f6r barn och djur. <a href=\"https:\/\/caliplugcarts.com\/product\/buy-cali-bud-cheetos-cookies-online\/\" target=\"_blank\" rel=\"noopener\">Cann<\/a>a<a href=\"https:\/\/caliplugcarts.com\/product\/buy-cali-bud-cheetos-cookies-online\/\" target=\"_blank\" rel=\"noopener\">bis<\/a> produkter f\u00e5r endast innehas eller konsumeras av personer som \u00e4r 21 \u00e5r eller \u00e4ldre, s\u00e5vida personen inte \u00e4r en kvalificerad patient. De berusande effekterna av cannabisprodukter kan vara i upp till tv\u00e5 timmar. Anv\u00e4ndning av cannabis under graviditet eller amning kan vara skadligt. Konsumtion av dessa produkter neds\u00e4tter din f\u00f6rm\u00e5ga att k\u00f6ra eller anv\u00e4nda maskiner. Var f\u00f6rsiktig efter konsumtion av denna produkt. D\u00e4rf\u00f6r rekommenderar vi att du l\u00e4mnar recensioner om Cali Bud hela tiden.<\/p>\n<p><strong>Cali Plug Cookies Cake leverans<\/strong><br \/> D\u00e4rf\u00f6r \u00e4r leveransen 100% diskret och vi ger en garanti f\u00f6r s\u00e4ker leverans eller full \u00e5terbetalning om kunden avbryter best\u00e4llningen. Vi erbjuder diskret v\u00e4rldsomsp\u00e4nnande leverans av dessa h\u00f6gkvalitativa Cali Bud-p\u00e5sar.<\/p>\n<p><strong>Cali Plug Cookies Cake leverans<\/strong><br \/> Slutligen erbjuder vi diskret leverans av dessa toppklassiga Cali Plug buds \u00f6ver hela v\u00e4rlden. Leveranstiden beror mycket p\u00e5 var kunden befinner sig n\u00e4r hen g\u00f6r best\u00e4llningen. L\u00e4gg din best\u00e4llning nu och f\u00e5 Cali buds diskret skickat till din adress utan n\u00e5gra problem.<\/p>\n<div data-testid=\"product-description\">\n<div class=\"truncate-lines__Wrapper-sc-1lknwty-0 YxHAC\">\n<div data-testid=\"truncated-description\">\n<div>\n<div class=\"text__Text-sc-fif1uk-0 kdmKRD\">\n<div class=\"src__Box-sc-1sbtrzs-0 src__Flex-sc-1sbtrzs-1 kWPFqZ hzdsvF\">\n<div>EXEMPELKATEGORIER F\u00d6R PRODUKTER<\/div>\n<\/p><\/div>\n<\/p><\/div>\n<\/p><\/div>\n<\/p><\/div>\n<\/p><\/div>\n<\/p><\/div>\n<div class=\"text__Text-sc-fif1uk-0 htoJfX\"><a href=\"https:\/\/jeetersofficial.com\/product-category\/buy-cali-buds\/\" target=\"_blank\" rel=\"noopener\">CALI BUDS<\/a><\/div>\n<div data-testid=\"product-description\">\n<div class=\"truncate-lines__Wrapper-sc-1lknwty-0 YxHAC\">\n<div data-testid=\"truncated-description\">\n<div class=\"text__Text-sc-fif1uk-0 kdmKRD\"><a href=\"https:\/\/jeetersofficial.com\/product-category\/backpack-boyz\/\" target=\"_blank\" rel=\"noopener\">Backpack\u00a0 Boyz<\/a><\/div>\n<div><a href=\"https:\/\/jeetersofficial.com\/product-category\/snow-balls-weed\/\" target=\"_blank\" rel=\"noopener\">SNOWBALLS WEED<\/a><\/div>\n<div><a href=\"https:\/\/jeetersofficial.com\/product-category\/persy-snowcaps\/\" target=\"_blank\" rel=\"noopener\">Persy Snowcaps<\/a><\/div>\n<div><a href=\"https:\/\/jeetersofficial.com\/product-category\/drip-snowcaps\/\" target=\"_blank\" rel=\"noopener\">Drip Snowcaps<\/a><\/div>\n<div><a href=\"https:\/\/jeetersofficial.com\/product-category\/concentrates\/\" target=\"_blank\" rel=\"noopener\">CALI CONCENTRATES<\/a><\/div>\n<div><a href=\"https:\/\/jeetersofficial.com\/product-category\/doja-exclusive\/\" target=\"_blank\" rel=\"noopener\">CALI DOJA PACKS EXCLUSIVE<\/a><\/div>\n<div><a href=\"https:\/\/jeetersofficial.com\/product-category\/marijuana-flowers\/\" target=\"_blank\" rel=\"noopener\">CALI MARIJUANA FLOWERS<\/a><\/div>\n<\/p><\/div>\n<\/p><\/div>\n<\/p><\/div>\n<div><a href=\"https:\/\/jeetersofficial.com\/product-category\/sativa-strain\/\" target=\"_blank\" rel=\"noopener\">CALI SATIVA STRAINS<\/a><\/div>\n<div><a href=\"https:\/\/jeetersofficial.com\/product-category\/indica\/\" target=\"_blank\" rel=\"noopener\">CALI INDICA STRAINS<\/a><\/div>\n<div><a href=\"https:\/\/jeetersofficial.com\/product-category\/hybrid-weed\/\" target=\"_blank\" rel=\"noopener\">CALI HYBRID WEED<\/a><\/div>\n<p>&nbsp;<\/p>","protected":false},"excerpt":{"rendered":"<p><strong>Varning f\u00f6r Cali Plug Cookie Cake<\/strong><br \/> Cookies Cake inneh\u00e5ller cannabis\/THC, en psykoaktiv substans. F\u00f6rvara utom r\u00e4ckh\u00e5ll f\u00f6r barn och djur. Cannabisprodukter f\u00e5r endast innehas eller konsumeras av personer som \u00e4r 21 \u00e5r eller \u00e4ldre, om inte personen \u00e4r en kvalificerad patient. De berusande effekterna av cannabisprodukter kan vara i upp till tv\u00e5 timmar. Anv\u00e4ndning av cannabis under graviditet eller amning kan vara skadligt. Konsumtion av dessa produkter f\u00f6rs\u00e4mrar din f\u00f6rm\u00e5ga att k\u00f6ra eller hantera maskiner. Var extremt f\u00f6rsiktig efter konsumtion av denna knopp. D\u00e4rf\u00f6r rekommenderar vi att du alltid l\u00e4mnar recensioner om Cali Bud.<\/p>","protected":false},"featured_media":1834,"comment_status":"closed","ping_status":"closed","template":"","meta":{"_uag_custom_page_level_css":"","site-sidebar-layout":"default","site-content-layout":"","ast-site-content-layout":"default","site-content-style":"default","site-sidebar-style":"default","ast-global-header-display":"","ast-banner-title-visibility":"","ast-main-header-display":"","ast-hfb-above-header-display":"","ast-hfb-below-header-display":"","ast-hfb-mobile-header-display":"","site-post-title":"","ast-breadcrumbs-content":"","ast-featured-img":"","footer-sml-layout":"","ast-disable-related-posts":"","theme-transparent-header-meta":"","adv-header-id-meta":"","stick-header-meta":"","header-above-stick-meta":"","header-main-stick-meta":"","header-below-stick-meta":"","astra-migrate-meta-layouts":"default","ast-page-background-enabled":"default","ast-page-background-meta":{"desktop":{"background-color":"var(--ast-global-color-5)","background-image":"","background-repeat":"repeat","background-position":"center center","background-size":"auto","background-attachment":"scroll","background-type":"","background-media":"","overlay-type":"","overlay-color":"","overlay-opacity":"","overlay-gradient":""},"tablet":{"background-color":"","background-image":"","background-repeat":"repeat","background-position":"center center","background-size":"auto","background-attachment":"scroll","background-type":"","background-media":"","overlay-type":"","overlay-color":"","overlay-opacity":"","overlay-gradient":""},"mobile":{"background-color":"","background-image":"","background-repeat":"repeat","background-position":"center center","background-size":"auto","background-attachment":"scroll","background-type":"","background-media":"","overlay-type":"","overlay-color":"","overlay-opacity":"","overlay-gradient":""}},"ast-content-background-meta":{"desktop":{"background-color":"var(--ast-global-color-4)","background-image":"","background-repeat":"repeat","background-position":"center center","background-size":"auto","background-attachment":"scroll","background-type":"","background-media":"","overlay-type":"","overlay-color":"","overlay-opacity":"","overlay-gradient":""},"tablet":{"background-color":"var(--ast-global-color-4)","background-image":"","background-repeat":"repeat","background-position":"center center","background-size":"auto","background-attachment":"scroll","background-type":"","background-media":"","overlay-type":"","overlay-color":"","overlay-opacity":"","overlay-gradient":""},"mobile":{"background-color":"var(--ast-global-color-4)","background-image":"","background-repeat":"repeat","background-position":"center center","background-size":"auto","background-attachment":"scroll","background-type":"","background-media":"","overlay-type":"","overlay-color":"","overlay-opacity":"","overlay-gradient":""}}},"product_brand":[],"product_cat":[675],"product_tag":[489,697,491,506,698,509,531,492,699,700,701,481,472,515,702,703,516,517,461,536,462,613,704,705,706,707,708,503],"class_list":{"0":"post-1804","1":"product","2":"type-product","3":"status-publish","4":"has-post-thumbnail","6":"product_cat-buy-cali-buds","7":"product_tag-best-cali-packs","8":"product_tag-buy-cali-bud-or-no-bud-cookie-cake-online","9":"product_tag-buy-cali-bud-or-no-bud-online","10":"product_tag-buy-cali-buds","11":"product_tag-buy-cookie-cake-cali-bud-or-no-bud-online","12":"product_tag-by-the-best-cali-buds","13":"product_tag-cali-bud","14":"product_tag-cali-bud-or-no-bud","15":"product_tag-cali-bud-or-no-bud-cookie-cake","16":"product_tag-cali-bud-or-no-bud-cookie-cake-for-sale","17":"product_tag-cali-bud-or-no-bud-cookie-cake-near-me","18":"product_tag-cali-bud-or-no-bud-for-sale","19":"product_tag-cali-bud-or-no-bud-near-me","20":"product_tag-cali-buds-online","21":"product_tag-cali-cookie-cake","22":"product_tag-cali-cookie-cake-strain","23":"product_tag-cali-flavors","24":"product_tag-cali-flavours","25":"product_tag-cali-packs","26":"product_tag-cali-plug-buds","27":"product_tag-cali-plug-cali-bud-or-no-bud","28":"product_tag-cali-weed-strains","29":"product_tag-cookie-cake-cali-bud-or-no-bud","30":"product_tag-cookie-cake-cali-bud-or-no-bud-for-sale","31":"product_tag-cookie-cake-cali-bud-or-no-bud-near-me","32":"product_tag-cookie-cake-strain","33":"product_tag-cookie-cake-weed-strain","34":"product_tag-top-cali-bud-packs","35":"desktop-align-center","36":"tablet-align-left","37":"mobile-align-left","39":"first","40":"instock","41":"shipping-taxable","42":"purchasable","43":"product-type-variable"},"uagb_featured_image_src":{"full":["https:\/\/caliweedeurope.com\/wp-content\/uploads\/2024\/11\/cookie-cake.jpg",520,687,false],"thumbnail":["https:\/\/caliweedeurope.com\/wp-content\/uploads\/2024\/11\/cookie-cake-150x150.jpg",150,150,true],"medium":["https:\/\/caliweedeurope.com\/wp-content\/uploads\/2024\/11\/cookie-cake-227x300.jpg",227,300,true],"medium_large":["https:\/\/caliweedeurope.com\/wp-content\/uploads\/2024\/11\/cookie-cake.jpg",520,687,false],"large":["https:\/\/caliweedeurope.com\/wp-content\/uploads\/2024\/11\/cookie-cake.jpg",520,687,false],"1536x1536":["https:\/\/caliweedeurope.com\/wp-content\/uploads\/2024\/11\/cookie-cake.jpg",520,687,false],"2048x2048":["https:\/\/caliweedeurope.com\/wp-content\/uploads\/2024\/11\/cookie-cake.jpg",520,687,false],"trp-custom-language-flag":["https:\/\/caliweedeurope.com\/wp-content\/uploads\/2024\/11\/cookie-cake.jpg",9,12,false],"woocommerce_thumbnail":["https:\/\/caliweedeurope.com\/wp-content\/uploads\/2024\/11\/cookie-cake-300x300.jpg",300,300,true],"woocommerce_single":["https:\/\/caliweedeurope.com\/wp-content\/uploads\/2024\/11\/cookie-cake.jpg",520,687,false],"woocommerce_gallery_thumbnail":["https:\/\/caliweedeurope.com\/wp-content\/uploads\/2024\/11\/cookie-cake-100x100.jpg",100,100,true]},"uagb_author_info":{"display_name":"jetskiforsaleuk@gmail.com","author_link":"https:\/\/caliweedeurope.com\/sv\/author\/"},"uagb_comment_info":0,"uagb_excerpt":"Cali plug Cookie Cake Warning Cookies Cake contains Cannabis\/THC, a psychoactive substance to Keep out of the reach of children and animals. Cannabis products can only be possessed or consumed by persons 21+ years of age older unless the person is a qualified patient. The intoxicating effects of cannabis products may stay up to two&hellip;","_links":{"self":[{"href":"https:\/\/caliweedeurope.com\/sv\/wp-json\/wp\/v2\/product\/1804"}],"collection":[{"href":"https:\/\/caliweedeurope.com\/sv\/wp-json\/wp\/v2\/product"}],"about":[{"href":"https:\/\/caliweedeurope.com\/sv\/wp-json\/wp\/v2\/types\/product"}],"replies":[{"embeddable":true,"href":"https:\/\/caliweedeurope.com\/sv\/wp-json\/wp\/v2\/comments?post=1804"}],"wp:featuredmedia":[{"embeddable":true,"href":"https:\/\/caliweedeurope.com\/sv\/wp-json\/wp\/v2\/media\/1834"}],"wp:attachment":[{"href":"https:\/\/caliweedeurope.com\/sv\/wp-json\/wp\/v2\/media?parent=1804"}],"wp:term":[{"taxonomy":"product_brand","embeddable":true,"href":"https:\/\/caliweedeurope.com\/sv\/wp-json\/wp\/v2\/product_brand?post=1804"},{"taxonomy":"product_cat","embeddable":true,"href":"https:\/\/caliweedeurope.com\/sv\/wp-json\/wp\/v2\/product_cat?post=1804"},{"taxonomy":"product_tag","embeddable":true,"href":"https:\/\/caliweedeurope.com\/sv\/wp-json\/wp\/v2\/product_tag?post=1804"}],"curies":[{"name":"wp","href":"https:\/\/api.w.org\/{rel}","templated":true}]}}