{"id":1810,"date":"2024-11-05T18:39:28","date_gmt":"2024-11-05T18:39:28","guid":{"rendered":"https:\/\/caliweedeurope.com\/?post_type=product&#038;p=1810"},"modified":"2024-11-05T18:39:35","modified_gmt":"2024-11-05T18:39:35","slug":"buy-cali-plug-pure-og-online","status":"publish","type":"product","link":"https:\/\/caliweedeurope.com\/sv\/product\/buy-cali-plug-pure-og-online\/","title":{"rendered":"Buy Cali Plug Pure OG Online"},"content":{"rendered":"<h1 style=\"text-align: center\"><strong>\u00a0\u00a0 \u00a0 \u00a0<\/strong><strong>PURE OG\u00a0 <\/strong><strong>CALI BUD OR NO BUD<\/strong><strong> |<\/strong> <strong>CALI BUD OR NO BUD <\/strong><strong>PURE OG\u00a0 <\/strong><strong>|<\/strong> <strong>CALI PLUG CALI BUD OR NO BUD<\/strong><\/h1>\n<p><strong>Cali Plug Pure OG Strain<\/strong><br \/> F\u00f6r att b\u00f6rja med, Cali Pure OG Strain \u00e4r ett Girl Scout Cookies-fenotyp. Denna strain \u00e4r uppkallad efter sina molniga vita trichomer och klibbiga knoppar, och doftar av s\u00f6ta, mintiga terpenar med en charmig sandig underton. pure og weed<\/p>\n<p>Pure OG \u00e4r en Indica-v\u00e4xtsort som skapats genom att korsa OG Kush med andra sorter. Recensenter p\u00e5 Leafly s\u00e4ger att denna sort g\u00f6r dem s\u00f6mniga, hungriga och kittliga. Pure OG har 19% THC. Det dominerande terpener i denna sort \u00e4r karyofylen. Om du har r\u00f6kt, dabbat eller p\u00e5 annat s\u00e4tt njutit av denna sort, Pure OG, l\u00e5t oss veta! L\u00e4mna en recension.<\/p>\n<h2 style=\"text-align: center\">\u00a0<strong>BUY\u00a0<\/strong><strong>PURE OG<\/strong><strong>\u00a0CALI BUD OR NO BUD\u00a0 ONLINE | BUY CALI BUD OR NO BUD\u00a0<\/strong><strong>PURE OG <\/strong><strong>ONLINE | BUY CALI BUD OR NO BUD ONLINE<\/strong><\/h2>\n<h3><strong style=\"color: #555555;font-size: 14.4px\">Medicinska anv\u00e4ndningar av Pure OG-strain<\/strong><\/h3>\n<p>Pure OG ger konsumenterna en lycklig, avslappnande k\u00e4nsla. Den behagliga euforin fr\u00e5n denna sort kan f\u00f6rb\u00e4ttra hum\u00f6ret, stimulera aptiten och hj\u00e4lpa mot rastl\u00f6shet.<\/p>\n<div class=\"col-xs-12 col-md-9 col-lg-9 strain-info detail-panel\">\n<div class=\"flipblock-wrapper\">\n<div id=\"strain-info\" class=\"panel panel-default\" data-label=\"strain_detail\">\n<div class=\"face front\">\n<div class=\"panel-body well description\">\n<div class=\"variety-percentage-wrap\">\n<h4 class=\"variety\">Indica Dominant Hybrid <span class=\"hidden-xs\">\u2013\u00a0<\/span><span class=\"strain-percentages\">60% Indica \/ 40% Sativa<\/span><\/h4>\n<h4 class=\"percentage\"><span class=\"heading\">THC:\u00a0<\/span>20%,\u00a0<span class=\"heading\">CBD:\u00a0<\/span><em>2<\/em>%,\u00a0<span class=\"heading\">CBN:\u00a0<\/span><em>1<\/em>%<\/h4>\n<\/p><\/div>\n<p>Pure OG, \u00e4ven mer k\u00e4nd som \"Pure Kush\", \u00e4r en l\u00e4tt indica-dominant hybrid (60 % indica \/ 40 % sativa) som \u00e4r en inavlad SFV OG Kush. Liksom sin f\u00f6r\u00e4ldrasort har Pure OG en klassisk doft av jordig n\u00f6tighet med en s\u00f6t kushig underton som blir n\u00e5got skarp n\u00e4r blommorna bryts. Smaken \u00e4r mycket lik, med en uts\u00f6kt jordig kushsmak som har en l\u00e4tt s\u00f6t, n\u00f6tig smak vid utandning. Denna blomma har medelstora, olivgr\u00f6na, druvformade knoppar med m\u00f6rkorange h\u00e5r och \u00f6verraskande ljusrosa undertoner. Varje knopp \u00e4r helt t\u00e4ckt med ett tjockt, frostigt lager av fina vita trichomer.<\/p>\n<\/p><\/div>\n<\/p><\/div>\n<\/p><\/div>\n<\/p><\/div>\n<\/p><\/div>\n<h3 style=\"text-align: center\"><strong>PURE OG <\/strong><strong>CALI BUD OR NO BUD FOR SALE | CALI BUD OR NO BUD\u00a0\u00a0<\/strong><strong>PURE OG\u00a0 \u00a0<\/strong><strong>\u00a0FOR SALE | CALI BUD OR NO BUD\u00a0 FOR SALE<\/strong><\/h3>\n<p><strong>Glad<\/strong><br \/> 49 % av m\u00e4nniskor rapporterar att de k\u00e4nner sig glada<br \/> <strong>Avslappnad<\/strong><br \/> 44 % av m\u00e4nniskor rapporterar att de k\u00e4nner sig avslappnade<br \/> <strong>Upphetsad<\/strong><br \/> 16 % av m\u00e4nniskor rapporterar att de k\u00e4nner sig upphetsade<br \/> <strong>Negativ<\/strong><br \/> <strong>Torr mun<\/strong><br \/> 17 % av m\u00e4nniskor rapporterar att de har torr mun<br \/> <strong>Torra \u00f6gon<\/strong><br \/> 11 % av m\u00e4nniskor rapporterar att de har torra \u00f6gon<br \/> <strong>Yr<\/strong><br \/> 5 % av m\u00e4nniskor rapporterar att de k\u00e4nner sig yr<\/p>\n<div class=\"col-xs-12 col-md-9 col-lg-9 strain-info detail-panel\">\n<div class=\"flipblock-wrapper\">\n<div id=\"strain-info\" class=\"panel panel-default\" data-label=\"strain_detail\">\n<div class=\"face front\">\n<div class=\"panel-body well description translation-block\">Pure OG-highen har en superpotent och l\u00e5ngvarig effekt, som st\u00f6ds av en <a href=\"https:\/\/caliplugcarts.com\/product\/buy-cali-bud-sweet-and-sour-online\/\" target=\"_blank\" rel=\"noopener\">THC<\/a> niv\u00e5 p\u00e5 upp till 20% och en CBD-niv\u00e5 som vanligtvis ligger mellan 1-2%. H\u00f6jden tr\u00e4ffar dig f\u00f6rst i huvudet med en tung narkotisk dimma som helt lindrar sm\u00e4rta eller rastl\u00f6sa tankar. Denna h\u00f6jd sprider sig snabbt \u00f6ver hela kroppen och leder till tung couch-lock och sedering som varar i timmar. M\u00e5nga anv\u00e4ndare hittar sig sj\u00e4lva somnar snart efter att ha r\u00f6kt Pure OG p\u00e5 grund av dessa tunga Indica-effekter. P\u00e5 grund av detta \u00e4r Pure OG en favoritstr\u00e5le f\u00f6r att behandla kronisk sm\u00e4rta, s\u00f6mnl\u00f6shet, mild till m\u00e5ttlig depression och kronisk \u00e5ngest eller stress.<\/div>\n<\/p><\/div>\n<\/p><\/div>\n<\/p><\/div>\n<\/p><\/div>\n<div class=\"hidden-xs col-md-3 col-lg-3 strain-properties xs-no-left-right-padding\">\n<div class=\"row small-gutter\">\n<div class=\"col-xs-12 col-sm-12 wider\">\n<div class=\"flipblock-wrapper\">\n<section id=\"positive-effects\" class=\"panel panel-default\" data-label=\"positive_effects\">\n<div class=\"face front\">\n<div class=\"panel-heading\">Effekter<\/div>\n<div class=\"panel-body well tags-list\"><a href=\"https:\/\/www.allbud.com\/marijuana-strains\/effect\/happy\" target=\"_blank\" rel=\"noopener\">Glad<\/a>,\u00a0<a href=\"https:\/\/www.allbud.com\/marijuana-strains\/effect\/hungry\" target=\"_blank\" rel=\"noopener\">Hungrig<\/a>,\u00a0<a href=\"https:\/\/www.allbud.com\/marijuana-strains\/effect\/sleepy\" target=\"_blank\" rel=\"noopener\">S\u00f6mnig<\/a><\/div>\n<\/p><\/div>\n<\/section><\/div>\n<\/p><\/div>\n<div class=\"col-xs-12 col-sm-12 wider\">\n<div class=\"flipblock-wrapper\">\n<section id=\"relieved\" class=\"panel panel-default\" data-label=\"relieved_symptoms\">\n<div class=\"face front\">\n<div class=\"panel-heading\">Kan lindra\u00a0<i class=\"fa fa-info-circle\" title=\"Ansvarsfriskrivning: All information om cannabisstammar som visas p\u00e5 denna webbplats baseras p\u00e5 anv\u00e4ndarrecensioner. De visade stamdata b\u00f6r behandlas som ett informativt verktyg och inte som medicinsk rekommendation. V\u00e4nligen r\u00e5dfr\u00e5ga din l\u00e4kare innan du anv\u00e4nder cannabis f\u00f6r medicinska \u00e4ndam\u00e5l.\" data-toggle=\"tooltip\" data-placement=\"right\"><\/i><\/div>\n<div class=\"panel-body well tags-list translation-block\"><a href=\"https:\/\/www.allbud.com\/marijuana-strains\/symptom\/anxiety\" target=\"_blank\" rel=\"noopener\">\u00c5ngest<\/a>, <a href=\"https:\/\/www.allbud.com\/marijuana-strains\/symptom\/arthritis\" target=\"_blank\" rel=\"noopener\">Artrit<\/a>, <a href=\"https:\/\/www.allbud.com\/marijuana-strains\/symptom\/chronic-pain\" target=\"_blank\" rel=\"noopener\">Kronisk sm\u00e4rta<\/a>, <a href=\"https:\/\/www.allbud.com\/marijuana-strains\/symptom\/depression\" target=\"_blank\" rel=\"noopener\">Depression<\/a>, <a href=\"https:\/\/www.allbud.com\/marijuana-strains\/symptom\/fibromyalgia\" target=\"_blank\" rel=\"noopener\">Fibromyalgi<\/a>, <a href=\"https:\/\/www.allbud.com\/marijuana-strains\/symptom\/headaches\" target=\"_blank\" rel=\"noopener\">Huvudv\u00e4rk<\/a>, <a href=\"https:\/\/www.allbud.com\/marijuana-strains\/symptom\/insomnia\" target=\"_blank\" rel=\"noopener\">S\u00f6mnl\u00f6shet<\/a>, <a href=\"https:\/\/www.allbud.com\/marijuana-strains\/symptom\/nausea\" target=\"_blank\" rel=\"noopener\">Illam\u00e5ende<\/a>, <a href=\"https:\/\/www.allbud.com\/marijuana-strains\/symptom\/stress\" target=\"_blank\" rel=\"noopener\">Stress<\/a><\/div>\n<\/p><\/div>\n<\/section><\/div>\n<\/p><\/div>\n<\/p><\/div>\n<div class=\"row small-gutter\">\n<div class=\"col-xs-12 col-sm-12 wider\">\n<div class=\"flipblock-wrapper\">\n<section id=\"flavors\" class=\"panel panel-default\" data-label=\"strain_flavors\">\n<div class=\"face front\">\n<div class=\"panel-heading\">Smaker<\/div>\n<div class=\"panel-body well tags-list translation-block\"><a href=\"https:\/\/www.allbud.com\/marijuana-strains\/taste\/citrus\" target=\"_blank\" rel=\"noopener\">Citrus<\/a>, <a href=\"https:\/\/www.allbud.com\/marijuana-strains\/taste\/nutty\" target=\"_blank\" rel=\"noopener\">N\u00f6taktig<\/a>, <a href=\"https:\/\/www.allbud.com\/marijuana-strains\/taste\/pine\" target=\"_blank\" rel=\"noopener\">Tall<\/a>, <a href=\"https:\/\/www.allbud.com\/marijuana-strains\/taste\/spicy\" target=\"_blank\" rel=\"noopener\">Kryddig<\/a>, <a href=\"https:\/\/www.allbud.com\/marijuana-strains\/taste\/sweet\" target=\"_blank\" rel=\"noopener\">S\u00f6t<\/a>, <a href=\"https:\/\/www.allbud.com\/marijuana-strains\/taste\/woody\" target=\"_blank\" rel=\"noopener\">Tr\u00e4ig<\/a><\/div>\n<\/p><\/div>\n<\/section><\/div>\n<\/p><\/div>\n<div class=\"col-xs-12 col-sm-12 wider\">\n<div class=\"flipblock-wrapper\">\n<section id=\"aromas\" class=\"panel panel-default\" data-label=\"strain_aromas\">\n<div class=\"face front\">\n<div class=\"panel-heading\">Aromer<\/div>\n<div class=\"panel-body well tags-list translation-block\"><a href=\"https:\/\/www.allbud.com\/marijuana-strains\/aroma\/dank\" target=\"_blank\" rel=\"noopener\">Dank<\/a>,&nbsp;<a href=\"https:\/\/www.allbud.com\/marijuana-strains\/aroma\/earthy\" target=\"_blank\" rel=\"noopener\">Earthy<\/a>,&nbsp;<a href=\"https:\/\/www.allbud.com\/marijuana-strains\/aroma\/kush\" target=\"_blank\" rel=\"noopener\">Kush<\/a>,&nbsp;<a href=\"https:\/\/www.allbud.com\/marijuana-strains\/aroma\/nutty\" target=\"_blank\" rel=\"noopener\">Nutty<\/a>,&nbsp;<a href=\"https:\/\/www.allbud.com\/marijuana-strains\/aroma\/sweet\" target=\"_blank\" rel=\"noopener\">Sweet<\/a><\/div>\n<\/p><\/div>\n<\/section><\/div>\n<\/p><\/div>\n<\/p><\/div>\n<\/p><\/div>\n<h4 style=\"text-align: center\"><strong>CALI BUD OR NO BUD \u00a0PURE OG\u00a0 \u00a0NEAR ME | PURE OG\u00a0 CALI BUD OR NO BUD\u00a0\u00a0 NEAR ME | CALI BUD OR NO BUD \u00a0NEAR ME<\/strong><\/h4>\n<p><strong>Leverans av Cali Plug Pure OG-strain<\/strong><br \/> Vi st\u00e5r fast f\u00f6r att ge dig de b\u00e4sta 420 cannabis mail order tj\u00e4nsterna. Efter att ha unders\u00f6kt stressen det inneb\u00e4r att k\u00f6ra till dispens\u00e4ren f\u00f6r att h\u00e4mta din medicinska marijuana f\u00f6r sm\u00e4rta och lindring, beslutade vi att hj\u00e4lpa 420-gemenskapen genom att erbjuda recept och cannabisleverans direkt till din d\u00f6rr utan besv\u00e4r. Vi levererar till alla 50 stater i USA, Kanada och Europa. F\u00f6r mer information, kontakta oss eftersom vi alltid \u00e4r online f\u00f6r att hj\u00e4lpa dig f\u00e5 det b\u00e4sta. K\u00f6p Cali Pure OG Strain.<\/p>\n<p>Pure OG erbjuder det b\u00e4sta fr\u00e5n alla v\u00e4rldar, eftersom dess THC-niv\u00e5er ligger p\u00e5 stabila 20%. Dessutom fyller mellan 1% och 2% CBD din kropp med v\u00e4lbeh\u00f6vlig lindring. En typisk jordig smak upptr\u00e4der f\u00f6rst, men n\u00e4r du andas ut f\u00e5r denna sort en s\u00f6tare och n\u00f6taktig smak. Doften matchar dessa smaker och \u00e4r ganska behaglig f\u00f6r de flesta. Knopparna \u00e4r en syn att se, med rosa undertoner, m\u00f6rkorange h\u00e5r och ett tjockt lager av trikomer som p\u00e5minner om sand.<\/p>\n<h5 style=\"text-align: center\"><strong>PURE OG\u00a0 STRAIN | \u00a0PURE OG\u00a0 WEED STRAIN | CALI PURE OG\u00a0 | CALI PURE OG\u00a0 \u00a0STRAIN<\/strong><\/h5>\n<p><strong>Varning f\u00f6r Pure OG-strain<\/strong><br \/> Sammanfattningsvis inneh\u00e5ller denna produkt cannabis, ett reglerat \u00e4mne. F\u00f6rvara utom r\u00e4ckh\u00e5ll f\u00f6r barn och djur. Cannabisprodukter f\u00e5r endast \u00e4gas eller konsumeras av personer \u00f6ver 21 \u00e5r, om inte personen \u00e4r en kvalificerad patient. De berusande effekterna av cannabisprodukter kan vara i upp till tv\u00e5 timmar. Anv\u00e4ndning av cannabis under graviditet eller amning kan vara skadligt. Konsumtion av dessa produkter p\u00e5verkar din f\u00f6rm\u00e5ga att k\u00f6ra eller hantera maskiner. Var mycket f\u00f6rsiktig innan du k\u00f6per Pure OG Strain online och konsumerar den.<\/p>\n<p>Fr\u00e5n mystiska uppf\u00f6dare som ville skapa en kraftfull och \u00f6k\u00e4nd strain, \u00e4r Pure OG en SFV OG Kush-inavel som skapar en 60\/40 indica-dominant balans. Den speglar smakerna fr\u00e5n sin ursprungliga f\u00f6r\u00e4lder och ger anv\u00e4ndare en djupt avslappnande effekt som lugnar \u00e4ven det mest hektiska sinnet eller den sm\u00e4rtsamma kroppen.<\/p>\n<div data-testid=\"product-description\">\n<div class=\"truncate-lines__Wrapper-sc-1lknwty-0 YxHAC\">\n<div data-testid=\"truncated-description\">\n<div>\n<div class=\"text__Text-sc-fif1uk-0 kdmKRD\">\n<div class=\"src__Box-sc-1sbtrzs-0 src__Flex-sc-1sbtrzs-1 kWPFqZ hzdsvF\">\n<div>EXEMPELKATEGORIER F\u00d6R PRODUKTER<\/div>\n<\/p><\/div>\n<\/p><\/div>\n<\/p><\/div>\n<\/p><\/div>\n<\/p><\/div>\n<\/p><\/div>\n<div class=\"text__Text-sc-fif1uk-0 htoJfX\"><a href=\"https:\/\/jeetersofficial.com\/product-category\/buy-cali-buds\/\" target=\"_blank\" rel=\"noopener\">CALI BUDS<\/a><\/div>\n<div data-testid=\"product-description\">\n<div class=\"truncate-lines__Wrapper-sc-1lknwty-0 YxHAC\">\n<div data-testid=\"truncated-description\">\n<div class=\"text__Text-sc-fif1uk-0 kdmKRD\"><a href=\"https:\/\/jeetersofficial.com\/product-category\/backpack-boyz\/\" target=\"_blank\" rel=\"noopener\">Backpack\u00a0 Boyz<\/a><\/div>\n<div><a href=\"https:\/\/jeetersofficial.com\/product-category\/snow-balls-weed\/\" target=\"_blank\" rel=\"noopener\">SNOWBALLS WEED<\/a><\/div>\n<div><a href=\"https:\/\/jeetersofficial.com\/product-category\/persy-snowcaps\/\" target=\"_blank\" rel=\"noopener\">Persy Snowcaps<\/a><\/div>\n<div><a href=\"https:\/\/jeetersofficial.com\/product-category\/drip-snowcaps\/\" target=\"_blank\" rel=\"noopener\">Drip Snowcaps<\/a><\/div>\n<div><a href=\"https:\/\/jeetersofficial.com\/product-category\/concentrates\/\" target=\"_blank\" rel=\"noopener\">CALI CONCENTRATES<\/a><\/div>\n<div><a href=\"https:\/\/jeetersofficial.com\/product-category\/doja-exclusive\/\" target=\"_blank\" rel=\"noopener\">CALI DOJA PACKS EXCLUSIVE<\/a><\/div>\n<div><a href=\"https:\/\/jeetersofficial.com\/product-category\/marijuana-flowers\/\" target=\"_blank\" rel=\"noopener\">CALI MARIJUANA FLOWERS<\/a><\/div>\n<\/p><\/div>\n<\/p><\/div>\n<\/p><\/div>\n<div><a href=\"https:\/\/jeetersofficial.com\/product-category\/sativa-strain\/\" target=\"_blank\" rel=\"noopener\">CALI SATIVA STRAINS<\/a><\/div>\n<div><a href=\"https:\/\/jeetersofficial.com\/product-category\/indica\/\" target=\"_blank\" rel=\"noopener\">CALI INDICA STRAINS<\/a><\/div>\n<div><a href=\"https:\/\/jeetersofficial.com\/product-category\/hybrid-weed\/\" target=\"_blank\" rel=\"noopener\">CALI HYBRID WEED<\/a><\/div>","protected":false},"excerpt":{"rendered":"<p><strong>Cali Plug Pure OG Strain<\/strong><br \/> F\u00f6r att b\u00f6rja med, Cali Pure OG Strain \u00e4r ett Girl Scout Cookies-fenotyp. Denna strain \u00e4r uppkallad efter sina molniga vita trichomer och klibbiga knoppar, och doftar av s\u00f6ta, mintiga terpenar med en charmig sandig underton.<\/p>","protected":false},"featured_media":1738,"comment_status":"closed","ping_status":"closed","template":"","meta":{"_uag_custom_page_level_css":"","site-sidebar-layout":"default","site-content-layout":"","ast-site-content-layout":"","site-content-style":"default","site-sidebar-style":"default","ast-global-header-display":"","ast-banner-title-visibility":"","ast-main-header-display":"","ast-hfb-above-header-display":"","ast-hfb-below-header-display":"","ast-hfb-mobile-header-display":"","site-post-title":"","ast-breadcrumbs-content":"","ast-featured-img":"","footer-sml-layout":"","theme-transparent-header-meta":"","adv-header-id-meta":"","stick-header-meta":"","header-above-stick-meta":"","header-main-stick-meta":"","header-below-stick-meta":"","astra-migrate-meta-layouts":"default","ast-page-background-enabled":"default","ast-page-background-meta":{"desktop":{"background-color":"var(--ast-global-color-4)","background-image":"","background-repeat":"repeat","background-position":"center center","background-size":"auto","background-attachment":"scroll","background-type":"","background-media":"","overlay-type":"","overlay-color":"","overlay-opacity":"","overlay-gradient":""},"tablet":{"background-color":"","background-image":"","background-repeat":"repeat","background-position":"center center","background-size":"auto","background-attachment":"scroll","background-type":"","background-media":"","overlay-type":"","overlay-color":"","overlay-opacity":"","overlay-gradient":""},"mobile":{"background-color":"","background-image":"","background-repeat":"repeat","background-position":"center center","background-size":"auto","background-attachment":"scroll","background-type":"","background-media":"","overlay-type":"","overlay-color":"","overlay-opacity":"","overlay-gradient":""}},"ast-content-background-meta":{"desktop":{"background-color":"var(--ast-global-color-5)","background-image":"","background-repeat":"repeat","background-position":"center center","background-size":"auto","background-attachment":"scroll","background-type":"","background-media":"","overlay-type":"","overlay-color":"","overlay-opacity":"","overlay-gradient":""},"tablet":{"background-color":"var(--ast-global-color-5)","background-image":"","background-repeat":"repeat","background-position":"center center","background-size":"auto","background-attachment":"scroll","background-type":"","background-media":"","overlay-type":"","overlay-color":"","overlay-opacity":"","overlay-gradient":""},"mobile":{"background-color":"var(--ast-global-color-5)","background-image":"","background-repeat":"repeat","background-position":"center center","background-size":"auto","background-attachment":"scroll","background-type":"","background-media":"","overlay-type":"","overlay-color":"","overlay-opacity":"","overlay-gradient":""}}},"product_brand":[],"product_cat":[675],"product_tag":[489,491,648,506,649,508,509,510,531,492,481,472,650,651,652,514,473,515,653,654,503],"class_list":{"0":"post-1810","1":"product","2":"type-product","3":"status-publish","4":"has-post-thumbnail","6":"product_cat-buy-cali-buds","7":"product_tag-best-cali-packs","8":"product_tag-buy-cali-bud-or-no-bud-online","9":"product_tag-buy-cali-bud-or-no-bud-pure-og-online","10":"product_tag-buy-cali-buds","11":"product_tag-buy-pure-og-cali-bud-or-no-bud-online","12":"product_tag-buy-weed-online","13":"product_tag-by-the-best-cali-buds","14":"product_tag-cali-bags","15":"product_tag-cali-bud","16":"product_tag-cali-bud-or-no-bud","17":"product_tag-cali-bud-or-no-bud-for-sale","18":"product_tag-cali-bud-or-no-bud-near-me","19":"product_tag-cali-bud-or-no-bud-pure-og","20":"product_tag-cali-bud-or-no-bud-pure-og-for-sale","21":"product_tag-cali-bud-or-no-bud-pure-og-near-me","22":"product_tag-cali-bud-packs","23":"product_tag-cali-buds","24":"product_tag-cali-buds-online","25":"product_tag-cali-pure-og","26":"product_tag-pure-og-weed-strain","27":"product_tag-top-cali-bud-packs","28":"desktop-align-center","29":"tablet-align-left","30":"mobile-align-left","32":"first","33":"instock","34":"shipping-taxable","35":"purchasable","36":"product-type-variable"},"uagb_featured_image_src":{"full":["https:\/\/caliweedeurope.com\/wp-content\/uploads\/2024\/11\/56e3b9f5-aefa-40e3-bae8-4d47822696b6-1.jpg",768,1024,false],"thumbnail":["https:\/\/caliweedeurope.com\/wp-content\/uploads\/2024\/11\/56e3b9f5-aefa-40e3-bae8-4d47822696b6-1-150x150.jpg",150,150,true],"medium":["https:\/\/caliweedeurope.com\/wp-content\/uploads\/2024\/11\/56e3b9f5-aefa-40e3-bae8-4d47822696b6-1-225x300.jpg",225,300,true],"medium_large":["https:\/\/caliweedeurope.com\/wp-content\/uploads\/2024\/11\/56e3b9f5-aefa-40e3-bae8-4d47822696b6-1.jpg",768,1024,false],"large":["https:\/\/caliweedeurope.com\/wp-content\/uploads\/2024\/11\/56e3b9f5-aefa-40e3-bae8-4d47822696b6-1.jpg",768,1024,false],"1536x1536":["https:\/\/caliweedeurope.com\/wp-content\/uploads\/2024\/11\/56e3b9f5-aefa-40e3-bae8-4d47822696b6-1.jpg",768,1024,false],"2048x2048":["https:\/\/caliweedeurope.com\/wp-content\/uploads\/2024\/11\/56e3b9f5-aefa-40e3-bae8-4d47822696b6-1.jpg",768,1024,false],"trp-custom-language-flag":["https:\/\/caliweedeurope.com\/wp-content\/uploads\/2024\/11\/56e3b9f5-aefa-40e3-bae8-4d47822696b6-1.jpg",9,12,false],"woocommerce_thumbnail":["https:\/\/caliweedeurope.com\/wp-content\/uploads\/2024\/11\/56e3b9f5-aefa-40e3-bae8-4d47822696b6-1-300x300.jpg",300,300,true],"woocommerce_single":["https:\/\/caliweedeurope.com\/wp-content\/uploads\/2024\/11\/56e3b9f5-aefa-40e3-bae8-4d47822696b6-1-600x800.jpg",600,800,true],"woocommerce_gallery_thumbnail":["https:\/\/caliweedeurope.com\/wp-content\/uploads\/2024\/11\/56e3b9f5-aefa-40e3-bae8-4d47822696b6-1-100x100.jpg",100,100,true]},"uagb_author_info":{"display_name":"jetskiforsaleuk@gmail.com","author_link":"https:\/\/caliweedeurope.com\/sv\/author\/"},"uagb_comment_info":0,"uagb_excerpt":"Cali Plug Pure OG Strain To begin with buy Cali Pure OG strain is a Girl Scout Cookies phenotype. Named for its cloudy white trichomes and sticky buds, this strain smells of sweet, minty terpenes with a charming gritty hint.","_links":{"self":[{"href":"https:\/\/caliweedeurope.com\/sv\/wp-json\/wp\/v2\/product\/1810"}],"collection":[{"href":"https:\/\/caliweedeurope.com\/sv\/wp-json\/wp\/v2\/product"}],"about":[{"href":"https:\/\/caliweedeurope.com\/sv\/wp-json\/wp\/v2\/types\/product"}],"replies":[{"embeddable":true,"href":"https:\/\/caliweedeurope.com\/sv\/wp-json\/wp\/v2\/comments?post=1810"}],"wp:featuredmedia":[{"embeddable":true,"href":"https:\/\/caliweedeurope.com\/sv\/wp-json\/wp\/v2\/media\/1738"}],"wp:attachment":[{"href":"https:\/\/caliweedeurope.com\/sv\/wp-json\/wp\/v2\/media?parent=1810"}],"wp:term":[{"taxonomy":"product_brand","embeddable":true,"href":"https:\/\/caliweedeurope.com\/sv\/wp-json\/wp\/v2\/product_brand?post=1810"},{"taxonomy":"product_cat","embeddable":true,"href":"https:\/\/caliweedeurope.com\/sv\/wp-json\/wp\/v2\/product_cat?post=1810"},{"taxonomy":"product_tag","embeddable":true,"href":"https:\/\/caliweedeurope.com\/sv\/wp-json\/wp\/v2\/product_tag?post=1810"}],"curies":[{"name":"wp","href":"https:\/\/api.w.org\/{rel}","templated":true}]}}