{"id":1816,"date":"2024-11-05T18:39:28","date_gmt":"2024-11-05T18:39:28","guid":{"rendered":"https:\/\/caliweedeurope.com\/?post_type=product&#038;p=1816"},"modified":"2024-11-05T18:39:35","modified_gmt":"2024-11-05T18:39:35","slug":"buy-cali-plug-smuckers-strain-online","status":"publish","type":"product","link":"https:\/\/caliweedeurope.com\/sv\/product\/buy-cali-plug-smuckers-strain-online\/","title":{"rendered":"K\u00f6p Cali Plug Smuckers Strain online"},"content":{"rendered":"<h1 style=\"text-align: center\"><strong>\u00a0 \u00a0 \u00a0 \u00a0 \u00a0<\/strong><strong>SMUCKERS <\/strong><strong>\u00a0<\/strong><strong>CALI BUD OR NO BUD<\/strong><strong> |<\/strong> <strong>CALI BUD OR NO BUD <\/strong><strong>SMUCKERS <\/strong><strong>\u00a0|<\/strong> <strong>CALI PLUG CALI BUD OR NO BUD<\/strong><\/h1>\n<p><strong>Cali Plug Smuckers Strain<\/strong><br \/> Cali Smuckers \u00e4r en inflytelserik cannabis-hybrid som korsas med Strawberry och Grape Ape f\u00f6r att skapa denna fantastiska sort. Cali Plug \u00e4r stolta att introducera denna trendiga och h\u00f6gkvalitativa sort.<\/p>\n<p><strong>Medicinska anv\u00e4ndningar av Cali Plug Smuckers cannabis-sort<\/strong><br \/> Cali Bud Smuckers-strainen \u00e4r b\u00e4st f\u00f6r patienter som lider av \u00e5ngest och kroniska sm\u00e4rtor. Denna strain garanterar omedelbar lindring av sm\u00e4rta och \u00e5ngest. Denna strain kommer ocks\u00e5 att fungera som medicin f\u00f6r pulserande sm\u00e4rta samt illam\u00e5ende. Strainen kan ocks\u00e5 hj\u00e4lpa till att bek\u00e4mpa symtomen p\u00e5 PTSD. K\u00f6p f\u00f6rstklassiga Cali-strains fr\u00e5n Cali Weed Plug f\u00f6r \u00e4kta buds och s\u00e4ker leverans.<\/p>\n<p>Du har f\u00f6rmodligen aldrig h\u00f6rt talas om Smuckers-strainen. Smuckers-strainen \u00e4r en ny strain som introducerades p\u00e5 cannabismarknaden f\u00f6r n\u00e5gra m\u00e5nader sedan. Denna strain vinner popularitet \u00f6ver hela v\u00e4rlden, s\u00e4rskilt i USA, och efterfr\u00e5gan p\u00e5 denna strain \u00f6kade i b\u00f6rjan av 2021. Vilken fantastisk strain vi har idag. Smaken \u00e4r fantastisk, b\u00e5de torr och t\u00e4nd\u2026 effekterna \u00e4r perfekta f\u00f6r en avslappnad kv\u00e4ll och en god natts s\u00f6mn. Jag anv\u00e4nder CPAP sedan 15 \u00e5r tillbaka och sover fortfarande inte bra. En resa till Paris och jag sov b\u00e4ttre \u00e4n n\u00e5gonsin. Smuckers-strainen har ett s\u00f6tt, jordigt, fruktigt och kryddigt aroma med en THC-niv\u00e5 p\u00e5 \u00f6ver 22%. Knopparna har ljusgr\u00f6na fl\u00e4ckar och livfulla orangea h\u00e5r.<\/p>\n<h2 style=\"text-align: center\">\u00a0<strong>BUY\u00a0<\/strong><strong>SMUCKERS\u00a0<\/strong><strong>\u00a0CALI BUD OR NO BUD\u00a0 ONLINE | BUY CALI BUD OR NO BUD\u00a0<\/strong><strong>SMUCKERS\u00a0<\/strong><strong>\u00a0\u00a0ONLINE | BUY CALI BUD OR NO BUD ONLINE<\/strong><\/h2>\n<p>Cannabisodlare skulle fokusera p\u00e5 att skapa nya sorter som lyser upp din dag och f\u00e5r dig att k\u00e4nna dig fantastisk och avslappnad. Det l\u00e5ter som den verkliga meningen med ett bra liv. Smuckers-strainen l\u00e4ggs till deras grupp av exceptionella v\u00e4xter. Smuckers-strainen ger en bra euforisk h\u00f6g. Efter en initial kreativ boost tar den lugnande kroppseffekten \u00f6ver. Det kan bli bed\u00f6vande och lindra alla typer av sm\u00e4rta. Slutligen sl\u00e5r hungern till.<\/p>\n<p><strong>Odling av Smuckers cannabisstrain<\/strong><br \/> Denna sort v\u00e4xer kort och kan trivas b\u00e5de inomhus, utomhus eller till och med i ett v\u00e4xthus. V\u00e4xterna b\u00f6r h\u00e5llas i vegetativ fas i minst en m\u00e5nad, om inte fem. Sorten blommar i \u00e5tta till nio veckor och ger ett gram per watt inomhus. Utomhusodlare kan sk\u00f6rda upp till ett pund per planta.<\/p>\n<p><strong>Cali Smuckers<\/strong><\/p>\n<p>Cali Smuckers \u00e4r en inflytelserik cannabis-hybrid, korsad med strawberry och grape ape f\u00f6r att skapa denna fantastiska sort. Denna sort \u00e4r b\u00e4st f\u00f6r patienter som lider av \u00e5ngest och kronisk sm\u00e4rta. Denna sort garanterar omedelbar sm\u00e4rtlindring. Dess milda effekter kan lindra vissa sm\u00e4rtor samt illam\u00e5ende.<\/p>\n<p>&nbsp;<\/p>\n<h3 style=\"text-align: center\"><strong>SMUCKERS\u00a0<\/strong><strong>CALI BUD OR NO BUD FOR SALE | CALI BUD OR NO BUD\u00a0\u00a0<\/strong><strong>SMUCKERS\u00a0<\/strong><strong>\u00a0FOR SALE | CALI BUD OR NO BUD\u00a0 FOR SALE<\/strong><\/h3>\n<div><strong>Var man kan k\u00f6pa Smuckers-strain<\/strong><\/div>\n<div>\n<p>Smuckers-strainen h\u00e5ller p\u00e5 att bli en av de b\u00e4sta p\u00e5 marknaden under de senaste dagarna. Det finns dock begr\u00e4nsade leverant\u00f6rer av denna strain p\u00e5 marknaden. D\u00e4rf\u00f6r f\u00f6rs\u00f6ker vissa leverant\u00f6rer utnyttja sina k\u00f6pare. D\u00e4rf\u00f6r b\u00f6r du vara f\u00f6rsiktig n\u00e4r du v\u00e4ljer en leverant\u00f6r f\u00f6r Smuckers-strainen. Du kan alltid bes\u00f6ka v\u00e5r webbplats f\u00f6r dina behov av denna strain. Detta eftersom vi alltid f\u00f6rs\u00f6ker s\u00e5 mycket vi kan f\u00f6r att m\u00f6ta v\u00e5ra kunders behov. D\u00e4rf\u00f6r har vi alltid ett lager av Smuckers-weed.<\/p>\n<\/p><\/div>\n<p><strong>Effekter av Smuckers cannabisstrain<\/strong><br \/> Kroppseufori, Eufori, Avslappnande, S\u00f6mnig, Upplyftande<br \/> <strong>Kan lindra<\/strong><br \/> \u00c5ngest, Kronisk sm\u00e4rta, Depression, S\u00f6mnl\u00f6shet, PTSD, Stress<br \/> <strong>Smaker<\/strong><br \/> Godis, Choklad, Kr\u00e4mig, Fruktig, Sockrig, S\u00f6t<br \/> <strong>Aromer<\/strong><br \/> Choklad, Jordig, Fruktig, \u00d6rtig, S\u00f6t<\/p>\n<p>Denna strain kan ocks\u00e5 hj\u00e4lpa till att bek\u00e4mpa symptomen p\u00e5 PTSD. Den v\u00e4xer kort och fungerar bra inomhus, utomhus eller till och med i ett v\u00e4xthus. Entusiaster b\u00f6r ge den minst en m\u00e5nad, helst fem, f\u00f6r vegetativ tillv\u00e4xt. Strainen blommar i \u00e5tta till nio veckor och kan ge ett gram per watt inomhus. Utomhusodlare kan sk\u00f6rda upp till ett halvt kilo per planta.<\/p>\n<h3 style=\"text-align: center\"><strong>CALI BUD OR NO BUD \u00a0SMUCKERS \u00a0\u00a0NEAR ME | SMUCKERS \u00a0\u00a0CALI BUD OR NO BUD\u00a0\u00a0 NEAR ME | CALI BUD OR NO BUD \u00a0NEAR ME<\/strong><\/h3>\n<div><strong>\u00a0<\/strong><\/div>\n<div>En trevlig jordig citroncitrussmak var k\u00e4nnetecknet f\u00f6r Smuckers-strainen. Jag r\u00f6kte den och den var uts\u00f6kt. Ruset var upplyftande, lyckligt och avslappnat \u2013 en riktigt chill k\u00e4nsla som passar bra till att spela eller lyssna p\u00e5 musik. Jag skulle r\u00f6ka detta igen.<\/div>\n<p><strong>Varning f\u00f6r Smuckers-cannabissorten<\/strong><br \/> Denna produkt inneh\u00e5ller cannabis, en kontrollerad substans. H\u00e5ll den utom r\u00e4ckh\u00e5ll f\u00f6r barn och djur. Cannabisprodukter f\u00e5r endast innehas eller konsumeras av personer \u00f6ver 21 \u00e5r, om personen inte \u00e4r en kvalificerad patient. De berusande effekterna av cannabisprodukter kan vara i upp till tv\u00e5 timmar. Anv\u00e4ndning av cannabis under graviditet eller amning kan vara skadligt. Konsumtion av dessa produkter f\u00f6rs\u00e4mrar din f\u00f6rm\u00e5ga att k\u00f6ra eller hantera maskiner. V\u00e4nligen anv\u00e4nd extrem f\u00f6rsiktighet.<\/p>\n<p class=\"p1\"><strong>Varning.<\/strong><\/p>\n<p class=\"p1\">F\u00f6r det tredje, denna produkt inneh\u00e5ller cannabis, en kontrollerad substans. F\u00f6rvara utom r\u00e4ckh\u00e5ll f\u00f6r barn och djur. Cannabisprodukter f\u00e5r endast innehas eller konsumeras av personer som \u00e4r 21 \u00e5r eller \u00e4ldre, om inte personen \u00e4r en kvalificerad patient. De berusande effekterna av cannabisprodukter kan vara i upp till tv\u00e5 timmar. Anv\u00e4ndning av cannabis under graviditet eller amning kan vara skadligt. Konsumtion av dessa produkter f\u00f6rs\u00e4mrar din f\u00f6rm\u00e5ga att k\u00f6ra eller hantera maskiner. V\u00e4nligen anv\u00e4nd extrem f\u00f6rsiktighet.<\/p>\n<h4 class=\"p1\" style=\"text-align: center\"><strong>SMUCKERS STRAIN | SMUCKERS WEED STRAIN<\/strong><\/h4>\n<p><strong>Effekter och medicinska f\u00f6rdelar med stammen<\/strong><\/p>\n<div class=\"translation-block\">Cannabis inneh\u00e5ller f\u00f6reningar som kan p\u00e5verka din hj\u00e4rna och kropp. Det kan vara beroendeframkallande och samtidigt skadligt f\u00f6r vissa m\u00e4nniskors h\u00e4lsa och \u00e4ven g\u00f6ra dig h\u00f6g. Under de senaste \u00e5ren har cannabis dock f\u00e5tt offentlig acceptans och de flesta delstater har legaliserat anv\u00e4ndningen av cannabis. Cannabisv\u00e4xter kan anv\u00e4ndas f\u00f6r att behandla en rad<a href=\"https:\/\/myweedgroup.com\/product\/buy-smuckers-strain\/\" target=\"_blank\" rel=\"noopener\">mentala<\/a> och fysiska problem. Medicinskt \u00e4r Smuckers-sorten k\u00e4nd f\u00f6r att hj\u00e4lpa till med intensiva s\u00f6mnproblem. Denna sort \u00e4r ocks\u00e5 k\u00e4nd f\u00f6r att hj\u00e4lpa mycket med att behandla depression. Depression \u00e4r ganska utbrett utan att de flesta m\u00e4nniskor ens vet att de har det. Endast medicinska yrkesut\u00f6vare kan bevisa detta. Denna sort hj\u00e4lper ocks\u00e5 till att behandla kroniska sm\u00e4rtor, stress eller \u00e5ngest, s\u00f6mnl\u00f6shet, aptitl\u00f6shet och inflammation.<\/div>\n<div>\n<p><strong>F\u00f6rpackning av Smuckers-stammen<\/strong><\/p>\n<div>\n<div>Alla exotiska och cookie-strains p\u00e5 v\u00e5r webbplats \u00e4r f\u00f6rpackade i sina officiella p\u00e5sar, som syns p\u00e5 v\u00e5r webbplats. \u00c4r inte det fantastiskt? Ja, det \u00e4r det. D\u00e4rf\u00f6r beh\u00f6ver du inte betala extra f\u00f6r p\u00e5sarna. \u00c4r vi inte de b\u00e4sta p\u00e5 marknaden? L\u00e4gg din best\u00e4llning nu.<\/div>\n<div>\n<div>\n<div>\n<div>Det b\u00f6r dock noteras att Smuckers-stammen \u00f6kar i popularitet p\u00e5 senare tid. D\u00e4rf\u00f6r st\u00e4rker stammen populariteten f\u00f6r andra stammar. D\u00e4rf\u00f6r b\u00f6r ett bra uppf\u00f6ljande av stammen beaktas. Smuckers Weed-stam.<\/div>\n<div><\/div>\n<\/p><\/div>\n<\/p><\/div>\n<div>\n<div data-testid=\"product-description\">\n<div class=\"truncate-lines__Wrapper-sc-1lknwty-0 YxHAC\">\n<div data-testid=\"truncated-description\">\n<div>\n<div class=\"text__Text-sc-fif1uk-0 kdmKRD\">\n<div class=\"src__Box-sc-1sbtrzs-0 src__Flex-sc-1sbtrzs-1 kWPFqZ hzdsvF\">\n<div>EXEMPELKATEGORIER F\u00d6R PRODUKTER<\/div>\n<\/p><\/div>\n<\/p><\/div>\n<\/p><\/div>\n<\/p><\/div>\n<\/p><\/div>\n<\/p><\/div>\n<div class=\"text__Text-sc-fif1uk-0 htoJfX\"><a href=\"https:\/\/jeetersofficial.com\/product-category\/buy-cali-buds\/\" target=\"_blank\" rel=\"noopener\">CALI BUDS<\/a><\/div>\n<div data-testid=\"product-description\">\n<div class=\"truncate-lines__Wrapper-sc-1lknwty-0 YxHAC\">\n<div data-testid=\"truncated-description\">\n<div class=\"text__Text-sc-fif1uk-0 kdmKRD\"><a href=\"https:\/\/jeetersofficial.com\/product-category\/backpack-boyz\/\" target=\"_blank\" rel=\"noopener\">Backpack\u00a0 Boyz<\/a><\/div>\n<div><a href=\"https:\/\/jeetersofficial.com\/product-category\/snow-balls-weed\/\" target=\"_blank\" rel=\"noopener\">SNOWBALLS WEED<\/a><\/div>\n<div><a href=\"https:\/\/jeetersofficial.com\/product-category\/persy-snowcaps\/\" target=\"_blank\" rel=\"noopener\">Persy Snowcaps<\/a><\/div>\n<div><a href=\"https:\/\/jeetersofficial.com\/product-category\/drip-snowcaps\/\" target=\"_blank\" rel=\"noopener\">Drip Snowcaps<\/a><\/div>\n<div><a href=\"https:\/\/jeetersofficial.com\/product-category\/concentrates\/\" target=\"_blank\" rel=\"noopener\">CALI CONCENTRATES<\/a><\/div>\n<div><a href=\"https:\/\/jeetersofficial.com\/product-category\/doja-exclusive\/\" target=\"_blank\" rel=\"noopener\">CALI DOJA PACKS EXCLUSIVE<\/a><\/div>\n<div><a href=\"https:\/\/jeetersofficial.com\/product-category\/marijuana-flowers\/\" target=\"_blank\" rel=\"noopener\">CALI MARIJUANA FLOWERS<\/a><\/div>\n<\/p><\/div>\n<\/p><\/div>\n<\/p><\/div>\n<div><a href=\"https:\/\/jeetersofficial.com\/product-category\/sativa-strain\/\" target=\"_blank\" rel=\"noopener\">CALI SATIVA STRAINS<\/a><\/div>\n<div><a href=\"https:\/\/jeetersofficial.com\/product-category\/indica\/\" target=\"_blank\" rel=\"noopener\">CALI INDICA STRAINS<\/a><\/div>\n<div><a href=\"https:\/\/jeetersofficial.com\/product-category\/hybrid-weed\/\" target=\"_blank\" rel=\"noopener\">CALI HYBRID WEED<\/a><\/div>\n<\/p><\/div>\n<\/p><\/div>\n<\/p><\/div>\n<\/p><\/div>","protected":false},"excerpt":{"rendered":"<p><strong>Cali Plug Smuckers Strain<\/strong><br \/> Cali Smuckers \u00e4r en inflytelserik cannabis-hybrid som korsas med Strawberry och Grape Ape f\u00f6r att skapa denna fantastiska sort. Cali Plug \u00e4r stolta att introducera denna trendiga och h\u00f6gkvalitativa sort.<\/p>","protected":false},"featured_media":1835,"comment_status":"closed","ping_status":"closed","template":"","meta":{"_uag_custom_page_level_css":"","site-sidebar-layout":"default","site-content-layout":"","ast-site-content-layout":"default","site-content-style":"default","site-sidebar-style":"default","ast-global-header-display":"","ast-banner-title-visibility":"","ast-main-header-display":"","ast-hfb-above-header-display":"","ast-hfb-below-header-display":"","ast-hfb-mobile-header-display":"","site-post-title":"","ast-breadcrumbs-content":"","ast-featured-img":"","footer-sml-layout":"","ast-disable-related-posts":"","theme-transparent-header-meta":"","adv-header-id-meta":"","stick-header-meta":"","header-above-stick-meta":"","header-main-stick-meta":"","header-below-stick-meta":"","astra-migrate-meta-layouts":"default","ast-page-background-enabled":"default","ast-page-background-meta":{"desktop":{"background-color":"var(--ast-global-color-5)","background-image":"","background-repeat":"repeat","background-position":"center center","background-size":"auto","background-attachment":"scroll","background-type":"","background-media":"","overlay-type":"","overlay-color":"","overlay-opacity":"","overlay-gradient":""},"tablet":{"background-color":"","background-image":"","background-repeat":"repeat","background-position":"center center","background-size":"auto","background-attachment":"scroll","background-type":"","background-media":"","overlay-type":"","overlay-color":"","overlay-opacity":"","overlay-gradient":""},"mobile":{"background-color":"","background-image":"","background-repeat":"repeat","background-position":"center center","background-size":"auto","background-attachment":"scroll","background-type":"","background-media":"","overlay-type":"","overlay-color":"","overlay-opacity":"","overlay-gradient":""}},"ast-content-background-meta":{"desktop":{"background-color":"var(--ast-global-color-4)","background-image":"","background-repeat":"repeat","background-position":"center center","background-size":"auto","background-attachment":"scroll","background-type":"","background-media":"","overlay-type":"","overlay-color":"","overlay-opacity":"","overlay-gradient":""},"tablet":{"background-color":"var(--ast-global-color-4)","background-image":"","background-repeat":"repeat","background-position":"center center","background-size":"auto","background-attachment":"scroll","background-type":"","background-media":"","overlay-type":"","overlay-color":"","overlay-opacity":"","overlay-gradient":""},"mobile":{"background-color":"var(--ast-global-color-4)","background-image":"","background-repeat":"repeat","background-position":"center center","background-size":"auto","background-attachment":"scroll","background-type":"","background-media":"","overlay-type":"","overlay-color":"","overlay-opacity":"","overlay-gradient":""}}},"product_brand":[],"product_cat":[675],"product_tag":[489,491,709,506,710,508,509,510,492,481,472,711,712,713,515,518,461,462,714,465,715,467,716,717,718,719,720,721,722,723,724,725,726,727,728,729,730,731,732,733,734,735,736],"class_list":{"0":"post-1816","1":"product","2":"type-product","3":"status-publish","4":"has-post-thumbnail","6":"product_cat-buy-cali-buds","7":"product_tag-best-cali-packs","8":"product_tag-buy-cali-bud-or-no-bud-online","9":"product_tag-buy-cali-bud-or-no-bud-smuckers-online","10":"product_tag-buy-cali-buds","11":"product_tag-buy-smuckers-strain","12":"product_tag-buy-weed-online","13":"product_tag-by-the-best-cali-buds","14":"product_tag-cali-bags","15":"product_tag-cali-bud-or-no-bud","16":"product_tag-cali-bud-or-no-bud-for-sale","17":"product_tag-cali-bud-or-no-bud-near-me","18":"product_tag-cali-bud-or-no-bud-smuckers","19":"product_tag-cali-bud-or-no-bud-smuckers-for-sale","20":"product_tag-cali-bud-or-no-bud-smuckers-near-me","21":"product_tag-cali-buds-online","22":"product_tag-cali-gush-lato","23":"product_tag-cali-packs","24":"product_tag-cali-plug-cali-bud-or-no-bud","25":"product_tag-cali-smuckers-strain","26":"product_tag-cali-weed-flavors","27":"product_tag-exotics-bud-packs","28":"product_tag-hardball-cookies","29":"product_tag-smuckers-cali-bud-or-no-bud","30":"product_tag-smuckers-cali-bud-or-no-bud-near-me","31":"product_tag-smuckers-cali-strain","32":"product_tag-smuckers-marijuana","33":"product_tag-smuckers-strain","34":"product_tag-smuckers-strain-allbud","35":"product_tag-smuckers-strain-buy","36":"product_tag-smuckers-strain-buy-smuckers-cali-bud-or-no-bud-online","37":"product_tag-smuckers-strain-for-sale","38":"product_tag-smuckers-strain-germany","39":"product_tag-smuckers-strain-ireland","40":"product_tag-smuckers-strain-italy","41":"product_tag-smuckers-strain-online","42":"product_tag-smuckers-strain-review","43":"product_tag-smuckers-strain-reviewssmuckers-strain","44":"product_tag-smuckers-strain-uk","45":"product_tag-smuckers-strain-usa","46":"product_tag-smuckers-strain-weedmaps","47":"product_tag-smuckers-weed","48":"product_tag-smuckers-weed-strain","49":"product_tag-smuckers-weed-strain-smuckers-cali-bud-or-no-bud-for-sale","50":"desktop-align-center","51":"tablet-align-left","52":"mobile-align-left","54":"first","55":"instock","56":"shipping-taxable","57":"purchasable","58":"product-type-variable"},"uagb_featured_image_src":{"full":["https:\/\/caliweedeurope.com\/wp-content\/uploads\/2024\/11\/smuckers.jpg",384,511,false],"thumbnail":["https:\/\/caliweedeurope.com\/wp-content\/uploads\/2024\/11\/smuckers-150x150.jpg",150,150,true],"medium":["https:\/\/caliweedeurope.com\/wp-content\/uploads\/2024\/11\/smuckers-225x300.jpg",225,300,true],"medium_large":["https:\/\/caliweedeurope.com\/wp-content\/uploads\/2024\/11\/smuckers.jpg",384,511,false],"large":["https:\/\/caliweedeurope.com\/wp-content\/uploads\/2024\/11\/smuckers.jpg",384,511,false],"1536x1536":["https:\/\/caliweedeurope.com\/wp-content\/uploads\/2024\/11\/smuckers.jpg",384,511,false],"2048x2048":["https:\/\/caliweedeurope.com\/wp-content\/uploads\/2024\/11\/smuckers.jpg",384,511,false],"trp-custom-language-flag":["https:\/\/caliweedeurope.com\/wp-content\/uploads\/2024\/11\/smuckers.jpg",9,12,false],"woocommerce_thumbnail":["https:\/\/caliweedeurope.com\/wp-content\/uploads\/2024\/11\/smuckers-300x300.jpg",300,300,true],"woocommerce_single":["https:\/\/caliweedeurope.com\/wp-content\/uploads\/2024\/11\/smuckers.jpg",384,511,false],"woocommerce_gallery_thumbnail":["https:\/\/caliweedeurope.com\/wp-content\/uploads\/2024\/11\/smuckers-100x100.jpg",100,100,true]},"uagb_author_info":{"display_name":"jetskiforsaleuk@gmail.com","author_link":"https:\/\/caliweedeurope.com\/sv\/author\/"},"uagb_comment_info":0,"uagb_excerpt":"Cali Plug Smuckers Strain Cali Smuckers is an influential cannabis hybrid strain cross with strawberry and grape ape to get this astonishing strain. The Cali Plug is Proud to introduce to you this trending and top-shelf. bud strain.","_links":{"self":[{"href":"https:\/\/caliweedeurope.com\/sv\/wp-json\/wp\/v2\/product\/1816"}],"collection":[{"href":"https:\/\/caliweedeurope.com\/sv\/wp-json\/wp\/v2\/product"}],"about":[{"href":"https:\/\/caliweedeurope.com\/sv\/wp-json\/wp\/v2\/types\/product"}],"replies":[{"embeddable":true,"href":"https:\/\/caliweedeurope.com\/sv\/wp-json\/wp\/v2\/comments?post=1816"}],"wp:featuredmedia":[{"embeddable":true,"href":"https:\/\/caliweedeurope.com\/sv\/wp-json\/wp\/v2\/media\/1835"}],"wp:attachment":[{"href":"https:\/\/caliweedeurope.com\/sv\/wp-json\/wp\/v2\/media?parent=1816"}],"wp:term":[{"taxonomy":"product_brand","embeddable":true,"href":"https:\/\/caliweedeurope.com\/sv\/wp-json\/wp\/v2\/product_brand?post=1816"},{"taxonomy":"product_cat","embeddable":true,"href":"https:\/\/caliweedeurope.com\/sv\/wp-json\/wp\/v2\/product_cat?post=1816"},{"taxonomy":"product_tag","embeddable":true,"href":"https:\/\/caliweedeurope.com\/sv\/wp-json\/wp\/v2\/product_tag?post=1816"}],"curies":[{"name":"wp","href":"https:\/\/api.w.org\/{rel}","templated":true}]}}