{"id":1828,"date":"2024-11-05T18:39:28","date_gmt":"2024-11-05T18:39:28","guid":{"rendered":"https:\/\/caliweedeurope.com\/?post_type=product&#038;p=1828"},"modified":"2024-11-05T18:39:35","modified_gmt":"2024-11-05T18:39:35","slug":"buy-cali-wedding-nerdz-online","status":"publish","type":"product","link":"https:\/\/caliweedeurope.com\/sv\/product\/buy-cali-wedding-nerdz-online\/","title":{"rendered":"K\u00f6p Cali Wedding Nerdz online"},"content":{"rendered":"<h1 style=\"text-align: center\"><strong>\u00a0 \u00a0 \u00a0 \u00a0 \u00a0CALI <\/strong><strong>WEDDING NERDZ CALI BUD OR NO BUD <\/strong><strong>\u00a0| CALI PLUG <\/strong><strong>CALI BUD OR NO BUD WEDDING NERDZ <\/strong><strong>\u00a0<\/strong><strong>CALI BUD OR NO BUD <\/strong><strong>\u00a0| CALI PLUG <\/strong><strong>CALI BUD OR NO BUD <\/strong><\/h1>\n<p style=\"text-align: center\"><strong>Cali Bud Wedding Nerdz<\/strong><br \/> Wedding Nerdz \u00e4r en inflytelserik hybridstam av cannabis, skapad genom att korsa Strawberry och Grape Ape f\u00f6r att f\u00e5 denna fantastiska stam.<\/p>\n<p style=\"text-align: center\"><strong>Medicinska anv\u00e4ndningsomr\u00e5den f\u00f6r Wedding Nerdz<\/strong><\/p>\n<p style=\"text-align: center\">Den \u00e4r b\u00e4st f\u00f6r patienter som lider av \u00e5ngest och kronisk sm\u00e4rta. Denna stam garanterar omedelbar sm\u00e4rtlindring. Dess milda effekter kan lindra vissa v\u00e4rk och illam\u00e5ende.<\/p>\n<p style=\"text-align: center\"><strong>Wedding Nerdz<\/strong><\/p>\n<p style=\"text-align: center\">Firstly, Wedding nerdz being and influencial cannabis hybrid strain cross with strawberry and grape ape to get this amazing strains is best for patients suffering from anxiety and chronic pain. This <a href=\"http:\/\/leafly.com\" target=\"_blank\" rel=\"noopener\">strain<\/a> guarantees immidiate relief from pain for the relieve. It\u2019s light real impacts may facilitate a few a throbbing painfulness just as queasiness. The strain may likewise help battle the manifestations of PTSD.This strain develops short and can do well inside, outside or even a nursery. Geeks ought to be given at any rate a month, if not five, to get done with vegetating. The strain blossoms for eight to nine weeks and will deliver a gram for each watt inside. Outside cultivators may have gathers as much as a pound for every <a href=\"https:\/\/www.wikileaf.com\/strain\/nerds\/\" target=\"_blank\" rel=\"noopener\">plant.<\/a><\/p>\n<h2 style=\"text-align: center\"><strong>BUY CALI <\/strong><strong>WEDDING NERDZ <\/strong><strong>\u00a0\u00a0<\/strong><strong>CALI BUD OR NO BUD <\/strong><strong>ONLINE | BUY CALI PLUG <\/strong><strong>CALI BUD OR NO BUD WEDDING NERDZ <\/strong><strong>\u00a0\u00a0<\/strong><strong>CALI BUD OR NO BUD <\/strong><strong>\u00a0ONLINE | BUY CALI PLUG <\/strong><strong>CALI BUD OR NO BUD <\/strong><strong>ONLINE <\/strong><\/h2>\n<p style=\"text-align: center\"><strong>Effekter av Cali Wedding Nerdz<\/strong><br \/> F\u00f6r det andra kan denna sort ocks\u00e5 hj\u00e4lpa till att bek\u00e4mpa symtomen p\u00e5 PTSD. Denna sort v\u00e4xer kort och kan trivas b\u00e5de inomhus, utomhus eller till och med i ett v\u00e4xthus. V\u00e4xterna b\u00f6r ges minst en m\u00e5nad, om inte fem, f\u00f6r att slutf\u00f6ra v\u00e4xtfasen.<\/p>\n<p style=\"text-align: center\"><strong>Wedding Nerdz<\/strong><\/p>\n<p class=\"p1\" style=\"text-align: center\">F\u00f6r det tredje, denna produkt inneh\u00e5ller cannabis, en kontrollerad substans. F\u00f6rvara utom r\u00e4ckh\u00e5ll f\u00f6r barn och djur. Cannabisprodukter f\u00e5r endast innehas eller konsumeras av personer som \u00e4r 21 \u00e5r eller \u00e4ldre, om inte personen \u00e4r en kvalificerad patient. De berusande effekterna av cannabisprodukter kan vara i upp till tv\u00e5 timmar. Anv\u00e4ndning av cannabis under graviditet eller amning kan vara skadligt. Konsumtion av dessa produkter f\u00f6rs\u00e4mrar din f\u00f6rm\u00e5ga att k\u00f6ra eller hantera maskiner. V\u00e4nligen anv\u00e4nd extrem f\u00f6rsiktighet.<\/p>\n<h3 style=\"text-align: center\"><strong>CALI <\/strong><strong>WEDDING NERDZ <\/strong><strong>\u00a0\u00a0<\/strong><strong>CALI BUD OR NO BUD <\/strong><strong>FOR SALE | CALI PLUG <\/strong><strong>WEDDING NERDZ <\/strong><strong>\u00a0\u00a0<\/strong><strong>CALI BUD OR NO BUD <\/strong><strong>\u00a0\u00a0FOR SALE | CALI PLUG <\/strong><strong>CALI BUD OR NO BUD <\/strong><strong>FOR SALE<\/strong><\/h3>\n<p style=\"text-align: center\" class=\"translation-block\">G<strong>rowing Cali Wedding Nerds<\/strong><br> Sorten blommar i \u00e5tta till nio veckor och producerar ett gram per watt inomhus. Utomhusodlare kan sk\u00f6rda upp till ett pund per v\u00e4xt.<\/p>\n<p style=\"text-align: center\"><strong>Nerds strain<\/strong><\/p>\n<p style=\"text-align: center\">K\u00f6p Nerds-strain. Den v\u00e4xer under 4-5 veckor och blommar under 8-9 veckor. F\u00f6rv\u00e4ntad avkastning \u00e4r ett gram per watt vid inomhusodling eller upp till ett pund per planta vid utomhusodling.<\/p>\n<p style=\"text-align: center\">NERDS st\u00e5r f\u00f6r \"Never Ending Research &amp; Development of our nerds strain\" eftersom det representerar hur de alltid har n\u00e4rmat sig l\u00e4rande om cannabisplantan; st\u00e4ndigt forska, formulera hypoteser och testa olika tekniker f\u00f6r avel och v\u00e4xtsk\u00f6tsel.<\/p>\n<p style=\"text-align: center\">Nerds \u00e4r en vacker, upplyftande hybrid fr\u00e5n Oregon. Den perfekt balanserade blandningen av Indica och Sativa, det \u00e4r barnplantan av Grape Ape x Strawberry Cough.<\/p>\n<h4 style=\"text-align: center\"><strong>CALI PLUG CALI BUD OR NO BUD WEDDING NERDZ \u00a0\u00a0CALI BUD OR NO BUD \u00a0NEAR ME | CALI PLUG WEDDING NERDZ \u00a0\u00a0CALI BUD OR NO BUD NEAR ME | CALI PLUG CALI BUD OR NO BUD NEAR ME <\/strong><\/h4>\n<p style=\"text-align: center\"><strong>Cali Bud Wedding Nerdz Varning.<\/strong><br \/> Sammanfattningsvis, Denna produkt inneh\u00e5ller cannabis, en reglerad substans. F\u00f6rvara utom r\u00e4ckh\u00e5ll f\u00f6r barn och djur. Cannabisprodukter f\u00e5r endast innehas eller konsumeras av personer \u00f6ver 21 \u00e5r, s\u00e5vida inte personen \u00e4r en kvalificerad patient. De berusande effekterna av cannabisprodukter kan kvarst\u00e5 i upp till tv\u00e5 timmar. Anv\u00e4ndning av cannabis under graviditet eller amning kan vara skadligt. Konsumtion av dessa produkter f\u00f6rs\u00e4mrar din f\u00f6rm\u00e5ga att k\u00f6ra bil eller hantera maskiner. Var v\u00e4nlig anv\u00e4nd med extrem f\u00f6rsiktighet. Kontakta oss f\u00f6r att best\u00e4lla Cali Plug-produkter.<\/p>\n<p style=\"text-align: center\"><strong>\u00d6versikt av Nerds-strain<\/strong><\/p>\n<p style=\"text-align: center\">Nerds, \u00e4ven k\u00e4nd som Nerdz, \u00e4r en hybridstam utvecklad av Oregon Microgrowers Guild, skapad av Adam Jacques, huvudodlaren f\u00f6r Guilden.<\/p>\n<p style=\"text-align: center\">De vanligaste rapporterade dofterna \u00e4r hasch och druvdofter. De vanligaste rapporterade smakerna \u00e4r hasch, druva och jordgubbe.<\/p>\n<p style=\"text-align: center\">Med en smak som verkar komma direkt fr\u00e5n Willy Wonkas godisfabrik, \u00e4r Nerds en hybridstr\u00e4ng designad av odlarna i Oregon Microgrowers Guild. Specifikt var det hj\u00e4rnbarnet till Adam Jacques, som ocks\u00e5 \u00e4r \u00e4gare och huvudodlare f\u00f6r guilden.<\/p>\n<div class=\"about-content-excerpt\" style=\"text-align: center\">\n<p>R\u00f6kare rapporterar att anv\u00e4ndning av denna sort orsakar torra \u00f6gon. Andra effekter inkluderar en v\u00e5g av kreativitet, ett upph\u00f6jt hum\u00f6r och avslappning i kroppen.<\/p>\n<\/p><\/div>\n<div class=\"about-content-more\">\n<p style=\"text-align: center\">THC-niv\u00e5erna utg\u00f6r 15-19 % av inneh\u00e5llet, vilket g\u00f6r det till ett m\u00e5ttligt genomsnitt. Erfarna r\u00f6kare kan beh\u00f6va ta n\u00e5gra extra bloss f\u00f6r att f\u00e5 sin dos kreativa energi och hum\u00f6rh\u00f6jning.<\/p>\n<div data-testid=\"product-description\">\n<div class=\"truncate-lines__Wrapper-sc-1lknwty-0 YxHAC\">\n<div data-testid=\"truncated-description\">\n<div>\n<div class=\"text__Text-sc-fif1uk-0 kdmKRD\">\n<div class=\"src__Box-sc-1sbtrzs-0 src__Flex-sc-1sbtrzs-1 kWPFqZ hzdsvF\">\n<div>EXEMPELKATEGORIER F\u00d6R PRODUKTER<\/div>\n<\/p><\/div>\n<\/p><\/div>\n<\/p><\/div>\n<\/p><\/div>\n<\/p><\/div>\n<\/p><\/div>\n<div class=\"text__Text-sc-fif1uk-0 htoJfX\"><a href=\"https:\/\/jeetersofficial.com\/product-category\/buy-cali-buds\/\" target=\"_blank\" rel=\"noopener\">CALI BUDS<\/a><\/div>\n<div data-testid=\"product-description\">\n<div class=\"truncate-lines__Wrapper-sc-1lknwty-0 YxHAC\">\n<div data-testid=\"truncated-description\">\n<div class=\"text__Text-sc-fif1uk-0 kdmKRD\"><a href=\"https:\/\/jeetersofficial.com\/product-category\/backpack-boyz\/\" target=\"_blank\" rel=\"noopener\">Backpack\u00a0 Boyz<\/a><\/div>\n<div><a href=\"https:\/\/jeetersofficial.com\/product-category\/snow-balls-weed\/\" target=\"_blank\" rel=\"noopener\">SNOWBALLS WEED<\/a><\/div>\n<div><a href=\"https:\/\/jeetersofficial.com\/product-category\/persy-snowcaps\/\" target=\"_blank\" rel=\"noopener\">Persy Snowcaps<\/a><\/div>\n<div><a href=\"https:\/\/jeetersofficial.com\/product-category\/drip-snowcaps\/\" target=\"_blank\" rel=\"noopener\">Drip Snowcaps<\/a><\/div>\n<div><a href=\"https:\/\/jeetersofficial.com\/product-category\/concentrates\/\" target=\"_blank\" rel=\"noopener\">CALI CONCENTRATES<\/a><\/div>\n<div><a href=\"https:\/\/jeetersofficial.com\/product-category\/doja-exclusive\/\" target=\"_blank\" rel=\"noopener\">CALI DOJA PACKS EXCLUSIVE<\/a><\/div>\n<div><a href=\"https:\/\/jeetersofficial.com\/product-category\/marijuana-flowers\/\" target=\"_blank\" rel=\"noopener\">CALI MARIJUANA FLOWERS<\/a><\/div>\n<\/p><\/div>\n<\/p><\/div>\n<\/p><\/div>\n<div><a href=\"https:\/\/jeetersofficial.com\/product-category\/sativa-strain\/\" target=\"_blank\" rel=\"noopener\">CALI SATIVA STRAINS<\/a><\/div>\n<div><a href=\"https:\/\/jeetersofficial.com\/product-category\/indica\/\" target=\"_blank\" rel=\"noopener\">CALI INDICA STRAINS<\/a><\/div>\n<div><a href=\"https:\/\/jeetersofficial.com\/product-category\/hybrid-weed\/\" target=\"_blank\" rel=\"noopener\">CALI HYBRID WEED<\/a><\/div>\n<\/p><\/div>","protected":false},"excerpt":{"rendered":"<p><strong>Cali Bud Wedding Nerdz Varning.<\/strong><br \/> Denna produkt inneh\u00e5ller cannabis, en reglerad substans. F\u00f6rvara utom r\u00e4ckh\u00e5ll f\u00f6r barn och djur. Cannabisprodukter f\u00e5r endast innehas eller konsumeras av personer \u00f6ver 21 \u00e5r, s\u00e5vida inte personen \u00e4r en kvalificerad patient. De berusande effekterna av cannabisprodukter kan kvarst\u00e5 i upp till tv\u00e5 timmar. Anv\u00e4ndning av cannabis under graviditet eller amning kan vara skadligt. Konsumtion av dessa produkter f\u00f6rs\u00e4mrar din f\u00f6rm\u00e5ga att k\u00f6ra bil eller hantera maskiner. Var v\u00e4nlig anv\u00e4nd med extrem f\u00f6rsiktighet. Kontakta oss f\u00f6r att best\u00e4lla Cali Plug-produkter.<\/p>","protected":false},"featured_media":1836,"comment_status":"closed","ping_status":"closed","template":"","meta":{"_uag_custom_page_level_css":"","site-sidebar-layout":"default","site-content-layout":"","ast-site-content-layout":"","site-content-style":"default","site-sidebar-style":"default","ast-global-header-display":"","ast-banner-title-visibility":"","ast-main-header-display":"","ast-hfb-above-header-display":"","ast-hfb-below-header-display":"","ast-hfb-mobile-header-display":"","site-post-title":"","ast-breadcrumbs-content":"","ast-featured-img":"","footer-sml-layout":"","theme-transparent-header-meta":"","adv-header-id-meta":"","stick-header-meta":"","header-above-stick-meta":"","header-main-stick-meta":"","header-below-stick-meta":"","astra-migrate-meta-layouts":"default","ast-page-background-enabled":"default","ast-page-background-meta":{"desktop":{"background-color":"var(--ast-global-color-4)","background-image":"","background-repeat":"repeat","background-position":"center center","background-size":"auto","background-attachment":"scroll","background-type":"","background-media":"","overlay-type":"","overlay-color":"","overlay-opacity":"","overlay-gradient":""},"tablet":{"background-color":"","background-image":"","background-repeat":"repeat","background-position":"center center","background-size":"auto","background-attachment":"scroll","background-type":"","background-media":"","overlay-type":"","overlay-color":"","overlay-opacity":"","overlay-gradient":""},"mobile":{"background-color":"","background-image":"","background-repeat":"repeat","background-position":"center center","background-size":"auto","background-attachment":"scroll","background-type":"","background-media":"","overlay-type":"","overlay-color":"","overlay-opacity":"","overlay-gradient":""}},"ast-content-background-meta":{"desktop":{"background-color":"var(--ast-global-color-5)","background-image":"","background-repeat":"repeat","background-position":"center center","background-size":"auto","background-attachment":"scroll","background-type":"","background-media":"","overlay-type":"","overlay-color":"","overlay-opacity":"","overlay-gradient":""},"tablet":{"background-color":"var(--ast-global-color-5)","background-image":"","background-repeat":"repeat","background-position":"center center","background-size":"auto","background-attachment":"scroll","background-type":"","background-media":"","overlay-type":"","overlay-color":"","overlay-opacity":"","overlay-gradient":""},"mobile":{"background-color":"var(--ast-global-color-5)","background-image":"","background-repeat":"repeat","background-position":"center center","background-size":"auto","background-attachment":"scroll","background-type":"","background-media":"","overlay-type":"","overlay-color":"","overlay-opacity":"","overlay-gradient":""}}},"product_brand":[],"product_cat":[675],"product_tag":[491,737,738,481,472,739,740,741,473,515,516,517,518,461,521,522,535,536,462,537,463,464,465,613,497,742,743,744,745,746,747],"class_list":{"0":"post-1828","1":"product","2":"type-product","3":"status-publish","4":"has-post-thumbnail","6":"product_cat-buy-cali-buds","7":"product_tag-buy-cali-bud-or-no-bud-online","8":"product_tag-buy-cali-bud-or-no-bud-wedding-nerdz-online","9":"product_tag-buy-wedding-nerdz-cali-bud-or-no-bud-online","10":"product_tag-cali-bud-or-no-bud-for-sale","11":"product_tag-cali-bud-or-no-bud-near-me","12":"product_tag-cali-bud-or-no-bud-wedding-nerdz","13":"product_tag-cali-bud-or-no-bud-wedding-nerdz-for-sale","14":"product_tag-cali-bud-or-no-bud-wedding-nerdz-near-me","15":"product_tag-cali-buds","16":"product_tag-cali-buds-online","17":"product_tag-cali-flavors","18":"product_tag-cali-flavours","19":"product_tag-cali-gush-lato","20":"product_tag-cali-packs","21":"product_tag-cali-plug","22":"product_tag-cali-plug-bags","23":"product_tag-cali-plug-bud","24":"product_tag-cali-plug-buds","25":"product_tag-cali-plug-cali-bud-or-no-bud","26":"product_tag-cali-plug-strains","27":"product_tag-cali-straina","28":"product_tag-cali-weed-bags","29":"product_tag-cali-weed-flavors","30":"product_tag-cali-weed-strains","31":"product_tag-cannabis-strains","32":"product_tag-marijuana","33":"product_tag-medical","34":"product_tag-sativa","35":"product_tag-wedding-nerdz-cali-bud-or-no-bud","36":"product_tag-wedding-nerdz-cali-bud-or-no-bud-for-sale","37":"product_tag-wedding-nerdz-cali-bud-or-no-bud-near-me","38":"desktop-align-center","39":"tablet-align-left","40":"mobile-align-left","42":"first","43":"instock","44":"shipping-taxable","45":"purchasable","46":"product-type-variable"},"uagb_featured_image_src":{"full":["https:\/\/caliweedeurope.com\/wp-content\/uploads\/2024\/11\/nerts.jpg",956,1276,false],"thumbnail":["https:\/\/caliweedeurope.com\/wp-content\/uploads\/2024\/11\/nerts-150x150.jpg",150,150,true],"medium":["https:\/\/caliweedeurope.com\/wp-content\/uploads\/2024\/11\/nerts-225x300.jpg",225,300,true],"medium_large":["https:\/\/caliweedeurope.com\/wp-content\/uploads\/2024\/11\/nerts-768x1025.jpg",768,1025,true],"large":["https:\/\/caliweedeurope.com\/wp-content\/uploads\/2024\/11\/nerts-767x1024.jpg",767,1024,true],"1536x1536":["https:\/\/caliweedeurope.com\/wp-content\/uploads\/2024\/11\/nerts.jpg",956,1276,false],"2048x2048":["https:\/\/caliweedeurope.com\/wp-content\/uploads\/2024\/11\/nerts.jpg",956,1276,false],"trp-custom-language-flag":["https:\/\/caliweedeurope.com\/wp-content\/uploads\/2024\/11\/nerts.jpg",9,12,false],"woocommerce_thumbnail":["https:\/\/caliweedeurope.com\/wp-content\/uploads\/2024\/11\/nerts-300x300.jpg",300,300,true],"woocommerce_single":["https:\/\/caliweedeurope.com\/wp-content\/uploads\/2024\/11\/nerts-600x801.jpg",600,801,true],"woocommerce_gallery_thumbnail":["https:\/\/caliweedeurope.com\/wp-content\/uploads\/2024\/11\/nerts-100x100.jpg",100,100,true]},"uagb_author_info":{"display_name":"jetskiforsaleuk@gmail.com","author_link":"https:\/\/caliweedeurope.com\/sv\/author\/"},"uagb_comment_info":0,"uagb_excerpt":"Cali Bud Wedding Nerdz Warning. This product contains Cannabis, a scheduled substance Keep out of the reach of children and animals. Cannabis products can only be possessed or consumed by persons 21+ years of age older unless the person is a qualified patient. The intoxicating effects of cannabis products may stay up to two hours.&hellip;","_links":{"self":[{"href":"https:\/\/caliweedeurope.com\/sv\/wp-json\/wp\/v2\/product\/1828"}],"collection":[{"href":"https:\/\/caliweedeurope.com\/sv\/wp-json\/wp\/v2\/product"}],"about":[{"href":"https:\/\/caliweedeurope.com\/sv\/wp-json\/wp\/v2\/types\/product"}],"replies":[{"embeddable":true,"href":"https:\/\/caliweedeurope.com\/sv\/wp-json\/wp\/v2\/comments?post=1828"}],"wp:featuredmedia":[{"embeddable":true,"href":"https:\/\/caliweedeurope.com\/sv\/wp-json\/wp\/v2\/media\/1836"}],"wp:attachment":[{"href":"https:\/\/caliweedeurope.com\/sv\/wp-json\/wp\/v2\/media?parent=1828"}],"wp:term":[{"taxonomy":"product_brand","embeddable":true,"href":"https:\/\/caliweedeurope.com\/sv\/wp-json\/wp\/v2\/product_brand?post=1828"},{"taxonomy":"product_cat","embeddable":true,"href":"https:\/\/caliweedeurope.com\/sv\/wp-json\/wp\/v2\/product_cat?post=1828"},{"taxonomy":"product_tag","embeddable":true,"href":"https:\/\/caliweedeurope.com\/sv\/wp-json\/wp\/v2\/product_tag?post=1828"}],"curies":[{"name":"wp","href":"https:\/\/api.w.org\/{rel}","templated":true}]}}