{"id":1840,"date":"2024-11-06T02:41:01","date_gmt":"2024-11-06T02:41:01","guid":{"rendered":"https:\/\/caliweedeurope.com\/?post_type=product&#038;p=1840"},"modified":"2024-11-06T02:41:02","modified_gmt":"2024-11-06T02:41:02","slug":"watermelon-moon-rocks-30gram","status":"publish","type":"product","link":"https:\/\/caliweedeurope.com\/sv\/product\/watermelon-moon-rocks-30gram\/","title":{"rendered":"Watermelon Moon Rocks 30 gram"},"content":{"rendered":"<section>\n<h2>Watermelon Moon Rocks 30 gram<\/h2>\n<p>Watermelon Moon Rocks producerar avslappnande effekter, vilket g\u00f6r det anv\u00e4ndbart som s\u00f6mnmedel eller aptitstimulerande.<\/p>\n<p>Watermelon Moon Rocks tillverkas n\u00e4r h\u00f6gkvalitativa och premium cannabisblommor infunderas med exceptionellt THC-destillat, som \u00e4r l\u00f6sningsmedelsfritt. Denna infusion rullas i ultra-potent kief. All denna infusion och blandning resulterar i t\u00e4ta nuggets som ger ett mycket h\u00f6gt THC-inneh\u00e5ll. Den slutliga formen ges genom att de formas till rullar f\u00f6r r\u00f6kning och s\u00e4ljs som Moonrocks Watermelon Pre Rolls.<\/p>\n<p>Watermelon Moon Rocks Pre Rolls smakar extremt mjukt och p\u00e5minner om druvor med hashundertoner och ger dig en s\u00e5dan fred och ro att sm\u00e4rta, medicinska \u00e5kommor och alla bekymmer f\u00f6rsvinner med sm\u00f6rig l\u00e4tthet.<\/p>\n<p>Dessa Watermelon Moon Rocks Pre Rolls \u00e4r skapade med r\u00f6kare p\u00e5 alla niv\u00e5er i \u00e5tanke. Potensen hos Moonrocks tar en mycket erfaren r\u00f6kare till m\u00e5nen, medan nyb\u00f6rjare kan njuta av den unika vattmelon-smakprofilen, h\u00e4rledd fr\u00e5n en oemotst\u00e5ndlig blandning av toppblommor, klart destillat, kief och l\u00e4ckert smakande 100% naturliga terpenoider.<\/p>\n<p class=\"translation-block\">K\u00f6p Watermelon Moonrocks Pre Rolls p\u00e5 Jeetersofficial <a href=\"https:\/\/jeetersofficial.com\/\" target=\"_blank\" rel=\"noopener\">online cannabisbutik<\/a>. Det \u00e4r garanterat att ta dig till h\u00f6jder av extas och gl\u00e4dje. Det kommer att ge dig o\u00f6vertr\u00e4ffad tillfredsst\u00e4llelse och yttersta fred och lycka.<\/p>\n<p>Du kan l\u00e4gga din best\u00e4llning p\u00e5 Watermelon Moon Rocks Pre Roll i v\u00e5r online-butiken f\u00f6r marijuana, och den kommer att n\u00e5 dig s\u00e4kert och p\u00e5 kortast m\u00f6jliga tid. Vi l\u00e4gger stor vikt vid att s\u00e4kerst\u00e4lla att du f\u00e5r din leverans utan n\u00e5gra f\u00f6rseningar. Best\u00e4ll bara din produkt via en mycket anv\u00e4ndarv\u00e4nlig online-best\u00e4llningsprocedur, och du kommer att f\u00e5 den mycket snart. Vi b\u00f6rjar skicka best\u00e4llningar s\u00e5 snart betalningarna har g\u00e5tt igenom, s\u00e5 du kommer att f\u00e5 din best\u00e4llning p\u00e5 ett \u00f6gonblick. Oavsett omst\u00e4ndigheterna n\u00e5r v\u00e5ra paket sin destination i tid. Du kan helt lita p\u00e5 oss, eftersom vi aldrig sviker v\u00e5ra kunder.<\/p>\n<p>\u00c4r du fortfarande tveksam? Tveka inte. Best\u00e4ll Moonrocks Watermelon Pre Rolls i v\u00e5r online cannabisbutik och ha extremt kul.<\/p>\n<\/section>","protected":false},"excerpt":{"rendered":"<p>28 gram Watermelon Moon Rocks \u00e4r glada att erbjuda sin linje av h\u00f6gkvalitativa, konsekventa produkter. Deras l\u00e4ckert smaksatta Moonrocks producerar en \u00f6verjordisk eufori. De har utvecklat marijuana-knoppar t\u00e4ckta med koncentrat f\u00f6r de som k\u00e4nner sig lite eller mycket utanf\u00f6r sin bana. Kunder som f\u00f6redrar en blandning av kief, koncentrat och blommor f\u00f6r att lindra sina \u00e5kommor kommer att uppskatta den kraftiga euforin och de l\u00e4ckra smakerna som Moonrock erbjuder.<\/p>","protected":false},"featured_media":1845,"comment_status":"closed","ping_status":"closed","template":"","meta":{"_uag_custom_page_level_css":"","site-sidebar-layout":"default","site-content-layout":"","ast-site-content-layout":"","site-content-style":"default","site-sidebar-style":"default","ast-global-header-display":"","ast-banner-title-visibility":"","ast-main-header-display":"","ast-hfb-above-header-display":"","ast-hfb-below-header-display":"","ast-hfb-mobile-header-display":"","site-post-title":"","ast-breadcrumbs-content":"","ast-featured-img":"","footer-sml-layout":"","theme-transparent-header-meta":"","adv-header-id-meta":"","stick-header-meta":"","header-above-stick-meta":"","header-main-stick-meta":"","header-below-stick-meta":"","astra-migrate-meta-layouts":"default","ast-page-background-enabled":"default","ast-page-background-meta":{"desktop":{"background-color":"var(--ast-global-color-4)","background-image":"","background-repeat":"repeat","background-position":"center center","background-size":"auto","background-attachment":"scroll","background-type":"","background-media":"","overlay-type":"","overlay-color":"","overlay-opacity":"","overlay-gradient":""},"tablet":{"background-color":"","background-image":"","background-repeat":"repeat","background-position":"center center","background-size":"auto","background-attachment":"scroll","background-type":"","background-media":"","overlay-type":"","overlay-color":"","overlay-opacity":"","overlay-gradient":""},"mobile":{"background-color":"","background-image":"","background-repeat":"repeat","background-position":"center center","background-size":"auto","background-attachment":"scroll","background-type":"","background-media":"","overlay-type":"","overlay-color":"","overlay-opacity":"","overlay-gradient":""}},"ast-content-background-meta":{"desktop":{"background-color":"var(--ast-global-color-5)","background-image":"","background-repeat":"repeat","background-position":"center center","background-size":"auto","background-attachment":"scroll","background-type":"","background-media":"","overlay-type":"","overlay-color":"","overlay-opacity":"","overlay-gradient":""},"tablet":{"background-color":"var(--ast-global-color-5)","background-image":"","background-repeat":"repeat","background-position":"center center","background-size":"auto","background-attachment":"scroll","background-type":"","background-media":"","overlay-type":"","overlay-color":"","overlay-opacity":"","overlay-gradient":""},"mobile":{"background-color":"var(--ast-global-color-5)","background-image":"","background-repeat":"repeat","background-position":"center center","background-size":"auto","background-attachment":"scroll","background-type":"","background-media":"","overlay-type":"","overlay-color":"","overlay-opacity":"","overlay-gradient":""}}},"product_brand":[],"product_cat":[748],"product_tag":[],"class_list":{"0":"post-1840","1":"product","2":"type-product","3":"status-publish","4":"has-post-thumbnail","6":"product_cat-weed-moonrock","7":"desktop-align-center","8":"tablet-align-left","9":"mobile-align-left","11":"first","12":"instock","13":"sale","14":"shipping-taxable","15":"purchasable","16":"product-type-simple"},"uagb_featured_image_src":{"full":["https:\/\/caliweedeurope.com\/wp-content\/uploads\/2024\/11\/MoonRock-MoonRocks-Watermelon.jpg",600,600,false],"thumbnail":["https:\/\/caliweedeurope.com\/wp-content\/uploads\/2024\/11\/MoonRock-MoonRocks-Watermelon-150x150.jpg",150,150,true],"medium":["https:\/\/caliweedeurope.com\/wp-content\/uploads\/2024\/11\/MoonRock-MoonRocks-Watermelon-300x300.jpg",300,300,true],"medium_large":["https:\/\/caliweedeurope.com\/wp-content\/uploads\/2024\/11\/MoonRock-MoonRocks-Watermelon.jpg",600,600,false],"large":["https:\/\/caliweedeurope.com\/wp-content\/uploads\/2024\/11\/MoonRock-MoonRocks-Watermelon.jpg",600,600,false],"1536x1536":["https:\/\/caliweedeurope.com\/wp-content\/uploads\/2024\/11\/MoonRock-MoonRocks-Watermelon.jpg",600,600,false],"2048x2048":["https:\/\/caliweedeurope.com\/wp-content\/uploads\/2024\/11\/MoonRock-MoonRocks-Watermelon.jpg",600,600,false],"trp-custom-language-flag":["https:\/\/caliweedeurope.com\/wp-content\/uploads\/2024\/11\/MoonRock-MoonRocks-Watermelon.jpg",12,12,false],"woocommerce_thumbnail":["https:\/\/caliweedeurope.com\/wp-content\/uploads\/2024\/11\/MoonRock-MoonRocks-Watermelon-300x300.jpg",300,300,true],"woocommerce_single":["https:\/\/caliweedeurope.com\/wp-content\/uploads\/2024\/11\/MoonRock-MoonRocks-Watermelon.jpg",600,600,false],"woocommerce_gallery_thumbnail":["https:\/\/caliweedeurope.com\/wp-content\/uploads\/2024\/11\/MoonRock-MoonRocks-Watermelon-100x100.jpg",100,100,true]},"uagb_author_info":{"display_name":"jetskiforsaleuk@gmail.com","author_link":"https:\/\/caliweedeurope.com\/sv\/author\/"},"uagb_comment_info":0,"uagb_excerpt":"28 grams Watermelon Moon Rocks is delighted to offer its line of high-quality, consistent products. Their deliciously flavored Moonrocks produce otherworldly euphoria. They have developed concentrate covered marijuana buds for folks feeling a little or a lot out of orbit. Clients who prefer a concoction of keif, concentrates, and flowers to calm their ailments will&hellip;","_links":{"self":[{"href":"https:\/\/caliweedeurope.com\/sv\/wp-json\/wp\/v2\/product\/1840"}],"collection":[{"href":"https:\/\/caliweedeurope.com\/sv\/wp-json\/wp\/v2\/product"}],"about":[{"href":"https:\/\/caliweedeurope.com\/sv\/wp-json\/wp\/v2\/types\/product"}],"replies":[{"embeddable":true,"href":"https:\/\/caliweedeurope.com\/sv\/wp-json\/wp\/v2\/comments?post=1840"}],"wp:featuredmedia":[{"embeddable":true,"href":"https:\/\/caliweedeurope.com\/sv\/wp-json\/wp\/v2\/media\/1845"}],"wp:attachment":[{"href":"https:\/\/caliweedeurope.com\/sv\/wp-json\/wp\/v2\/media?parent=1840"}],"wp:term":[{"taxonomy":"product_brand","embeddable":true,"href":"https:\/\/caliweedeurope.com\/sv\/wp-json\/wp\/v2\/product_brand?post=1840"},{"taxonomy":"product_cat","embeddable":true,"href":"https:\/\/caliweedeurope.com\/sv\/wp-json\/wp\/v2\/product_cat?post=1840"},{"taxonomy":"product_tag","embeddable":true,"href":"https:\/\/caliweedeurope.com\/sv\/wp-json\/wp\/v2\/product_tag?post=1840"}],"curies":[{"name":"wp","href":"https:\/\/api.w.org\/{rel}","templated":true}]}}