{"id":1841,"date":"2024-11-06T02:41:01","date_gmt":"2024-11-06T02:41:01","guid":{"rendered":"https:\/\/caliweedeurope.com\/?post_type=product&#038;p=1841"},"modified":"2024-11-06T02:41:04","modified_gmt":"2024-11-06T02:41:04","slug":"moonrock-banana-split-30-gram","status":"publish","type":"product","link":"https:\/\/caliweedeurope.com\/sv\/product\/moonrock-banana-split-30-gram\/","title":{"rendered":"K\u00f6p Moonrock Banana Split 30 Gram"},"content":{"rendered":"<section>\n<h2>\u00d6versikt \u00f6ver Moonrock Banana Split<\/h2>\n<table width=\"1278\">\n<tbody>\n<tr>\n<th>CANNABINOIDINNEH\u00c5LL<\/th>\n<td>57.8%<\/td>\n<\/tr>\n<tr>\n<th>VIKT<\/th>\n<td>1,2 g (OG Kush Blommor, Honungsolja &amp; Kief)<\/td>\n<\/tr>\n<tr>\n<th>MEDICINSKA EFFEKTER<\/th>\n<td>Stress, \u00c5ngest, Depression, Sm\u00e4rta &amp; S\u00f6mnl\u00f6shet<\/td>\n<\/tr>\n<tr>\n<th>Effekter<\/th>\n<td>Lycklig, Upplyft, Euforisk, Energisk &amp; Avslappnad<\/td>\n<\/tr>\n<\/tbody>\n<\/table>\n<\/section>","protected":false},"excerpt":{"rendered":"<p>Har du n\u00e5gonsin k\u00e4nt att du var s\u00e5 h\u00f6g att du kunde r\u00f6ra vid m\u00e5nen? Nu med Moonrock Banana Split kan du komma s\u00e5 n\u00e4ra som m\u00e4nskligt m\u00f6jligt utan att beh\u00f6va n\u00e5gon astronaututrustning! Moonrock Banana Split \u00e4r en beryktad cannabisprodukt som revolutionerades av den popul\u00e4ra rapparen fr\u00e5n West Coast, Kurupt. Dessa sm\u00e5 nuggets \u00e4r THC-kraftverk \u2013 i princip best\u00e5r Moonrock Banana Split av potenta cannabisblommor som doppas i lager av cannabisolja som hascholja, honungsolja eller butanhascholja och kieftrikomer tills de \u00e4r helt t\u00e4ckta. THC-niv\u00e5erna f\u00f6r Moonrock Banana Split kan variera, men ligger generellt runt 50-60%, <a href=\"https:\/\/www.purecannastore.com\/\">genomsnittlig<\/a>j\u00e4mf\u00f6rt med traditionella blommor, d\u00e4r det genomsnittliga THC-inneh\u00e5llet ligger runt 20 %. Dessa potenta knoppar \u00e4r k\u00e4nda f\u00f6r att vara extremt rika p\u00e5 terpenor tack vare den specifika sortens blomma, hascholja och kief som anv\u00e4nds.<\/p>","protected":false},"featured_media":1846,"comment_status":"closed","ping_status":"closed","template":"","meta":{"_uag_custom_page_level_css":"","site-sidebar-layout":"default","site-content-layout":"","ast-site-content-layout":"default","site-content-style":"default","site-sidebar-style":"default","ast-global-header-display":"","ast-banner-title-visibility":"","ast-main-header-display":"","ast-hfb-above-header-display":"","ast-hfb-below-header-display":"","ast-hfb-mobile-header-display":"","site-post-title":"","ast-breadcrumbs-content":"","ast-featured-img":"","footer-sml-layout":"","ast-disable-related-posts":"","theme-transparent-header-meta":"","adv-header-id-meta":"","stick-header-meta":"","header-above-stick-meta":"","header-main-stick-meta":"","header-below-stick-meta":"","astra-migrate-meta-layouts":"default","ast-page-background-enabled":"default","ast-page-background-meta":{"desktop":{"background-color":"var(--ast-global-color-5)","background-image":"","background-repeat":"repeat","background-position":"center center","background-size":"auto","background-attachment":"scroll","background-type":"","background-media":"","overlay-type":"","overlay-color":"","overlay-opacity":"","overlay-gradient":""},"tablet":{"background-color":"","background-image":"","background-repeat":"repeat","background-position":"center center","background-size":"auto","background-attachment":"scroll","background-type":"","background-media":"","overlay-type":"","overlay-color":"","overlay-opacity":"","overlay-gradient":""},"mobile":{"background-color":"","background-image":"","background-repeat":"repeat","background-position":"center center","background-size":"auto","background-attachment":"scroll","background-type":"","background-media":"","overlay-type":"","overlay-color":"","overlay-opacity":"","overlay-gradient":""}},"ast-content-background-meta":{"desktop":{"background-color":"var(--ast-global-color-4)","background-image":"","background-repeat":"repeat","background-position":"center center","background-size":"auto","background-attachment":"scroll","background-type":"","background-media":"","overlay-type":"","overlay-color":"","overlay-opacity":"","overlay-gradient":""},"tablet":{"background-color":"var(--ast-global-color-4)","background-image":"","background-repeat":"repeat","background-position":"center center","background-size":"auto","background-attachment":"scroll","background-type":"","background-media":"","overlay-type":"","overlay-color":"","overlay-opacity":"","overlay-gradient":""},"mobile":{"background-color":"var(--ast-global-color-4)","background-image":"","background-repeat":"repeat","background-position":"center center","background-size":"auto","background-attachment":"scroll","background-type":"","background-media":"","overlay-type":"","overlay-color":"","overlay-opacity":"","overlay-gradient":""}}},"product_brand":[],"product_cat":[748],"product_tag":[749],"class_list":{"0":"post-1841","1":"product","2":"type-product","3":"status-publish","4":"has-post-thumbnail","6":"product_cat-weed-moonrock","7":"product_tag-moonrock-banana-split","8":"desktop-align-center","9":"tablet-align-left","10":"mobile-align-left","12":"first","13":"instock","14":"sale","15":"shipping-taxable","16":"purchasable","17":"product-type-simple"},"uagb_featured_image_src":{"full":["https:\/\/caliweedeurope.com\/wp-content\/uploads\/2024\/11\/Moonrock-Banana-Split.jpg",1000,1000,false],"thumbnail":["https:\/\/caliweedeurope.com\/wp-content\/uploads\/2024\/11\/Moonrock-Banana-Split-150x150.jpg",150,150,true],"medium":["https:\/\/caliweedeurope.com\/wp-content\/uploads\/2024\/11\/Moonrock-Banana-Split-300x300.jpg",300,300,true],"medium_large":["https:\/\/caliweedeurope.com\/wp-content\/uploads\/2024\/11\/Moonrock-Banana-Split-768x768.jpg",768,768,true],"large":["https:\/\/caliweedeurope.com\/wp-content\/uploads\/2024\/11\/Moonrock-Banana-Split.jpg",1000,1000,false],"1536x1536":["https:\/\/caliweedeurope.com\/wp-content\/uploads\/2024\/11\/Moonrock-Banana-Split.jpg",1000,1000,false],"2048x2048":["https:\/\/caliweedeurope.com\/wp-content\/uploads\/2024\/11\/Moonrock-Banana-Split.jpg",1000,1000,false],"trp-custom-language-flag":["https:\/\/caliweedeurope.com\/wp-content\/uploads\/2024\/11\/Moonrock-Banana-Split.jpg",12,12,false],"woocommerce_thumbnail":["https:\/\/caliweedeurope.com\/wp-content\/uploads\/2024\/11\/Moonrock-Banana-Split-300x300.jpg",300,300,true],"woocommerce_single":["https:\/\/caliweedeurope.com\/wp-content\/uploads\/2024\/11\/Moonrock-Banana-Split-600x600.jpg",600,600,true],"woocommerce_gallery_thumbnail":["https:\/\/caliweedeurope.com\/wp-content\/uploads\/2024\/11\/Moonrock-Banana-Split-100x100.jpg",100,100,true]},"uagb_author_info":{"display_name":"jetskiforsaleuk@gmail.com","author_link":"https:\/\/caliweedeurope.com\/sv\/author\/"},"uagb_comment_info":0,"uagb_excerpt":"Have you ever felt like you were so high that you could touch the moon? Now with Moonrock Banana Split, you can get as close as humanly possible without requiring any astronaut gear! Moonrock Banana Split are a notorious cannabis product that was revolutionized by popular West Coast rapper Kurupt. These little nuggets are THC&hellip;","_links":{"self":[{"href":"https:\/\/caliweedeurope.com\/sv\/wp-json\/wp\/v2\/product\/1841"}],"collection":[{"href":"https:\/\/caliweedeurope.com\/sv\/wp-json\/wp\/v2\/product"}],"about":[{"href":"https:\/\/caliweedeurope.com\/sv\/wp-json\/wp\/v2\/types\/product"}],"replies":[{"embeddable":true,"href":"https:\/\/caliweedeurope.com\/sv\/wp-json\/wp\/v2\/comments?post=1841"}],"wp:featuredmedia":[{"embeddable":true,"href":"https:\/\/caliweedeurope.com\/sv\/wp-json\/wp\/v2\/media\/1846"}],"wp:attachment":[{"href":"https:\/\/caliweedeurope.com\/sv\/wp-json\/wp\/v2\/media?parent=1841"}],"wp:term":[{"taxonomy":"product_brand","embeddable":true,"href":"https:\/\/caliweedeurope.com\/sv\/wp-json\/wp\/v2\/product_brand?post=1841"},{"taxonomy":"product_cat","embeddable":true,"href":"https:\/\/caliweedeurope.com\/sv\/wp-json\/wp\/v2\/product_cat?post=1841"},{"taxonomy":"product_tag","embeddable":true,"href":"https:\/\/caliweedeurope.com\/sv\/wp-json\/wp\/v2\/product_tag?post=1841"}],"curies":[{"name":"wp","href":"https:\/\/api.w.org\/{rel}","templated":true}]}}