{"id":1843,"date":"2024-11-06T02:41:01","date_gmt":"2024-11-06T02:41:01","guid":{"rendered":"https:\/\/caliweedeurope.com\/?post_type=product&#038;p=1843"},"modified":"2024-11-06T02:41:08","modified_gmt":"2024-11-06T02:41:08","slug":"blueberry-moon-rocks-30-gram","status":"publish","type":"product","link":"https:\/\/caliweedeurope.com\/sv\/product\/blueberry-moon-rocks-30-gram\/","title":{"rendered":"K\u00f6p Blueberry Moon Rocks 30 Gram"},"content":{"rendered":"<h1>Blueberry Moon Rocks<\/h1>\n<p>Blueberry Moon Rocks \u00e4r en typ av cannabisextrakt som tillverkas genom att kombinera bl\u00e5b\u00e4r med hascholja eller honungsolja. Den resulterande produkten \u00e4r ett kraftfullt och smakrikt s\u00e4tt att njuta av cannabisens f\u00f6rdelar. Blueberry Moon Rocks erbjuder ett antal potentiella f\u00f6rdelar, inklusive:<\/p>\n<p>\u2022 <strong>Lindring av sm\u00e4rta och inflammation<\/strong>: Blueberry Moon Rocks kan vara effektiva f\u00f6r att behandla olika typer av sm\u00e4rta, inklusive kronisk sm\u00e4rta. Dessutom kan bl\u00e5b\u00e4rens antiinflammatoriska egenskaper hj\u00e4lpa till att minska svullnad och inflammation.<\/p>\n<p>\u2022 <strong>F\u00f6rb\u00e4ttrat hum\u00f6r och avslappning<\/strong>F\u00f6reningarna i bl\u00e5b\u00e4r har visat sig f\u00f6rb\u00e4ttra hum\u00f6ret och fr\u00e4mja avslappning. Denna effekt kan f\u00f6rst\u00e4rkas av tillsatsen av hascholja eller honungsolja, vilket g\u00f6r Blueberry Moon Rocks till ett idealiskt val f\u00f6r dem som s\u00f6ker lindring fr\u00e5n stress eller \u00e5ngest.<\/p>\n<p>\u2022 <strong>\u00d6kad aptit<\/strong>: \"Munchies\" \u00e4r en v\u00e4lk\u00e4nd bieffekt av cannabisanv\u00e4ndning, och Blueberry Moonrocks kan f\u00f6rst\u00e4rka denna effekt. Detta kan vara f\u00f6rdelaktigt f\u00f6r dem som beh\u00f6ver \u00f6ka aptiten av medicinska sk\u00e4l, eller helt enkelt vill njuta av god mat efter att ha anv\u00e4nt moonrocks.<\/p>\n<p>\u2022 <a href=\"https:\/\/jeetersofficial.com\/\" target=\"_blank\" rel=\"noopener\"><strong>F\u00f6rb\u00e4ttrad smak<\/strong>:<\/a> Blueberry Moon Rocks \u00e4r k\u00e4nda f\u00f6r sin s\u00f6ta och syrliga smak, som f\u00f6rst\u00e4rks n\u00e4r de kombineras med hascholja eller honungsolja. Detta g\u00f6r Blueberry Moonrocks till en uts\u00f6kt njutning f\u00f6r dem som gillar smaken av cannabisextrakt.<\/p>","protected":false},"excerpt":{"rendered":"<p>\u00c4r du redo att ge dig av till en galax av smaker och fridfull avslappning? Titta d\u00e5 p\u00e5 v\u00e5r senaste produkt: Blueberry Moonrocks! Dessa l\u00e4ckra nuggets \u00e4r t\u00e4ckta med kief och infunderade med THC f\u00f6r en upplevelse ut\u00f6ver det vanliga. Oavsett om du vill koppla av efter en l\u00e5ng dag eller ta dig till stratosf\u00e4ren, har dessa sm\u00e5 juveler allt du beh\u00f6ver. L\u00e4s vidare f\u00f6r att f\u00e5 veta mer om denna cannabisupplevelse du inte f\u00e5r missa! K\u00f6p nu p\u00e5<\/p>","protected":false},"featured_media":1848,"comment_status":"closed","ping_status":"closed","template":"","meta":{"_uag_custom_page_level_css":"","site-sidebar-layout":"default","site-content-layout":"","ast-site-content-layout":"default","site-content-style":"default","site-sidebar-style":"default","ast-global-header-display":"","ast-banner-title-visibility":"","ast-main-header-display":"","ast-hfb-above-header-display":"","ast-hfb-below-header-display":"","ast-hfb-mobile-header-display":"","site-post-title":"","ast-breadcrumbs-content":"","ast-featured-img":"","footer-sml-layout":"","ast-disable-related-posts":"","theme-transparent-header-meta":"","adv-header-id-meta":"","stick-header-meta":"","header-above-stick-meta":"","header-main-stick-meta":"","header-below-stick-meta":"","astra-migrate-meta-layouts":"default","ast-page-background-enabled":"default","ast-page-background-meta":{"desktop":{"background-color":"var(--ast-global-color-5)","background-image":"","background-repeat":"repeat","background-position":"center center","background-size":"auto","background-attachment":"scroll","background-type":"","background-media":"","overlay-type":"","overlay-color":"","overlay-opacity":"","overlay-gradient":""},"tablet":{"background-color":"","background-image":"","background-repeat":"repeat","background-position":"center center","background-size":"auto","background-attachment":"scroll","background-type":"","background-media":"","overlay-type":"","overlay-color":"","overlay-opacity":"","overlay-gradient":""},"mobile":{"background-color":"","background-image":"","background-repeat":"repeat","background-position":"center center","background-size":"auto","background-attachment":"scroll","background-type":"","background-media":"","overlay-type":"","overlay-color":"","overlay-opacity":"","overlay-gradient":""}},"ast-content-background-meta":{"desktop":{"background-color":"var(--ast-global-color-4)","background-image":"","background-repeat":"repeat","background-position":"center center","background-size":"auto","background-attachment":"scroll","background-type":"","background-media":"","overlay-type":"","overlay-color":"","overlay-opacity":"","overlay-gradient":""},"tablet":{"background-color":"var(--ast-global-color-4)","background-image":"","background-repeat":"repeat","background-position":"center center","background-size":"auto","background-attachment":"scroll","background-type":"","background-media":"","overlay-type":"","overlay-color":"","overlay-opacity":"","overlay-gradient":""},"mobile":{"background-color":"var(--ast-global-color-4)","background-image":"","background-repeat":"repeat","background-position":"center center","background-size":"auto","background-attachment":"scroll","background-type":"","background-media":"","overlay-type":"","overlay-color":"","overlay-opacity":"","overlay-gradient":""}}},"product_brand":[],"product_cat":[748],"product_tag":[763,764,765,766,767,768,769,750,252,253,751,752,753,754,755,756,757,758,759,770,760,761,762],"class_list":{"0":"post-1843","1":"product","2":"type-product","3":"status-publish","4":"has-post-thumbnail","6":"product_cat-weed-moonrock","7":"product_tag-blueberry","8":"product_tag-blueberry-moon-rocks","9":"product_tag-blueberry-moon-rocks-europe","10":"product_tag-blueberry-moon-rocks-for-sale","11":"product_tag-blueberry-moon-rocks-uk","12":"product_tag-blueberry-moonrocks","13":"product_tag-buy-blueberry-moon-rocks-online","14":"product_tag-delta-8-moon-rocks","15":"product_tag-how-to-make-moon-rocks","16":"product_tag-how-to-smoke-moon-rocks","17":"product_tag-is-moon-rock-weed","18":"product_tag-moon-rock","19":"product_tag-moon-rock-weed","20":"product_tag-moon-rocks","21":"product_tag-moon-rocks-for-sale","22":"product_tag-moon-rocks-marijuana","23":"product_tag-moon-rocks-near-me","24":"product_tag-moon-rocks-thc","25":"product_tag-moon-rocks-weed","26":"product_tag-moonrocks","27":"product_tag-purple-moon-rocks","28":"product_tag-weed-moon-rock","29":"product_tag-what-are-moon-rocks","30":"desktop-align-center","31":"tablet-align-left","32":"mobile-align-left","34":"first","35":"instock","36":"sale","37":"shipping-taxable","38":"purchasable","39":"product-type-simple"},"uagb_featured_image_src":{"full":["https:\/\/caliweedeurope.com\/wp-content\/uploads\/2024\/11\/Moon-Rock-Blueberry.webp",800,800,false],"thumbnail":["https:\/\/caliweedeurope.com\/wp-content\/uploads\/2024\/11\/Moon-Rock-Blueberry-150x150.webp",150,150,true],"medium":["https:\/\/caliweedeurope.com\/wp-content\/uploads\/2024\/11\/Moon-Rock-Blueberry-300x300.webp",300,300,true],"medium_large":["https:\/\/caliweedeurope.com\/wp-content\/uploads\/2024\/11\/Moon-Rock-Blueberry-768x768.webp",768,768,true],"large":["https:\/\/caliweedeurope.com\/wp-content\/uploads\/2024\/11\/Moon-Rock-Blueberry.webp",800,800,false],"1536x1536":["https:\/\/caliweedeurope.com\/wp-content\/uploads\/2024\/11\/Moon-Rock-Blueberry.webp",800,800,false],"2048x2048":["https:\/\/caliweedeurope.com\/wp-content\/uploads\/2024\/11\/Moon-Rock-Blueberry.webp",800,800,false],"trp-custom-language-flag":["https:\/\/caliweedeurope.com\/wp-content\/uploads\/2024\/11\/Moon-Rock-Blueberry.webp",12,12,false],"woocommerce_thumbnail":["https:\/\/caliweedeurope.com\/wp-content\/uploads\/2024\/11\/Moon-Rock-Blueberry-300x300.webp",300,300,true],"woocommerce_single":["https:\/\/caliweedeurope.com\/wp-content\/uploads\/2024\/11\/Moon-Rock-Blueberry-600x600.webp",600,600,true],"woocommerce_gallery_thumbnail":["https:\/\/caliweedeurope.com\/wp-content\/uploads\/2024\/11\/Moon-Rock-Blueberry-100x100.webp",100,100,true]},"uagb_author_info":{"display_name":"jetskiforsaleuk@gmail.com","author_link":"https:\/\/caliweedeurope.com\/sv\/author\/"},"uagb_comment_info":0,"uagb_excerpt":"Are you ready to blast off into a galaxy of flavor and blissful relaxation? Look no further than\u00a0our latest product: Blueberry moonrocks! These delectable nuggets are coated in kief and infused with THC for an out-of-this-world experience. Whether you\u2019re looking to chill out after a long day or launch yourself into the stratosphere, these little&hellip;","_links":{"self":[{"href":"https:\/\/caliweedeurope.com\/sv\/wp-json\/wp\/v2\/product\/1843"}],"collection":[{"href":"https:\/\/caliweedeurope.com\/sv\/wp-json\/wp\/v2\/product"}],"about":[{"href":"https:\/\/caliweedeurope.com\/sv\/wp-json\/wp\/v2\/types\/product"}],"replies":[{"embeddable":true,"href":"https:\/\/caliweedeurope.com\/sv\/wp-json\/wp\/v2\/comments?post=1843"}],"wp:featuredmedia":[{"embeddable":true,"href":"https:\/\/caliweedeurope.com\/sv\/wp-json\/wp\/v2\/media\/1848"}],"wp:attachment":[{"href":"https:\/\/caliweedeurope.com\/sv\/wp-json\/wp\/v2\/media?parent=1843"}],"wp:term":[{"taxonomy":"product_brand","embeddable":true,"href":"https:\/\/caliweedeurope.com\/sv\/wp-json\/wp\/v2\/product_brand?post=1843"},{"taxonomy":"product_cat","embeddable":true,"href":"https:\/\/caliweedeurope.com\/sv\/wp-json\/wp\/v2\/product_cat?post=1843"},{"taxonomy":"product_tag","embeddable":true,"href":"https:\/\/caliweedeurope.com\/sv\/wp-json\/wp\/v2\/product_tag?post=1843"}],"curies":[{"name":"wp","href":"https:\/\/api.w.org\/{rel}","templated":true}]}}